{"id":140876,"date":"2022-02-21T14:00:50","date_gmt":"2022-02-21T14:00:54","guid":{"rendered":"https:\/\/www.erresse-shop.it\/?post_type=product&#038;p=140876"},"modified":"2025-01-13T15:59:57","modified_gmt":"2025-01-13T15:59:57","slug":"berkel-jeu-de-6-couteaux-dentes-a-steak-adhoc-noir","status":"publish","type":"product","link":"https:\/\/www.erresse-shop.it\/fr\/shop\/cuisine\/couteaux\/berkel-jeu-de-6-couteaux-dentes-a-steak-adhoc-noir\/","title":{"rendered":"BERKEL Jeu de 6 Couteaux Dent\u00e9s \u00e0 Steak Adhoc Noir"},"content":{"rendered":"<p><strong>JEU DE 6 COUTEAUX DE TABLE POUR PLATS DE VIANDE<\/strong><br \/>\nCe couteau \u00e0 steak court est facile \u00e0 manier avec une lame dentel\u00e9e qui glisse en acier inoxydable sur la viande donnant une coupe nette et pr\u00e9cise gr\u00e2ce \u00e0 son tranchant. Cet ensemble de couteaux \u00e0 viande est con\u00e7u pour r\u00e9sister \u00e0 la corrosion et au frottement avec la c\u00e9ramique de la plaque, ce qui les rend parfaits pour une utilisation quotidienne.<\/p>\n<ul>\n<li>Lame en acier 1.4116-X50 Cr Mo V15 de haute qualit\u00e9<\/li>\n<li>Lame en acier d\u00e9coup\u00e9e au laser<\/li>\n<li>Manche en r\u00e9sine compos\u00e9 de deux \u00e9chelles assembl\u00e9es avec des rivets en acier inoxydable AISI 304<\/li>\n<li>Bol en acier garantissant une stabilit\u00e9 maximale et un \u00e9quilibre parfait lors de l&#8217;utilisation<\/li>\n<li>Logo Berkel grav\u00e9 sur la lame<\/li>\n<\/ul>\n<p><strong>CARACT\u00c9RISTIQUES<\/strong><br \/>\n<strong>Poids :<\/strong> 390 gr<br \/>\n<strong>Taille de la lame :<\/strong> 11 cm<br \/>\n<strong>Longueur totale :<\/strong> 22 cm<br \/>\n<strong>Mat\u00e9riau de la lame :<\/strong> Forg\u00e9e en acier inoxydable 1.4116-X50 Cr Mo V15 ; Duret\u00e9 apr\u00e8s T.T. : 59 HRC ; Certificat Catra : Tr\u00e8s bon<br \/>\n<strong>Poign\u00e9e :<\/strong> Plaquettes en polym\u00e8re technique assembl\u00e9es avec des rivets<br \/>\n<strong>Utilisation et entretien :<\/strong> Nous recommandons vivement le lavage manuel \u00e0 l&#8217;eau chaude pour garantir l&#8217;int\u00e9grit\u00e9 et la durabilit\u00e9 du produit. Dans tous les cas, nous vous conseillons de s\u00e9cher le couteau apr\u00e8s chaque lavage. N&#8217;utilisez pas de tissus ou d&#8217;\u00e9ponges abrasives.<\/p>\n","protected":false},"excerpt":{"rendered":"<p>JEU DE 6 COUTEAUX DE TABLE POUR PLATS DE VIANDE Ce couteau \u00e0 steak court est facile \u00e0 manier avec<\/p>\n","protected":false},"featured_media":163556,"template":"","meta":{"_acf_changed":false,"inline_featured_image":false},"product_cat":[12742,12747,12748],"product_tag":[12839,17288,12856,24603,15416,17325,21821],"acf":[],"yoast_head":"<!-- This site is optimized with the Yoast SEO Premium plugin v18.6 (Yoast SEO v19.13) - https:\/\/yoast.com\/wordpress\/plugins\/seo\/ -->\n<title>BERKEL Jeu de 6 Couteaux Dent\u00e9s \u00e0 Steak Adhoc Noir<\/title>\n<meta name=\"description\" content=\"D\u00e9couvrez BERKEL Jeu de 6 Couteaux Dent\u00e9s \u00e0 Steak Adhoc Noir sur ErresseShop. Qualit\u00e9, prix r\u00e9duits et achat s\u00e9curis\u00e9 \u2013 commandez d\u00e8s maintenant en ligne !\" \/>\n<meta name=\"robots\" content=\"index, follow, max-snippet:-1, max-image-preview:large, max-video-preview:-1\" \/>\n<link rel=\"canonical\" href=\"https:\/\/www.erresse-shop.it\/fr\/shop\/cuisine\/couteaux\/berkel-jeu-de-6-couteaux-dentes-a-steak-adhoc-noir\/\" \/>\n<meta property=\"og:locale\" content=\"fr_FR\" \/>\n<meta property=\"og:type\" content=\"article\" \/>\n<meta property=\"og:title\" content=\"BERKEL Jeu de 6 Couteaux Dent\u00e9s \u00e0 Steak Adhoc Noir\" \/>\n<meta property=\"og:description\" content=\"D\u00e9couvrez BERKEL Jeu de 6 Couteaux Dent\u00e9s \u00e0 Steak Adhoc Noir sur ErresseShop. Qualit\u00e9, prix r\u00e9duits et achat s\u00e9curis\u00e9 \u2013 commandez d\u00e8s maintenant en ligne !\" \/>\n<meta property=\"og:url\" content=\"https:\/\/www.erresse-shop.it\/fr\/shop\/cuisine\/couteaux\/berkel-jeu-de-6-couteaux-dentes-a-steak-adhoc-noir\/\" \/>\n<meta property=\"og:site_name\" content=\"Erresse Shop\" \/>\n<meta property=\"article:modified_time\" content=\"2025-01-13T15:59:57+00:00\" \/>\n<meta property=\"og:image\" content=\"https:\/\/www.erresse-shop.it\/wp-content\/uploads\/2022\/02\/BERKEL-Set-6-Coltelli-Bistecca-Seghettati-Nero.jpg\" \/>\n\t<meta property=\"og:image:width\" content=\"800\" \/>\n\t<meta property=\"og:image:height\" content=\"800\" \/>\n\t<meta property=\"og:image:type\" content=\"image\/jpeg\" \/>\n<meta name=\"twitter:card\" content=\"summary_large_image\" \/>\n<script type=\"application\/ld+json\" class=\"yoast-schema-graph\">{\"@context\":\"https:\/\/schema.org\",\"@graph\":[{\"@type\":\"WebPage\",\"@id\":\"https:\/\/www.erresse-shop.it\/fr\/shop\/cuisine\/couteaux\/berkel-jeu-de-6-couteaux-dentes-a-steak-adhoc-noir\/\",\"url\":\"https:\/\/www.erresse-shop.it\/fr\/shop\/cuisine\/couteaux\/berkel-jeu-de-6-couteaux-dentes-a-steak-adhoc-noir\/\",\"name\":\"BERKEL Jeu de 6 Couteaux Dent\u00e9s \u00e0 Steak Adhoc Noir\",\"isPartOf\":{\"@id\":\"https:\/\/www.erresse-shop.it\/fr\/#website\"},\"datePublished\":\"2022-02-21T14:00:54+00:00\",\"dateModified\":\"2025-01-13T15:59:57+00:00\",\"description\":\"D\u00e9couvrez BERKEL Jeu de 6 Couteaux Dent\u00e9s \u00e0 Steak Adhoc Noir sur ErresseShop. Qualit\u00e9, prix r\u00e9duits et achat s\u00e9curis\u00e9 \u2013 commandez d\u00e8s maintenant en ligne !\",\"breadcrumb\":{\"@id\":\"https:\/\/www.erresse-shop.it\/fr\/shop\/cuisine\/couteaux\/berkel-jeu-de-6-couteaux-dentes-a-steak-adhoc-noir\/#breadcrumb\"},\"inLanguage\":\"fr-FR\",\"potentialAction\":[{\"@type\":\"ReadAction\",\"target\":[\"https:\/\/www.erresse-shop.it\/fr\/shop\/cuisine\/couteaux\/berkel-jeu-de-6-couteaux-dentes-a-steak-adhoc-noir\/\"]}]},{\"@type\":\"BreadcrumbList\",\"@id\":\"https:\/\/www.erresse-shop.it\/fr\/shop\/cuisine\/couteaux\/berkel-jeu-de-6-couteaux-dentes-a-steak-adhoc-noir\/#breadcrumb\",\"itemListElement\":[{\"@type\":\"ListItem\",\"position\":1,\"name\":\"Home\",\"item\":\"https:\/\/www.erresse-shop.it\/fr\/\"},{\"@type\":\"ListItem\",\"position\":2,\"name\":\"Shop\",\"item\":\"https:\/\/www.erresse-shop.it\/fr\/shop\/\"},{\"@type\":\"ListItem\",\"position\":3,\"name\":\"BERKEL Jeu de 6 Couteaux Dent\u00e9s \u00e0 Steak Adhoc Noir\"}]},{\"@type\":\"WebSite\",\"@id\":\"https:\/\/www.erresse-shop.it\/fr\/#website\",\"url\":\"https:\/\/www.erresse-shop.it\/fr\/\",\"name\":\"Erresse Shop\",\"description\":\"Articoli di qualit\u00e0 per la casa\",\"potentialAction\":[{\"@type\":\"SearchAction\",\"target\":{\"@type\":\"EntryPoint\",\"urlTemplate\":\"https:\/\/www.erresse-shop.it\/fr\/?s={search_term_string}\"},\"query-input\":\"required name=search_term_string\"}],\"inLanguage\":\"fr-FR\"}]}<\/script>\n<!-- \/ Yoast SEO Premium plugin. -->","yoast_head_json":{"title":"BERKEL Jeu de 6 Couteaux Dent\u00e9s \u00e0 Steak Adhoc Noir","description":"D\u00e9couvrez BERKEL Jeu de 6 Couteaux Dent\u00e9s \u00e0 Steak Adhoc Noir sur ErresseShop. Qualit\u00e9, prix r\u00e9duits et achat s\u00e9curis\u00e9 \u2013 commandez d\u00e8s maintenant en ligne !","robots":{"index":"index","follow":"follow","max-snippet":"max-snippet:-1","max-image-preview":"max-image-preview:large","max-video-preview":"max-video-preview:-1"},"canonical":"https:\/\/www.erresse-shop.it\/fr\/shop\/cuisine\/couteaux\/berkel-jeu-de-6-couteaux-dentes-a-steak-adhoc-noir\/","og_locale":"fr_FR","og_type":"article","og_title":"BERKEL Jeu de 6 Couteaux Dent\u00e9s \u00e0 Steak Adhoc Noir","og_description":"D\u00e9couvrez BERKEL Jeu de 6 Couteaux Dent\u00e9s \u00e0 Steak Adhoc Noir sur ErresseShop. Qualit\u00e9, prix r\u00e9duits et achat s\u00e9curis\u00e9 \u2013 commandez d\u00e8s maintenant en ligne !","og_url":"https:\/\/www.erresse-shop.it\/fr\/shop\/cuisine\/couteaux\/berkel-jeu-de-6-couteaux-dentes-a-steak-adhoc-noir\/","og_site_name":"Erresse Shop","article_modified_time":"2025-01-13T15:59:57+00:00","og_image":[{"width":800,"height":800,"url":"https:\/\/www.erresse-shop.it\/wp-content\/uploads\/2022\/02\/BERKEL-Set-6-Coltelli-Bistecca-Seghettati-Nero.jpg","type":"image\/jpeg"}],"twitter_card":"summary_large_image","schema":{"@context":"https:\/\/schema.org","@graph":[{"@type":"WebPage","@id":"https:\/\/www.erresse-shop.it\/fr\/shop\/cuisine\/couteaux\/berkel-jeu-de-6-couteaux-dentes-a-steak-adhoc-noir\/","url":"https:\/\/www.erresse-shop.it\/fr\/shop\/cuisine\/couteaux\/berkel-jeu-de-6-couteaux-dentes-a-steak-adhoc-noir\/","name":"BERKEL Jeu de 6 Couteaux Dent\u00e9s \u00e0 Steak Adhoc Noir","isPartOf":{"@id":"https:\/\/www.erresse-shop.it\/fr\/#website"},"datePublished":"2022-02-21T14:00:54+00:00","dateModified":"2025-01-13T15:59:57+00:00","description":"D\u00e9couvrez BERKEL Jeu de 6 Couteaux Dent\u00e9s \u00e0 Steak Adhoc Noir sur ErresseShop. Qualit\u00e9, prix r\u00e9duits et achat s\u00e9curis\u00e9 \u2013 commandez d\u00e8s maintenant en ligne !","breadcrumb":{"@id":"https:\/\/www.erresse-shop.it\/fr\/shop\/cuisine\/couteaux\/berkel-jeu-de-6-couteaux-dentes-a-steak-adhoc-noir\/#breadcrumb"},"inLanguage":"fr-FR","potentialAction":[{"@type":"ReadAction","target":["https:\/\/www.erresse-shop.it\/fr\/shop\/cuisine\/couteaux\/berkel-jeu-de-6-couteaux-dentes-a-steak-adhoc-noir\/"]}]},{"@type":"BreadcrumbList","@id":"https:\/\/www.erresse-shop.it\/fr\/shop\/cuisine\/couteaux\/berkel-jeu-de-6-couteaux-dentes-a-steak-adhoc-noir\/#breadcrumb","itemListElement":[{"@type":"ListItem","position":1,"name":"Home","item":"https:\/\/www.erresse-shop.it\/fr\/"},{"@type":"ListItem","position":2,"name":"Shop","item":"https:\/\/www.erresse-shop.it\/fr\/shop\/"},{"@type":"ListItem","position":3,"name":"BERKEL Jeu de 6 Couteaux Dent\u00e9s \u00e0 Steak Adhoc Noir"}]},{"@type":"WebSite","@id":"https:\/\/www.erresse-shop.it\/fr\/#website","url":"https:\/\/www.erresse-shop.it\/fr\/","name":"Erresse Shop","description":"Articoli di qualit\u00e0 per la casa","potentialAction":[{"@type":"SearchAction","target":{"@type":"EntryPoint","urlTemplate":"https:\/\/www.erresse-shop.it\/fr\/?s={search_term_string}"},"query-input":"required name=search_term_string"}],"inLanguage":"fr-FR"}]}},"df_price":65,"df_sale_price":65,"df_regular_price":130,"df_image_link":"https:\/\/www.erresse-shop.it\/wp-content\/uploads\/2022\/02\/BERKEL-Set-6-Coltelli-Bistecca-Seghettati-Nero-300x300.jpg","_links":{"self":[{"href":"https:\/\/www.erresse-shop.it\/fr\/wp-json\/wp\/v2\/product\/140876"}],"collection":[{"href":"https:\/\/www.erresse-shop.it\/fr\/wp-json\/wp\/v2\/product"}],"about":[{"href":"https:\/\/www.erresse-shop.it\/fr\/wp-json\/wp\/v2\/types\/product"}],"wp:featuredmedia":[{"embeddable":true,"href":"https:\/\/www.erresse-shop.it\/fr\/wp-json\/wp\/v2\/media\/163556"}],"wp:attachment":[{"href":"https:\/\/www.erresse-shop.it\/fr\/wp-json\/wp\/v2\/media?parent=140876"}],"wp:term":[{"taxonomy":"product_cat","embeddable":true,"href":"https:\/\/www.erresse-shop.it\/fr\/wp-json\/wp\/v2\/product_cat?post=140876"},{"taxonomy":"product_tag","embeddable":true,"href":"https:\/\/www.erresse-shop.it\/fr\/wp-json\/wp\/v2\/product_tag?post=140876"}],"curies":[{"name":"wp","href":"https:\/\/api.w.org\/{rel}","templated":true}]}}