{"id":140335,"date":"2022-02-14T08:50:31","date_gmt":"2022-02-14T08:50:33","guid":{"rendered":"https:\/\/www.erresse-shop.it\/?post_type=product&#038;p=140335"},"modified":"2025-01-13T15:59:17","modified_gmt":"2025-01-13T15:59:17","slug":"miyabi-5000-mcd-chutoh-16-cm","status":"publish","type":"product","link":"https:\/\/www.erresse-shop.it\/fr\/shop\/cuisine\/couteaux\/miyabi-5000-mcd-chutoh-16-cm\/","title":{"rendered":"MIYABI 5000 MCD Chutoh 16 cm"},"content":{"rendered":"<p>Le couteau de taille moyenne CHUTOH de Miyabi est id\u00e9al lorsque vous devez trancher ou couper de la viande ou du poisson. La lame mince et stable de 16 cm de long assure un contr\u00f4le total pendant le travail : travailler avec pr\u00e9cision est facile avec ce couteau. C&#8217;est pourquoi il a convaincu les chefs professionnels du monde entier. Le c\u0153ur de la lame est constitu\u00e9 de poudre d&#8217;acier micro-carbure MC63, entour\u00e9 de 100 couches d&#8217;acier de deux duret\u00e9s diff\u00e9rentes. La lame en CRYODUR\u00ae est \u00e9galement soumise \u00e0 un processus sp\u00e9cial de durcissement \u00e0 -196 degr\u00e9s Celsius, ce qui lui conf\u00e8re une duret\u00e9 d&#8217;environ 63 Rockwell. Le rodage Honbazuke lui donne un tranchant semblable \u00e0 celui d&#8217;un scalpel. Cet aff\u00fbtage est obtenu en aff\u00fbtant la lame deux fois entre des meules, puis en la polissant sur une meule en cuir. Le manche a la forme traditionnelle en D des couteaux japonais. Ce couteau est agr\u00e9able \u00e0 tenir et attire l&#8217;attention gr\u00e2ce \u00e0 son manche en bouleau Masur. Son grain d\u00e9licat se d\u00e9tache du motif damass\u00e9 floral de la lame et cr\u00e9e un contraste sophistiqu\u00e9. Les \u00e9videments en acier inoxydable et les fines lignes rouges cr\u00e9ent des \u00e9l\u00e9ments d\u00e9coratifs \u00e9l\u00e9gants. Le couteau CHUTOH de la s\u00e9rie MIYABI 5000MCD se distingue par son extr\u00eame tranchant.<\/p>\n<ul>\n<li>Noyau de lame en poudre d&#8217;acier micro-carbure MC63 noy\u00e9 dans 100 couches d&#8217;acier pour une duret\u00e9 exceptionnelle d&#8217;environ 63 Rockwell (unit\u00e9 de duret\u00e9 standard internationale) et une r\u00e9tention exceptionnelle du tranchant.<\/li>\n<li>Les lames en CRYODUR\u00ae durci \u00e0 la glace offrent une conservation exceptionnelle du tranchant, une remarquable r\u00e9sistance \u00e0 la corrosion et une excellente flexibilit\u00e9 de la lame.<\/li>\n<li>Profil de lame authentiquement japonais<\/li>\n<li>La lame sym\u00e9trique au tranchant ultra-rapide Honbazuke garantit un tranchant incroyable.<\/li>\n<li>Manche traditionnel Masur en bouleau en D pour un \u00e9quilibre parfait, un contr\u00f4le optimal et une coupe infatigable.<\/li>\n<li>Manche traditionnel japonais en bouleau car\u00e9lien (Masur)<\/li>\n<li>Profil et talon arrondis<\/li>\n<li>Fabriqu\u00e9 \u00e0 la main \u00e0 Seki, au Japon<\/li>\n<\/ul>\n<p><strong>CARACT\u00c9RISTIQUES<\/strong><\/p>\n<ul>\n<li>Couleur : brun<\/li>\n<li>Mat\u00e9riau : MC63<\/li>\n<li>Type de poign\u00e9e : cach\u00e9e<\/li>\n<li>Type de bord : lisse<\/li>\n<li>Finition des bords : Aff\u00fbtage Honbazuke<\/li>\n<li>M\u00e9thode de production : soud\u00e9e<\/li>\n<li>Duret\u00e9 de la lame (HRC) : 62-64 HRC<\/li>\n<li>Couleur du manche : brun<\/li>\n<li>Mat\u00e9riau du manche : bouleau<\/li>\n<\/ul>\n<p><strong>DIMENSIONS<\/strong><\/p>\n<ul>\n<li>Poids net : 0,15 kg<\/li>\n<li>Longueur du produit : 29,80 cm<\/li>\n<li>Largeur du produit : 2,30 cm<\/li>\n<li>Hauteur du produit : 4,00 cm<\/li>\n<li>Longueur de la lame : 16,00 cm<\/li>\n<li>Longueur de la poign\u00e9e : 13,80 cm<\/li>\n<li>Largeur de la poign\u00e9e : 2,30 cm<\/li>\n<li>Largeur de la lame : 0,20 cm<\/li>\n<li>\u00c9paisseur de la lame : 0,20 cm<\/li>\n<\/ul>\n","protected":false},"excerpt":{"rendered":"<p>Le couteau de taille moyenne CHUTOH de Miyabi est id\u00e9al lorsque vous devez trancher ou couper de la viande ou<\/p>\n","protected":false},"featured_media":140346,"template":"","meta":{"_acf_changed":false,"inline_featured_image":false},"product_cat":[12742,14452,12748],"product_tag":[25026,12838,12839,25021,15801,24680,18449,15831,12824],"acf":[],"yoast_head":"<!-- This site is optimized with the Yoast SEO Premium plugin v18.6 (Yoast SEO v19.13) - https:\/\/yoast.com\/wordpress\/plugins\/seo\/ -->\n<title>MIYABI 5000 MCD Chutoh 16 cm<\/title>\n<meta name=\"description\" content=\"D\u00e9couvrez MIYABI 5000 MCD Chutoh 16 cm sur ErresseShop. Qualit\u00e9, prix r\u00e9duits et achat s\u00e9curis\u00e9 \u2013 commandez d\u00e8s maintenant en ligne !\" \/>\n<meta name=\"robots\" content=\"index, follow, max-snippet:-1, max-image-preview:large, max-video-preview:-1\" \/>\n<link rel=\"canonical\" href=\"https:\/\/www.erresse-shop.it\/fr\/shop\/cuisine\/couteaux\/miyabi-5000-mcd-chutoh-16-cm\/\" \/>\n<meta property=\"og:locale\" content=\"fr_FR\" \/>\n<meta property=\"og:type\" content=\"article\" \/>\n<meta property=\"og:title\" content=\"MIYABI 5000 MCD Chutoh 16 cm\" \/>\n<meta property=\"og:description\" content=\"D\u00e9couvrez MIYABI 5000 MCD Chutoh 16 cm sur ErresseShop. Qualit\u00e9, prix r\u00e9duits et achat s\u00e9curis\u00e9 \u2013 commandez d\u00e8s maintenant en ligne !\" \/>\n<meta property=\"og:url\" content=\"https:\/\/www.erresse-shop.it\/fr\/shop\/cuisine\/couteaux\/miyabi-5000-mcd-chutoh-16-cm\/\" \/>\n<meta property=\"og:site_name\" content=\"Erresse Shop\" \/>\n<meta property=\"article:modified_time\" content=\"2025-01-13T15:59:17+00:00\" \/>\n<meta property=\"og:image\" content=\"https:\/\/www.erresse-shop.it\/wp-content\/uploads\/2022\/02\/MIYABI-5000-MCD-Chutoh.jpg\" \/>\n\t<meta property=\"og:image:width\" content=\"1000\" \/>\n\t<meta property=\"og:image:height\" content=\"1000\" \/>\n\t<meta property=\"og:image:type\" content=\"image\/jpeg\" \/>\n<meta name=\"twitter:card\" content=\"summary_large_image\" \/>\n<script type=\"application\/ld+json\" class=\"yoast-schema-graph\">{\"@context\":\"https:\/\/schema.org\",\"@graph\":[{\"@type\":\"WebPage\",\"@id\":\"https:\/\/www.erresse-shop.it\/fr\/shop\/cuisine\/couteaux\/miyabi-5000-mcd-chutoh-16-cm\/\",\"url\":\"https:\/\/www.erresse-shop.it\/fr\/shop\/cuisine\/couteaux\/miyabi-5000-mcd-chutoh-16-cm\/\",\"name\":\"MIYABI 5000 MCD Chutoh 16 cm\",\"isPartOf\":{\"@id\":\"https:\/\/www.erresse-shop.it\/fr\/#website\"},\"datePublished\":\"2022-02-14T08:50:33+00:00\",\"dateModified\":\"2025-01-13T15:59:17+00:00\",\"description\":\"D\u00e9couvrez MIYABI 5000 MCD Chutoh 16 cm sur ErresseShop. Qualit\u00e9, prix r\u00e9duits et achat s\u00e9curis\u00e9 \u2013 commandez d\u00e8s maintenant en ligne !\",\"breadcrumb\":{\"@id\":\"https:\/\/www.erresse-shop.it\/fr\/shop\/cuisine\/couteaux\/miyabi-5000-mcd-chutoh-16-cm\/#breadcrumb\"},\"inLanguage\":\"fr-FR\",\"potentialAction\":[{\"@type\":\"ReadAction\",\"target\":[\"https:\/\/www.erresse-shop.it\/fr\/shop\/cuisine\/couteaux\/miyabi-5000-mcd-chutoh-16-cm\/\"]}]},{\"@type\":\"BreadcrumbList\",\"@id\":\"https:\/\/www.erresse-shop.it\/fr\/shop\/cuisine\/couteaux\/miyabi-5000-mcd-chutoh-16-cm\/#breadcrumb\",\"itemListElement\":[{\"@type\":\"ListItem\",\"position\":1,\"name\":\"Home\",\"item\":\"https:\/\/www.erresse-shop.it\/fr\/\"},{\"@type\":\"ListItem\",\"position\":2,\"name\":\"Shop\",\"item\":\"https:\/\/www.erresse-shop.it\/fr\/shop\/\"},{\"@type\":\"ListItem\",\"position\":3,\"name\":\"MIYABI 5000 MCD Chutoh 16 cm\"}]},{\"@type\":\"WebSite\",\"@id\":\"https:\/\/www.erresse-shop.it\/fr\/#website\",\"url\":\"https:\/\/www.erresse-shop.it\/fr\/\",\"name\":\"Erresse Shop\",\"description\":\"Articoli di qualit\u00e0 per la casa\",\"potentialAction\":[{\"@type\":\"SearchAction\",\"target\":{\"@type\":\"EntryPoint\",\"urlTemplate\":\"https:\/\/www.erresse-shop.it\/fr\/?s={search_term_string}\"},\"query-input\":\"required name=search_term_string\"}],\"inLanguage\":\"fr-FR\"}]}<\/script>\n<!-- \/ Yoast SEO Premium plugin. -->","yoast_head_json":{"title":"MIYABI 5000 MCD Chutoh 16 cm","description":"D\u00e9couvrez MIYABI 5000 MCD Chutoh 16 cm sur ErresseShop. Qualit\u00e9, prix r\u00e9duits et achat s\u00e9curis\u00e9 \u2013 commandez d\u00e8s maintenant en ligne !","robots":{"index":"index","follow":"follow","max-snippet":"max-snippet:-1","max-image-preview":"max-image-preview:large","max-video-preview":"max-video-preview:-1"},"canonical":"https:\/\/www.erresse-shop.it\/fr\/shop\/cuisine\/couteaux\/miyabi-5000-mcd-chutoh-16-cm\/","og_locale":"fr_FR","og_type":"article","og_title":"MIYABI 5000 MCD Chutoh 16 cm","og_description":"D\u00e9couvrez MIYABI 5000 MCD Chutoh 16 cm sur ErresseShop. Qualit\u00e9, prix r\u00e9duits et achat s\u00e9curis\u00e9 \u2013 commandez d\u00e8s maintenant en ligne !","og_url":"https:\/\/www.erresse-shop.it\/fr\/shop\/cuisine\/couteaux\/miyabi-5000-mcd-chutoh-16-cm\/","og_site_name":"Erresse Shop","article_modified_time":"2025-01-13T15:59:17+00:00","og_image":[{"width":1000,"height":1000,"url":"https:\/\/www.erresse-shop.it\/wp-content\/uploads\/2022\/02\/MIYABI-5000-MCD-Chutoh.jpg","type":"image\/jpeg"}],"twitter_card":"summary_large_image","schema":{"@context":"https:\/\/schema.org","@graph":[{"@type":"WebPage","@id":"https:\/\/www.erresse-shop.it\/fr\/shop\/cuisine\/couteaux\/miyabi-5000-mcd-chutoh-16-cm\/","url":"https:\/\/www.erresse-shop.it\/fr\/shop\/cuisine\/couteaux\/miyabi-5000-mcd-chutoh-16-cm\/","name":"MIYABI 5000 MCD Chutoh 16 cm","isPartOf":{"@id":"https:\/\/www.erresse-shop.it\/fr\/#website"},"datePublished":"2022-02-14T08:50:33+00:00","dateModified":"2025-01-13T15:59:17+00:00","description":"D\u00e9couvrez MIYABI 5000 MCD Chutoh 16 cm sur ErresseShop. Qualit\u00e9, prix r\u00e9duits et achat s\u00e9curis\u00e9 \u2013 commandez d\u00e8s maintenant en ligne !","breadcrumb":{"@id":"https:\/\/www.erresse-shop.it\/fr\/shop\/cuisine\/couteaux\/miyabi-5000-mcd-chutoh-16-cm\/#breadcrumb"},"inLanguage":"fr-FR","potentialAction":[{"@type":"ReadAction","target":["https:\/\/www.erresse-shop.it\/fr\/shop\/cuisine\/couteaux\/miyabi-5000-mcd-chutoh-16-cm\/"]}]},{"@type":"BreadcrumbList","@id":"https:\/\/www.erresse-shop.it\/fr\/shop\/cuisine\/couteaux\/miyabi-5000-mcd-chutoh-16-cm\/#breadcrumb","itemListElement":[{"@type":"ListItem","position":1,"name":"Home","item":"https:\/\/www.erresse-shop.it\/fr\/"},{"@type":"ListItem","position":2,"name":"Shop","item":"https:\/\/www.erresse-shop.it\/fr\/shop\/"},{"@type":"ListItem","position":3,"name":"MIYABI 5000 MCD Chutoh 16 cm"}]},{"@type":"WebSite","@id":"https:\/\/www.erresse-shop.it\/fr\/#website","url":"https:\/\/www.erresse-shop.it\/fr\/","name":"Erresse Shop","description":"Articoli di qualit\u00e0 per la casa","potentialAction":[{"@type":"SearchAction","target":{"@type":"EntryPoint","urlTemplate":"https:\/\/www.erresse-shop.it\/fr\/?s={search_term_string}"},"query-input":"required name=search_term_string"}],"inLanguage":"fr-FR"}]}},"df_price":229.95,"df_sale_price":229.95,"df_regular_price":339,"df_image_link":"https:\/\/www.erresse-shop.it\/wp-content\/uploads\/2022\/02\/MIYABI-5000-MCD-Chutoh-300x300.jpg","_links":{"self":[{"href":"https:\/\/www.erresse-shop.it\/fr\/wp-json\/wp\/v2\/product\/140335"}],"collection":[{"href":"https:\/\/www.erresse-shop.it\/fr\/wp-json\/wp\/v2\/product"}],"about":[{"href":"https:\/\/www.erresse-shop.it\/fr\/wp-json\/wp\/v2\/types\/product"}],"wp:featuredmedia":[{"embeddable":true,"href":"https:\/\/www.erresse-shop.it\/fr\/wp-json\/wp\/v2\/media\/140346"}],"wp:attachment":[{"href":"https:\/\/www.erresse-shop.it\/fr\/wp-json\/wp\/v2\/media?parent=140335"}],"wp:term":[{"taxonomy":"product_cat","embeddable":true,"href":"https:\/\/www.erresse-shop.it\/fr\/wp-json\/wp\/v2\/product_cat?post=140335"},{"taxonomy":"product_tag","embeddable":true,"href":"https:\/\/www.erresse-shop.it\/fr\/wp-json\/wp\/v2\/product_tag?post=140335"}],"curies":[{"name":"wp","href":"https:\/\/api.w.org\/{rel}","templated":true}]}}