{"id":140317,"date":"2022-02-14T08:10:04","date_gmt":"2022-02-14T08:10:06","guid":{"rendered":"https:\/\/www.erresse-shop.it\/?post_type=product&#038;p=140317"},"modified":"2025-01-13T15:59:14","modified_gmt":"2025-01-13T15:59:14","slug":"miyabi-5000-mcd-shotoh-14-cm","status":"publish","type":"product","link":"https:\/\/www.erresse-shop.it\/fr\/shop\/cuisine\/couteaux\/miyabi-5000-mcd-shotoh-14-cm\/","title":{"rendered":"MIYABI 5000 MCD Shotoh 14 cm"},"content":{"rendered":"<p>Le MIYABI Birchwood, haut de gamme, est une v\u00e9ritable \u0153uvre d&#8217;art culinaire. La lame et le manche sont fabriqu\u00e9s \u00e0 partir des meilleurs mat\u00e9riaux, ce qui lui conf\u00e8re une apparence remarquable. En outre, le puissant noyau d&#8217;acier en poudre micro-carbure SG2 est prot\u00e9g\u00e9 par 100 couches d&#8217;acier. Le processus innovant de durcissement de la glace de MIYABI garantit un tranchant durable des lames CRYODUR. En plus d&#8217;\u00eatre beau \u00e0 l&#8217;ext\u00e9rieur, le motif damass\u00e9 floral garantit une plus longue dur\u00e9e de vie. La lame tranchante comme un scalpel est compl\u00e9t\u00e9e par un manche tout aussi impressionnant en bouleau de Car\u00e9lie (Masur). Mat\u00e9riau pris\u00e9 pour les manches de couteaux, le bouleau de Car\u00e9lie est \u00e9galement le seul bois jamais utilis\u00e9 pour fabriquer un \u0153uf Faberg\u00e9. D\u00e9licieux et ergonomiques, les couteaux MIYABI en bois de bouleau sont aussi pratiques que beaux. Fabriqu\u00e9 \u00e0 la main \u00e0 Seki, au Japon.<\/p>\n<ul>\n<li>Poudre d&#8217;acier micro carbure G2<\/li>\n<li>Profil de la fine lame japonaise authentique<\/li>\n<li>Fabriqu\u00e9 \u00e0 la main selon le proc\u00e9d\u00e9 Honbazuke en trois \u00e9tapes pour obtenir un tranchant de 9,5 \u00e0 12 degr\u00e9s.<\/li>\n<li>Lame en CRYODUR, tremp\u00e9e \u00e0 63 Rockwell<\/li>\n<li>101 couches de damas floral avec bord katana<\/li>\n<li>Manche traditionnel japonais en bouleau car\u00e9lien (Masur)<\/li>\n<li>Profil et talon arrondis<\/li>\n<li>Fabriqu\u00e9 \u00e0 la main \u00e0 Seki, au Japon<\/li>\n<\/ul>\n<p><strong>CARACT\u00c9RISTIQUES<\/strong><\/p>\n<ul>\n<li>Couleur : brun<\/li>\n<li>Mat\u00e9riau : MC63<\/li>\n<li>Type de poign\u00e9e : cach\u00e9e<\/li>\n<li>Type de bord : lisse<\/li>\n<li>Finition des bords : Aff\u00fbtage Honbazuke<\/li>\n<li>M\u00e9thode de production : soud\u00e9e<\/li>\n<li>Duret\u00e9 de la lame (HRC) : 62-64 HRC<\/li>\n<li>Couleur du manche : brun<\/li>\n<li>Mat\u00e9riau du manche : bouleau<\/li>\n<\/ul>\n<p><strong>DIMENSIONS<\/strong><\/p>\n<ul>\n<li>Poids net : 0,07 kg<\/li>\n<li>Longueur du produit : 25,40 cm<\/li>\n<li>Largeur du produit : 1,70 cm<\/li>\n<li>Hauteur du produit : 4,00 cm<\/li>\n<li>Longueur de la lame : 14,00 cm<\/li>\n<li>Longueur du manche : 11,00 cm<\/li>\n<li>Largeur de la poign\u00e9e : 1,70 cm<\/li>\n<li>Largeur de la lame : 0,20 cm<\/li>\n<li>\u00c9paisseur de la lame : 0,20 cm<\/li>\n<\/ul>\n","protected":false},"excerpt":{"rendered":"<p>Le MIYABI Birchwood, haut de gamme, est une v\u00e9ritable \u0153uvre d&#8217;art culinaire. La lame et le manche sont fabriqu\u00e9s \u00e0<\/p>\n","protected":false},"featured_media":140328,"template":"","meta":{"_acf_changed":false,"inline_featured_image":false},"product_cat":[12742,14452,12748],"product_tag":[25026,12838,12839,25021,15801,24680,15829,18449,15831,12824],"acf":[],"yoast_head":"<!-- This site is optimized with the Yoast SEO Premium plugin v18.6 (Yoast SEO v19.13) - https:\/\/yoast.com\/wordpress\/plugins\/seo\/ -->\n<title>MIYABI 5000 MCD Shotoh 14 cm<\/title>\n<meta name=\"description\" content=\"D\u00e9couvrez MIYABI 5000 MCD Shotoh 14 cm sur ErresseShop. Qualit\u00e9, prix r\u00e9duits et achat s\u00e9curis\u00e9 \u2013 commandez d\u00e8s maintenant en ligne !\" \/>\n<meta name=\"robots\" content=\"index, follow, max-snippet:-1, max-image-preview:large, max-video-preview:-1\" \/>\n<link rel=\"canonical\" href=\"https:\/\/www.erresse-shop.it\/fr\/shop\/cuisine\/couteaux\/miyabi-5000-mcd-shotoh-14-cm\/\" \/>\n<meta property=\"og:locale\" content=\"fr_FR\" \/>\n<meta property=\"og:type\" content=\"article\" \/>\n<meta property=\"og:title\" content=\"MIYABI 5000 MCD Shotoh 14 cm\" \/>\n<meta property=\"og:description\" content=\"D\u00e9couvrez MIYABI 5000 MCD Shotoh 14 cm sur ErresseShop. Qualit\u00e9, prix r\u00e9duits et achat s\u00e9curis\u00e9 \u2013 commandez d\u00e8s maintenant en ligne !\" \/>\n<meta property=\"og:url\" content=\"https:\/\/www.erresse-shop.it\/fr\/shop\/cuisine\/couteaux\/miyabi-5000-mcd-shotoh-14-cm\/\" \/>\n<meta property=\"og:site_name\" content=\"Erresse Shop\" \/>\n<meta property=\"article:modified_time\" content=\"2025-01-13T15:59:14+00:00\" \/>\n<meta property=\"og:image\" content=\"https:\/\/www.erresse-shop.it\/wp-content\/uploads\/2022\/02\/MIYABI-5000-MCD-Shotoh.jpg\" \/>\n\t<meta property=\"og:image:width\" content=\"1000\" \/>\n\t<meta property=\"og:image:height\" content=\"1000\" \/>\n\t<meta property=\"og:image:type\" content=\"image\/jpeg\" \/>\n<meta name=\"twitter:card\" content=\"summary_large_image\" \/>\n<script type=\"application\/ld+json\" class=\"yoast-schema-graph\">{\"@context\":\"https:\/\/schema.org\",\"@graph\":[{\"@type\":\"WebPage\",\"@id\":\"https:\/\/www.erresse-shop.it\/fr\/shop\/cuisine\/couteaux\/miyabi-5000-mcd-shotoh-14-cm\/\",\"url\":\"https:\/\/www.erresse-shop.it\/fr\/shop\/cuisine\/couteaux\/miyabi-5000-mcd-shotoh-14-cm\/\",\"name\":\"MIYABI 5000 MCD Shotoh 14 cm\",\"isPartOf\":{\"@id\":\"https:\/\/www.erresse-shop.it\/fr\/#website\"},\"datePublished\":\"2022-02-14T08:10:06+00:00\",\"dateModified\":\"2025-01-13T15:59:14+00:00\",\"description\":\"D\u00e9couvrez MIYABI 5000 MCD Shotoh 14 cm sur ErresseShop. Qualit\u00e9, prix r\u00e9duits et achat s\u00e9curis\u00e9 \u2013 commandez d\u00e8s maintenant en ligne !\",\"breadcrumb\":{\"@id\":\"https:\/\/www.erresse-shop.it\/fr\/shop\/cuisine\/couteaux\/miyabi-5000-mcd-shotoh-14-cm\/#breadcrumb\"},\"inLanguage\":\"fr-FR\",\"potentialAction\":[{\"@type\":\"ReadAction\",\"target\":[\"https:\/\/www.erresse-shop.it\/fr\/shop\/cuisine\/couteaux\/miyabi-5000-mcd-shotoh-14-cm\/\"]}]},{\"@type\":\"BreadcrumbList\",\"@id\":\"https:\/\/www.erresse-shop.it\/fr\/shop\/cuisine\/couteaux\/miyabi-5000-mcd-shotoh-14-cm\/#breadcrumb\",\"itemListElement\":[{\"@type\":\"ListItem\",\"position\":1,\"name\":\"Home\",\"item\":\"https:\/\/www.erresse-shop.it\/fr\/\"},{\"@type\":\"ListItem\",\"position\":2,\"name\":\"Shop\",\"item\":\"https:\/\/www.erresse-shop.it\/fr\/shop\/\"},{\"@type\":\"ListItem\",\"position\":3,\"name\":\"MIYABI 5000 MCD Shotoh 14 cm\"}]},{\"@type\":\"WebSite\",\"@id\":\"https:\/\/www.erresse-shop.it\/fr\/#website\",\"url\":\"https:\/\/www.erresse-shop.it\/fr\/\",\"name\":\"Erresse Shop\",\"description\":\"Articoli di qualit\u00e0 per la casa\",\"potentialAction\":[{\"@type\":\"SearchAction\",\"target\":{\"@type\":\"EntryPoint\",\"urlTemplate\":\"https:\/\/www.erresse-shop.it\/fr\/?s={search_term_string}\"},\"query-input\":\"required name=search_term_string\"}],\"inLanguage\":\"fr-FR\"}]}<\/script>\n<!-- \/ Yoast SEO Premium plugin. -->","yoast_head_json":{"title":"MIYABI 5000 MCD Shotoh 14 cm","description":"D\u00e9couvrez MIYABI 5000 MCD Shotoh 14 cm sur ErresseShop. Qualit\u00e9, prix r\u00e9duits et achat s\u00e9curis\u00e9 \u2013 commandez d\u00e8s maintenant en ligne !","robots":{"index":"index","follow":"follow","max-snippet":"max-snippet:-1","max-image-preview":"max-image-preview:large","max-video-preview":"max-video-preview:-1"},"canonical":"https:\/\/www.erresse-shop.it\/fr\/shop\/cuisine\/couteaux\/miyabi-5000-mcd-shotoh-14-cm\/","og_locale":"fr_FR","og_type":"article","og_title":"MIYABI 5000 MCD Shotoh 14 cm","og_description":"D\u00e9couvrez MIYABI 5000 MCD Shotoh 14 cm sur ErresseShop. Qualit\u00e9, prix r\u00e9duits et achat s\u00e9curis\u00e9 \u2013 commandez d\u00e8s maintenant en ligne !","og_url":"https:\/\/www.erresse-shop.it\/fr\/shop\/cuisine\/couteaux\/miyabi-5000-mcd-shotoh-14-cm\/","og_site_name":"Erresse Shop","article_modified_time":"2025-01-13T15:59:14+00:00","og_image":[{"width":1000,"height":1000,"url":"https:\/\/www.erresse-shop.it\/wp-content\/uploads\/2022\/02\/MIYABI-5000-MCD-Shotoh.jpg","type":"image\/jpeg"}],"twitter_card":"summary_large_image","schema":{"@context":"https:\/\/schema.org","@graph":[{"@type":"WebPage","@id":"https:\/\/www.erresse-shop.it\/fr\/shop\/cuisine\/couteaux\/miyabi-5000-mcd-shotoh-14-cm\/","url":"https:\/\/www.erresse-shop.it\/fr\/shop\/cuisine\/couteaux\/miyabi-5000-mcd-shotoh-14-cm\/","name":"MIYABI 5000 MCD Shotoh 14 cm","isPartOf":{"@id":"https:\/\/www.erresse-shop.it\/fr\/#website"},"datePublished":"2022-02-14T08:10:06+00:00","dateModified":"2025-01-13T15:59:14+00:00","description":"D\u00e9couvrez MIYABI 5000 MCD Shotoh 14 cm sur ErresseShop. Qualit\u00e9, prix r\u00e9duits et achat s\u00e9curis\u00e9 \u2013 commandez d\u00e8s maintenant en ligne !","breadcrumb":{"@id":"https:\/\/www.erresse-shop.it\/fr\/shop\/cuisine\/couteaux\/miyabi-5000-mcd-shotoh-14-cm\/#breadcrumb"},"inLanguage":"fr-FR","potentialAction":[{"@type":"ReadAction","target":["https:\/\/www.erresse-shop.it\/fr\/shop\/cuisine\/couteaux\/miyabi-5000-mcd-shotoh-14-cm\/"]}]},{"@type":"BreadcrumbList","@id":"https:\/\/www.erresse-shop.it\/fr\/shop\/cuisine\/couteaux\/miyabi-5000-mcd-shotoh-14-cm\/#breadcrumb","itemListElement":[{"@type":"ListItem","position":1,"name":"Home","item":"https:\/\/www.erresse-shop.it\/fr\/"},{"@type":"ListItem","position":2,"name":"Shop","item":"https:\/\/www.erresse-shop.it\/fr\/shop\/"},{"@type":"ListItem","position":3,"name":"MIYABI 5000 MCD Shotoh 14 cm"}]},{"@type":"WebSite","@id":"https:\/\/www.erresse-shop.it\/fr\/#website","url":"https:\/\/www.erresse-shop.it\/fr\/","name":"Erresse Shop","description":"Articoli di qualit\u00e0 per la casa","potentialAction":[{"@type":"SearchAction","target":{"@type":"EntryPoint","urlTemplate":"https:\/\/www.erresse-shop.it\/fr\/?s={search_term_string}"},"query-input":"required name=search_term_string"}],"inLanguage":"fr-FR"}]}},"df_price":175.45000000000002,"df_sale_price":175.45000000000002,"df_regular_price":319,"df_image_link":"https:\/\/www.erresse-shop.it\/wp-content\/uploads\/2022\/02\/MIYABI-5000-MCD-Shotoh-300x300.jpg","_links":{"self":[{"href":"https:\/\/www.erresse-shop.it\/fr\/wp-json\/wp\/v2\/product\/140317"}],"collection":[{"href":"https:\/\/www.erresse-shop.it\/fr\/wp-json\/wp\/v2\/product"}],"about":[{"href":"https:\/\/www.erresse-shop.it\/fr\/wp-json\/wp\/v2\/types\/product"}],"wp:featuredmedia":[{"embeddable":true,"href":"https:\/\/www.erresse-shop.it\/fr\/wp-json\/wp\/v2\/media\/140328"}],"wp:attachment":[{"href":"https:\/\/www.erresse-shop.it\/fr\/wp-json\/wp\/v2\/media?parent=140317"}],"wp:term":[{"taxonomy":"product_cat","embeddable":true,"href":"https:\/\/www.erresse-shop.it\/fr\/wp-json\/wp\/v2\/product_cat?post=140317"},{"taxonomy":"product_tag","embeddable":true,"href":"https:\/\/www.erresse-shop.it\/fr\/wp-json\/wp\/v2\/product_tag?post=140317"}],"curies":[{"name":"wp","href":"https:\/\/api.w.org\/{rel}","templated":true}]}}