{"id":140299,"date":"2022-02-14T07:22:53","date_gmt":"2022-02-14T07:23:45","guid":{"rendered":"https:\/\/www.erresse-shop.it\/?post_type=product&#038;p=140299"},"modified":"2025-08-27T22:45:50","modified_gmt":"2025-08-27T22:45:50","slug":"miyabi-5000-mcd67-sujihiki-24-cm","status":"publish","type":"product","link":"https:\/\/www.erresse-shop.it\/fr\/shop\/cuisine\/couteaux\/miyabi-5000-mcd67-sujihiki-24-cm\/","title":{"rendered":"MIYABI 5000 MCD67 Sujihiki 24 cm"},"content":{"rendered":"<p>Le couteau Miyabi Black 5000MCD est une v\u00e9ritable \u0153uvre d&#8217;art. La lame est fabriqu\u00e9e en acier MC66 \u00e0 poudre de micro-carbure, tremp\u00e9 \u00e0 la glace \u00e0 un HRC impressionnant de 66. Cela permet d&#8217;obtenir un bord exceptionnellement tranchant et durable. La lame est envelopp\u00e9e de 132 couches d&#8217;acier suppl\u00e9mentaires, qui cr\u00e9ent un magnifique motif damass\u00e9 floral. Le manche de la s\u00e9rie Miyabi Black est fabriqu\u00e9 en bois de fr\u00eane noir unique. Le grain et la couleur du bois de fr\u00eane noir contrastent avec le motif damass\u00e9 de la lame. Le manche est r\u00e9alis\u00e9 dans la forme traditionnelle en &#8220;D&#8221;, qui offre une ergonomie optimale pour une coupe sans effort. Fabriqu\u00e9 \u00e0 la main \u00e0 Seki, au Japon.<\/p>\n<ul>\n<li>La lame est compos\u00e9e de 133 couches d&#8217;acier, cr\u00e9ant un motif damass\u00e9 floral.<\/li>\n<li>L&#8217;acier micro-carbure MC66 est durci \u00e0 66 HRC.<\/li>\n<li>Poign\u00e9e en forme de D en beau bois de fr\u00eane noir<\/li>\n<li>Aff\u00fbt\u00e9 selon la m\u00e9thode traditionnelle Honbazuke en trois \u00e9tapes<\/li>\n<li>Fabriqu\u00e9 \u00e0 la main \u00e0 Seki, au Japon<\/li>\n<\/ul>\n<p><strong>CARACT\u00c9RISTIQUES<\/strong><\/p>\n<ul>\n<li>Couleur : marron<\/li>\n<li>Mat\u00e9riau : MC66<\/li>\n<li>Type de poign\u00e9e : cach\u00e9e<\/li>\n<li>Type de bord : lisse<\/li>\n<li>Finition des bords : Aff\u00fbtage Honbazuke<\/li>\n<li>M\u00e9thode de production : soud\u00e9e<\/li>\n<li>Duret\u00e9 de la lame (HRC) : 65-67 HRC<\/li>\n<li>Couleur du manche : marron<\/li>\n<li>Mat\u00e9riau du manche : \u00e9rable noir<\/li>\n<\/ul>\n<p><strong>TAILLE<\/strong><\/p>\n<ul>\n<li>Poids net : 0,18 kg<\/li>\n<li>Longueur du produit : 38,10 cm<\/li>\n<li>Largeur du produit : 2,30 cm<\/li>\n<li>Hauteur du produit : 3,70 cm<\/li>\n<li>Longueur de la lame : 24,00 cm<\/li>\n<li>Longueur du manche : 13,70 cm<\/li>\n<li>Largeur de la poign\u00e9e : 2,30 cm<\/li>\n<li>Largeur de la lame : 0,20 cm<\/li>\n<li>\u00c9paisseur de la lame : 0,20 cm<\/li>\n<\/ul>\n","protected":false},"excerpt":{"rendered":"<p>Le couteau Miyabi Black 5000MCD est une v\u00e9ritable \u0153uvre d&#8217;art. La lame est fabriqu\u00e9e en acier MC66 \u00e0 poudre de<\/p>\n","protected":false},"featured_media":140310,"template":"","meta":{"_acf_changed":false,"inline_featured_image":false},"product_cat":[12742,14452,12748],"product_tag":[25026,12838,12839,25021,15801,24680,15829,18449,12824],"acf":[],"yoast_head":"<!-- This site is optimized with the Yoast SEO Premium plugin v18.6 (Yoast SEO v19.13) - https:\/\/yoast.com\/wordpress\/plugins\/seo\/ -->\n<title>MIYABI 5000 MCD67 Sujihiki 24 cm<\/title>\n<meta name=\"description\" content=\"D\u00e9couvrez MIYABI 5000 MCD67 Sujihiki 24 cm sur ErresseShop. Qualit\u00e9, prix r\u00e9duits et achat s\u00e9curis\u00e9 \u2013 commandez d\u00e8s maintenant en ligne !\" \/>\n<meta name=\"robots\" content=\"index, follow, max-snippet:-1, max-image-preview:large, max-video-preview:-1\" \/>\n<link rel=\"canonical\" href=\"https:\/\/www.erresse-shop.it\/fr\/shop\/cuisine\/couteaux\/miyabi-5000-mcd67-sujihiki-24-cm\/\" \/>\n<meta property=\"og:locale\" content=\"fr_FR\" \/>\n<meta property=\"og:type\" content=\"article\" \/>\n<meta property=\"og:title\" content=\"MIYABI 5000 MCD67 Sujihiki 24 cm\" \/>\n<meta property=\"og:description\" content=\"D\u00e9couvrez MIYABI 5000 MCD67 Sujihiki 24 cm sur ErresseShop. Qualit\u00e9, prix r\u00e9duits et achat s\u00e9curis\u00e9 \u2013 commandez d\u00e8s maintenant en ligne !\" \/>\n<meta property=\"og:url\" content=\"https:\/\/www.erresse-shop.it\/fr\/shop\/cuisine\/couteaux\/miyabi-5000-mcd67-sujihiki-24-cm\/\" \/>\n<meta property=\"og:site_name\" content=\"Erresse Shop\" \/>\n<meta property=\"article:modified_time\" content=\"2025-08-27T22:45:50+00:00\" \/>\n<meta property=\"og:image\" content=\"https:\/\/www.erresse-shop.it\/wp-content\/uploads\/2022\/02\/MIYABI-5000-MCD-Sujihiki.jpg\" \/>\n\t<meta property=\"og:image:width\" content=\"1000\" \/>\n\t<meta property=\"og:image:height\" content=\"1000\" \/>\n\t<meta property=\"og:image:type\" content=\"image\/jpeg\" \/>\n<meta name=\"twitter:card\" content=\"summary_large_image\" \/>\n<script type=\"application\/ld+json\" class=\"yoast-schema-graph\">{\"@context\":\"https:\/\/schema.org\",\"@graph\":[{\"@type\":\"WebPage\",\"@id\":\"https:\/\/www.erresse-shop.it\/fr\/shop\/cuisine\/couteaux\/miyabi-5000-mcd67-sujihiki-24-cm\/\",\"url\":\"https:\/\/www.erresse-shop.it\/fr\/shop\/cuisine\/couteaux\/miyabi-5000-mcd67-sujihiki-24-cm\/\",\"name\":\"MIYABI 5000 MCD67 Sujihiki 24 cm\",\"isPartOf\":{\"@id\":\"https:\/\/www.erresse-shop.it\/fr\/#website\"},\"datePublished\":\"2022-02-14T07:23:45+00:00\",\"dateModified\":\"2025-08-27T22:45:50+00:00\",\"description\":\"D\u00e9couvrez MIYABI 5000 MCD67 Sujihiki 24 cm sur ErresseShop. Qualit\u00e9, prix r\u00e9duits et achat s\u00e9curis\u00e9 \u2013 commandez d\u00e8s maintenant en ligne !\",\"breadcrumb\":{\"@id\":\"https:\/\/www.erresse-shop.it\/fr\/shop\/cuisine\/couteaux\/miyabi-5000-mcd67-sujihiki-24-cm\/#breadcrumb\"},\"inLanguage\":\"fr-FR\",\"potentialAction\":[{\"@type\":\"ReadAction\",\"target\":[\"https:\/\/www.erresse-shop.it\/fr\/shop\/cuisine\/couteaux\/miyabi-5000-mcd67-sujihiki-24-cm\/\"]}]},{\"@type\":\"BreadcrumbList\",\"@id\":\"https:\/\/www.erresse-shop.it\/fr\/shop\/cuisine\/couteaux\/miyabi-5000-mcd67-sujihiki-24-cm\/#breadcrumb\",\"itemListElement\":[{\"@type\":\"ListItem\",\"position\":1,\"name\":\"Home\",\"item\":\"https:\/\/www.erresse-shop.it\/fr\/\"},{\"@type\":\"ListItem\",\"position\":2,\"name\":\"Shop\",\"item\":\"https:\/\/www.erresse-shop.it\/fr\/shop\/\"},{\"@type\":\"ListItem\",\"position\":3,\"name\":\"MIYABI 5000 MCD67 Sujihiki 24 cm\"}]},{\"@type\":\"WebSite\",\"@id\":\"https:\/\/www.erresse-shop.it\/fr\/#website\",\"url\":\"https:\/\/www.erresse-shop.it\/fr\/\",\"name\":\"Erresse Shop\",\"description\":\"Articoli di qualit\u00e0 per la casa\",\"potentialAction\":[{\"@type\":\"SearchAction\",\"target\":{\"@type\":\"EntryPoint\",\"urlTemplate\":\"https:\/\/www.erresse-shop.it\/fr\/?s={search_term_string}\"},\"query-input\":\"required name=search_term_string\"}],\"inLanguage\":\"fr-FR\"}]}<\/script>\n<!-- \/ Yoast SEO Premium plugin. -->","yoast_head_json":{"title":"MIYABI 5000 MCD67 Sujihiki 24 cm","description":"D\u00e9couvrez MIYABI 5000 MCD67 Sujihiki 24 cm sur ErresseShop. Qualit\u00e9, prix r\u00e9duits et achat s\u00e9curis\u00e9 \u2013 commandez d\u00e8s maintenant en ligne !","robots":{"index":"index","follow":"follow","max-snippet":"max-snippet:-1","max-image-preview":"max-image-preview:large","max-video-preview":"max-video-preview:-1"},"canonical":"https:\/\/www.erresse-shop.it\/fr\/shop\/cuisine\/couteaux\/miyabi-5000-mcd67-sujihiki-24-cm\/","og_locale":"fr_FR","og_type":"article","og_title":"MIYABI 5000 MCD67 Sujihiki 24 cm","og_description":"D\u00e9couvrez MIYABI 5000 MCD67 Sujihiki 24 cm sur ErresseShop. Qualit\u00e9, prix r\u00e9duits et achat s\u00e9curis\u00e9 \u2013 commandez d\u00e8s maintenant en ligne !","og_url":"https:\/\/www.erresse-shop.it\/fr\/shop\/cuisine\/couteaux\/miyabi-5000-mcd67-sujihiki-24-cm\/","og_site_name":"Erresse Shop","article_modified_time":"2025-08-27T22:45:50+00:00","og_image":[{"width":1000,"height":1000,"url":"https:\/\/www.erresse-shop.it\/wp-content\/uploads\/2022\/02\/MIYABI-5000-MCD-Sujihiki.jpg","type":"image\/jpeg"}],"twitter_card":"summary_large_image","schema":{"@context":"https:\/\/schema.org","@graph":[{"@type":"WebPage","@id":"https:\/\/www.erresse-shop.it\/fr\/shop\/cuisine\/couteaux\/miyabi-5000-mcd67-sujihiki-24-cm\/","url":"https:\/\/www.erresse-shop.it\/fr\/shop\/cuisine\/couteaux\/miyabi-5000-mcd67-sujihiki-24-cm\/","name":"MIYABI 5000 MCD67 Sujihiki 24 cm","isPartOf":{"@id":"https:\/\/www.erresse-shop.it\/fr\/#website"},"datePublished":"2022-02-14T07:23:45+00:00","dateModified":"2025-08-27T22:45:50+00:00","description":"D\u00e9couvrez MIYABI 5000 MCD67 Sujihiki 24 cm sur ErresseShop. Qualit\u00e9, prix r\u00e9duits et achat s\u00e9curis\u00e9 \u2013 commandez d\u00e8s maintenant en ligne !","breadcrumb":{"@id":"https:\/\/www.erresse-shop.it\/fr\/shop\/cuisine\/couteaux\/miyabi-5000-mcd67-sujihiki-24-cm\/#breadcrumb"},"inLanguage":"fr-FR","potentialAction":[{"@type":"ReadAction","target":["https:\/\/www.erresse-shop.it\/fr\/shop\/cuisine\/couteaux\/miyabi-5000-mcd67-sujihiki-24-cm\/"]}]},{"@type":"BreadcrumbList","@id":"https:\/\/www.erresse-shop.it\/fr\/shop\/cuisine\/couteaux\/miyabi-5000-mcd67-sujihiki-24-cm\/#breadcrumb","itemListElement":[{"@type":"ListItem","position":1,"name":"Home","item":"https:\/\/www.erresse-shop.it\/fr\/"},{"@type":"ListItem","position":2,"name":"Shop","item":"https:\/\/www.erresse-shop.it\/fr\/shop\/"},{"@type":"ListItem","position":3,"name":"MIYABI 5000 MCD67 Sujihiki 24 cm"}]},{"@type":"WebSite","@id":"https:\/\/www.erresse-shop.it\/fr\/#website","url":"https:\/\/www.erresse-shop.it\/fr\/","name":"Erresse Shop","description":"Articoli di qualit\u00e0 per la casa","potentialAction":[{"@type":"SearchAction","target":{"@type":"EntryPoint","urlTemplate":"https:\/\/www.erresse-shop.it\/fr\/?s={search_term_string}"},"query-input":"required name=search_term_string"}],"inLanguage":"fr-FR"}]}},"df_price":299.95,"df_sale_price":299.95,"df_regular_price":449,"df_image_link":"https:\/\/www.erresse-shop.it\/wp-content\/uploads\/2022\/02\/MIYABI-5000-MCD-Sujihiki-300x300.jpg","_links":{"self":[{"href":"https:\/\/www.erresse-shop.it\/fr\/wp-json\/wp\/v2\/product\/140299"}],"collection":[{"href":"https:\/\/www.erresse-shop.it\/fr\/wp-json\/wp\/v2\/product"}],"about":[{"href":"https:\/\/www.erresse-shop.it\/fr\/wp-json\/wp\/v2\/types\/product"}],"wp:featuredmedia":[{"embeddable":true,"href":"https:\/\/www.erresse-shop.it\/fr\/wp-json\/wp\/v2\/media\/140310"}],"wp:attachment":[{"href":"https:\/\/www.erresse-shop.it\/fr\/wp-json\/wp\/v2\/media?parent=140299"}],"wp:term":[{"taxonomy":"product_cat","embeddable":true,"href":"https:\/\/www.erresse-shop.it\/fr\/wp-json\/wp\/v2\/product_cat?post=140299"},{"taxonomy":"product_tag","embeddable":true,"href":"https:\/\/www.erresse-shop.it\/fr\/wp-json\/wp\/v2\/product_tag?post=140299"}],"curies":[{"name":"wp","href":"https:\/\/api.w.org\/{rel}","templated":true}]}}