{"id":139799,"date":"2022-02-03T11:37:18","date_gmt":"2022-02-03T11:37:22","guid":{"rendered":"https:\/\/www.erresse-shop.it\/?post_type=product&#038;p=139799"},"modified":"2025-01-13T15:58:59","modified_gmt":"2025-01-13T15:58:59","slug":"zafferano-pirolo-set-de-6-verres-mixtes","status":"publish","type":"product","link":"https:\/\/www.erresse-shop.it\/fr\/shop\/table-fr-2\/verres\/zafferano-pirolo-set-de-6-verres-mixtes\/","title":{"rendered":"ZAFFERANO Pirolo Set de 6 Verres Mixtes"},"content":{"rendered":"<p><strong><span style=\"text-decoration: underline;\">Contenu<\/span> :<\/strong><\/p>\n<ul>\n<li>1 verre blanc (PI00300)<\/li>\n<li>1 verre transparent (PI00301)<\/li>\n<li>1 verre noir (PI00302)<\/li>\n<li>1 verre ambr\u00e9 (PI00304)<\/li>\n<li>1 verre bleu (PI00307)<\/li>\n<li>1 verre vert (PI00313)<\/li>\n<\/ul>\n<p><strong><span style=\"text-decoration: underline;\">Capacit\u00e9<\/span> :<\/strong> 40 cl<\/p>\n<p>Pirolo est une collection de gobelets en verre borosilicate. La forme du verre s&#8217;inspire de la toupie : un petit \u00e9l\u00e9ment en saillie sur le fond lui permet de tourner sur son propre axe, et de reposer en oblique sur la table. La tasse est transparente, tandis que le d\u00e9tail distinctif est disponible en diff\u00e9rentes couleurs.<\/p>\n<p>La collection de vaisselle en verre color\u00e9 Zafferano est le fruit de la riche exp\u00e9rience de <strong>Federico de Majo<\/strong> dans le monde du verre. Inspir\u00e9s des formes et des nuances simples de la plus ancienne tradition du verre souffl\u00e9 et artisanal, mais avec des interpr\u00e9tations innovantes, les produits Zafferano sont le compl\u00e9ment id\u00e9al pour d\u00e9corer la table avec des \u00e9l\u00e9ments de valeur et d&#8217;impact esth\u00e9tique suggestif.<\/p>\n<p>La qualit\u00e9 de l&#8217;artisanat, associ\u00e9e au design italien, donne de la valeur \u00e0 ces collections ; par cons\u00e9quent, de petites diff\u00e9rences, le cas \u00e9ch\u00e9ant, doivent \u00eatre consid\u00e9r\u00e9es comme une valeur authentique, t\u00e9moignant des caract\u00e9ristiques de l&#8217;excellence de l&#8217;artisanat. Chaque pi\u00e8ce est sign\u00e9e, ce qui garantit l&#8217;originalit\u00e9 du produit, avec un grand souci du d\u00e9tail.<\/p>\n","protected":false},"excerpt":{"rendered":"<p>Contenu : 1 verre blanc (PI00300) 1 verre transparent (PI00301) 1 verre noir (PI00302) 1 verre ambr\u00e9 (PI00304) 1 verre<\/p>\n","protected":false},"featured_media":139804,"template":"","meta":{"_acf_changed":false,"inline_featured_image":false},"product_cat":[12782,12784],"product_tag":[23690,12827,24603,12829,21821,12826,14889,12797],"acf":[],"yoast_head":"<!-- This site is optimized with the Yoast SEO Premium plugin v18.6 (Yoast SEO v19.13) - https:\/\/yoast.com\/wordpress\/plugins\/seo\/ -->\n<title>ZAFFERANO Pirolo Set de 6 Verres Mixtes<\/title>\n<meta name=\"description\" content=\"D\u00e9couvrez ZAFFERANO Pirolo Set de 6 Verres Mixtes sur ErresseShop. Qualit\u00e9, prix r\u00e9duits et achat s\u00e9curis\u00e9 \u2013 commandez d\u00e8s maintenant en ligne !\" \/>\n<meta name=\"robots\" content=\"index, follow, max-snippet:-1, max-image-preview:large, max-video-preview:-1\" \/>\n<link rel=\"canonical\" href=\"https:\/\/www.erresse-shop.it\/fr\/shop\/table-fr-2\/verres\/zafferano-pirolo-set-de-6-verres-mixtes\/\" \/>\n<meta property=\"og:locale\" content=\"fr_FR\" \/>\n<meta property=\"og:type\" content=\"article\" \/>\n<meta property=\"og:title\" content=\"ZAFFERANO Pirolo Set de 6 Verres Mixtes\" \/>\n<meta property=\"og:description\" content=\"D\u00e9couvrez ZAFFERANO Pirolo Set de 6 Verres Mixtes sur ErresseShop. Qualit\u00e9, prix r\u00e9duits et achat s\u00e9curis\u00e9 \u2013 commandez d\u00e8s maintenant en ligne !\" \/>\n<meta property=\"og:url\" content=\"https:\/\/www.erresse-shop.it\/fr\/shop\/table-fr-2\/verres\/zafferano-pirolo-set-de-6-verres-mixtes\/\" \/>\n<meta property=\"og:site_name\" content=\"Erresse Shop\" \/>\n<meta property=\"article:modified_time\" content=\"2025-01-13T15:58:59+00:00\" \/>\n<meta property=\"og:image\" content=\"https:\/\/www.erresse-shop.it\/wp-content\/uploads\/2022\/02\/ZAFFERANO-Bicchiere-Tumbler-Pirolo-Junior-40.jpg\" \/>\n\t<meta property=\"og:image:width\" content=\"1000\" \/>\n\t<meta property=\"og:image:height\" content=\"1000\" \/>\n\t<meta property=\"og:image:type\" content=\"image\/jpeg\" \/>\n<meta name=\"twitter:card\" content=\"summary_large_image\" \/>\n<script type=\"application\/ld+json\" class=\"yoast-schema-graph\">{\"@context\":\"https:\/\/schema.org\",\"@graph\":[{\"@type\":\"WebPage\",\"@id\":\"https:\/\/www.erresse-shop.it\/fr\/shop\/table-fr-2\/verres\/zafferano-pirolo-set-de-6-verres-mixtes\/\",\"url\":\"https:\/\/www.erresse-shop.it\/fr\/shop\/table-fr-2\/verres\/zafferano-pirolo-set-de-6-verres-mixtes\/\",\"name\":\"ZAFFERANO Pirolo Set de 6 Verres Mixtes\",\"isPartOf\":{\"@id\":\"https:\/\/www.erresse-shop.it\/fr\/#website\"},\"datePublished\":\"2022-02-03T11:37:22+00:00\",\"dateModified\":\"2025-01-13T15:58:59+00:00\",\"description\":\"D\u00e9couvrez ZAFFERANO Pirolo Set de 6 Verres Mixtes sur ErresseShop. Qualit\u00e9, prix r\u00e9duits et achat s\u00e9curis\u00e9 \u2013 commandez d\u00e8s maintenant en ligne !\",\"breadcrumb\":{\"@id\":\"https:\/\/www.erresse-shop.it\/fr\/shop\/table-fr-2\/verres\/zafferano-pirolo-set-de-6-verres-mixtes\/#breadcrumb\"},\"inLanguage\":\"fr-FR\",\"potentialAction\":[{\"@type\":\"ReadAction\",\"target\":[\"https:\/\/www.erresse-shop.it\/fr\/shop\/table-fr-2\/verres\/zafferano-pirolo-set-de-6-verres-mixtes\/\"]}]},{\"@type\":\"BreadcrumbList\",\"@id\":\"https:\/\/www.erresse-shop.it\/fr\/shop\/table-fr-2\/verres\/zafferano-pirolo-set-de-6-verres-mixtes\/#breadcrumb\",\"itemListElement\":[{\"@type\":\"ListItem\",\"position\":1,\"name\":\"Home\",\"item\":\"https:\/\/www.erresse-shop.it\/fr\/\"},{\"@type\":\"ListItem\",\"position\":2,\"name\":\"Shop\",\"item\":\"https:\/\/www.erresse-shop.it\/fr\/shop\/\"},{\"@type\":\"ListItem\",\"position\":3,\"name\":\"ZAFFERANO Pirolo Set de 6 Verres Mixtes\"}]},{\"@type\":\"WebSite\",\"@id\":\"https:\/\/www.erresse-shop.it\/fr\/#website\",\"url\":\"https:\/\/www.erresse-shop.it\/fr\/\",\"name\":\"Erresse Shop\",\"description\":\"Articoli di qualit\u00e0 per la casa\",\"potentialAction\":[{\"@type\":\"SearchAction\",\"target\":{\"@type\":\"EntryPoint\",\"urlTemplate\":\"https:\/\/www.erresse-shop.it\/fr\/?s={search_term_string}\"},\"query-input\":\"required name=search_term_string\"}],\"inLanguage\":\"fr-FR\"}]}<\/script>\n<!-- \/ Yoast SEO Premium plugin. -->","yoast_head_json":{"title":"ZAFFERANO Pirolo Set de 6 Verres Mixtes","description":"D\u00e9couvrez ZAFFERANO Pirolo Set de 6 Verres Mixtes sur ErresseShop. Qualit\u00e9, prix r\u00e9duits et achat s\u00e9curis\u00e9 \u2013 commandez d\u00e8s maintenant en ligne !","robots":{"index":"index","follow":"follow","max-snippet":"max-snippet:-1","max-image-preview":"max-image-preview:large","max-video-preview":"max-video-preview:-1"},"canonical":"https:\/\/www.erresse-shop.it\/fr\/shop\/table-fr-2\/verres\/zafferano-pirolo-set-de-6-verres-mixtes\/","og_locale":"fr_FR","og_type":"article","og_title":"ZAFFERANO Pirolo Set de 6 Verres Mixtes","og_description":"D\u00e9couvrez ZAFFERANO Pirolo Set de 6 Verres Mixtes sur ErresseShop. Qualit\u00e9, prix r\u00e9duits et achat s\u00e9curis\u00e9 \u2013 commandez d\u00e8s maintenant en ligne !","og_url":"https:\/\/www.erresse-shop.it\/fr\/shop\/table-fr-2\/verres\/zafferano-pirolo-set-de-6-verres-mixtes\/","og_site_name":"Erresse Shop","article_modified_time":"2025-01-13T15:58:59+00:00","og_image":[{"width":1000,"height":1000,"url":"https:\/\/www.erresse-shop.it\/wp-content\/uploads\/2022\/02\/ZAFFERANO-Bicchiere-Tumbler-Pirolo-Junior-40.jpg","type":"image\/jpeg"}],"twitter_card":"summary_large_image","schema":{"@context":"https:\/\/schema.org","@graph":[{"@type":"WebPage","@id":"https:\/\/www.erresse-shop.it\/fr\/shop\/table-fr-2\/verres\/zafferano-pirolo-set-de-6-verres-mixtes\/","url":"https:\/\/www.erresse-shop.it\/fr\/shop\/table-fr-2\/verres\/zafferano-pirolo-set-de-6-verres-mixtes\/","name":"ZAFFERANO Pirolo Set de 6 Verres Mixtes","isPartOf":{"@id":"https:\/\/www.erresse-shop.it\/fr\/#website"},"datePublished":"2022-02-03T11:37:22+00:00","dateModified":"2025-01-13T15:58:59+00:00","description":"D\u00e9couvrez ZAFFERANO Pirolo Set de 6 Verres Mixtes sur ErresseShop. Qualit\u00e9, prix r\u00e9duits et achat s\u00e9curis\u00e9 \u2013 commandez d\u00e8s maintenant en ligne !","breadcrumb":{"@id":"https:\/\/www.erresse-shop.it\/fr\/shop\/table-fr-2\/verres\/zafferano-pirolo-set-de-6-verres-mixtes\/#breadcrumb"},"inLanguage":"fr-FR","potentialAction":[{"@type":"ReadAction","target":["https:\/\/www.erresse-shop.it\/fr\/shop\/table-fr-2\/verres\/zafferano-pirolo-set-de-6-verres-mixtes\/"]}]},{"@type":"BreadcrumbList","@id":"https:\/\/www.erresse-shop.it\/fr\/shop\/table-fr-2\/verres\/zafferano-pirolo-set-de-6-verres-mixtes\/#breadcrumb","itemListElement":[{"@type":"ListItem","position":1,"name":"Home","item":"https:\/\/www.erresse-shop.it\/fr\/"},{"@type":"ListItem","position":2,"name":"Shop","item":"https:\/\/www.erresse-shop.it\/fr\/shop\/"},{"@type":"ListItem","position":3,"name":"ZAFFERANO Pirolo Set de 6 Verres Mixtes"}]},{"@type":"WebSite","@id":"https:\/\/www.erresse-shop.it\/fr\/#website","url":"https:\/\/www.erresse-shop.it\/fr\/","name":"Erresse Shop","description":"Articoli di qualit\u00e0 per la casa","potentialAction":[{"@type":"SearchAction","target":{"@type":"EntryPoint","urlTemplate":"https:\/\/www.erresse-shop.it\/fr\/?s={search_term_string}"},"query-input":"required name=search_term_string"}],"inLanguage":"fr-FR"}]}},"df_price":39.6,"df_sale_price":39.6,"df_regular_price":88,"df_image_link":"https:\/\/www.erresse-shop.it\/wp-content\/uploads\/2022\/02\/ZAFFERANO-Bicchiere-Tumbler-Pirolo-Junior-40-300x300.jpg","_links":{"self":[{"href":"https:\/\/www.erresse-shop.it\/fr\/wp-json\/wp\/v2\/product\/139799"}],"collection":[{"href":"https:\/\/www.erresse-shop.it\/fr\/wp-json\/wp\/v2\/product"}],"about":[{"href":"https:\/\/www.erresse-shop.it\/fr\/wp-json\/wp\/v2\/types\/product"}],"wp:featuredmedia":[{"embeddable":true,"href":"https:\/\/www.erresse-shop.it\/fr\/wp-json\/wp\/v2\/media\/139804"}],"wp:attachment":[{"href":"https:\/\/www.erresse-shop.it\/fr\/wp-json\/wp\/v2\/media?parent=139799"}],"wp:term":[{"taxonomy":"product_cat","embeddable":true,"href":"https:\/\/www.erresse-shop.it\/fr\/wp-json\/wp\/v2\/product_cat?post=139799"},{"taxonomy":"product_tag","embeddable":true,"href":"https:\/\/www.erresse-shop.it\/fr\/wp-json\/wp\/v2\/product_tag?post=139799"}],"curies":[{"name":"wp","href":"https:\/\/api.w.org\/{rel}","templated":true}]}}