{"id":139299,"date":"2022-01-28T11:32:30","date_gmt":"2022-01-28T11:32:32","guid":{"rendered":"https:\/\/www.erresse-shop.it\/?post_type=product&#038;p=139299"},"modified":"2025-01-13T15:58:41","modified_gmt":"2025-01-13T15:58:41","slug":"le-creuset-amour-moule-6-muffins-coeur-i-love-you","status":"publish","type":"product","link":"https:\/\/www.erresse-shop.it\/fr\/shop\/poeles-pots\/plats-et-casseroles-a-four\/le-creuset-amour-moule-6-muffins-coeur-i-love-you\/","title":{"rendered":"LE CREUSET Amour Moule 6 Muffins C\u0153ur I Love You"},"content":{"rendered":"<p>Pr\u00e9parez des friandises pour la f\u00eate des m\u00e8res, la Saint-Valentin, un anniversaire sp\u00e9cial ou simplement parce que vous en avez envie. Ce moule comporte six formes de c\u0153ur pour cr\u00e9er des desserts irr\u00e9sistibles. Gr\u00e2ce \u00e0 la technologie antiadh\u00e9sive, vos cr\u00e9ations se d\u00e9tachent sans effort pour des r\u00e9sultats pr\u00e9cis et adorables.<\/p>\n<ul>\n<li>Soulevez en toute s\u00e9curit\u00e9 : nous avons ajout\u00e9 des inserts en silicone r\u00e9sistant \u00e0 la chaleur sur le bord pour une meilleure prise en main et un soul\u00e8vement plus facile.<\/li>\n<li>Pr\u00eat pour le four : nos moules passent au four jusqu&#8217;\u00e0 240\u00b0C.<\/li>\n<li>Le meilleur de sa cat\u00e9gorie : nos produits sont fabriqu\u00e9s \u00e0 partir des meilleurs mat\u00e9riaux dans des usines du monde entier afin de garantir la qualit\u00e9 que vous attendez de Le Creuset.<\/li>\n<\/ul>\n","protected":false},"excerpt":{"rendered":"<p>Pr\u00e9parez des friandises pour la f\u00eate des m\u00e8res, la Saint-Valentin, un anniversaire sp\u00e9cial ou simplement parce que vous en avez<\/p>\n","protected":false},"featured_media":179070,"template":"","meta":{"_acf_changed":false,"inline_featured_image":false},"product_cat":[12458,14810,14805],"product_tag":[25086,13275,25021,12460,17107,12462,18371,24300],"acf":[],"yoast_head":"<!-- This site is optimized with the Yoast SEO Premium plugin v18.6 (Yoast SEO v19.13) - https:\/\/yoast.com\/wordpress\/plugins\/seo\/ -->\n<title>LE CREUSET Amour Moule 6 Muffins C\u0153ur I Love You<\/title>\n<meta name=\"description\" content=\"D\u00e9couvrez LE CREUSET Amour Moule 6 Muffins C\u0153ur I Love You sur ErresseShop. Qualit\u00e9, prix r\u00e9duits et achat s\u00e9curis\u00e9 \u2013 commandez d\u00e8s maintenant en ligne !\" \/>\n<meta name=\"robots\" content=\"index, follow, max-snippet:-1, max-image-preview:large, max-video-preview:-1\" \/>\n<link rel=\"canonical\" href=\"https:\/\/www.erresse-shop.it\/fr\/shop\/poeles-pots\/plats-et-casseroles-a-four\/le-creuset-amour-moule-6-muffins-coeur-i-love-you\/\" \/>\n<meta property=\"og:locale\" content=\"fr_FR\" \/>\n<meta property=\"og:type\" content=\"article\" \/>\n<meta property=\"og:title\" content=\"LE CREUSET Amour Moule 6 Muffins C\u0153ur I Love You\" \/>\n<meta property=\"og:description\" content=\"D\u00e9couvrez LE CREUSET Amour Moule 6 Muffins C\u0153ur I Love You sur ErresseShop. Qualit\u00e9, prix r\u00e9duits et achat s\u00e9curis\u00e9 \u2013 commandez d\u00e8s maintenant en ligne !\" \/>\n<meta property=\"og:url\" content=\"https:\/\/www.erresse-shop.it\/fr\/shop\/poeles-pots\/plats-et-casseroles-a-four\/le-creuset-amour-moule-6-muffins-coeur-i-love-you\/\" \/>\n<meta property=\"og:site_name\" content=\"Erresse Shop\" \/>\n<meta property=\"article:modified_time\" content=\"2025-01-13T15:58:41+00:00\" \/>\n<meta property=\"og:image\" content=\"https:\/\/www.erresse-shop.it\/wp-content\/uploads\/2022\/01\/LE-CREUSET-Stampo-6-Muffin-Cuore-I-Love-You-2-1.jpg\" \/>\n\t<meta property=\"og:image:width\" content=\"800\" \/>\n\t<meta property=\"og:image:height\" content=\"800\" \/>\n\t<meta property=\"og:image:type\" content=\"image\/jpeg\" \/>\n<meta name=\"twitter:card\" content=\"summary_large_image\" \/>\n<script type=\"application\/ld+json\" class=\"yoast-schema-graph\">{\"@context\":\"https:\/\/schema.org\",\"@graph\":[{\"@type\":\"WebPage\",\"@id\":\"https:\/\/www.erresse-shop.it\/fr\/shop\/poeles-pots\/plats-et-casseroles-a-four\/le-creuset-amour-moule-6-muffins-coeur-i-love-you\/\",\"url\":\"https:\/\/www.erresse-shop.it\/fr\/shop\/poeles-pots\/plats-et-casseroles-a-four\/le-creuset-amour-moule-6-muffins-coeur-i-love-you\/\",\"name\":\"LE CREUSET Amour Moule 6 Muffins C\u0153ur I Love You\",\"isPartOf\":{\"@id\":\"https:\/\/www.erresse-shop.it\/fr\/#website\"},\"datePublished\":\"2022-01-28T11:32:32+00:00\",\"dateModified\":\"2025-01-13T15:58:41+00:00\",\"description\":\"D\u00e9couvrez LE CREUSET Amour Moule 6 Muffins C\u0153ur I Love You sur ErresseShop. Qualit\u00e9, prix r\u00e9duits et achat s\u00e9curis\u00e9 \u2013 commandez d\u00e8s maintenant en ligne !\",\"breadcrumb\":{\"@id\":\"https:\/\/www.erresse-shop.it\/fr\/shop\/poeles-pots\/plats-et-casseroles-a-four\/le-creuset-amour-moule-6-muffins-coeur-i-love-you\/#breadcrumb\"},\"inLanguage\":\"fr-FR\",\"potentialAction\":[{\"@type\":\"ReadAction\",\"target\":[\"https:\/\/www.erresse-shop.it\/fr\/shop\/poeles-pots\/plats-et-casseroles-a-four\/le-creuset-amour-moule-6-muffins-coeur-i-love-you\/\"]}]},{\"@type\":\"BreadcrumbList\",\"@id\":\"https:\/\/www.erresse-shop.it\/fr\/shop\/poeles-pots\/plats-et-casseroles-a-four\/le-creuset-amour-moule-6-muffins-coeur-i-love-you\/#breadcrumb\",\"itemListElement\":[{\"@type\":\"ListItem\",\"position\":1,\"name\":\"Home\",\"item\":\"https:\/\/www.erresse-shop.it\/fr\/\"},{\"@type\":\"ListItem\",\"position\":2,\"name\":\"Shop\",\"item\":\"https:\/\/www.erresse-shop.it\/fr\/shop\/\"},{\"@type\":\"ListItem\",\"position\":3,\"name\":\"LE CREUSET Amour Moule 6 Muffins C\u0153ur I Love You\"}]},{\"@type\":\"WebSite\",\"@id\":\"https:\/\/www.erresse-shop.it\/fr\/#website\",\"url\":\"https:\/\/www.erresse-shop.it\/fr\/\",\"name\":\"Erresse Shop\",\"description\":\"Articoli di qualit\u00e0 per la casa\",\"potentialAction\":[{\"@type\":\"SearchAction\",\"target\":{\"@type\":\"EntryPoint\",\"urlTemplate\":\"https:\/\/www.erresse-shop.it\/fr\/?s={search_term_string}\"},\"query-input\":\"required name=search_term_string\"}],\"inLanguage\":\"fr-FR\"}]}<\/script>\n<!-- \/ Yoast SEO Premium plugin. -->","yoast_head_json":{"title":"LE CREUSET Amour Moule 6 Muffins C\u0153ur I Love You","description":"D\u00e9couvrez LE CREUSET Amour Moule 6 Muffins C\u0153ur I Love You sur ErresseShop. Qualit\u00e9, prix r\u00e9duits et achat s\u00e9curis\u00e9 \u2013 commandez d\u00e8s maintenant en ligne !","robots":{"index":"index","follow":"follow","max-snippet":"max-snippet:-1","max-image-preview":"max-image-preview:large","max-video-preview":"max-video-preview:-1"},"canonical":"https:\/\/www.erresse-shop.it\/fr\/shop\/poeles-pots\/plats-et-casseroles-a-four\/le-creuset-amour-moule-6-muffins-coeur-i-love-you\/","og_locale":"fr_FR","og_type":"article","og_title":"LE CREUSET Amour Moule 6 Muffins C\u0153ur I Love You","og_description":"D\u00e9couvrez LE CREUSET Amour Moule 6 Muffins C\u0153ur I Love You sur ErresseShop. Qualit\u00e9, prix r\u00e9duits et achat s\u00e9curis\u00e9 \u2013 commandez d\u00e8s maintenant en ligne !","og_url":"https:\/\/www.erresse-shop.it\/fr\/shop\/poeles-pots\/plats-et-casseroles-a-four\/le-creuset-amour-moule-6-muffins-coeur-i-love-you\/","og_site_name":"Erresse Shop","article_modified_time":"2025-01-13T15:58:41+00:00","og_image":[{"width":800,"height":800,"url":"https:\/\/www.erresse-shop.it\/wp-content\/uploads\/2022\/01\/LE-CREUSET-Stampo-6-Muffin-Cuore-I-Love-You-2-1.jpg","type":"image\/jpeg"}],"twitter_card":"summary_large_image","schema":{"@context":"https:\/\/schema.org","@graph":[{"@type":"WebPage","@id":"https:\/\/www.erresse-shop.it\/fr\/shop\/poeles-pots\/plats-et-casseroles-a-four\/le-creuset-amour-moule-6-muffins-coeur-i-love-you\/","url":"https:\/\/www.erresse-shop.it\/fr\/shop\/poeles-pots\/plats-et-casseroles-a-four\/le-creuset-amour-moule-6-muffins-coeur-i-love-you\/","name":"LE CREUSET Amour Moule 6 Muffins C\u0153ur I Love You","isPartOf":{"@id":"https:\/\/www.erresse-shop.it\/fr\/#website"},"datePublished":"2022-01-28T11:32:32+00:00","dateModified":"2025-01-13T15:58:41+00:00","description":"D\u00e9couvrez LE CREUSET Amour Moule 6 Muffins C\u0153ur I Love You sur ErresseShop. Qualit\u00e9, prix r\u00e9duits et achat s\u00e9curis\u00e9 \u2013 commandez d\u00e8s maintenant en ligne !","breadcrumb":{"@id":"https:\/\/www.erresse-shop.it\/fr\/shop\/poeles-pots\/plats-et-casseroles-a-four\/le-creuset-amour-moule-6-muffins-coeur-i-love-you\/#breadcrumb"},"inLanguage":"fr-FR","potentialAction":[{"@type":"ReadAction","target":["https:\/\/www.erresse-shop.it\/fr\/shop\/poeles-pots\/plats-et-casseroles-a-four\/le-creuset-amour-moule-6-muffins-coeur-i-love-you\/"]}]},{"@type":"BreadcrumbList","@id":"https:\/\/www.erresse-shop.it\/fr\/shop\/poeles-pots\/plats-et-casseroles-a-four\/le-creuset-amour-moule-6-muffins-coeur-i-love-you\/#breadcrumb","itemListElement":[{"@type":"ListItem","position":1,"name":"Home","item":"https:\/\/www.erresse-shop.it\/fr\/"},{"@type":"ListItem","position":2,"name":"Shop","item":"https:\/\/www.erresse-shop.it\/fr\/shop\/"},{"@type":"ListItem","position":3,"name":"LE CREUSET Amour Moule 6 Muffins C\u0153ur I Love You"}]},{"@type":"WebSite","@id":"https:\/\/www.erresse-shop.it\/fr\/#website","url":"https:\/\/www.erresse-shop.it\/fr\/","name":"Erresse Shop","description":"Articoli di qualit\u00e0 per la casa","potentialAction":[{"@type":"SearchAction","target":{"@type":"EntryPoint","urlTemplate":"https:\/\/www.erresse-shop.it\/fr\/?s={search_term_string}"},"query-input":"required name=search_term_string"}],"inLanguage":"fr-FR"}]}},"df_price":20.25,"df_sale_price":20.25,"df_regular_price":45,"df_image_link":"https:\/\/www.erresse-shop.it\/wp-content\/uploads\/2022\/01\/LE-CREUSET-Stampo-6-Muffin-Cuore-I-Love-You-2-1-300x300.jpg","_links":{"self":[{"href":"https:\/\/www.erresse-shop.it\/fr\/wp-json\/wp\/v2\/product\/139299"}],"collection":[{"href":"https:\/\/www.erresse-shop.it\/fr\/wp-json\/wp\/v2\/product"}],"about":[{"href":"https:\/\/www.erresse-shop.it\/fr\/wp-json\/wp\/v2\/types\/product"}],"wp:featuredmedia":[{"embeddable":true,"href":"https:\/\/www.erresse-shop.it\/fr\/wp-json\/wp\/v2\/media\/179070"}],"wp:attachment":[{"href":"https:\/\/www.erresse-shop.it\/fr\/wp-json\/wp\/v2\/media?parent=139299"}],"wp:term":[{"taxonomy":"product_cat","embeddable":true,"href":"https:\/\/www.erresse-shop.it\/fr\/wp-json\/wp\/v2\/product_cat?post=139299"},{"taxonomy":"product_tag","embeddable":true,"href":"https:\/\/www.erresse-shop.it\/fr\/wp-json\/wp\/v2\/product_tag?post=139299"}],"curies":[{"name":"wp","href":"https:\/\/api.w.org\/{rel}","templated":true}]}}