{"id":138536,"date":"2022-01-25T13:15:21","date_gmt":"2022-01-25T13:15:23","guid":{"rendered":"https:\/\/www.erresse-shop.it\/?post_type=product&#038;p=138536"},"modified":"2025-07-11T18:38:06","modified_gmt":"2025-07-11T18:38:06","slug":"les-jardins-de-la-comtesse-panier-pique-nique-2-personnes-marine","status":"publish","type":"product","link":"https:\/\/www.erresse-shop.it\/fr\/shop\/table-fr-2\/paniers-pique-nique\/les-jardins-de-la-comtesse-panier-pique-nique-2-personnes-marine\/","title":{"rendered":"LES JARDINS DE LA COMTESSE Panier Pique-nique 2 Personnes Marine"},"content":{"rendered":"<p>Un panier de pique-nique complet et \u00e9l\u00e9gant en osier laqu\u00e9 blanc naturel qui s&#8217;accorde avec son int\u00e9rieur en tissu bleu \u00e0 rayures blanches : pour un pique-nique chic et raffin\u00e9.<br \/>\nCe panier a \u00e9t\u00e9 cr\u00e9\u00e9 pour un pique-nique en t\u00eate-\u00e0-t\u00eate entre amoureux&#8230;<\/p>\n<p>L&#8217;ensemble de la base est dot\u00e9 d&#8217;un compartiment isotherme pour garder les aliments et les boissons au frais. Il est accompagn\u00e9 d&#8217;une belle nappe de pique-nique du m\u00eame tissu avec un c\u00f4t\u00e9 imperm\u00e9able.<\/p>\n<p>Il peut \u00eatre transport\u00e9 facilement gr\u00e2ce \u00e0 sa poign\u00e9e centrale ou \u00e0 la sangle r\u00e9glable en tissu bleu marine pour le porter confortablement sur votre \u00e9paule. Les assiettes, verres, couverts et accessoires passent au lave-vaisselle.<\/p>\n<p>SOMMAIRE<br \/>\nUn compartiment isotherme<br \/>\n1 nappe avec un c\u00f4t\u00e9 bleu imperm\u00e9able avec des rayures blanches<br \/>\n2 assiettes en c\u00e9ramique monogramm\u00e9es de 20 cm de diam\u00e8tre,<br \/>\n2 jeux complets de couverts en m\u00e9tal dans une poche,<br \/>\n2 gobelets en verre (12 cl)<br \/>\n1 d\u00e9capsuleur, tire-bouchon en acier galvanis\u00e9<br \/>\n1 ensemble sali\u00e8re et poivri\u00e8re en m\u00e9tal,<br \/>\n2 serviettes de table bleues \u00e0 rayures blanches (35 x 35 cm)<br \/>\n2 attaches pour une bouteille<br \/>\n2 liens sur le c\u00f4t\u00e9 tissu avec Velcro pour ins\u00e9rer un chiffon<br \/>\n1 petit sac pour ranger la vaisselle sale<\/p>\n<p>Dimensions : 40 X 28 X 23 cm<br \/>\nPoids : 3,150 kg<\/p>\n","protected":false},"excerpt":{"rendered":"<p>Un panier de pique-nique complet et \u00e9l\u00e9gant en osier laqu\u00e9 blanc naturel qui s&#8217;accorde avec son int\u00e9rieur en tissu bleu<\/p>\n","protected":false},"featured_media":138559,"template":"","meta":{"_acf_changed":false,"inline_featured_image":false},"product_cat":[15510,12782],"product_tag":[13384,13485,15502,24603],"acf":[],"yoast_head":"<!-- This site is optimized with the Yoast SEO Premium plugin v18.6 (Yoast SEO v19.13) - https:\/\/yoast.com\/wordpress\/plugins\/seo\/ -->\n<title>LES JARDINS DE LA COMTESSE Panier Pique-nique 2 Personnes Marine<\/title>\n<meta name=\"description\" content=\"D\u00e9couvrez LES JARDINS DE LA COMTESSE Panier Pique-nique 2 Personnes Marine sur ErresseShop. Qualit\u00e9, prix r\u00e9duits et achat s\u00e9curis\u00e9 \u2013 commandez d\u00e8s maintenant en ligne !\" \/>\n<meta name=\"robots\" content=\"index, follow, max-snippet:-1, max-image-preview:large, max-video-preview:-1\" \/>\n<link rel=\"canonical\" href=\"https:\/\/www.erresse-shop.it\/fr\/shop\/table-fr-2\/paniers-pique-nique\/les-jardins-de-la-comtesse-panier-pique-nique-2-personnes-marine\/\" \/>\n<meta property=\"og:locale\" content=\"fr_FR\" \/>\n<meta property=\"og:type\" content=\"article\" \/>\n<meta property=\"og:title\" content=\"LES JARDINS DE LA COMTESSE Panier Pique-nique 2 Personnes Marine\" \/>\n<meta property=\"og:description\" content=\"D\u00e9couvrez LES JARDINS DE LA COMTESSE Panier Pique-nique 2 Personnes Marine sur ErresseShop. Qualit\u00e9, prix r\u00e9duits et achat s\u00e9curis\u00e9 \u2013 commandez d\u00e8s maintenant en ligne !\" \/>\n<meta property=\"og:url\" content=\"https:\/\/www.erresse-shop.it\/fr\/shop\/table-fr-2\/paniers-pique-nique\/les-jardins-de-la-comtesse-panier-pique-nique-2-personnes-marine\/\" \/>\n<meta property=\"og:site_name\" content=\"Erresse Shop\" \/>\n<meta property=\"article:modified_time\" content=\"2025-07-11T18:38:06+00:00\" \/>\n<meta property=\"og:image\" content=\"https:\/\/www.erresse-shop.it\/wp-content\/uploads\/2022\/01\/LES-JARDINS-DE-LA-COMTESSE-Cestino-Picnic-Marine-Blu.jpg\" \/>\n\t<meta property=\"og:image:width\" content=\"1000\" \/>\n\t<meta property=\"og:image:height\" content=\"1000\" \/>\n\t<meta property=\"og:image:type\" content=\"image\/jpeg\" \/>\n<meta name=\"twitter:card\" content=\"summary_large_image\" \/>\n<script type=\"application\/ld+json\" class=\"yoast-schema-graph\">{\"@context\":\"https:\/\/schema.org\",\"@graph\":[{\"@type\":\"WebPage\",\"@id\":\"https:\/\/www.erresse-shop.it\/fr\/shop\/table-fr-2\/paniers-pique-nique\/les-jardins-de-la-comtesse-panier-pique-nique-2-personnes-marine\/\",\"url\":\"https:\/\/www.erresse-shop.it\/fr\/shop\/table-fr-2\/paniers-pique-nique\/les-jardins-de-la-comtesse-panier-pique-nique-2-personnes-marine\/\",\"name\":\"LES JARDINS DE LA COMTESSE Panier Pique-nique 2 Personnes Marine\",\"isPartOf\":{\"@id\":\"https:\/\/www.erresse-shop.it\/fr\/#website\"},\"datePublished\":\"2022-01-25T13:15:23+00:00\",\"dateModified\":\"2025-07-11T18:38:06+00:00\",\"description\":\"D\u00e9couvrez LES JARDINS DE LA COMTESSE Panier Pique-nique 2 Personnes Marine sur ErresseShop. Qualit\u00e9, prix r\u00e9duits et achat s\u00e9curis\u00e9 \u2013 commandez d\u00e8s maintenant en ligne !\",\"breadcrumb\":{\"@id\":\"https:\/\/www.erresse-shop.it\/fr\/shop\/table-fr-2\/paniers-pique-nique\/les-jardins-de-la-comtesse-panier-pique-nique-2-personnes-marine\/#breadcrumb\"},\"inLanguage\":\"fr-FR\",\"potentialAction\":[{\"@type\":\"ReadAction\",\"target\":[\"https:\/\/www.erresse-shop.it\/fr\/shop\/table-fr-2\/paniers-pique-nique\/les-jardins-de-la-comtesse-panier-pique-nique-2-personnes-marine\/\"]}]},{\"@type\":\"BreadcrumbList\",\"@id\":\"https:\/\/www.erresse-shop.it\/fr\/shop\/table-fr-2\/paniers-pique-nique\/les-jardins-de-la-comtesse-panier-pique-nique-2-personnes-marine\/#breadcrumb\",\"itemListElement\":[{\"@type\":\"ListItem\",\"position\":1,\"name\":\"Home\",\"item\":\"https:\/\/www.erresse-shop.it\/fr\/\"},{\"@type\":\"ListItem\",\"position\":2,\"name\":\"Shop\",\"item\":\"https:\/\/www.erresse-shop.it\/fr\/shop\/\"},{\"@type\":\"ListItem\",\"position\":3,\"name\":\"LES JARDINS DE LA COMTESSE Panier Pique-nique 2 Personnes Marine\"}]},{\"@type\":\"WebSite\",\"@id\":\"https:\/\/www.erresse-shop.it\/fr\/#website\",\"url\":\"https:\/\/www.erresse-shop.it\/fr\/\",\"name\":\"Erresse Shop\",\"description\":\"Articoli di qualit\u00e0 per la casa\",\"potentialAction\":[{\"@type\":\"SearchAction\",\"target\":{\"@type\":\"EntryPoint\",\"urlTemplate\":\"https:\/\/www.erresse-shop.it\/fr\/?s={search_term_string}\"},\"query-input\":\"required name=search_term_string\"}],\"inLanguage\":\"fr-FR\"}]}<\/script>\n<!-- \/ Yoast SEO Premium plugin. -->","yoast_head_json":{"title":"LES JARDINS DE LA COMTESSE Panier Pique-nique 2 Personnes Marine","description":"D\u00e9couvrez LES JARDINS DE LA COMTESSE Panier Pique-nique 2 Personnes Marine sur ErresseShop. Qualit\u00e9, prix r\u00e9duits et achat s\u00e9curis\u00e9 \u2013 commandez d\u00e8s maintenant en ligne !","robots":{"index":"index","follow":"follow","max-snippet":"max-snippet:-1","max-image-preview":"max-image-preview:large","max-video-preview":"max-video-preview:-1"},"canonical":"https:\/\/www.erresse-shop.it\/fr\/shop\/table-fr-2\/paniers-pique-nique\/les-jardins-de-la-comtesse-panier-pique-nique-2-personnes-marine\/","og_locale":"fr_FR","og_type":"article","og_title":"LES JARDINS DE LA COMTESSE Panier Pique-nique 2 Personnes Marine","og_description":"D\u00e9couvrez LES JARDINS DE LA COMTESSE Panier Pique-nique 2 Personnes Marine sur ErresseShop. Qualit\u00e9, prix r\u00e9duits et achat s\u00e9curis\u00e9 \u2013 commandez d\u00e8s maintenant en ligne !","og_url":"https:\/\/www.erresse-shop.it\/fr\/shop\/table-fr-2\/paniers-pique-nique\/les-jardins-de-la-comtesse-panier-pique-nique-2-personnes-marine\/","og_site_name":"Erresse Shop","article_modified_time":"2025-07-11T18:38:06+00:00","og_image":[{"width":1000,"height":1000,"url":"https:\/\/www.erresse-shop.it\/wp-content\/uploads\/2022\/01\/LES-JARDINS-DE-LA-COMTESSE-Cestino-Picnic-Marine-Blu.jpg","type":"image\/jpeg"}],"twitter_card":"summary_large_image","schema":{"@context":"https:\/\/schema.org","@graph":[{"@type":"WebPage","@id":"https:\/\/www.erresse-shop.it\/fr\/shop\/table-fr-2\/paniers-pique-nique\/les-jardins-de-la-comtesse-panier-pique-nique-2-personnes-marine\/","url":"https:\/\/www.erresse-shop.it\/fr\/shop\/table-fr-2\/paniers-pique-nique\/les-jardins-de-la-comtesse-panier-pique-nique-2-personnes-marine\/","name":"LES JARDINS DE LA COMTESSE Panier Pique-nique 2 Personnes Marine","isPartOf":{"@id":"https:\/\/www.erresse-shop.it\/fr\/#website"},"datePublished":"2022-01-25T13:15:23+00:00","dateModified":"2025-07-11T18:38:06+00:00","description":"D\u00e9couvrez LES JARDINS DE LA COMTESSE Panier Pique-nique 2 Personnes Marine sur ErresseShop. Qualit\u00e9, prix r\u00e9duits et achat s\u00e9curis\u00e9 \u2013 commandez d\u00e8s maintenant en ligne !","breadcrumb":{"@id":"https:\/\/www.erresse-shop.it\/fr\/shop\/table-fr-2\/paniers-pique-nique\/les-jardins-de-la-comtesse-panier-pique-nique-2-personnes-marine\/#breadcrumb"},"inLanguage":"fr-FR","potentialAction":[{"@type":"ReadAction","target":["https:\/\/www.erresse-shop.it\/fr\/shop\/table-fr-2\/paniers-pique-nique\/les-jardins-de-la-comtesse-panier-pique-nique-2-personnes-marine\/"]}]},{"@type":"BreadcrumbList","@id":"https:\/\/www.erresse-shop.it\/fr\/shop\/table-fr-2\/paniers-pique-nique\/les-jardins-de-la-comtesse-panier-pique-nique-2-personnes-marine\/#breadcrumb","itemListElement":[{"@type":"ListItem","position":1,"name":"Home","item":"https:\/\/www.erresse-shop.it\/fr\/"},{"@type":"ListItem","position":2,"name":"Shop","item":"https:\/\/www.erresse-shop.it\/fr\/shop\/"},{"@type":"ListItem","position":3,"name":"LES JARDINS DE LA COMTESSE Panier Pique-nique 2 Personnes Marine"}]},{"@type":"WebSite","@id":"https:\/\/www.erresse-shop.it\/fr\/#website","url":"https:\/\/www.erresse-shop.it\/fr\/","name":"Erresse Shop","description":"Articoli di qualit\u00e0 per la casa","potentialAction":[{"@type":"SearchAction","target":{"@type":"EntryPoint","urlTemplate":"https:\/\/www.erresse-shop.it\/fr\/?s={search_term_string}"},"query-input":"required name=search_term_string"}],"inLanguage":"fr-FR"}]}},"df_price":89,"df_sale_price":89,"df_regular_price":129,"df_image_link":"https:\/\/www.erresse-shop.it\/wp-content\/uploads\/2022\/01\/LES-JARDINS-DE-LA-COMTESSE-Cestino-Picnic-Marine-Blu-300x300.jpg","_links":{"self":[{"href":"https:\/\/www.erresse-shop.it\/fr\/wp-json\/wp\/v2\/product\/138536"}],"collection":[{"href":"https:\/\/www.erresse-shop.it\/fr\/wp-json\/wp\/v2\/product"}],"about":[{"href":"https:\/\/www.erresse-shop.it\/fr\/wp-json\/wp\/v2\/types\/product"}],"wp:featuredmedia":[{"embeddable":true,"href":"https:\/\/www.erresse-shop.it\/fr\/wp-json\/wp\/v2\/media\/138559"}],"wp:attachment":[{"href":"https:\/\/www.erresse-shop.it\/fr\/wp-json\/wp\/v2\/media?parent=138536"}],"wp:term":[{"taxonomy":"product_cat","embeddable":true,"href":"https:\/\/www.erresse-shop.it\/fr\/wp-json\/wp\/v2\/product_cat?post=138536"},{"taxonomy":"product_tag","embeddable":true,"href":"https:\/\/www.erresse-shop.it\/fr\/wp-json\/wp\/v2\/product_tag?post=138536"}],"curies":[{"name":"wp","href":"https:\/\/api.w.org\/{rel}","templated":true}]}}