{"id":138320,"date":"2022-01-21T08:12:22","date_gmt":"2022-01-21T08:12:26","guid":{"rendered":"https:\/\/www.erresse-shop.it\/?post_type=product&#038;p=138320"},"modified":"2025-11-01T19:49:23","modified_gmt":"2025-11-01T19:49:23","slug":"bordallo-pinheiro-recipient-artichaut-25-cm","status":"publish","type":"product","link":"https:\/\/www.erresse-shop.it\/fr\/shop\/table-fr-2\/recipients-et-bols\/bordallo-pinheiro-recipient-artichaut-25-cm\/","title":{"rendered":"BORDALLO PINHEIRO R\u00e9cipient Artichaut 25 cm"},"content":{"rendered":"<p>Ajoutez une touche artistique avec ce magnifique r\u00e9cipient en forme d&#8217;artichaut de Bordallo Pinheiro. Peinte \u00e0 la main avec un design charmant, la surface pr\u00e9sente des d\u00e9tails complexes.<\/p>\n<p>D\u00e9veloppant la gamme v\u00e9g\u00e9tale actuelle, Bordallo Pinheiro pr\u00e9sente une toute nouvelle collection pratique et d\u00e9corative.<br \/>\nUne excellente id\u00e9e de cadeau \u00e0 la fois fonctionnel, \u00e9l\u00e9gant et original.<\/p>\n<p>De plus, c&#8217;est un objet de collection : fabriqu\u00e9 \u00e0 la main au Portugal, chaque article de Bordallo Pinheiro ne d\u00e9cevra pas.<\/p>\n<p><strong>Mat\u00e9riau :<\/strong> terre cuite<\/p>\n","protected":false},"excerpt":{"rendered":"<p>Ajoutez une touche artistique avec ce magnifique r\u00e9cipient en forme d&#8217;artichaut de Bordallo Pinheiro. Peinte \u00e0 la main avec un<\/p>\n","protected":false},"featured_media":488992,"template":"","meta":{"_acf_changed":false,"inline_featured_image":false},"product_cat":[14244,12782],"product_tag":[25036,18298,23910,18275,25021,13636,14248,24603,16879],"acf":[],"yoast_head":"<!-- This site is optimized with the Yoast SEO Premium plugin v18.6 (Yoast SEO v19.13) - https:\/\/yoast.com\/wordpress\/plugins\/seo\/ -->\n<title>BORDALLO PINHEIRO R\u00e9cipient Artichaut 25 cm<\/title>\n<meta name=\"description\" content=\"D\u00e9couvrez BORDALLO PINHEIRO R\u00e9cipient Artichaut 25 cm sur ErresseShop. Qualit\u00e9, prix r\u00e9duits et achat s\u00e9curis\u00e9 \u2013 commandez d\u00e8s maintenant en ligne !\" \/>\n<meta name=\"robots\" content=\"index, follow, max-snippet:-1, max-image-preview:large, max-video-preview:-1\" \/>\n<link rel=\"canonical\" href=\"https:\/\/www.erresse-shop.it\/fr\/shop\/table-fr-2\/recipients-et-bols\/bordallo-pinheiro-recipient-artichaut-25-cm\/\" \/>\n<meta property=\"og:locale\" content=\"fr_FR\" \/>\n<meta property=\"og:type\" content=\"article\" \/>\n<meta property=\"og:title\" content=\"BORDALLO PINHEIRO R\u00e9cipient Artichaut 25 cm\" \/>\n<meta property=\"og:description\" content=\"D\u00e9couvrez BORDALLO PINHEIRO R\u00e9cipient Artichaut 25 cm sur ErresseShop. Qualit\u00e9, prix r\u00e9duits et achat s\u00e9curis\u00e9 \u2013 commandez d\u00e8s maintenant en ligne !\" \/>\n<meta property=\"og:url\" content=\"https:\/\/www.erresse-shop.it\/fr\/shop\/table-fr-2\/recipients-et-bols\/bordallo-pinheiro-recipient-artichaut-25-cm\/\" \/>\n<meta property=\"og:site_name\" content=\"Erresse Shop\" \/>\n<meta property=\"article:modified_time\" content=\"2025-11-01T19:49:23+00:00\" \/>\n<meta property=\"og:image\" content=\"https:\/\/www.erresse-shop.it\/wp-content\/uploads\/2022\/01\/BORDALLO-PINHEIRO-Contenitore-Carciofo-25-cm.png\" \/>\n\t<meta property=\"og:image:width\" content=\"800\" \/>\n\t<meta property=\"og:image:height\" content=\"800\" \/>\n\t<meta property=\"og:image:type\" content=\"image\/png\" \/>\n<meta name=\"twitter:card\" content=\"summary_large_image\" \/>\n<script type=\"application\/ld+json\" class=\"yoast-schema-graph\">{\"@context\":\"https:\/\/schema.org\",\"@graph\":[{\"@type\":\"WebPage\",\"@id\":\"https:\/\/www.erresse-shop.it\/fr\/shop\/table-fr-2\/recipients-et-bols\/bordallo-pinheiro-recipient-artichaut-25-cm\/\",\"url\":\"https:\/\/www.erresse-shop.it\/fr\/shop\/table-fr-2\/recipients-et-bols\/bordallo-pinheiro-recipient-artichaut-25-cm\/\",\"name\":\"BORDALLO PINHEIRO R\u00e9cipient Artichaut 25 cm\",\"isPartOf\":{\"@id\":\"https:\/\/www.erresse-shop.it\/fr\/#website\"},\"datePublished\":\"2022-01-21T08:12:26+00:00\",\"dateModified\":\"2025-11-01T19:49:23+00:00\",\"description\":\"D\u00e9couvrez BORDALLO PINHEIRO R\u00e9cipient Artichaut 25 cm sur ErresseShop. Qualit\u00e9, prix r\u00e9duits et achat s\u00e9curis\u00e9 \u2013 commandez d\u00e8s maintenant en ligne !\",\"breadcrumb\":{\"@id\":\"https:\/\/www.erresse-shop.it\/fr\/shop\/table-fr-2\/recipients-et-bols\/bordallo-pinheiro-recipient-artichaut-25-cm\/#breadcrumb\"},\"inLanguage\":\"fr-FR\",\"potentialAction\":[{\"@type\":\"ReadAction\",\"target\":[\"https:\/\/www.erresse-shop.it\/fr\/shop\/table-fr-2\/recipients-et-bols\/bordallo-pinheiro-recipient-artichaut-25-cm\/\"]}]},{\"@type\":\"BreadcrumbList\",\"@id\":\"https:\/\/www.erresse-shop.it\/fr\/shop\/table-fr-2\/recipients-et-bols\/bordallo-pinheiro-recipient-artichaut-25-cm\/#breadcrumb\",\"itemListElement\":[{\"@type\":\"ListItem\",\"position\":1,\"name\":\"Home\",\"item\":\"https:\/\/www.erresse-shop.it\/fr\/\"},{\"@type\":\"ListItem\",\"position\":2,\"name\":\"Shop\",\"item\":\"https:\/\/www.erresse-shop.it\/fr\/shop\/\"},{\"@type\":\"ListItem\",\"position\":3,\"name\":\"BORDALLO PINHEIRO R\u00e9cipient Artichaut 25 cm\"}]},{\"@type\":\"WebSite\",\"@id\":\"https:\/\/www.erresse-shop.it\/fr\/#website\",\"url\":\"https:\/\/www.erresse-shop.it\/fr\/\",\"name\":\"Erresse Shop\",\"description\":\"Articoli di qualit\u00e0 per la casa\",\"potentialAction\":[{\"@type\":\"SearchAction\",\"target\":{\"@type\":\"EntryPoint\",\"urlTemplate\":\"https:\/\/www.erresse-shop.it\/fr\/?s={search_term_string}\"},\"query-input\":\"required name=search_term_string\"}],\"inLanguage\":\"fr-FR\"}]}<\/script>\n<!-- \/ Yoast SEO Premium plugin. -->","yoast_head_json":{"title":"BORDALLO PINHEIRO R\u00e9cipient Artichaut 25 cm","description":"D\u00e9couvrez BORDALLO PINHEIRO R\u00e9cipient Artichaut 25 cm sur ErresseShop. Qualit\u00e9, prix r\u00e9duits et achat s\u00e9curis\u00e9 \u2013 commandez d\u00e8s maintenant en ligne !","robots":{"index":"index","follow":"follow","max-snippet":"max-snippet:-1","max-image-preview":"max-image-preview:large","max-video-preview":"max-video-preview:-1"},"canonical":"https:\/\/www.erresse-shop.it\/fr\/shop\/table-fr-2\/recipients-et-bols\/bordallo-pinheiro-recipient-artichaut-25-cm\/","og_locale":"fr_FR","og_type":"article","og_title":"BORDALLO PINHEIRO R\u00e9cipient Artichaut 25 cm","og_description":"D\u00e9couvrez BORDALLO PINHEIRO R\u00e9cipient Artichaut 25 cm sur ErresseShop. Qualit\u00e9, prix r\u00e9duits et achat s\u00e9curis\u00e9 \u2013 commandez d\u00e8s maintenant en ligne !","og_url":"https:\/\/www.erresse-shop.it\/fr\/shop\/table-fr-2\/recipients-et-bols\/bordallo-pinheiro-recipient-artichaut-25-cm\/","og_site_name":"Erresse Shop","article_modified_time":"2025-11-01T19:49:23+00:00","og_image":[{"width":800,"height":800,"url":"https:\/\/www.erresse-shop.it\/wp-content\/uploads\/2022\/01\/BORDALLO-PINHEIRO-Contenitore-Carciofo-25-cm.png","type":"image\/png"}],"twitter_card":"summary_large_image","schema":{"@context":"https:\/\/schema.org","@graph":[{"@type":"WebPage","@id":"https:\/\/www.erresse-shop.it\/fr\/shop\/table-fr-2\/recipients-et-bols\/bordallo-pinheiro-recipient-artichaut-25-cm\/","url":"https:\/\/www.erresse-shop.it\/fr\/shop\/table-fr-2\/recipients-et-bols\/bordallo-pinheiro-recipient-artichaut-25-cm\/","name":"BORDALLO PINHEIRO R\u00e9cipient Artichaut 25 cm","isPartOf":{"@id":"https:\/\/www.erresse-shop.it\/fr\/#website"},"datePublished":"2022-01-21T08:12:26+00:00","dateModified":"2025-11-01T19:49:23+00:00","description":"D\u00e9couvrez BORDALLO PINHEIRO R\u00e9cipient Artichaut 25 cm sur ErresseShop. Qualit\u00e9, prix r\u00e9duits et achat s\u00e9curis\u00e9 \u2013 commandez d\u00e8s maintenant en ligne !","breadcrumb":{"@id":"https:\/\/www.erresse-shop.it\/fr\/shop\/table-fr-2\/recipients-et-bols\/bordallo-pinheiro-recipient-artichaut-25-cm\/#breadcrumb"},"inLanguage":"fr-FR","potentialAction":[{"@type":"ReadAction","target":["https:\/\/www.erresse-shop.it\/fr\/shop\/table-fr-2\/recipients-et-bols\/bordallo-pinheiro-recipient-artichaut-25-cm\/"]}]},{"@type":"BreadcrumbList","@id":"https:\/\/www.erresse-shop.it\/fr\/shop\/table-fr-2\/recipients-et-bols\/bordallo-pinheiro-recipient-artichaut-25-cm\/#breadcrumb","itemListElement":[{"@type":"ListItem","position":1,"name":"Home","item":"https:\/\/www.erresse-shop.it\/fr\/"},{"@type":"ListItem","position":2,"name":"Shop","item":"https:\/\/www.erresse-shop.it\/fr\/shop\/"},{"@type":"ListItem","position":3,"name":"BORDALLO PINHEIRO R\u00e9cipient Artichaut 25 cm"}]},{"@type":"WebSite","@id":"https:\/\/www.erresse-shop.it\/fr\/#website","url":"https:\/\/www.erresse-shop.it\/fr\/","name":"Erresse Shop","description":"Articoli di qualit\u00e0 per la casa","potentialAction":[{"@type":"SearchAction","target":{"@type":"EntryPoint","urlTemplate":"https:\/\/www.erresse-shop.it\/fr\/?s={search_term_string}"},"query-input":"required name=search_term_string"}],"inLanguage":"fr-FR"}]}},"df_price":72.95,"df_sale_price":72.95,"df_regular_price":97,"df_image_link":"https:\/\/www.erresse-shop.it\/wp-content\/uploads\/2022\/01\/BORDALLO-PINHEIRO-Contenitore-Carciofo-25-cm-1-300x300.jpg","_links":{"self":[{"href":"https:\/\/www.erresse-shop.it\/fr\/wp-json\/wp\/v2\/product\/138320"}],"collection":[{"href":"https:\/\/www.erresse-shop.it\/fr\/wp-json\/wp\/v2\/product"}],"about":[{"href":"https:\/\/www.erresse-shop.it\/fr\/wp-json\/wp\/v2\/types\/product"}],"wp:featuredmedia":[{"embeddable":true,"href":"https:\/\/www.erresse-shop.it\/fr\/wp-json\/wp\/v2\/media\/488992"}],"wp:attachment":[{"href":"https:\/\/www.erresse-shop.it\/fr\/wp-json\/wp\/v2\/media?parent=138320"}],"wp:term":[{"taxonomy":"product_cat","embeddable":true,"href":"https:\/\/www.erresse-shop.it\/fr\/wp-json\/wp\/v2\/product_cat?post=138320"},{"taxonomy":"product_tag","embeddable":true,"href":"https:\/\/www.erresse-shop.it\/fr\/wp-json\/wp\/v2\/product_tag?post=138320"}],"curies":[{"name":"wp","href":"https:\/\/api.w.org\/{rel}","templated":true}]}}