{"id":138151,"date":"2022-01-19T11:21:35","date_gmt":"2022-01-19T11:21:38","guid":{"rendered":"https:\/\/www.erresse-shop.it\/?post_type=product&#038;p=138151"},"modified":"2025-02-10T10:30:49","modified_gmt":"2025-02-10T10:30:49","slug":"bordallo-pinheiro-jeu-de-4-bols-dahlia-16-cm","status":"publish","type":"product","link":"https:\/\/www.erresse-shop.it\/fr\/shop\/table-fr-2\/recipients-et-bols\/bordallo-pinheiro-jeu-de-4-bols-dahlia-16-cm\/","title":{"rendered":"BORDALLO PINHEIRO Jeu de 4 Bols Dahlia 16 cm"},"content":{"rendered":"<p>Avec la collection Maria Flor, les fleurs s&#8217;invitent \u00e0 votre table. Dahlias, roses et marguerites, les pi\u00e8ces sont minutieusement r\u00e9alis\u00e9es pour reproduire chaque d\u00e9tail, comme de v\u00e9ritables compositions florales. Bordallo Pinheiro parvient \u00e0 combiner couleur, nature et sophistication avec des pi\u00e8ces en terre cuite qui sont utiles au quotidien, mais qui sont aussi de v\u00e9ritables \u0153uvres d&#8217;art. Cette collection contemporaine, inspir\u00e9e du printemps et de la campagne, comprend des assiettes, des saladiers mais aussi de grandes assiettes et des bols.<\/p>\n<p><strong>Mat\u00e9riau :<\/strong> terre cuite<\/p>\n","protected":false},"excerpt":{"rendered":"<p>Avec la collection Maria Flor, les fleurs s&#8217;invitent \u00e0 votre table. Dahlias, roses et marguerites, les pi\u00e8ces sont minutieusement r\u00e9alis\u00e9es<\/p>\n","protected":false},"featured_media":163783,"template":"","meta":{"_acf_changed":false,"inline_featured_image":false},"product_cat":[14244,12782],"product_tag":[25036,23910,15414,18294,25021,14304,18288,24603,13040,21821],"acf":[],"yoast_head":"<!-- This site is optimized with the Yoast SEO Premium plugin v18.6 (Yoast SEO v19.13) - https:\/\/yoast.com\/wordpress\/plugins\/seo\/ -->\n<title>BORDALLO PINHEIRO Jeu de 4 Bols Dahlia 16 cm<\/title>\n<meta name=\"description\" content=\"D\u00e9couvrez BORDALLO PINHEIRO Jeu de 4 Bols Dahlia 16 cm sur ErresseShop. Qualit\u00e9, prix r\u00e9duits et achat s\u00e9curis\u00e9 \u2013 commandez d\u00e8s maintenant en ligne !\" \/>\n<meta name=\"robots\" content=\"index, follow, max-snippet:-1, max-image-preview:large, max-video-preview:-1\" \/>\n<link rel=\"canonical\" href=\"https:\/\/www.erresse-shop.it\/fr\/shop\/table-fr-2\/recipients-et-bols\/bordallo-pinheiro-jeu-de-4-bols-dahlia-16-cm\/\" \/>\n<meta property=\"og:locale\" content=\"fr_FR\" \/>\n<meta property=\"og:type\" content=\"article\" \/>\n<meta property=\"og:title\" content=\"BORDALLO PINHEIRO Jeu de 4 Bols Dahlia 16 cm\" \/>\n<meta property=\"og:description\" content=\"D\u00e9couvrez BORDALLO PINHEIRO Jeu de 4 Bols Dahlia 16 cm sur ErresseShop. Qualit\u00e9, prix r\u00e9duits et achat s\u00e9curis\u00e9 \u2013 commandez d\u00e8s maintenant en ligne !\" \/>\n<meta property=\"og:url\" content=\"https:\/\/www.erresse-shop.it\/fr\/shop\/table-fr-2\/recipients-et-bols\/bordallo-pinheiro-jeu-de-4-bols-dahlia-16-cm\/\" \/>\n<meta property=\"og:site_name\" content=\"Erresse Shop\" \/>\n<meta property=\"article:modified_time\" content=\"2025-02-10T10:30:49+00:00\" \/>\n<meta property=\"og:image\" content=\"https:\/\/www.erresse-shop.it\/wp-content\/uploads\/2022\/01\/BORDALLO-PINHEIRO-Ciotola-16-Fiori-2-1.jpg\" \/>\n\t<meta property=\"og:image:width\" content=\"800\" \/>\n\t<meta property=\"og:image:height\" content=\"800\" \/>\n\t<meta property=\"og:image:type\" content=\"image\/jpeg\" \/>\n<meta name=\"twitter:card\" content=\"summary_large_image\" \/>\n<script type=\"application\/ld+json\" class=\"yoast-schema-graph\">{\"@context\":\"https:\/\/schema.org\",\"@graph\":[{\"@type\":\"WebPage\",\"@id\":\"https:\/\/www.erresse-shop.it\/fr\/shop\/table-fr-2\/recipients-et-bols\/bordallo-pinheiro-jeu-de-4-bols-dahlia-16-cm\/\",\"url\":\"https:\/\/www.erresse-shop.it\/fr\/shop\/table-fr-2\/recipients-et-bols\/bordallo-pinheiro-jeu-de-4-bols-dahlia-16-cm\/\",\"name\":\"BORDALLO PINHEIRO Jeu de 4 Bols Dahlia 16 cm\",\"isPartOf\":{\"@id\":\"https:\/\/www.erresse-shop.it\/fr\/#website\"},\"datePublished\":\"2022-01-19T11:21:38+00:00\",\"dateModified\":\"2025-02-10T10:30:49+00:00\",\"description\":\"D\u00e9couvrez BORDALLO PINHEIRO Jeu de 4 Bols Dahlia 16 cm sur ErresseShop. Qualit\u00e9, prix r\u00e9duits et achat s\u00e9curis\u00e9 \u2013 commandez d\u00e8s maintenant en ligne !\",\"breadcrumb\":{\"@id\":\"https:\/\/www.erresse-shop.it\/fr\/shop\/table-fr-2\/recipients-et-bols\/bordallo-pinheiro-jeu-de-4-bols-dahlia-16-cm\/#breadcrumb\"},\"inLanguage\":\"fr-FR\",\"potentialAction\":[{\"@type\":\"ReadAction\",\"target\":[\"https:\/\/www.erresse-shop.it\/fr\/shop\/table-fr-2\/recipients-et-bols\/bordallo-pinheiro-jeu-de-4-bols-dahlia-16-cm\/\"]}]},{\"@type\":\"BreadcrumbList\",\"@id\":\"https:\/\/www.erresse-shop.it\/fr\/shop\/table-fr-2\/recipients-et-bols\/bordallo-pinheiro-jeu-de-4-bols-dahlia-16-cm\/#breadcrumb\",\"itemListElement\":[{\"@type\":\"ListItem\",\"position\":1,\"name\":\"Home\",\"item\":\"https:\/\/www.erresse-shop.it\/fr\/\"},{\"@type\":\"ListItem\",\"position\":2,\"name\":\"Shop\",\"item\":\"https:\/\/www.erresse-shop.it\/fr\/shop\/\"},{\"@type\":\"ListItem\",\"position\":3,\"name\":\"BORDALLO PINHEIRO Jeu de 4 Bols Dahlia 16 cm\"}]},{\"@type\":\"WebSite\",\"@id\":\"https:\/\/www.erresse-shop.it\/fr\/#website\",\"url\":\"https:\/\/www.erresse-shop.it\/fr\/\",\"name\":\"Erresse Shop\",\"description\":\"Articoli di qualit\u00e0 per la casa\",\"potentialAction\":[{\"@type\":\"SearchAction\",\"target\":{\"@type\":\"EntryPoint\",\"urlTemplate\":\"https:\/\/www.erresse-shop.it\/fr\/?s={search_term_string}\"},\"query-input\":\"required name=search_term_string\"}],\"inLanguage\":\"fr-FR\"}]}<\/script>\n<!-- \/ Yoast SEO Premium plugin. -->","yoast_head_json":{"title":"BORDALLO PINHEIRO Jeu de 4 Bols Dahlia 16 cm","description":"D\u00e9couvrez BORDALLO PINHEIRO Jeu de 4 Bols Dahlia 16 cm sur ErresseShop. Qualit\u00e9, prix r\u00e9duits et achat s\u00e9curis\u00e9 \u2013 commandez d\u00e8s maintenant en ligne !","robots":{"index":"index","follow":"follow","max-snippet":"max-snippet:-1","max-image-preview":"max-image-preview:large","max-video-preview":"max-video-preview:-1"},"canonical":"https:\/\/www.erresse-shop.it\/fr\/shop\/table-fr-2\/recipients-et-bols\/bordallo-pinheiro-jeu-de-4-bols-dahlia-16-cm\/","og_locale":"fr_FR","og_type":"article","og_title":"BORDALLO PINHEIRO Jeu de 4 Bols Dahlia 16 cm","og_description":"D\u00e9couvrez BORDALLO PINHEIRO Jeu de 4 Bols Dahlia 16 cm sur ErresseShop. Qualit\u00e9, prix r\u00e9duits et achat s\u00e9curis\u00e9 \u2013 commandez d\u00e8s maintenant en ligne !","og_url":"https:\/\/www.erresse-shop.it\/fr\/shop\/table-fr-2\/recipients-et-bols\/bordallo-pinheiro-jeu-de-4-bols-dahlia-16-cm\/","og_site_name":"Erresse Shop","article_modified_time":"2025-02-10T10:30:49+00:00","og_image":[{"width":800,"height":800,"url":"https:\/\/www.erresse-shop.it\/wp-content\/uploads\/2022\/01\/BORDALLO-PINHEIRO-Ciotola-16-Fiori-2-1.jpg","type":"image\/jpeg"}],"twitter_card":"summary_large_image","schema":{"@context":"https:\/\/schema.org","@graph":[{"@type":"WebPage","@id":"https:\/\/www.erresse-shop.it\/fr\/shop\/table-fr-2\/recipients-et-bols\/bordallo-pinheiro-jeu-de-4-bols-dahlia-16-cm\/","url":"https:\/\/www.erresse-shop.it\/fr\/shop\/table-fr-2\/recipients-et-bols\/bordallo-pinheiro-jeu-de-4-bols-dahlia-16-cm\/","name":"BORDALLO PINHEIRO Jeu de 4 Bols Dahlia 16 cm","isPartOf":{"@id":"https:\/\/www.erresse-shop.it\/fr\/#website"},"datePublished":"2022-01-19T11:21:38+00:00","dateModified":"2025-02-10T10:30:49+00:00","description":"D\u00e9couvrez BORDALLO PINHEIRO Jeu de 4 Bols Dahlia 16 cm sur ErresseShop. Qualit\u00e9, prix r\u00e9duits et achat s\u00e9curis\u00e9 \u2013 commandez d\u00e8s maintenant en ligne !","breadcrumb":{"@id":"https:\/\/www.erresse-shop.it\/fr\/shop\/table-fr-2\/recipients-et-bols\/bordallo-pinheiro-jeu-de-4-bols-dahlia-16-cm\/#breadcrumb"},"inLanguage":"fr-FR","potentialAction":[{"@type":"ReadAction","target":["https:\/\/www.erresse-shop.it\/fr\/shop\/table-fr-2\/recipients-et-bols\/bordallo-pinheiro-jeu-de-4-bols-dahlia-16-cm\/"]}]},{"@type":"BreadcrumbList","@id":"https:\/\/www.erresse-shop.it\/fr\/shop\/table-fr-2\/recipients-et-bols\/bordallo-pinheiro-jeu-de-4-bols-dahlia-16-cm\/#breadcrumb","itemListElement":[{"@type":"ListItem","position":1,"name":"Home","item":"https:\/\/www.erresse-shop.it\/fr\/"},{"@type":"ListItem","position":2,"name":"Shop","item":"https:\/\/www.erresse-shop.it\/fr\/shop\/"},{"@type":"ListItem","position":3,"name":"BORDALLO PINHEIRO Jeu de 4 Bols Dahlia 16 cm"}]},{"@type":"WebSite","@id":"https:\/\/www.erresse-shop.it\/fr\/#website","url":"https:\/\/www.erresse-shop.it\/fr\/","name":"Erresse Shop","description":"Articoli di qualit\u00e0 per la casa","potentialAction":[{"@type":"SearchAction","target":{"@type":"EntryPoint","urlTemplate":"https:\/\/www.erresse-shop.it\/fr\/?s={search_term_string}"},"query-input":"required name=search_term_string"}],"inLanguage":"fr-FR"}]}},"df_price":69.95,"df_sale_price":69.95,"df_regular_price":88,"df_image_link":"https:\/\/www.erresse-shop.it\/wp-content\/uploads\/2022\/01\/BORDALLO-PINHEIRO-Ciotola-16-Fiori-2-1-300x300.jpg","_links":{"self":[{"href":"https:\/\/www.erresse-shop.it\/fr\/wp-json\/wp\/v2\/product\/138151"}],"collection":[{"href":"https:\/\/www.erresse-shop.it\/fr\/wp-json\/wp\/v2\/product"}],"about":[{"href":"https:\/\/www.erresse-shop.it\/fr\/wp-json\/wp\/v2\/types\/product"}],"wp:featuredmedia":[{"embeddable":true,"href":"https:\/\/www.erresse-shop.it\/fr\/wp-json\/wp\/v2\/media\/163783"}],"wp:attachment":[{"href":"https:\/\/www.erresse-shop.it\/fr\/wp-json\/wp\/v2\/media?parent=138151"}],"wp:term":[{"taxonomy":"product_cat","embeddable":true,"href":"https:\/\/www.erresse-shop.it\/fr\/wp-json\/wp\/v2\/product_cat?post=138151"},{"taxonomy":"product_tag","embeddable":true,"href":"https:\/\/www.erresse-shop.it\/fr\/wp-json\/wp\/v2\/product_tag?post=138151"}],"curies":[{"name":"wp","href":"https:\/\/api.w.org\/{rel}","templated":true}]}}