{"id":138017,"date":"2022-01-19T08:39:50","date_gmt":"2022-01-19T08:39:55","guid":{"rendered":"https:\/\/www.erresse-shop.it\/?post_type=product&#038;p=138017"},"modified":"2025-12-08T11:16:55","modified_gmt":"2025-12-08T11:16:55","slug":"bordallo-pinheiro-saladier-aubergine-46-5-cm","status":"publish","type":"product","link":"https:\/\/www.erresse-shop.it\/fr\/shop\/table-fr-2\/saladiers-et-soupieres\/bordallo-pinheiro-saladier-aubergine-46-5-cm\/","title":{"rendered":"BORDALLO PINHEIRO Saladier Aubergine 46.5 cm"},"content":{"rendered":"<p>Parfait pour servir les salades ou simplement comme pi\u00e8ce d\u00e9corative, ce saladier fait partie de la collection Aubergine de Bordallo Pinheiro. Le bol est fabriqu\u00e9 en terre cuite et \u00e9maill\u00e9 \u00e0 la main au Portugal.<\/p>\n<p><strong>Mat\u00e9riau :<\/strong> terre cuite<\/p>\n","protected":false},"excerpt":{"rendered":"<p>Parfait pour servir les salades ou simplement comme pi\u00e8ce d\u00e9corative, ce saladier fait partie de la collection Aubergine de Bordallo<\/p>\n","protected":false},"featured_media":165390,"template":"","meta":{"_acf_changed":false,"inline_featured_image":false},"product_cat":[12787,12782],"product_tag":[25036,18267,23910,25021,24603,13040],"acf":[],"yoast_head":"<!-- This site is optimized with the Yoast SEO Premium plugin v18.6 (Yoast SEO v19.13) - https:\/\/yoast.com\/wordpress\/plugins\/seo\/ -->\n<title>BORDALLO PINHEIRO Saladier Aubergine 46.5 cm<\/title>\n<meta name=\"description\" content=\"D\u00e9couvrez BORDALLO PINHEIRO Saladier Aubergine 46.5 cm sur ErresseShop. Qualit\u00e9, prix r\u00e9duits et achat s\u00e9curis\u00e9 \u2013 commandez d\u00e8s maintenant en ligne !\" \/>\n<meta name=\"robots\" content=\"index, follow, max-snippet:-1, max-image-preview:large, max-video-preview:-1\" \/>\n<link rel=\"canonical\" href=\"https:\/\/www.erresse-shop.it\/fr\/shop\/table-fr-2\/saladiers-et-soupieres\/bordallo-pinheiro-saladier-aubergine-46-5-cm\/\" \/>\n<meta property=\"og:locale\" content=\"fr_FR\" \/>\n<meta property=\"og:type\" content=\"article\" \/>\n<meta property=\"og:title\" content=\"BORDALLO PINHEIRO Saladier Aubergine 46.5 cm\" \/>\n<meta property=\"og:description\" content=\"D\u00e9couvrez BORDALLO PINHEIRO Saladier Aubergine 46.5 cm sur ErresseShop. Qualit\u00e9, prix r\u00e9duits et achat s\u00e9curis\u00e9 \u2013 commandez d\u00e8s maintenant en ligne !\" \/>\n<meta property=\"og:url\" content=\"https:\/\/www.erresse-shop.it\/fr\/shop\/table-fr-2\/saladiers-et-soupieres\/bordallo-pinheiro-saladier-aubergine-46-5-cm\/\" \/>\n<meta property=\"og:site_name\" content=\"Erresse Shop\" \/>\n<meta property=\"article:modified_time\" content=\"2025-12-08T11:16:55+00:00\" \/>\n<meta property=\"og:image\" content=\"https:\/\/www.erresse-shop.it\/wp-content\/uploads\/2022\/06\/BORDALLO-PINHEIRO-Insalatiera-47-cm-Melanzana.jpg\" \/>\n\t<meta property=\"og:image:width\" content=\"800\" \/>\n\t<meta property=\"og:image:height\" content=\"800\" \/>\n\t<meta property=\"og:image:type\" content=\"image\/jpeg\" \/>\n<meta name=\"twitter:card\" content=\"summary_large_image\" \/>\n<script type=\"application\/ld+json\" class=\"yoast-schema-graph\">{\"@context\":\"https:\/\/schema.org\",\"@graph\":[{\"@type\":\"WebPage\",\"@id\":\"https:\/\/www.erresse-shop.it\/fr\/shop\/table-fr-2\/saladiers-et-soupieres\/bordallo-pinheiro-saladier-aubergine-46-5-cm\/\",\"url\":\"https:\/\/www.erresse-shop.it\/fr\/shop\/table-fr-2\/saladiers-et-soupieres\/bordallo-pinheiro-saladier-aubergine-46-5-cm\/\",\"name\":\"BORDALLO PINHEIRO Saladier Aubergine 46.5 cm\",\"isPartOf\":{\"@id\":\"https:\/\/www.erresse-shop.it\/fr\/#website\"},\"datePublished\":\"2022-01-19T08:39:55+00:00\",\"dateModified\":\"2025-12-08T11:16:55+00:00\",\"description\":\"D\u00e9couvrez BORDALLO PINHEIRO Saladier Aubergine 46.5 cm sur ErresseShop. Qualit\u00e9, prix r\u00e9duits et achat s\u00e9curis\u00e9 \u2013 commandez d\u00e8s maintenant en ligne !\",\"breadcrumb\":{\"@id\":\"https:\/\/www.erresse-shop.it\/fr\/shop\/table-fr-2\/saladiers-et-soupieres\/bordallo-pinheiro-saladier-aubergine-46-5-cm\/#breadcrumb\"},\"inLanguage\":\"fr-FR\",\"potentialAction\":[{\"@type\":\"ReadAction\",\"target\":[\"https:\/\/www.erresse-shop.it\/fr\/shop\/table-fr-2\/saladiers-et-soupieres\/bordallo-pinheiro-saladier-aubergine-46-5-cm\/\"]}]},{\"@type\":\"BreadcrumbList\",\"@id\":\"https:\/\/www.erresse-shop.it\/fr\/shop\/table-fr-2\/saladiers-et-soupieres\/bordallo-pinheiro-saladier-aubergine-46-5-cm\/#breadcrumb\",\"itemListElement\":[{\"@type\":\"ListItem\",\"position\":1,\"name\":\"Home\",\"item\":\"https:\/\/www.erresse-shop.it\/fr\/\"},{\"@type\":\"ListItem\",\"position\":2,\"name\":\"Shop\",\"item\":\"https:\/\/www.erresse-shop.it\/fr\/shop\/\"},{\"@type\":\"ListItem\",\"position\":3,\"name\":\"BORDALLO PINHEIRO Saladier Aubergine 46.5 cm\"}]},{\"@type\":\"WebSite\",\"@id\":\"https:\/\/www.erresse-shop.it\/fr\/#website\",\"url\":\"https:\/\/www.erresse-shop.it\/fr\/\",\"name\":\"Erresse Shop\",\"description\":\"Articoli di qualit\u00e0 per la casa\",\"potentialAction\":[{\"@type\":\"SearchAction\",\"target\":{\"@type\":\"EntryPoint\",\"urlTemplate\":\"https:\/\/www.erresse-shop.it\/fr\/?s={search_term_string}\"},\"query-input\":\"required name=search_term_string\"}],\"inLanguage\":\"fr-FR\"}]}<\/script>\n<!-- \/ Yoast SEO Premium plugin. -->","yoast_head_json":{"title":"BORDALLO PINHEIRO Saladier Aubergine 46.5 cm","description":"D\u00e9couvrez BORDALLO PINHEIRO Saladier Aubergine 46.5 cm sur ErresseShop. Qualit\u00e9, prix r\u00e9duits et achat s\u00e9curis\u00e9 \u2013 commandez d\u00e8s maintenant en ligne !","robots":{"index":"index","follow":"follow","max-snippet":"max-snippet:-1","max-image-preview":"max-image-preview:large","max-video-preview":"max-video-preview:-1"},"canonical":"https:\/\/www.erresse-shop.it\/fr\/shop\/table-fr-2\/saladiers-et-soupieres\/bordallo-pinheiro-saladier-aubergine-46-5-cm\/","og_locale":"fr_FR","og_type":"article","og_title":"BORDALLO PINHEIRO Saladier Aubergine 46.5 cm","og_description":"D\u00e9couvrez BORDALLO PINHEIRO Saladier Aubergine 46.5 cm sur ErresseShop. Qualit\u00e9, prix r\u00e9duits et achat s\u00e9curis\u00e9 \u2013 commandez d\u00e8s maintenant en ligne !","og_url":"https:\/\/www.erresse-shop.it\/fr\/shop\/table-fr-2\/saladiers-et-soupieres\/bordallo-pinheiro-saladier-aubergine-46-5-cm\/","og_site_name":"Erresse Shop","article_modified_time":"2025-12-08T11:16:55+00:00","og_image":[{"width":800,"height":800,"url":"https:\/\/www.erresse-shop.it\/wp-content\/uploads\/2022\/06\/BORDALLO-PINHEIRO-Insalatiera-47-cm-Melanzana.jpg","type":"image\/jpeg"}],"twitter_card":"summary_large_image","schema":{"@context":"https:\/\/schema.org","@graph":[{"@type":"WebPage","@id":"https:\/\/www.erresse-shop.it\/fr\/shop\/table-fr-2\/saladiers-et-soupieres\/bordallo-pinheiro-saladier-aubergine-46-5-cm\/","url":"https:\/\/www.erresse-shop.it\/fr\/shop\/table-fr-2\/saladiers-et-soupieres\/bordallo-pinheiro-saladier-aubergine-46-5-cm\/","name":"BORDALLO PINHEIRO Saladier Aubergine 46.5 cm","isPartOf":{"@id":"https:\/\/www.erresse-shop.it\/fr\/#website"},"datePublished":"2022-01-19T08:39:55+00:00","dateModified":"2025-12-08T11:16:55+00:00","description":"D\u00e9couvrez BORDALLO PINHEIRO Saladier Aubergine 46.5 cm sur ErresseShop. Qualit\u00e9, prix r\u00e9duits et achat s\u00e9curis\u00e9 \u2013 commandez d\u00e8s maintenant en ligne !","breadcrumb":{"@id":"https:\/\/www.erresse-shop.it\/fr\/shop\/table-fr-2\/saladiers-et-soupieres\/bordallo-pinheiro-saladier-aubergine-46-5-cm\/#breadcrumb"},"inLanguage":"fr-FR","potentialAction":[{"@type":"ReadAction","target":["https:\/\/www.erresse-shop.it\/fr\/shop\/table-fr-2\/saladiers-et-soupieres\/bordallo-pinheiro-saladier-aubergine-46-5-cm\/"]}]},{"@type":"BreadcrumbList","@id":"https:\/\/www.erresse-shop.it\/fr\/shop\/table-fr-2\/saladiers-et-soupieres\/bordallo-pinheiro-saladier-aubergine-46-5-cm\/#breadcrumb","itemListElement":[{"@type":"ListItem","position":1,"name":"Home","item":"https:\/\/www.erresse-shop.it\/fr\/"},{"@type":"ListItem","position":2,"name":"Shop","item":"https:\/\/www.erresse-shop.it\/fr\/shop\/"},{"@type":"ListItem","position":3,"name":"BORDALLO PINHEIRO Saladier Aubergine 46.5 cm"}]},{"@type":"WebSite","@id":"https:\/\/www.erresse-shop.it\/fr\/#website","url":"https:\/\/www.erresse-shop.it\/fr\/","name":"Erresse Shop","description":"Articoli di qualit\u00e0 per la casa","potentialAction":[{"@type":"SearchAction","target":{"@type":"EntryPoint","urlTemplate":"https:\/\/www.erresse-shop.it\/fr\/?s={search_term_string}"},"query-input":"required name=search_term_string"}],"inLanguage":"fr-FR"}]}},"df_price":72.95,"df_sale_price":72.95,"df_regular_price":97,"df_image_link":"https:\/\/www.erresse-shop.it\/wp-content\/uploads\/2022\/06\/BORDALLO-PINHEIRO-Insalatiera-47-cm-Melanzana-300x300.jpg","_links":{"self":[{"href":"https:\/\/www.erresse-shop.it\/fr\/wp-json\/wp\/v2\/product\/138017"}],"collection":[{"href":"https:\/\/www.erresse-shop.it\/fr\/wp-json\/wp\/v2\/product"}],"about":[{"href":"https:\/\/www.erresse-shop.it\/fr\/wp-json\/wp\/v2\/types\/product"}],"wp:featuredmedia":[{"embeddable":true,"href":"https:\/\/www.erresse-shop.it\/fr\/wp-json\/wp\/v2\/media\/165390"}],"wp:attachment":[{"href":"https:\/\/www.erresse-shop.it\/fr\/wp-json\/wp\/v2\/media?parent=138017"}],"wp:term":[{"taxonomy":"product_cat","embeddable":true,"href":"https:\/\/www.erresse-shop.it\/fr\/wp-json\/wp\/v2\/product_cat?post=138017"},{"taxonomy":"product_tag","embeddable":true,"href":"https:\/\/www.erresse-shop.it\/fr\/wp-json\/wp\/v2\/product_tag?post=138017"}],"curies":[{"name":"wp","href":"https:\/\/api.w.org\/{rel}","templated":true}]}}