{"id":137826,"date":"2022-01-17T07:08:30","date_gmt":"2022-01-17T07:09:47","guid":{"rendered":"https:\/\/www.erresse-shop.it\/?post_type=product&#038;p=137826"},"modified":"2025-01-13T15:56:38","modified_gmt":"2025-01-13T15:56:38","slug":"seletti-ensemble-de-2-vases-elle-en-porcelaine","status":"publish","type":"product","link":"https:\/\/www.erresse-shop.it\/fr\/shop\/ameublement-maison\/vases-fr\/seletti-ensemble-de-2-vases-elle-en-porcelaine\/","title":{"rendered":"SELETTI Ensemble de 2 Vases Elle en Porcelaine"},"content":{"rendered":"<p>Ensemble de 2 vases sculpture en porcelaine reproduisant une paire de pieds.<\/p>\n<p>Le designer Alessandro Zambelli isole cette partie du corps pour lui donner une forme r\u00e9ussie et une vie ind\u00e9pendante. Ce fragment de corps, pr\u00e9sent\u00e9 comme une sculpture achev\u00e9e, poss\u00e8de un pouvoir expressif extraordinaire. Le fragment trouve ainsi son autonomie, se d\u00e9tachant du corps dont il est issu.<\/p>\n<p>Evoquer le corps en le d\u00e9composant, c&#8217;est aussi et surtout \u00e9voquer sa partie manquante. Ces parties s\u00e9par\u00e9es du corps stimulent l&#8217;imagination et nous invitent \u00e0 recomposer l&#8217;univers d&#8217;o\u00f9 provient le fragment, \u00e0 reformer le corps entier. A mi-chemin entre l&#8217;art et le design, ces vases sont \u00e9tonnants : ils apportent une touche d\u00e9sinhib\u00e9e, excentrique et artistique \u00e0 votre d\u00e9cor.<\/p>\n<p><strong>Caract\u00e9ristiques<\/strong><\/p>\n<ul>\n<li><strong>Conception :<\/strong> Alessandro Zambelli<\/li>\n<li><strong>Mat\u00e9riau :<\/strong> Porcelaine<\/li>\n<li><strong>Dimensions :<\/strong> cm 11 x 11 h30,2<\/li>\n<\/ul>\n","protected":false},"excerpt":{"rendered":"<p>Ensemble de 2 vases sculpture en porcelaine reproduisant une paire de pieds. Le designer Alessandro Zambelli isole cette partie du<\/p>\n","protected":false},"featured_media":137848,"template":"","meta":{"_acf_changed":false,"inline_featured_image":false},"product_cat":[12738,14422],"product_tag":[14855,25021,13849],"acf":[],"yoast_head":"<!-- This site is optimized with the Yoast SEO Premium plugin v18.6 (Yoast SEO v19.13) - https:\/\/yoast.com\/wordpress\/plugins\/seo\/ -->\n<title>SELETTI Ensemble de 2 Vases Elle en Porcelaine<\/title>\n<meta name=\"description\" content=\"D\u00e9couvrez SELETTI Ensemble de 2 Vases Elle en Porcelaine sur ErresseShop. Qualit\u00e9, prix r\u00e9duits et achat s\u00e9curis\u00e9 \u2013 commandez d\u00e8s maintenant en ligne !\" \/>\n<meta name=\"robots\" content=\"index, follow, max-snippet:-1, max-image-preview:large, max-video-preview:-1\" \/>\n<link rel=\"canonical\" href=\"https:\/\/www.erresse-shop.it\/fr\/shop\/ameublement-maison\/vases-fr\/seletti-ensemble-de-2-vases-elle-en-porcelaine\/\" \/>\n<meta property=\"og:locale\" content=\"fr_FR\" \/>\n<meta property=\"og:type\" content=\"article\" \/>\n<meta property=\"og:title\" content=\"SELETTI Ensemble de 2 Vases Elle en Porcelaine\" \/>\n<meta property=\"og:description\" content=\"D\u00e9couvrez SELETTI Ensemble de 2 Vases Elle en Porcelaine sur ErresseShop. Qualit\u00e9, prix r\u00e9duits et achat s\u00e9curis\u00e9 \u2013 commandez d\u00e8s maintenant en ligne !\" \/>\n<meta property=\"og:url\" content=\"https:\/\/www.erresse-shop.it\/fr\/shop\/ameublement-maison\/vases-fr\/seletti-ensemble-de-2-vases-elle-en-porcelaine\/\" \/>\n<meta property=\"og:site_name\" content=\"Erresse Shop\" \/>\n<meta property=\"article:modified_time\" content=\"2025-01-13T15:56:38+00:00\" \/>\n<meta property=\"og:image\" content=\"https:\/\/www.erresse-shop.it\/wp-content\/uploads\/2022\/01\/SELETTI-Set-2-Vasi-Porcellana-Elle.jpg\" \/>\n\t<meta property=\"og:image:width\" content=\"1000\" \/>\n\t<meta property=\"og:image:height\" content=\"1000\" \/>\n\t<meta property=\"og:image:type\" content=\"image\/jpeg\" \/>\n<meta name=\"twitter:card\" content=\"summary_large_image\" \/>\n<script type=\"application\/ld+json\" class=\"yoast-schema-graph\">{\"@context\":\"https:\/\/schema.org\",\"@graph\":[{\"@type\":\"WebPage\",\"@id\":\"https:\/\/www.erresse-shop.it\/fr\/shop\/ameublement-maison\/vases-fr\/seletti-ensemble-de-2-vases-elle-en-porcelaine\/\",\"url\":\"https:\/\/www.erresse-shop.it\/fr\/shop\/ameublement-maison\/vases-fr\/seletti-ensemble-de-2-vases-elle-en-porcelaine\/\",\"name\":\"SELETTI Ensemble de 2 Vases Elle en Porcelaine\",\"isPartOf\":{\"@id\":\"https:\/\/www.erresse-shop.it\/fr\/#website\"},\"datePublished\":\"2022-01-17T07:09:47+00:00\",\"dateModified\":\"2025-01-13T15:56:38+00:00\",\"description\":\"D\u00e9couvrez SELETTI Ensemble de 2 Vases Elle en Porcelaine sur ErresseShop. Qualit\u00e9, prix r\u00e9duits et achat s\u00e9curis\u00e9 \u2013 commandez d\u00e8s maintenant en ligne !\",\"breadcrumb\":{\"@id\":\"https:\/\/www.erresse-shop.it\/fr\/shop\/ameublement-maison\/vases-fr\/seletti-ensemble-de-2-vases-elle-en-porcelaine\/#breadcrumb\"},\"inLanguage\":\"fr-FR\",\"potentialAction\":[{\"@type\":\"ReadAction\",\"target\":[\"https:\/\/www.erresse-shop.it\/fr\/shop\/ameublement-maison\/vases-fr\/seletti-ensemble-de-2-vases-elle-en-porcelaine\/\"]}]},{\"@type\":\"BreadcrumbList\",\"@id\":\"https:\/\/www.erresse-shop.it\/fr\/shop\/ameublement-maison\/vases-fr\/seletti-ensemble-de-2-vases-elle-en-porcelaine\/#breadcrumb\",\"itemListElement\":[{\"@type\":\"ListItem\",\"position\":1,\"name\":\"Home\",\"item\":\"https:\/\/www.erresse-shop.it\/fr\/\"},{\"@type\":\"ListItem\",\"position\":2,\"name\":\"Shop\",\"item\":\"https:\/\/www.erresse-shop.it\/fr\/shop\/\"},{\"@type\":\"ListItem\",\"position\":3,\"name\":\"SELETTI Ensemble de 2 Vases Elle en Porcelaine\"}]},{\"@type\":\"WebSite\",\"@id\":\"https:\/\/www.erresse-shop.it\/fr\/#website\",\"url\":\"https:\/\/www.erresse-shop.it\/fr\/\",\"name\":\"Erresse Shop\",\"description\":\"Articoli di qualit\u00e0 per la casa\",\"potentialAction\":[{\"@type\":\"SearchAction\",\"target\":{\"@type\":\"EntryPoint\",\"urlTemplate\":\"https:\/\/www.erresse-shop.it\/fr\/?s={search_term_string}\"},\"query-input\":\"required name=search_term_string\"}],\"inLanguage\":\"fr-FR\"}]}<\/script>\n<!-- \/ Yoast SEO Premium plugin. -->","yoast_head_json":{"title":"SELETTI Ensemble de 2 Vases Elle en Porcelaine","description":"D\u00e9couvrez SELETTI Ensemble de 2 Vases Elle en Porcelaine sur ErresseShop. Qualit\u00e9, prix r\u00e9duits et achat s\u00e9curis\u00e9 \u2013 commandez d\u00e8s maintenant en ligne !","robots":{"index":"index","follow":"follow","max-snippet":"max-snippet:-1","max-image-preview":"max-image-preview:large","max-video-preview":"max-video-preview:-1"},"canonical":"https:\/\/www.erresse-shop.it\/fr\/shop\/ameublement-maison\/vases-fr\/seletti-ensemble-de-2-vases-elle-en-porcelaine\/","og_locale":"fr_FR","og_type":"article","og_title":"SELETTI Ensemble de 2 Vases Elle en Porcelaine","og_description":"D\u00e9couvrez SELETTI Ensemble de 2 Vases Elle en Porcelaine sur ErresseShop. Qualit\u00e9, prix r\u00e9duits et achat s\u00e9curis\u00e9 \u2013 commandez d\u00e8s maintenant en ligne !","og_url":"https:\/\/www.erresse-shop.it\/fr\/shop\/ameublement-maison\/vases-fr\/seletti-ensemble-de-2-vases-elle-en-porcelaine\/","og_site_name":"Erresse Shop","article_modified_time":"2025-01-13T15:56:38+00:00","og_image":[{"width":1000,"height":1000,"url":"https:\/\/www.erresse-shop.it\/wp-content\/uploads\/2022\/01\/SELETTI-Set-2-Vasi-Porcellana-Elle.jpg","type":"image\/jpeg"}],"twitter_card":"summary_large_image","schema":{"@context":"https:\/\/schema.org","@graph":[{"@type":"WebPage","@id":"https:\/\/www.erresse-shop.it\/fr\/shop\/ameublement-maison\/vases-fr\/seletti-ensemble-de-2-vases-elle-en-porcelaine\/","url":"https:\/\/www.erresse-shop.it\/fr\/shop\/ameublement-maison\/vases-fr\/seletti-ensemble-de-2-vases-elle-en-porcelaine\/","name":"SELETTI Ensemble de 2 Vases Elle en Porcelaine","isPartOf":{"@id":"https:\/\/www.erresse-shop.it\/fr\/#website"},"datePublished":"2022-01-17T07:09:47+00:00","dateModified":"2025-01-13T15:56:38+00:00","description":"D\u00e9couvrez SELETTI Ensemble de 2 Vases Elle en Porcelaine sur ErresseShop. Qualit\u00e9, prix r\u00e9duits et achat s\u00e9curis\u00e9 \u2013 commandez d\u00e8s maintenant en ligne !","breadcrumb":{"@id":"https:\/\/www.erresse-shop.it\/fr\/shop\/ameublement-maison\/vases-fr\/seletti-ensemble-de-2-vases-elle-en-porcelaine\/#breadcrumb"},"inLanguage":"fr-FR","potentialAction":[{"@type":"ReadAction","target":["https:\/\/www.erresse-shop.it\/fr\/shop\/ameublement-maison\/vases-fr\/seletti-ensemble-de-2-vases-elle-en-porcelaine\/"]}]},{"@type":"BreadcrumbList","@id":"https:\/\/www.erresse-shop.it\/fr\/shop\/ameublement-maison\/vases-fr\/seletti-ensemble-de-2-vases-elle-en-porcelaine\/#breadcrumb","itemListElement":[{"@type":"ListItem","position":1,"name":"Home","item":"https:\/\/www.erresse-shop.it\/fr\/"},{"@type":"ListItem","position":2,"name":"Shop","item":"https:\/\/www.erresse-shop.it\/fr\/shop\/"},{"@type":"ListItem","position":3,"name":"SELETTI Ensemble de 2 Vases Elle en Porcelaine"}]},{"@type":"WebSite","@id":"https:\/\/www.erresse-shop.it\/fr\/#website","url":"https:\/\/www.erresse-shop.it\/fr\/","name":"Erresse Shop","description":"Articoli di qualit\u00e0 per la casa","potentialAction":[{"@type":"SearchAction","target":{"@type":"EntryPoint","urlTemplate":"https:\/\/www.erresse-shop.it\/fr\/?s={search_term_string}"},"query-input":"required name=search_term_string"}],"inLanguage":"fr-FR"}]}},"df_price":64.8,"df_sale_price":64.8,"df_regular_price":144,"df_image_link":"https:\/\/www.erresse-shop.it\/wp-content\/uploads\/2022\/01\/SELETTI-Set-2-Vasi-Porcellana-Elle-300x300.jpg","_links":{"self":[{"href":"https:\/\/www.erresse-shop.it\/fr\/wp-json\/wp\/v2\/product\/137826"}],"collection":[{"href":"https:\/\/www.erresse-shop.it\/fr\/wp-json\/wp\/v2\/product"}],"about":[{"href":"https:\/\/www.erresse-shop.it\/fr\/wp-json\/wp\/v2\/types\/product"}],"wp:featuredmedia":[{"embeddable":true,"href":"https:\/\/www.erresse-shop.it\/fr\/wp-json\/wp\/v2\/media\/137848"}],"wp:attachment":[{"href":"https:\/\/www.erresse-shop.it\/fr\/wp-json\/wp\/v2\/media?parent=137826"}],"wp:term":[{"taxonomy":"product_cat","embeddable":true,"href":"https:\/\/www.erresse-shop.it\/fr\/wp-json\/wp\/v2\/product_cat?post=137826"},{"taxonomy":"product_tag","embeddable":true,"href":"https:\/\/www.erresse-shop.it\/fr\/wp-json\/wp\/v2\/product_tag?post=137826"}],"curies":[{"name":"wp","href":"https:\/\/api.w.org\/{rel}","templated":true}]}}