{"id":136942,"date":"2022-01-03T11:36:15","date_gmt":"2022-01-03T11:36:19","guid":{"rendered":"https:\/\/www.erresse-shop.it\/?post_type=product&#038;p=136942"},"modified":"2025-01-13T15:55:58","modified_gmt":"2025-01-13T15:55:58","slug":"maserin-couteau-diabolik-999-en-noyer-avec-gravure-en-or","status":"publish","type":"product","link":"https:\/\/www.erresse-shop.it\/fr\/shop\/cuisine\/couteaux\/maserin-couteau-diabolik-999-en-noyer-avec-gravure-en-or\/","title":{"rendered":"MASERIN Couteau Diabolik 999 en Noyer avec Gravure en Or"},"content":{"rendered":"<p>\u00c0 l&#8217;occasion du cinquanti\u00e8me anniversaire de la naissance de Diabolik, l&#8217;un des personnages les plus appr\u00e9ci\u00e9s des amateurs d&#8217;histoires noires et de bandes dessin\u00e9es, Coltellerie Maserin, en collaboration avec la maison d&#8217;\u00e9dition Astorina, a cr\u00e9\u00e9 une version &#8220;r\u00e9plique&#8221; du c\u00e9l\u00e8bre couteau de lancer du Roi de la Terreur.<\/p>\n<p><strong>Une arme favorite du personnage n\u00e9 en 1962 de l&#8217;imagination des s\u0153urs Giussani<\/strong>. La dague &#8220;Diabolik special edition&#8221; de Maserin reproduit les caract\u00e9ristiques et le style du couteau original. Compagnon ins\u00e9parable des innombrables aventures de l&#8217;Homme aux Mille Visages.<\/p>\n<p>L&#8217;\u00e9dition sp\u00e9ciale du nouveau couteau de lancer &#8220;<strong>999 LG Diabolik<\/strong>&#8221; reproduit les caract\u00e9ristiques et le style du couteau dessin\u00e9 dans la bande dessin\u00e9e originale. Contrairement au mod\u00e8le pr\u00e9c\u00e9dent du 50e anniversaire, nous avons apport\u00e9 quelques changements importants comme <strong>le logo de l&#8217;anti-h\u00e9ros, Diabolik, en or 24k sur la lame du couteau et l&#8217;\u00e9l\u00e9gant manche en noyer<\/strong>.<\/p>\n<p>D\u00e9couvrez \u00e9galement la version 999 du couteau Diabolik cr\u00e9\u00e9e pour le 50e anniversaire du personnage aux mille visages.<\/p>\n<p><strong>FICHE TECHNIQUE<\/strong><\/p>\n<ul>\n<li><strong>Mat\u00e9riau de la lame :<\/strong> Bohler N690 satin\u00e9 &#8211; 160 mm avec gravure du logo Diabolik en or 24k<\/li>\n<li><strong>Poign\u00e9e :<\/strong> Noyer<\/li>\n<li><strong>Longueur totale :<\/strong> 290 mm<\/li>\n<li><strong>Garde et pommeau :<\/strong> Acier AISI 420<\/li>\n<li><strong>Poids :<\/strong> 210 g<\/li>\n<\/ul>\n<p>Nous avons obtenu la certification NATO NCAGE AJ988 et UNI EN ISO 9001:2008.<\/p>\n","protected":false},"excerpt":{"rendered":"<p>\u00c0 l&#8217;occasion du cinquanti\u00e8me anniversaire de la naissance de Diabolik, l&#8217;un des personnages les plus appr\u00e9ci\u00e9s des amateurs d&#8217;histoires noires<\/p>\n","protected":false},"featured_media":136978,"template":"","meta":{"_acf_changed":false,"inline_featured_image":false},"product_cat":[12742,14452,12748],"product_tag":[25086,23690,12839,18103,25021,17638,12856],"acf":[],"yoast_head":"<!-- This site is optimized with the Yoast SEO Premium plugin v18.6 (Yoast SEO v19.13) - https:\/\/yoast.com\/wordpress\/plugins\/seo\/ -->\n<title>MASERIN Couteau Diabolik 999 en Noyer avec Gravure en Or<\/title>\n<meta name=\"description\" content=\"D\u00e9couvrez MASERIN Couteau Diabolik 999 en Noyer avec Gravure en Or sur ErresseShop. Qualit\u00e9, prix r\u00e9duits et achat s\u00e9curis\u00e9 \u2013 commandez d\u00e8s maintenant en ligne !\" \/>\n<meta name=\"robots\" content=\"index, follow, max-snippet:-1, max-image-preview:large, max-video-preview:-1\" \/>\n<link rel=\"canonical\" href=\"https:\/\/www.erresse-shop.it\/fr\/shop\/cuisine\/couteaux\/maserin-couteau-diabolik-999-en-noyer-avec-gravure-en-or\/\" \/>\n<meta property=\"og:locale\" content=\"fr_FR\" \/>\n<meta property=\"og:type\" content=\"article\" \/>\n<meta property=\"og:title\" content=\"MASERIN Couteau Diabolik 999 en Noyer avec Gravure en Or\" \/>\n<meta property=\"og:description\" content=\"D\u00e9couvrez MASERIN Couteau Diabolik 999 en Noyer avec Gravure en Or sur ErresseShop. Qualit\u00e9, prix r\u00e9duits et achat s\u00e9curis\u00e9 \u2013 commandez d\u00e8s maintenant en ligne !\" \/>\n<meta property=\"og:url\" content=\"https:\/\/www.erresse-shop.it\/fr\/shop\/cuisine\/couteaux\/maserin-couteau-diabolik-999-en-noyer-avec-gravure-en-or\/\" \/>\n<meta property=\"og:site_name\" content=\"Erresse Shop\" \/>\n<meta property=\"article:modified_time\" content=\"2025-01-13T15:55:58+00:00\" \/>\n<meta property=\"og:image\" content=\"https:\/\/www.erresse-shop.it\/wp-content\/uploads\/2022\/01\/MASERIN-Coltello-Diabolik-999-Oro-Noce-7.jpg\" \/>\n\t<meta property=\"og:image:width\" content=\"1000\" \/>\n\t<meta property=\"og:image:height\" content=\"1000\" \/>\n\t<meta property=\"og:image:type\" content=\"image\/jpeg\" \/>\n<meta name=\"twitter:card\" content=\"summary_large_image\" \/>\n<script type=\"application\/ld+json\" class=\"yoast-schema-graph\">{\"@context\":\"https:\/\/schema.org\",\"@graph\":[{\"@type\":\"WebPage\",\"@id\":\"https:\/\/www.erresse-shop.it\/fr\/shop\/cuisine\/couteaux\/maserin-couteau-diabolik-999-en-noyer-avec-gravure-en-or\/\",\"url\":\"https:\/\/www.erresse-shop.it\/fr\/shop\/cuisine\/couteaux\/maserin-couteau-diabolik-999-en-noyer-avec-gravure-en-or\/\",\"name\":\"MASERIN Couteau Diabolik 999 en Noyer avec Gravure en Or\",\"isPartOf\":{\"@id\":\"https:\/\/www.erresse-shop.it\/fr\/#website\"},\"datePublished\":\"2022-01-03T11:36:19+00:00\",\"dateModified\":\"2025-01-13T15:55:58+00:00\",\"description\":\"D\u00e9couvrez MASERIN Couteau Diabolik 999 en Noyer avec Gravure en Or sur ErresseShop. Qualit\u00e9, prix r\u00e9duits et achat s\u00e9curis\u00e9 \u2013 commandez d\u00e8s maintenant en ligne !\",\"breadcrumb\":{\"@id\":\"https:\/\/www.erresse-shop.it\/fr\/shop\/cuisine\/couteaux\/maserin-couteau-diabolik-999-en-noyer-avec-gravure-en-or\/#breadcrumb\"},\"inLanguage\":\"fr-FR\",\"potentialAction\":[{\"@type\":\"ReadAction\",\"target\":[\"https:\/\/www.erresse-shop.it\/fr\/shop\/cuisine\/couteaux\/maserin-couteau-diabolik-999-en-noyer-avec-gravure-en-or\/\"]}]},{\"@type\":\"BreadcrumbList\",\"@id\":\"https:\/\/www.erresse-shop.it\/fr\/shop\/cuisine\/couteaux\/maserin-couteau-diabolik-999-en-noyer-avec-gravure-en-or\/#breadcrumb\",\"itemListElement\":[{\"@type\":\"ListItem\",\"position\":1,\"name\":\"Home\",\"item\":\"https:\/\/www.erresse-shop.it\/fr\/\"},{\"@type\":\"ListItem\",\"position\":2,\"name\":\"Shop\",\"item\":\"https:\/\/www.erresse-shop.it\/fr\/shop\/\"},{\"@type\":\"ListItem\",\"position\":3,\"name\":\"MASERIN Couteau Diabolik 999 en Noyer avec Gravure en Or\"}]},{\"@type\":\"WebSite\",\"@id\":\"https:\/\/www.erresse-shop.it\/fr\/#website\",\"url\":\"https:\/\/www.erresse-shop.it\/fr\/\",\"name\":\"Erresse Shop\",\"description\":\"Articoli di qualit\u00e0 per la casa\",\"potentialAction\":[{\"@type\":\"SearchAction\",\"target\":{\"@type\":\"EntryPoint\",\"urlTemplate\":\"https:\/\/www.erresse-shop.it\/fr\/?s={search_term_string}\"},\"query-input\":\"required name=search_term_string\"}],\"inLanguage\":\"fr-FR\"}]}<\/script>\n<!-- \/ Yoast SEO Premium plugin. -->","yoast_head_json":{"title":"MASERIN Couteau Diabolik 999 en Noyer avec Gravure en Or","description":"D\u00e9couvrez MASERIN Couteau Diabolik 999 en Noyer avec Gravure en Or sur ErresseShop. Qualit\u00e9, prix r\u00e9duits et achat s\u00e9curis\u00e9 \u2013 commandez d\u00e8s maintenant en ligne !","robots":{"index":"index","follow":"follow","max-snippet":"max-snippet:-1","max-image-preview":"max-image-preview:large","max-video-preview":"max-video-preview:-1"},"canonical":"https:\/\/www.erresse-shop.it\/fr\/shop\/cuisine\/couteaux\/maserin-couteau-diabolik-999-en-noyer-avec-gravure-en-or\/","og_locale":"fr_FR","og_type":"article","og_title":"MASERIN Couteau Diabolik 999 en Noyer avec Gravure en Or","og_description":"D\u00e9couvrez MASERIN Couteau Diabolik 999 en Noyer avec Gravure en Or sur ErresseShop. Qualit\u00e9, prix r\u00e9duits et achat s\u00e9curis\u00e9 \u2013 commandez d\u00e8s maintenant en ligne !","og_url":"https:\/\/www.erresse-shop.it\/fr\/shop\/cuisine\/couteaux\/maserin-couteau-diabolik-999-en-noyer-avec-gravure-en-or\/","og_site_name":"Erresse Shop","article_modified_time":"2025-01-13T15:55:58+00:00","og_image":[{"width":1000,"height":1000,"url":"https:\/\/www.erresse-shop.it\/wp-content\/uploads\/2022\/01\/MASERIN-Coltello-Diabolik-999-Oro-Noce-7.jpg","type":"image\/jpeg"}],"twitter_card":"summary_large_image","schema":{"@context":"https:\/\/schema.org","@graph":[{"@type":"WebPage","@id":"https:\/\/www.erresse-shop.it\/fr\/shop\/cuisine\/couteaux\/maserin-couteau-diabolik-999-en-noyer-avec-gravure-en-or\/","url":"https:\/\/www.erresse-shop.it\/fr\/shop\/cuisine\/couteaux\/maserin-couteau-diabolik-999-en-noyer-avec-gravure-en-or\/","name":"MASERIN Couteau Diabolik 999 en Noyer avec Gravure en Or","isPartOf":{"@id":"https:\/\/www.erresse-shop.it\/fr\/#website"},"datePublished":"2022-01-03T11:36:19+00:00","dateModified":"2025-01-13T15:55:58+00:00","description":"D\u00e9couvrez MASERIN Couteau Diabolik 999 en Noyer avec Gravure en Or sur ErresseShop. Qualit\u00e9, prix r\u00e9duits et achat s\u00e9curis\u00e9 \u2013 commandez d\u00e8s maintenant en ligne !","breadcrumb":{"@id":"https:\/\/www.erresse-shop.it\/fr\/shop\/cuisine\/couteaux\/maserin-couteau-diabolik-999-en-noyer-avec-gravure-en-or\/#breadcrumb"},"inLanguage":"fr-FR","potentialAction":[{"@type":"ReadAction","target":["https:\/\/www.erresse-shop.it\/fr\/shop\/cuisine\/couteaux\/maserin-couteau-diabolik-999-en-noyer-avec-gravure-en-or\/"]}]},{"@type":"BreadcrumbList","@id":"https:\/\/www.erresse-shop.it\/fr\/shop\/cuisine\/couteaux\/maserin-couteau-diabolik-999-en-noyer-avec-gravure-en-or\/#breadcrumb","itemListElement":[{"@type":"ListItem","position":1,"name":"Home","item":"https:\/\/www.erresse-shop.it\/fr\/"},{"@type":"ListItem","position":2,"name":"Shop","item":"https:\/\/www.erresse-shop.it\/fr\/shop\/"},{"@type":"ListItem","position":3,"name":"MASERIN Couteau Diabolik 999 en Noyer avec Gravure en Or"}]},{"@type":"WebSite","@id":"https:\/\/www.erresse-shop.it\/fr\/#website","url":"https:\/\/www.erresse-shop.it\/fr\/","name":"Erresse Shop","description":"Articoli di qualit\u00e0 per la casa","potentialAction":[{"@type":"SearchAction","target":{"@type":"EntryPoint","urlTemplate":"https:\/\/www.erresse-shop.it\/fr\/?s={search_term_string}"},"query-input":"required name=search_term_string"}],"inLanguage":"fr-FR"}]}},"df_price":119.95,"df_sale_price":119.95,"df_regular_price":169,"df_image_link":"https:\/\/www.erresse-shop.it\/wp-content\/uploads\/2022\/01\/MASERIN-Coltello-Diabolik-999-Oro-Noce-7-300x300.jpg","_links":{"self":[{"href":"https:\/\/www.erresse-shop.it\/fr\/wp-json\/wp\/v2\/product\/136942"}],"collection":[{"href":"https:\/\/www.erresse-shop.it\/fr\/wp-json\/wp\/v2\/product"}],"about":[{"href":"https:\/\/www.erresse-shop.it\/fr\/wp-json\/wp\/v2\/types\/product"}],"wp:featuredmedia":[{"embeddable":true,"href":"https:\/\/www.erresse-shop.it\/fr\/wp-json\/wp\/v2\/media\/136978"}],"wp:attachment":[{"href":"https:\/\/www.erresse-shop.it\/fr\/wp-json\/wp\/v2\/media?parent=136942"}],"wp:term":[{"taxonomy":"product_cat","embeddable":true,"href":"https:\/\/www.erresse-shop.it\/fr\/wp-json\/wp\/v2\/product_cat?post=136942"},{"taxonomy":"product_tag","embeddable":true,"href":"https:\/\/www.erresse-shop.it\/fr\/wp-json\/wp\/v2\/product_tag?post=136942"}],"curies":[{"name":"wp","href":"https:\/\/api.w.org\/{rel}","templated":true}]}}