{"id":136779,"date":"2021-12-29T14:07:23","date_gmt":"2021-12-29T14:07:31","guid":{"rendered":"https:\/\/www.erresse-shop.it\/?post_type=product&#038;p=136779"},"modified":"2025-01-13T15:55:48","modified_gmt":"2025-01-13T15:55:48","slug":"versace-home-assiette-plate-18-cm-medusa-rouge","status":"publish","type":"product","link":"https:\/\/www.erresse-shop.it\/fr\/shop\/table-fr-2\/plats\/versace-home-assiette-plate-18-cm-medusa-rouge\/","title":{"rendered":"VERSACE HOME Assiette Plate 18 cm Medusa Rouge"},"content":{"rendered":"<p>Selon la tradition antique, M\u00e9duse \u00e9tait l&#8217;un des trois Gorgones, des monstres marins dont le regard avait le pouvoir de p\u00e9trifier quiconque les regardait directement dans les yeux. Les trois s\u0153urs, filles des dieux marins Forco et Ceto, repr\u00e9sentaient la perversion sous ses trois formes : M\u00e9duse &#8211; la seule des trois \u00e0 ne pas \u00eatre immortelle &#8211; repr\u00e9sentait la perversion intellectuelle, Euriale la perversion sexuelle et Steno la perversion morale. Mais M\u00e9duse aurait \u00e9t\u00e9 \u00e0 l&#8217;origine une belle femme, transform\u00e9e en monstre par la d\u00e9esse Ath\u00e9na pour la punir d&#8217;avoir couch\u00e9 avec Pos\u00e9idon dans l&#8217;un de ses temples.<br \/>\nL&#8217;enchev\u00eatrement de serpents \u00e0 la place des cheveux qui caract\u00e9rise les repr\u00e9sentations de M\u00e9duse dans l&#8217;histoire de l&#8217;art trouve dans l&#8217;ic\u00f4ne de Versace une nouvelle \u00e9l\u00e9gance et un nouveau sang-froid, peut-\u00eatre inspir\u00e9s par les sculptures de l&#8217;\u00e9poque classique grecque. Le mythe de la M\u00e9duse a toujours frapp\u00e9 l&#8217;imagination de Gianni Versace, qui l&#8217;a choisi comme nom de marque pour sa maison de couture, en le d\u00e9crivant ainsi : &#8220;Si tu la regardes, tu ne peux pas t&#8217;en d\u00e9tacher, M\u00e9duse est la s\u00e9duction&#8221;.<\/p>\n","protected":false},"excerpt":{"rendered":"<p>Selon la tradition antique, M\u00e9duse \u00e9tait l&#8217;un des trois Gorgones, des monstres marins dont le regard avait le pouvoir de<\/p>\n","protected":false},"featured_media":136784,"template":"","meta":{"_acf_changed":false,"inline_featured_image":false},"product_cat":[12788,12782],"product_tag":[13169,23690,24680,13170,17839],"acf":[],"yoast_head":"<!-- This site is optimized with the Yoast SEO Premium plugin v18.6 (Yoast SEO v19.13) - https:\/\/yoast.com\/wordpress\/plugins\/seo\/ -->\n<title>VERSACE HOME Assiette Plate 18 cm Medusa Rouge<\/title>\n<meta name=\"description\" content=\"D\u00e9couvrez VERSACE HOME Assiette Plate 18 cm Medusa Rouge sur ErresseShop. Qualit\u00e9, prix r\u00e9duits et achat s\u00e9curis\u00e9 \u2013 commandez d\u00e8s maintenant en ligne !\" \/>\n<meta name=\"robots\" content=\"index, follow, max-snippet:-1, max-image-preview:large, max-video-preview:-1\" \/>\n<link rel=\"canonical\" href=\"https:\/\/www.erresse-shop.it\/fr\/shop\/table-fr-2\/plats\/versace-home-assiette-plate-18-cm-medusa-rouge\/\" \/>\n<meta property=\"og:locale\" content=\"fr_FR\" \/>\n<meta property=\"og:type\" content=\"article\" \/>\n<meta property=\"og:title\" content=\"VERSACE HOME Assiette Plate 18 cm Medusa Rouge\" \/>\n<meta property=\"og:description\" content=\"D\u00e9couvrez VERSACE HOME Assiette Plate 18 cm Medusa Rouge sur ErresseShop. Qualit\u00e9, prix r\u00e9duits et achat s\u00e9curis\u00e9 \u2013 commandez d\u00e8s maintenant en ligne !\" \/>\n<meta property=\"og:url\" content=\"https:\/\/www.erresse-shop.it\/fr\/shop\/table-fr-2\/plats\/versace-home-assiette-plate-18-cm-medusa-rouge\/\" \/>\n<meta property=\"og:site_name\" content=\"Erresse Shop\" \/>\n<meta property=\"article:modified_time\" content=\"2025-01-13T15:55:48+00:00\" \/>\n<meta property=\"og:image\" content=\"https:\/\/www.erresse-shop.it\/wp-content\/uploads\/2021\/12\/VERSACE-HOME-Piatto-18-cm-Medusa-Rosso.jpg\" \/>\n\t<meta property=\"og:image:width\" content=\"1000\" \/>\n\t<meta property=\"og:image:height\" content=\"1000\" \/>\n\t<meta property=\"og:image:type\" content=\"image\/jpeg\" \/>\n<meta name=\"twitter:card\" content=\"summary_large_image\" \/>\n<script type=\"application\/ld+json\" class=\"yoast-schema-graph\">{\"@context\":\"https:\/\/schema.org\",\"@graph\":[{\"@type\":\"WebPage\",\"@id\":\"https:\/\/www.erresse-shop.it\/fr\/shop\/table-fr-2\/plats\/versace-home-assiette-plate-18-cm-medusa-rouge\/\",\"url\":\"https:\/\/www.erresse-shop.it\/fr\/shop\/table-fr-2\/plats\/versace-home-assiette-plate-18-cm-medusa-rouge\/\",\"name\":\"VERSACE HOME Assiette Plate 18 cm Medusa Rouge\",\"isPartOf\":{\"@id\":\"https:\/\/www.erresse-shop.it\/fr\/#website\"},\"datePublished\":\"2021-12-29T14:07:31+00:00\",\"dateModified\":\"2025-01-13T15:55:48+00:00\",\"description\":\"D\u00e9couvrez VERSACE HOME Assiette Plate 18 cm Medusa Rouge sur ErresseShop. Qualit\u00e9, prix r\u00e9duits et achat s\u00e9curis\u00e9 \u2013 commandez d\u00e8s maintenant en ligne !\",\"breadcrumb\":{\"@id\":\"https:\/\/www.erresse-shop.it\/fr\/shop\/table-fr-2\/plats\/versace-home-assiette-plate-18-cm-medusa-rouge\/#breadcrumb\"},\"inLanguage\":\"fr-FR\",\"potentialAction\":[{\"@type\":\"ReadAction\",\"target\":[\"https:\/\/www.erresse-shop.it\/fr\/shop\/table-fr-2\/plats\/versace-home-assiette-plate-18-cm-medusa-rouge\/\"]}]},{\"@type\":\"BreadcrumbList\",\"@id\":\"https:\/\/www.erresse-shop.it\/fr\/shop\/table-fr-2\/plats\/versace-home-assiette-plate-18-cm-medusa-rouge\/#breadcrumb\",\"itemListElement\":[{\"@type\":\"ListItem\",\"position\":1,\"name\":\"Home\",\"item\":\"https:\/\/www.erresse-shop.it\/fr\/\"},{\"@type\":\"ListItem\",\"position\":2,\"name\":\"Shop\",\"item\":\"https:\/\/www.erresse-shop.it\/fr\/shop\/\"},{\"@type\":\"ListItem\",\"position\":3,\"name\":\"VERSACE HOME Assiette Plate 18 cm Medusa Rouge\"}]},{\"@type\":\"WebSite\",\"@id\":\"https:\/\/www.erresse-shop.it\/fr\/#website\",\"url\":\"https:\/\/www.erresse-shop.it\/fr\/\",\"name\":\"Erresse Shop\",\"description\":\"Articoli di qualit\u00e0 per la casa\",\"potentialAction\":[{\"@type\":\"SearchAction\",\"target\":{\"@type\":\"EntryPoint\",\"urlTemplate\":\"https:\/\/www.erresse-shop.it\/fr\/?s={search_term_string}\"},\"query-input\":\"required name=search_term_string\"}],\"inLanguage\":\"fr-FR\"}]}<\/script>\n<!-- \/ Yoast SEO Premium plugin. -->","yoast_head_json":{"title":"VERSACE HOME Assiette Plate 18 cm Medusa Rouge","description":"D\u00e9couvrez VERSACE HOME Assiette Plate 18 cm Medusa Rouge sur ErresseShop. Qualit\u00e9, prix r\u00e9duits et achat s\u00e9curis\u00e9 \u2013 commandez d\u00e8s maintenant en ligne !","robots":{"index":"index","follow":"follow","max-snippet":"max-snippet:-1","max-image-preview":"max-image-preview:large","max-video-preview":"max-video-preview:-1"},"canonical":"https:\/\/www.erresse-shop.it\/fr\/shop\/table-fr-2\/plats\/versace-home-assiette-plate-18-cm-medusa-rouge\/","og_locale":"fr_FR","og_type":"article","og_title":"VERSACE HOME Assiette Plate 18 cm Medusa Rouge","og_description":"D\u00e9couvrez VERSACE HOME Assiette Plate 18 cm Medusa Rouge sur ErresseShop. Qualit\u00e9, prix r\u00e9duits et achat s\u00e9curis\u00e9 \u2013 commandez d\u00e8s maintenant en ligne !","og_url":"https:\/\/www.erresse-shop.it\/fr\/shop\/table-fr-2\/plats\/versace-home-assiette-plate-18-cm-medusa-rouge\/","og_site_name":"Erresse Shop","article_modified_time":"2025-01-13T15:55:48+00:00","og_image":[{"width":1000,"height":1000,"url":"https:\/\/www.erresse-shop.it\/wp-content\/uploads\/2021\/12\/VERSACE-HOME-Piatto-18-cm-Medusa-Rosso.jpg","type":"image\/jpeg"}],"twitter_card":"summary_large_image","schema":{"@context":"https:\/\/schema.org","@graph":[{"@type":"WebPage","@id":"https:\/\/www.erresse-shop.it\/fr\/shop\/table-fr-2\/plats\/versace-home-assiette-plate-18-cm-medusa-rouge\/","url":"https:\/\/www.erresse-shop.it\/fr\/shop\/table-fr-2\/plats\/versace-home-assiette-plate-18-cm-medusa-rouge\/","name":"VERSACE HOME Assiette Plate 18 cm Medusa Rouge","isPartOf":{"@id":"https:\/\/www.erresse-shop.it\/fr\/#website"},"datePublished":"2021-12-29T14:07:31+00:00","dateModified":"2025-01-13T15:55:48+00:00","description":"D\u00e9couvrez VERSACE HOME Assiette Plate 18 cm Medusa Rouge sur ErresseShop. Qualit\u00e9, prix r\u00e9duits et achat s\u00e9curis\u00e9 \u2013 commandez d\u00e8s maintenant en ligne !","breadcrumb":{"@id":"https:\/\/www.erresse-shop.it\/fr\/shop\/table-fr-2\/plats\/versace-home-assiette-plate-18-cm-medusa-rouge\/#breadcrumb"},"inLanguage":"fr-FR","potentialAction":[{"@type":"ReadAction","target":["https:\/\/www.erresse-shop.it\/fr\/shop\/table-fr-2\/plats\/versace-home-assiette-plate-18-cm-medusa-rouge\/"]}]},{"@type":"BreadcrumbList","@id":"https:\/\/www.erresse-shop.it\/fr\/shop\/table-fr-2\/plats\/versace-home-assiette-plate-18-cm-medusa-rouge\/#breadcrumb","itemListElement":[{"@type":"ListItem","position":1,"name":"Home","item":"https:\/\/www.erresse-shop.it\/fr\/"},{"@type":"ListItem","position":2,"name":"Shop","item":"https:\/\/www.erresse-shop.it\/fr\/shop\/"},{"@type":"ListItem","position":3,"name":"VERSACE HOME Assiette Plate 18 cm Medusa Rouge"}]},{"@type":"WebSite","@id":"https:\/\/www.erresse-shop.it\/fr\/#website","url":"https:\/\/www.erresse-shop.it\/fr\/","name":"Erresse Shop","description":"Articoli di qualit\u00e0 per la casa","potentialAction":[{"@type":"SearchAction","target":{"@type":"EntryPoint","urlTemplate":"https:\/\/www.erresse-shop.it\/fr\/?s={search_term_string}"},"query-input":"required name=search_term_string"}],"inLanguage":"fr-FR"}]}},"df_price":69.95,"df_sale_price":69.95,"df_regular_price":75,"df_image_link":"https:\/\/www.erresse-shop.it\/wp-content\/uploads\/2021\/12\/VERSACE-HOME-Piatto-18-cm-Medusa-Rosso-300x300.jpg","_links":{"self":[{"href":"https:\/\/www.erresse-shop.it\/fr\/wp-json\/wp\/v2\/product\/136779"}],"collection":[{"href":"https:\/\/www.erresse-shop.it\/fr\/wp-json\/wp\/v2\/product"}],"about":[{"href":"https:\/\/www.erresse-shop.it\/fr\/wp-json\/wp\/v2\/types\/product"}],"wp:featuredmedia":[{"embeddable":true,"href":"https:\/\/www.erresse-shop.it\/fr\/wp-json\/wp\/v2\/media\/136784"}],"wp:attachment":[{"href":"https:\/\/www.erresse-shop.it\/fr\/wp-json\/wp\/v2\/media?parent=136779"}],"wp:term":[{"taxonomy":"product_cat","embeddable":true,"href":"https:\/\/www.erresse-shop.it\/fr\/wp-json\/wp\/v2\/product_cat?post=136779"},{"taxonomy":"product_tag","embeddable":true,"href":"https:\/\/www.erresse-shop.it\/fr\/wp-json\/wp\/v2\/product_tag?post=136779"}],"curies":[{"name":"wp","href":"https:\/\/api.w.org\/{rel}","templated":true}]}}