{"id":136457,"date":"2021-12-23T14:35:47","date_gmt":"2021-12-23T14:35:50","guid":{"rendered":"https:\/\/www.erresse-shop.it\/?post_type=product&#038;p=136457"},"modified":"2025-01-13T15:55:19","modified_gmt":"2025-01-13T15:55:19","slug":"ooni-koda-16-four-a-pizza-a-gaz-portable","status":"publish","type":"product","link":"https:\/\/www.erresse-shop.it\/fr\/shop\/petits-electromenagers\/fours\/ooni-koda-16-four-a-pizza-a-gaz-portable\/","title":{"rendered":"OONI Koda 16 Four \u00e0 Pizza \u00e0 Gaz Portable"},"content":{"rendered":"<p><strong>QU&#8217;EST-CE QUI REND LE FOUR OONI KODA 16 G\u00c9NIAL ?<\/strong><br \/>\nPrenez le contr\u00f4le de votre exp\u00e9rience de cuisson en plein air avec l&#8217;Ooni Koda 16, notre four \u00e0 pizza d&#8217;ext\u00e9rieur aliment\u00e9 au gaz, con\u00e7u pour cuire sur pierre de d\u00e9licieuses pizzas de 40 cm de diam\u00e8tre et de d\u00e9licieux steaks, poissons et l\u00e9gumes cuits \u00e0 la flamme.<\/p>\n<p>Alliant un design sensationnel \u00e0 la commodit\u00e9 de la cuisson au gaz, l&#8217;Ooni Koda 16 poss\u00e8de une grande ouverture, une grande pierre \u00e0 feu en cordi\u00e9rite et une flamme innovante en forme de L. Passez \u00e0 l&#8217;allumage instantan\u00e9 du gaz et vous serez pr\u00eat \u00e0 cuisiner en 20 minutes. Comme tous les fours \u00e0 pizza Ooni, le Ooni Koda 16 atteint 500\u00b0C &#8211; la chaleur infernale n\u00e9cessaire pour cuire une d\u00e9licieuse pizza sur pierre en 60 secondes.<\/p>\n","protected":false},"excerpt":{"rendered":"<p>QU&#8217;EST-CE QUI REND LE FOUR OONI KODA 16 G\u00c9NIAL ? Prenez le contr\u00f4le de votre exp\u00e9rience de cuisson en plein<\/p>\n","protected":false},"featured_media":504506,"template":"","meta":{"_acf_changed":false,"inline_featured_image":false},"product_cat":[15660,12449],"product_tag":[13783,24603],"acf":[],"yoast_head":"<!-- This site is optimized with the Yoast SEO Premium plugin v18.6 (Yoast SEO v19.13) - https:\/\/yoast.com\/wordpress\/plugins\/seo\/ -->\n<title>OONI Koda 16 Four \u00e0 Pizza \u00e0 Gaz Portable<\/title>\n<meta name=\"description\" content=\"D\u00e9couvrez OONI Koda 16 Four \u00e0 Pizza \u00e0 Gaz Portable sur ErresseShop. Qualit\u00e9, prix r\u00e9duits et achat s\u00e9curis\u00e9 \u2013 commandez d\u00e8s maintenant en ligne !\" \/>\n<meta name=\"robots\" content=\"index, follow, max-snippet:-1, max-image-preview:large, max-video-preview:-1\" \/>\n<link rel=\"canonical\" href=\"https:\/\/www.erresse-shop.it\/fr\/shop\/petits-electromenagers\/fours\/ooni-koda-16-four-a-pizza-a-gaz-portable\/\" \/>\n<meta property=\"og:locale\" content=\"fr_FR\" \/>\n<meta property=\"og:type\" content=\"article\" \/>\n<meta property=\"og:title\" content=\"OONI Koda 16 Four \u00e0 Pizza \u00e0 Gaz Portable\" \/>\n<meta property=\"og:description\" content=\"D\u00e9couvrez OONI Koda 16 Four \u00e0 Pizza \u00e0 Gaz Portable sur ErresseShop. Qualit\u00e9, prix r\u00e9duits et achat s\u00e9curis\u00e9 \u2013 commandez d\u00e8s maintenant en ligne !\" \/>\n<meta property=\"og:url\" content=\"https:\/\/www.erresse-shop.it\/fr\/shop\/petits-electromenagers\/fours\/ooni-koda-16-four-a-pizza-a-gaz-portable\/\" \/>\n<meta property=\"og:site_name\" content=\"Erresse Shop\" \/>\n<meta property=\"article:modified_time\" content=\"2025-01-13T15:55:19+00:00\" \/>\n<meta property=\"og:image\" content=\"https:\/\/www.erresse-shop.it\/wp-content\/uploads\/2022\/09\/OONI-Forno-Portatile-a-Gas-Koda-16.jpg\" \/>\n\t<meta property=\"og:image:width\" content=\"800\" \/>\n\t<meta property=\"og:image:height\" content=\"800\" \/>\n\t<meta property=\"og:image:type\" content=\"image\/jpeg\" \/>\n<meta name=\"twitter:card\" content=\"summary_large_image\" \/>\n<script type=\"application\/ld+json\" class=\"yoast-schema-graph\">{\"@context\":\"https:\/\/schema.org\",\"@graph\":[{\"@type\":\"WebPage\",\"@id\":\"https:\/\/www.erresse-shop.it\/fr\/shop\/petits-electromenagers\/fours\/ooni-koda-16-four-a-pizza-a-gaz-portable\/\",\"url\":\"https:\/\/www.erresse-shop.it\/fr\/shop\/petits-electromenagers\/fours\/ooni-koda-16-four-a-pizza-a-gaz-portable\/\",\"name\":\"OONI Koda 16 Four \u00e0 Pizza \u00e0 Gaz Portable\",\"isPartOf\":{\"@id\":\"https:\/\/www.erresse-shop.it\/fr\/#website\"},\"datePublished\":\"2021-12-23T14:35:50+00:00\",\"dateModified\":\"2025-01-13T15:55:19+00:00\",\"description\":\"D\u00e9couvrez OONI Koda 16 Four \u00e0 Pizza \u00e0 Gaz Portable sur ErresseShop. Qualit\u00e9, prix r\u00e9duits et achat s\u00e9curis\u00e9 \u2013 commandez d\u00e8s maintenant en ligne !\",\"breadcrumb\":{\"@id\":\"https:\/\/www.erresse-shop.it\/fr\/shop\/petits-electromenagers\/fours\/ooni-koda-16-four-a-pizza-a-gaz-portable\/#breadcrumb\"},\"inLanguage\":\"fr-FR\",\"potentialAction\":[{\"@type\":\"ReadAction\",\"target\":[\"https:\/\/www.erresse-shop.it\/fr\/shop\/petits-electromenagers\/fours\/ooni-koda-16-four-a-pizza-a-gaz-portable\/\"]}]},{\"@type\":\"BreadcrumbList\",\"@id\":\"https:\/\/www.erresse-shop.it\/fr\/shop\/petits-electromenagers\/fours\/ooni-koda-16-four-a-pizza-a-gaz-portable\/#breadcrumb\",\"itemListElement\":[{\"@type\":\"ListItem\",\"position\":1,\"name\":\"Home\",\"item\":\"https:\/\/www.erresse-shop.it\/fr\/\"},{\"@type\":\"ListItem\",\"position\":2,\"name\":\"Shop\",\"item\":\"https:\/\/www.erresse-shop.it\/fr\/shop\/\"},{\"@type\":\"ListItem\",\"position\":3,\"name\":\"OONI Koda 16 Four \u00e0 Pizza \u00e0 Gaz Portable\"}]},{\"@type\":\"WebSite\",\"@id\":\"https:\/\/www.erresse-shop.it\/fr\/#website\",\"url\":\"https:\/\/www.erresse-shop.it\/fr\/\",\"name\":\"Erresse Shop\",\"description\":\"Articoli di qualit\u00e0 per la casa\",\"potentialAction\":[{\"@type\":\"SearchAction\",\"target\":{\"@type\":\"EntryPoint\",\"urlTemplate\":\"https:\/\/www.erresse-shop.it\/fr\/?s={search_term_string}\"},\"query-input\":\"required name=search_term_string\"}],\"inLanguage\":\"fr-FR\"}]}<\/script>\n<!-- \/ Yoast SEO Premium plugin. -->","yoast_head_json":{"title":"OONI Koda 16 Four \u00e0 Pizza \u00e0 Gaz Portable","description":"D\u00e9couvrez OONI Koda 16 Four \u00e0 Pizza \u00e0 Gaz Portable sur ErresseShop. Qualit\u00e9, prix r\u00e9duits et achat s\u00e9curis\u00e9 \u2013 commandez d\u00e8s maintenant en ligne !","robots":{"index":"index","follow":"follow","max-snippet":"max-snippet:-1","max-image-preview":"max-image-preview:large","max-video-preview":"max-video-preview:-1"},"canonical":"https:\/\/www.erresse-shop.it\/fr\/shop\/petits-electromenagers\/fours\/ooni-koda-16-four-a-pizza-a-gaz-portable\/","og_locale":"fr_FR","og_type":"article","og_title":"OONI Koda 16 Four \u00e0 Pizza \u00e0 Gaz Portable","og_description":"D\u00e9couvrez OONI Koda 16 Four \u00e0 Pizza \u00e0 Gaz Portable sur ErresseShop. Qualit\u00e9, prix r\u00e9duits et achat s\u00e9curis\u00e9 \u2013 commandez d\u00e8s maintenant en ligne !","og_url":"https:\/\/www.erresse-shop.it\/fr\/shop\/petits-electromenagers\/fours\/ooni-koda-16-four-a-pizza-a-gaz-portable\/","og_site_name":"Erresse Shop","article_modified_time":"2025-01-13T15:55:19+00:00","og_image":[{"width":800,"height":800,"url":"https:\/\/www.erresse-shop.it\/wp-content\/uploads\/2022\/09\/OONI-Forno-Portatile-a-Gas-Koda-16.jpg","type":"image\/jpeg"}],"twitter_card":"summary_large_image","schema":{"@context":"https:\/\/schema.org","@graph":[{"@type":"WebPage","@id":"https:\/\/www.erresse-shop.it\/fr\/shop\/petits-electromenagers\/fours\/ooni-koda-16-four-a-pizza-a-gaz-portable\/","url":"https:\/\/www.erresse-shop.it\/fr\/shop\/petits-electromenagers\/fours\/ooni-koda-16-four-a-pizza-a-gaz-portable\/","name":"OONI Koda 16 Four \u00e0 Pizza \u00e0 Gaz Portable","isPartOf":{"@id":"https:\/\/www.erresse-shop.it\/fr\/#website"},"datePublished":"2021-12-23T14:35:50+00:00","dateModified":"2025-01-13T15:55:19+00:00","description":"D\u00e9couvrez OONI Koda 16 Four \u00e0 Pizza \u00e0 Gaz Portable sur ErresseShop. Qualit\u00e9, prix r\u00e9duits et achat s\u00e9curis\u00e9 \u2013 commandez d\u00e8s maintenant en ligne !","breadcrumb":{"@id":"https:\/\/www.erresse-shop.it\/fr\/shop\/petits-electromenagers\/fours\/ooni-koda-16-four-a-pizza-a-gaz-portable\/#breadcrumb"},"inLanguage":"fr-FR","potentialAction":[{"@type":"ReadAction","target":["https:\/\/www.erresse-shop.it\/fr\/shop\/petits-electromenagers\/fours\/ooni-koda-16-four-a-pizza-a-gaz-portable\/"]}]},{"@type":"BreadcrumbList","@id":"https:\/\/www.erresse-shop.it\/fr\/shop\/petits-electromenagers\/fours\/ooni-koda-16-four-a-pizza-a-gaz-portable\/#breadcrumb","itemListElement":[{"@type":"ListItem","position":1,"name":"Home","item":"https:\/\/www.erresse-shop.it\/fr\/"},{"@type":"ListItem","position":2,"name":"Shop","item":"https:\/\/www.erresse-shop.it\/fr\/shop\/"},{"@type":"ListItem","position":3,"name":"OONI Koda 16 Four \u00e0 Pizza \u00e0 Gaz Portable"}]},{"@type":"WebSite","@id":"https:\/\/www.erresse-shop.it\/fr\/#website","url":"https:\/\/www.erresse-shop.it\/fr\/","name":"Erresse Shop","description":"Articoli di qualit\u00e0 per la casa","potentialAction":[{"@type":"SearchAction","target":{"@type":"EntryPoint","urlTemplate":"https:\/\/www.erresse-shop.it\/fr\/?s={search_term_string}"},"query-input":"required name=search_term_string"}],"inLanguage":"fr-FR"}]}},"df_price":449.25,"df_sale_price":449.25,"df_regular_price":599,"df_image_link":"https:\/\/www.erresse-shop.it\/wp-content\/uploads\/2021\/12\/OONI-Koda-16-Forno-Portatile-a-Gas-per-Pizza-1-300x300.jpg","_links":{"self":[{"href":"https:\/\/www.erresse-shop.it\/fr\/wp-json\/wp\/v2\/product\/136457"}],"collection":[{"href":"https:\/\/www.erresse-shop.it\/fr\/wp-json\/wp\/v2\/product"}],"about":[{"href":"https:\/\/www.erresse-shop.it\/fr\/wp-json\/wp\/v2\/types\/product"}],"wp:featuredmedia":[{"embeddable":true,"href":"https:\/\/www.erresse-shop.it\/fr\/wp-json\/wp\/v2\/media\/504506"}],"wp:attachment":[{"href":"https:\/\/www.erresse-shop.it\/fr\/wp-json\/wp\/v2\/media?parent=136457"}],"wp:term":[{"taxonomy":"product_cat","embeddable":true,"href":"https:\/\/www.erresse-shop.it\/fr\/wp-json\/wp\/v2\/product_cat?post=136457"},{"taxonomy":"product_tag","embeddable":true,"href":"https:\/\/www.erresse-shop.it\/fr\/wp-json\/wp\/v2\/product_tag?post=136457"}],"curies":[{"name":"wp","href":"https:\/\/api.w.org\/{rel}","templated":true}]}}