{"id":135837,"date":"2021-12-17T15:27:22","date_gmt":"2021-12-17T15:27:29","guid":{"rendered":"https:\/\/www.erresse-shop.it\/?post_type=product&#038;p=135837"},"modified":"2025-01-13T15:54:41","modified_gmt":"2025-01-13T15:54:41","slug":"maserin-couteau-diabolik-999","status":"publish","type":"product","link":"https:\/\/www.erresse-shop.it\/fr\/shop\/cuisine\/couteaux\/maserin-couteau-diabolik-999\/","title":{"rendered":"MASERIN Couteau Diabolik 999"},"content":{"rendered":"<p>\u00c0 l&#8217;occasion du cinquanti\u00e8me anniversaire de la naissance de Diabolik, l&#8217;un des personnages les plus appr\u00e9ci\u00e9s par les amateurs d&#8217;histoires noires et de bandes dessin\u00e9es, Coltellerie Maserin, en collaboration avec la maison d&#8217;\u00e9dition Astorina, a r\u00e9alis\u00e9 une version &#8220;r\u00e9plique&#8221; du c\u00e9l\u00e8bre couteau de lancer du Roi de la Terreur.<\/p>\n<p><strong>Une arme favorite du personnage n\u00e9 en 1962 de l&#8217;imagination des s\u0153urs Giussani.<\/strong> La dague &#8220;Diabolik special edition&#8221; de Maserin reproduit les caract\u00e9ristiques et le style du couteau original. Compagnon ins\u00e9parable des innombrables aventures de l&#8217;Homme aux Mille Visages.<\/p>\n<p>D\u00e9couvrez l&#8217;\u00e9dition sp\u00e9ciale du couteau Diabolik 999LG cr\u00e9\u00e9e pour c\u00e9l\u00e9brer la sortie en salle du film sur le personnage aux mille visages.<\/p>\n<p><strong>FICHE TECHNIQUE<\/strong><\/p>\n<ul>\n<li><strong>Mat\u00e9riau de la lame :<\/strong> Acier inoxydable AISI 440 HRC 58\/60<\/li>\n<li><strong>Longueur totale :<\/strong> 275 mm<\/li>\n<li><strong>Longueur de la lame :<\/strong> 160 mm<\/li>\n<li><strong>Garde :<\/strong> acier inoxydable AISI 440<\/li>\n<li><strong>Fourreau :<\/strong> Nylon, Oui<\/li>\n<li><strong>Poids :<\/strong> 210 gr<\/li>\n<li><strong>Mat\u00e9riau du manche :<\/strong> TPE<\/li>\n<li><strong>\u00c9paisseur de la lame :<\/strong> 4 mm<\/li>\n<li><strong>Lame fixe :<\/strong> Oui<\/li>\n<\/ul>\n<p>Nous avons obtenu la certification NATO NCAGE AJ988 et UNI EN ISO 9001:2008.<\/p>\n","protected":false},"excerpt":{"rendered":"<p>\u00c0 l&#8217;occasion du cinquanti\u00e8me anniversaire de la naissance de Diabolik, l&#8217;un des personnages les plus appr\u00e9ci\u00e9s par les amateurs d&#8217;histoires<\/p>\n","protected":false},"featured_media":135848,"template":"","meta":{"_acf_changed":false,"inline_featured_image":false},"product_cat":[12742,14452,12748],"product_tag":[25086,23690,25021,13254,12856],"acf":[],"yoast_head":"<!-- This site is optimized with the Yoast SEO Premium plugin v18.6 (Yoast SEO v19.13) - https:\/\/yoast.com\/wordpress\/plugins\/seo\/ -->\n<title>MASERIN Couteau Diabolik 999<\/title>\n<meta name=\"description\" content=\"D\u00e9couvrez MASERIN Couteau Diabolik 999 sur ErresseShop. Qualit\u00e9, prix r\u00e9duits et achat s\u00e9curis\u00e9 \u2013 commandez d\u00e8s maintenant en ligne !\" \/>\n<meta name=\"robots\" content=\"index, follow, max-snippet:-1, max-image-preview:large, max-video-preview:-1\" \/>\n<link rel=\"canonical\" href=\"https:\/\/www.erresse-shop.it\/fr\/shop\/cuisine\/couteaux\/maserin-couteau-diabolik-999\/\" \/>\n<meta property=\"og:locale\" content=\"fr_FR\" \/>\n<meta property=\"og:type\" content=\"article\" \/>\n<meta property=\"og:title\" content=\"MASERIN Couteau Diabolik 999\" \/>\n<meta property=\"og:description\" content=\"D\u00e9couvrez MASERIN Couteau Diabolik 999 sur ErresseShop. Qualit\u00e9, prix r\u00e9duits et achat s\u00e9curis\u00e9 \u2013 commandez d\u00e8s maintenant en ligne !\" \/>\n<meta property=\"og:url\" content=\"https:\/\/www.erresse-shop.it\/fr\/shop\/cuisine\/couteaux\/maserin-couteau-diabolik-999\/\" \/>\n<meta property=\"og:site_name\" content=\"Erresse Shop\" \/>\n<meta property=\"article:modified_time\" content=\"2025-01-13T15:54:41+00:00\" \/>\n<meta property=\"og:image\" content=\"https:\/\/www.erresse-shop.it\/wp-content\/uploads\/2021\/12\/MASERIN-Coltello-Diabolik-999-3.jpg\" \/>\n\t<meta property=\"og:image:width\" content=\"1000\" \/>\n\t<meta property=\"og:image:height\" content=\"1000\" \/>\n\t<meta property=\"og:image:type\" content=\"image\/jpeg\" \/>\n<meta name=\"twitter:card\" content=\"summary_large_image\" \/>\n<script type=\"application\/ld+json\" class=\"yoast-schema-graph\">{\"@context\":\"https:\/\/schema.org\",\"@graph\":[{\"@type\":\"WebPage\",\"@id\":\"https:\/\/www.erresse-shop.it\/fr\/shop\/cuisine\/couteaux\/maserin-couteau-diabolik-999\/\",\"url\":\"https:\/\/www.erresse-shop.it\/fr\/shop\/cuisine\/couteaux\/maserin-couteau-diabolik-999\/\",\"name\":\"MASERIN Couteau Diabolik 999\",\"isPartOf\":{\"@id\":\"https:\/\/www.erresse-shop.it\/fr\/#website\"},\"datePublished\":\"2021-12-17T15:27:29+00:00\",\"dateModified\":\"2025-01-13T15:54:41+00:00\",\"description\":\"D\u00e9couvrez MASERIN Couteau Diabolik 999 sur ErresseShop. Qualit\u00e9, prix r\u00e9duits et achat s\u00e9curis\u00e9 \u2013 commandez d\u00e8s maintenant en ligne !\",\"breadcrumb\":{\"@id\":\"https:\/\/www.erresse-shop.it\/fr\/shop\/cuisine\/couteaux\/maserin-couteau-diabolik-999\/#breadcrumb\"},\"inLanguage\":\"fr-FR\",\"potentialAction\":[{\"@type\":\"ReadAction\",\"target\":[\"https:\/\/www.erresse-shop.it\/fr\/shop\/cuisine\/couteaux\/maserin-couteau-diabolik-999\/\"]}]},{\"@type\":\"BreadcrumbList\",\"@id\":\"https:\/\/www.erresse-shop.it\/fr\/shop\/cuisine\/couteaux\/maserin-couteau-diabolik-999\/#breadcrumb\",\"itemListElement\":[{\"@type\":\"ListItem\",\"position\":1,\"name\":\"Home\",\"item\":\"https:\/\/www.erresse-shop.it\/fr\/\"},{\"@type\":\"ListItem\",\"position\":2,\"name\":\"Shop\",\"item\":\"https:\/\/www.erresse-shop.it\/fr\/shop\/\"},{\"@type\":\"ListItem\",\"position\":3,\"name\":\"MASERIN Couteau Diabolik 999\"}]},{\"@type\":\"WebSite\",\"@id\":\"https:\/\/www.erresse-shop.it\/fr\/#website\",\"url\":\"https:\/\/www.erresse-shop.it\/fr\/\",\"name\":\"Erresse Shop\",\"description\":\"Articoli di qualit\u00e0 per la casa\",\"potentialAction\":[{\"@type\":\"SearchAction\",\"target\":{\"@type\":\"EntryPoint\",\"urlTemplate\":\"https:\/\/www.erresse-shop.it\/fr\/?s={search_term_string}\"},\"query-input\":\"required name=search_term_string\"}],\"inLanguage\":\"fr-FR\"}]}<\/script>\n<!-- \/ Yoast SEO Premium plugin. -->","yoast_head_json":{"title":"MASERIN Couteau Diabolik 999","description":"D\u00e9couvrez MASERIN Couteau Diabolik 999 sur ErresseShop. Qualit\u00e9, prix r\u00e9duits et achat s\u00e9curis\u00e9 \u2013 commandez d\u00e8s maintenant en ligne !","robots":{"index":"index","follow":"follow","max-snippet":"max-snippet:-1","max-image-preview":"max-image-preview:large","max-video-preview":"max-video-preview:-1"},"canonical":"https:\/\/www.erresse-shop.it\/fr\/shop\/cuisine\/couteaux\/maserin-couteau-diabolik-999\/","og_locale":"fr_FR","og_type":"article","og_title":"MASERIN Couteau Diabolik 999","og_description":"D\u00e9couvrez MASERIN Couteau Diabolik 999 sur ErresseShop. Qualit\u00e9, prix r\u00e9duits et achat s\u00e9curis\u00e9 \u2013 commandez d\u00e8s maintenant en ligne !","og_url":"https:\/\/www.erresse-shop.it\/fr\/shop\/cuisine\/couteaux\/maserin-couteau-diabolik-999\/","og_site_name":"Erresse Shop","article_modified_time":"2025-01-13T15:54:41+00:00","og_image":[{"width":1000,"height":1000,"url":"https:\/\/www.erresse-shop.it\/wp-content\/uploads\/2021\/12\/MASERIN-Coltello-Diabolik-999-3.jpg","type":"image\/jpeg"}],"twitter_card":"summary_large_image","schema":{"@context":"https:\/\/schema.org","@graph":[{"@type":"WebPage","@id":"https:\/\/www.erresse-shop.it\/fr\/shop\/cuisine\/couteaux\/maserin-couteau-diabolik-999\/","url":"https:\/\/www.erresse-shop.it\/fr\/shop\/cuisine\/couteaux\/maserin-couteau-diabolik-999\/","name":"MASERIN Couteau Diabolik 999","isPartOf":{"@id":"https:\/\/www.erresse-shop.it\/fr\/#website"},"datePublished":"2021-12-17T15:27:29+00:00","dateModified":"2025-01-13T15:54:41+00:00","description":"D\u00e9couvrez MASERIN Couteau Diabolik 999 sur ErresseShop. Qualit\u00e9, prix r\u00e9duits et achat s\u00e9curis\u00e9 \u2013 commandez d\u00e8s maintenant en ligne !","breadcrumb":{"@id":"https:\/\/www.erresse-shop.it\/fr\/shop\/cuisine\/couteaux\/maserin-couteau-diabolik-999\/#breadcrumb"},"inLanguage":"fr-FR","potentialAction":[{"@type":"ReadAction","target":["https:\/\/www.erresse-shop.it\/fr\/shop\/cuisine\/couteaux\/maserin-couteau-diabolik-999\/"]}]},{"@type":"BreadcrumbList","@id":"https:\/\/www.erresse-shop.it\/fr\/shop\/cuisine\/couteaux\/maserin-couteau-diabolik-999\/#breadcrumb","itemListElement":[{"@type":"ListItem","position":1,"name":"Home","item":"https:\/\/www.erresse-shop.it\/fr\/"},{"@type":"ListItem","position":2,"name":"Shop","item":"https:\/\/www.erresse-shop.it\/fr\/shop\/"},{"@type":"ListItem","position":3,"name":"MASERIN Couteau Diabolik 999"}]},{"@type":"WebSite","@id":"https:\/\/www.erresse-shop.it\/fr\/#website","url":"https:\/\/www.erresse-shop.it\/fr\/","name":"Erresse Shop","description":"Articoli di qualit\u00e0 per la casa","potentialAction":[{"@type":"SearchAction","target":{"@type":"EntryPoint","urlTemplate":"https:\/\/www.erresse-shop.it\/fr\/?s={search_term_string}"},"query-input":"required name=search_term_string"}],"inLanguage":"fr-FR"}]}},"df_price":84.95,"df_sale_price":84.95,"df_regular_price":113,"df_image_link":"https:\/\/www.erresse-shop.it\/wp-content\/uploads\/2021\/12\/MASERIN-Coltello-Diabolik-999-3-300x300.jpg","_links":{"self":[{"href":"https:\/\/www.erresse-shop.it\/fr\/wp-json\/wp\/v2\/product\/135837"}],"collection":[{"href":"https:\/\/www.erresse-shop.it\/fr\/wp-json\/wp\/v2\/product"}],"about":[{"href":"https:\/\/www.erresse-shop.it\/fr\/wp-json\/wp\/v2\/types\/product"}],"wp:featuredmedia":[{"embeddable":true,"href":"https:\/\/www.erresse-shop.it\/fr\/wp-json\/wp\/v2\/media\/135848"}],"wp:attachment":[{"href":"https:\/\/www.erresse-shop.it\/fr\/wp-json\/wp\/v2\/media?parent=135837"}],"wp:term":[{"taxonomy":"product_cat","embeddable":true,"href":"https:\/\/www.erresse-shop.it\/fr\/wp-json\/wp\/v2\/product_cat?post=135837"},{"taxonomy":"product_tag","embeddable":true,"href":"https:\/\/www.erresse-shop.it\/fr\/wp-json\/wp\/v2\/product_tag?post=135837"}],"curies":[{"name":"wp","href":"https:\/\/api.w.org\/{rel}","templated":true}]}}