{"id":135487,"date":"2021-12-14T10:09:25","date_gmt":"2021-12-14T10:09:27","guid":{"rendered":"https:\/\/www.erresse-shop.it\/?post_type=product&#038;p=135487"},"modified":"2025-04-27T12:00:06","modified_gmt":"2025-04-27T12:00:06","slug":"emile-henry-pain-fait-maison-fusain-noir","status":"publish","type":"product","link":"https:\/\/www.erresse-shop.it\/fr\/shop\/poeles-pots\/cuiseur-a-pain\/emile-henry-pain-fait-maison-fusain-noir\/","title":{"rendered":"EMILE HENRY Pain fait Maison Fusain Noir"},"content":{"rendered":"<p>Emile Henry a \u00e9t\u00e9 fond\u00e9 en 1850.La c\u00e9ramique Emile Henry vous permet de r\u00e9partir progressivement la chaleur de cuisson sur des aliments \u00e0 feu doux afin de pr\u00e9server les saveurs et les ar\u00f4mes ainsi que les \u00e9l\u00e9ments naturels pr\u00e9sents dans les aliments.Cuisine saine \u00e0 basse temp\u00e9rature de la c\u00e9ramique Emile Henry garde les saveurs, pr\u00e9serve les vitamines et les qualit\u00e9s nutritionnelles.Les produits d&#8217;Emile Henry sont fabriqu\u00e9s avec des composants naturels: argile non trait\u00e9e pour la p\u00e2te, sable, filtre \u00e0 eau, oxydes min\u00e9raux colorants naturels. Dans les produits fabriqu\u00e9s par Emile Henry, il n&#8217;y a pas de m\u00e9taux lourds nocifs pour la sant\u00e9: sans plomb, cadmium et nickel. Les produits Emile Henry sont r\u00e9sistants aux chocs et peuvent \u00eatre utilis\u00e9s avec de fortes variations de temp\u00e9rature. Ils peuvent \u00eatre utilis\u00e9s au lave-vaisselle.<br \/>\n<strong>Le pain de campagne 34 x 34 x 16,5 cm<\/strong><br \/>\nFruit de 2 ann\u00e9es de recherche, notre Cloche \u00e0 pain deviendra rapidement votre meilleur ami! Notre c\u00e9ramique r\u00e9fractaire innovante vous permettra d&#8217;obtenir une belle cro\u00fbte \u00e9paisse avec un int\u00e9rieur ferme et l\u00e9ger. Red\u00e9couvrez les plaisirs de la fabrication du pain maison, avec des recettes originales et simples. Le livre de recettes inclus vous donne des conseils et des astuces pour faire votre propre pain comme vous ne l&#8217;avez jamais fait auparavant! Tous les produits Emile Henry sont fabriqu\u00e9s en France et offrent une garantie de dix ans.<\/p>\n","protected":false},"excerpt":{"rendered":"<p>Emile Henry a \u00e9t\u00e9 fond\u00e9 en 1850.La c\u00e9ramique Emile Henry vous permet de r\u00e9partir progressivement la chaleur de cuisson sur<\/p>\n","protected":false},"featured_media":135510,"template":"","meta":{"_acf_changed":false,"inline_featured_image":false},"product_cat":[12458,26047],"product_tag":[13637,21723,21724,18089,18090,21725],"acf":[],"yoast_head":"<!-- This site is optimized with the Yoast SEO Premium plugin v18.6 (Yoast SEO v19.13) - https:\/\/yoast.com\/wordpress\/plugins\/seo\/ -->\n<title>EMILE HENRY Pain fait Maison Fusain Noir<\/title>\n<meta name=\"description\" content=\"D\u00e9couvrez EMILE HENRY Pain fait Maison Fusain Noir sur ErresseShop. Qualit\u00e9, prix r\u00e9duits et achat s\u00e9curis\u00e9 \u2013 commandez d\u00e8s maintenant en ligne !\" \/>\n<meta name=\"robots\" content=\"index, follow, max-snippet:-1, max-image-preview:large, max-video-preview:-1\" \/>\n<link rel=\"canonical\" href=\"https:\/\/www.erresse-shop.it\/fr\/shop\/poeles-pots\/cuiseur-a-pain\/emile-henry-pain-fait-maison-fusain-noir\/\" \/>\n<meta property=\"og:locale\" content=\"fr_FR\" \/>\n<meta property=\"og:type\" content=\"article\" \/>\n<meta property=\"og:title\" content=\"EMILE HENRY Pain fait Maison Fusain Noir\" \/>\n<meta property=\"og:description\" content=\"D\u00e9couvrez EMILE HENRY Pain fait Maison Fusain Noir sur ErresseShop. Qualit\u00e9, prix r\u00e9duits et achat s\u00e9curis\u00e9 \u2013 commandez d\u00e8s maintenant en ligne !\" \/>\n<meta property=\"og:url\" content=\"https:\/\/www.erresse-shop.it\/fr\/shop\/poeles-pots\/cuiseur-a-pain\/emile-henry-pain-fait-maison-fusain-noir\/\" \/>\n<meta property=\"og:site_name\" content=\"Erresse Shop\" \/>\n<meta property=\"article:modified_time\" content=\"2025-04-27T12:00:06+00:00\" \/>\n<meta property=\"og:image\" content=\"https:\/\/www.erresse-shop.it\/wp-content\/uploads\/2021\/12\/EMILE-HENRY-Cuocipane-Fusain-Nero.jpg\" \/>\n\t<meta property=\"og:image:width\" content=\"1000\" \/>\n\t<meta property=\"og:image:height\" content=\"1000\" \/>\n\t<meta property=\"og:image:type\" content=\"image\/jpeg\" \/>\n<meta name=\"twitter:card\" content=\"summary_large_image\" \/>\n<script type=\"application\/ld+json\" class=\"yoast-schema-graph\">{\"@context\":\"https:\/\/schema.org\",\"@graph\":[{\"@type\":\"WebPage\",\"@id\":\"https:\/\/www.erresse-shop.it\/fr\/shop\/poeles-pots\/cuiseur-a-pain\/emile-henry-pain-fait-maison-fusain-noir\/\",\"url\":\"https:\/\/www.erresse-shop.it\/fr\/shop\/poeles-pots\/cuiseur-a-pain\/emile-henry-pain-fait-maison-fusain-noir\/\",\"name\":\"EMILE HENRY Pain fait Maison Fusain Noir\",\"isPartOf\":{\"@id\":\"https:\/\/www.erresse-shop.it\/fr\/#website\"},\"datePublished\":\"2021-12-14T10:09:27+00:00\",\"dateModified\":\"2025-04-27T12:00:06+00:00\",\"description\":\"D\u00e9couvrez EMILE HENRY Pain fait Maison Fusain Noir sur ErresseShop. Qualit\u00e9, prix r\u00e9duits et achat s\u00e9curis\u00e9 \u2013 commandez d\u00e8s maintenant en ligne !\",\"breadcrumb\":{\"@id\":\"https:\/\/www.erresse-shop.it\/fr\/shop\/poeles-pots\/cuiseur-a-pain\/emile-henry-pain-fait-maison-fusain-noir\/#breadcrumb\"},\"inLanguage\":\"fr-FR\",\"potentialAction\":[{\"@type\":\"ReadAction\",\"target\":[\"https:\/\/www.erresse-shop.it\/fr\/shop\/poeles-pots\/cuiseur-a-pain\/emile-henry-pain-fait-maison-fusain-noir\/\"]}]},{\"@type\":\"BreadcrumbList\",\"@id\":\"https:\/\/www.erresse-shop.it\/fr\/shop\/poeles-pots\/cuiseur-a-pain\/emile-henry-pain-fait-maison-fusain-noir\/#breadcrumb\",\"itemListElement\":[{\"@type\":\"ListItem\",\"position\":1,\"name\":\"Home\",\"item\":\"https:\/\/www.erresse-shop.it\/fr\/\"},{\"@type\":\"ListItem\",\"position\":2,\"name\":\"Shop\",\"item\":\"https:\/\/www.erresse-shop.it\/fr\/shop\/\"},{\"@type\":\"ListItem\",\"position\":3,\"name\":\"EMILE HENRY Pain fait Maison Fusain Noir\"}]},{\"@type\":\"WebSite\",\"@id\":\"https:\/\/www.erresse-shop.it\/fr\/#website\",\"url\":\"https:\/\/www.erresse-shop.it\/fr\/\",\"name\":\"Erresse Shop\",\"description\":\"Articoli di qualit\u00e0 per la casa\",\"potentialAction\":[{\"@type\":\"SearchAction\",\"target\":{\"@type\":\"EntryPoint\",\"urlTemplate\":\"https:\/\/www.erresse-shop.it\/fr\/?s={search_term_string}\"},\"query-input\":\"required name=search_term_string\"}],\"inLanguage\":\"fr-FR\"}]}<\/script>\n<!-- \/ Yoast SEO Premium plugin. -->","yoast_head_json":{"title":"EMILE HENRY Pain fait Maison Fusain Noir","description":"D\u00e9couvrez EMILE HENRY Pain fait Maison Fusain Noir sur ErresseShop. Qualit\u00e9, prix r\u00e9duits et achat s\u00e9curis\u00e9 \u2013 commandez d\u00e8s maintenant en ligne !","robots":{"index":"index","follow":"follow","max-snippet":"max-snippet:-1","max-image-preview":"max-image-preview:large","max-video-preview":"max-video-preview:-1"},"canonical":"https:\/\/www.erresse-shop.it\/fr\/shop\/poeles-pots\/cuiseur-a-pain\/emile-henry-pain-fait-maison-fusain-noir\/","og_locale":"fr_FR","og_type":"article","og_title":"EMILE HENRY Pain fait Maison Fusain Noir","og_description":"D\u00e9couvrez EMILE HENRY Pain fait Maison Fusain Noir sur ErresseShop. Qualit\u00e9, prix r\u00e9duits et achat s\u00e9curis\u00e9 \u2013 commandez d\u00e8s maintenant en ligne !","og_url":"https:\/\/www.erresse-shop.it\/fr\/shop\/poeles-pots\/cuiseur-a-pain\/emile-henry-pain-fait-maison-fusain-noir\/","og_site_name":"Erresse Shop","article_modified_time":"2025-04-27T12:00:06+00:00","og_image":[{"width":1000,"height":1000,"url":"https:\/\/www.erresse-shop.it\/wp-content\/uploads\/2021\/12\/EMILE-HENRY-Cuocipane-Fusain-Nero.jpg","type":"image\/jpeg"}],"twitter_card":"summary_large_image","schema":{"@context":"https:\/\/schema.org","@graph":[{"@type":"WebPage","@id":"https:\/\/www.erresse-shop.it\/fr\/shop\/poeles-pots\/cuiseur-a-pain\/emile-henry-pain-fait-maison-fusain-noir\/","url":"https:\/\/www.erresse-shop.it\/fr\/shop\/poeles-pots\/cuiseur-a-pain\/emile-henry-pain-fait-maison-fusain-noir\/","name":"EMILE HENRY Pain fait Maison Fusain Noir","isPartOf":{"@id":"https:\/\/www.erresse-shop.it\/fr\/#website"},"datePublished":"2021-12-14T10:09:27+00:00","dateModified":"2025-04-27T12:00:06+00:00","description":"D\u00e9couvrez EMILE HENRY Pain fait Maison Fusain Noir sur ErresseShop. Qualit\u00e9, prix r\u00e9duits et achat s\u00e9curis\u00e9 \u2013 commandez d\u00e8s maintenant en ligne !","breadcrumb":{"@id":"https:\/\/www.erresse-shop.it\/fr\/shop\/poeles-pots\/cuiseur-a-pain\/emile-henry-pain-fait-maison-fusain-noir\/#breadcrumb"},"inLanguage":"fr-FR","potentialAction":[{"@type":"ReadAction","target":["https:\/\/www.erresse-shop.it\/fr\/shop\/poeles-pots\/cuiseur-a-pain\/emile-henry-pain-fait-maison-fusain-noir\/"]}]},{"@type":"BreadcrumbList","@id":"https:\/\/www.erresse-shop.it\/fr\/shop\/poeles-pots\/cuiseur-a-pain\/emile-henry-pain-fait-maison-fusain-noir\/#breadcrumb","itemListElement":[{"@type":"ListItem","position":1,"name":"Home","item":"https:\/\/www.erresse-shop.it\/fr\/"},{"@type":"ListItem","position":2,"name":"Shop","item":"https:\/\/www.erresse-shop.it\/fr\/shop\/"},{"@type":"ListItem","position":3,"name":"EMILE HENRY Pain fait Maison Fusain Noir"}]},{"@type":"WebSite","@id":"https:\/\/www.erresse-shop.it\/fr\/#website","url":"https:\/\/www.erresse-shop.it\/fr\/","name":"Erresse Shop","description":"Articoli di qualit\u00e0 per la casa","potentialAction":[{"@type":"SearchAction","target":{"@type":"EntryPoint","urlTemplate":"https:\/\/www.erresse-shop.it\/fr\/?s={search_term_string}"},"query-input":"required name=search_term_string"}],"inLanguage":"fr-FR"}]}},"df_price":114,"df_sale_price":114,"df_regular_price":152.5,"df_image_link":"https:\/\/www.erresse-shop.it\/wp-content\/uploads\/2021\/12\/EMILE-HENRY-Cuocipane-Fusain-Nero-300x300.jpg","_links":{"self":[{"href":"https:\/\/www.erresse-shop.it\/fr\/wp-json\/wp\/v2\/product\/135487"}],"collection":[{"href":"https:\/\/www.erresse-shop.it\/fr\/wp-json\/wp\/v2\/product"}],"about":[{"href":"https:\/\/www.erresse-shop.it\/fr\/wp-json\/wp\/v2\/types\/product"}],"wp:featuredmedia":[{"embeddable":true,"href":"https:\/\/www.erresse-shop.it\/fr\/wp-json\/wp\/v2\/media\/135510"}],"wp:attachment":[{"href":"https:\/\/www.erresse-shop.it\/fr\/wp-json\/wp\/v2\/media?parent=135487"}],"wp:term":[{"taxonomy":"product_cat","embeddable":true,"href":"https:\/\/www.erresse-shop.it\/fr\/wp-json\/wp\/v2\/product_cat?post=135487"},{"taxonomy":"product_tag","embeddable":true,"href":"https:\/\/www.erresse-shop.it\/fr\/wp-json\/wp\/v2\/product_tag?post=135487"}],"curies":[{"name":"wp","href":"https:\/\/api.w.org\/{rel}","templated":true}]}}