{"id":135334,"date":"2021-12-13T13:29:36","date_gmt":"2021-12-13T13:29:39","guid":{"rendered":"https:\/\/www.erresse-shop.it\/?post_type=product&#038;p=135334"},"modified":"2025-01-13T15:54:24","modified_gmt":"2025-01-13T15:54:24","slug":"villeroy-boch-basic-white-service-de-vaisselle-12-pieces-blanc","status":"publish","type":"product","link":"https:\/\/www.erresse-shop.it\/fr\/shop\/table-fr-2\/plats\/villeroy-boch-basic-white-service-de-vaisselle-12-pieces-blanc\/","title":{"rendered":"VILLEROY &#038; BOCH Basic White Service de Vaisselle 12 Pi\u00e8ces Blanc"},"content":{"rendered":"<p><strong>Mat\u00e9riau :<\/strong> Porcelaine<br \/>\n<strong>Lavable au lave-vaisselle<\/strong><br \/>\n<strong>Micro-ondable:\u00a0<\/strong>oui<\/p>\n<p><strong>SI BELLE, SI SIMPLE<\/strong><br \/>\nLes Basic sont incroyablement simples : ils sont simples et vont donc avec tout. Profitez d&#8217;heures de d\u00e9tente \u00e0 la maison avec la collection Basic White.<br \/>\nL&#8217;ensemble se compose de :<\/p>\n<p>4x assiette \u00e0 d\u00eener, 27cm<br \/>\n4x assiette creuse, 24cm<br \/>\n4x assiette \u00e0 dessert, 22cm<\/p>\n","protected":false},"excerpt":{"rendered":"<p>Mat\u00e9riau : Porcelaine Lavable au lave-vaisselle Micro-ondable:\u00a0oui SI BELLE, SI SIMPLE Les Basic sont incroyablement simples : ils sont simples<\/p>\n","protected":false},"featured_media":135327,"template":"","meta":{"_acf_changed":false,"inline_featured_image":false},"product_cat":[12788,12782],"product_tag":[25026,23910,25021,24397],"acf":[],"yoast_head":"<!-- This site is optimized with the Yoast SEO Premium plugin v18.6 (Yoast SEO v19.13) - https:\/\/yoast.com\/wordpress\/plugins\/seo\/ -->\n<title>VILLEROY &amp; BOCH Basic White Service de Vaisselle 12 Pi\u00e8ces Blanc<\/title>\n<meta name=\"description\" content=\"D\u00e9couvrez VILLEROY &amp; BOCH Basic White Service de Vaisselle 12 Pi\u00e8ces Blanc sur ErresseShop. Qualit\u00e9, prix r\u00e9duits et achat s\u00e9curis\u00e9 \u2013 commandez d\u00e8s maintenant en ligne !\" \/>\n<meta name=\"robots\" content=\"index, follow, max-snippet:-1, max-image-preview:large, max-video-preview:-1\" \/>\n<link rel=\"canonical\" href=\"https:\/\/www.erresse-shop.it\/fr\/shop\/table-fr-2\/plats\/villeroy-boch-basic-white-service-de-vaisselle-12-pieces-blanc\/\" \/>\n<meta property=\"og:locale\" content=\"fr_FR\" \/>\n<meta property=\"og:type\" content=\"article\" \/>\n<meta property=\"og:title\" content=\"VILLEROY &amp; BOCH Basic White Service de Vaisselle 12 Pi\u00e8ces Blanc\" \/>\n<meta property=\"og:description\" content=\"D\u00e9couvrez VILLEROY &amp; BOCH Basic White Service de Vaisselle 12 Pi\u00e8ces Blanc sur ErresseShop. Qualit\u00e9, prix r\u00e9duits et achat s\u00e9curis\u00e9 \u2013 commandez d\u00e8s maintenant en ligne !\" \/>\n<meta property=\"og:url\" content=\"https:\/\/www.erresse-shop.it\/fr\/shop\/table-fr-2\/plats\/villeroy-boch-basic-white-service-de-vaisselle-12-pieces-blanc\/\" \/>\n<meta property=\"og:site_name\" content=\"Erresse Shop\" \/>\n<meta property=\"article:modified_time\" content=\"2025-01-13T15:54:24+00:00\" \/>\n<meta property=\"og:image\" content=\"https:\/\/www.erresse-shop.it\/wp-content\/uploads\/2021\/12\/VILLEROY-BOCH-Basic-White-Set-Starter-12-Pezzi.jpg\" \/>\n\t<meta property=\"og:image:width\" content=\"1000\" \/>\n\t<meta property=\"og:image:height\" content=\"1000\" \/>\n\t<meta property=\"og:image:type\" content=\"image\/jpeg\" \/>\n<meta name=\"twitter:card\" content=\"summary_large_image\" \/>\n<script type=\"application\/ld+json\" class=\"yoast-schema-graph\">{\"@context\":\"https:\/\/schema.org\",\"@graph\":[{\"@type\":\"WebPage\",\"@id\":\"https:\/\/www.erresse-shop.it\/fr\/shop\/table-fr-2\/plats\/villeroy-boch-basic-white-service-de-vaisselle-12-pieces-blanc\/\",\"url\":\"https:\/\/www.erresse-shop.it\/fr\/shop\/table-fr-2\/plats\/villeroy-boch-basic-white-service-de-vaisselle-12-pieces-blanc\/\",\"name\":\"VILLEROY & BOCH Basic White Service de Vaisselle 12 Pi\u00e8ces Blanc\",\"isPartOf\":{\"@id\":\"https:\/\/www.erresse-shop.it\/fr\/#website\"},\"datePublished\":\"2021-12-13T13:29:39+00:00\",\"dateModified\":\"2025-01-13T15:54:24+00:00\",\"description\":\"D\u00e9couvrez VILLEROY & BOCH Basic White Service de Vaisselle 12 Pi\u00e8ces Blanc sur ErresseShop. Qualit\u00e9, prix r\u00e9duits et achat s\u00e9curis\u00e9 \u2013 commandez d\u00e8s maintenant en ligne !\",\"breadcrumb\":{\"@id\":\"https:\/\/www.erresse-shop.it\/fr\/shop\/table-fr-2\/plats\/villeroy-boch-basic-white-service-de-vaisselle-12-pieces-blanc\/#breadcrumb\"},\"inLanguage\":\"fr-FR\",\"potentialAction\":[{\"@type\":\"ReadAction\",\"target\":[\"https:\/\/www.erresse-shop.it\/fr\/shop\/table-fr-2\/plats\/villeroy-boch-basic-white-service-de-vaisselle-12-pieces-blanc\/\"]}]},{\"@type\":\"BreadcrumbList\",\"@id\":\"https:\/\/www.erresse-shop.it\/fr\/shop\/table-fr-2\/plats\/villeroy-boch-basic-white-service-de-vaisselle-12-pieces-blanc\/#breadcrumb\",\"itemListElement\":[{\"@type\":\"ListItem\",\"position\":1,\"name\":\"Home\",\"item\":\"https:\/\/www.erresse-shop.it\/fr\/\"},{\"@type\":\"ListItem\",\"position\":2,\"name\":\"Shop\",\"item\":\"https:\/\/www.erresse-shop.it\/fr\/shop\/\"},{\"@type\":\"ListItem\",\"position\":3,\"name\":\"VILLEROY &#038; BOCH Basic White Service de Vaisselle 12 Pi\u00e8ces Blanc\"}]},{\"@type\":\"WebSite\",\"@id\":\"https:\/\/www.erresse-shop.it\/fr\/#website\",\"url\":\"https:\/\/www.erresse-shop.it\/fr\/\",\"name\":\"Erresse Shop\",\"description\":\"Articoli di qualit\u00e0 per la casa\",\"potentialAction\":[{\"@type\":\"SearchAction\",\"target\":{\"@type\":\"EntryPoint\",\"urlTemplate\":\"https:\/\/www.erresse-shop.it\/fr\/?s={search_term_string}\"},\"query-input\":\"required name=search_term_string\"}],\"inLanguage\":\"fr-FR\"}]}<\/script>\n<!-- \/ Yoast SEO Premium plugin. -->","yoast_head_json":{"title":"VILLEROY & BOCH Basic White Service de Vaisselle 12 Pi\u00e8ces Blanc","description":"D\u00e9couvrez VILLEROY & BOCH Basic White Service de Vaisselle 12 Pi\u00e8ces Blanc sur ErresseShop. Qualit\u00e9, prix r\u00e9duits et achat s\u00e9curis\u00e9 \u2013 commandez d\u00e8s maintenant en ligne !","robots":{"index":"index","follow":"follow","max-snippet":"max-snippet:-1","max-image-preview":"max-image-preview:large","max-video-preview":"max-video-preview:-1"},"canonical":"https:\/\/www.erresse-shop.it\/fr\/shop\/table-fr-2\/plats\/villeroy-boch-basic-white-service-de-vaisselle-12-pieces-blanc\/","og_locale":"fr_FR","og_type":"article","og_title":"VILLEROY & BOCH Basic White Service de Vaisselle 12 Pi\u00e8ces Blanc","og_description":"D\u00e9couvrez VILLEROY & BOCH Basic White Service de Vaisselle 12 Pi\u00e8ces Blanc sur ErresseShop. Qualit\u00e9, prix r\u00e9duits et achat s\u00e9curis\u00e9 \u2013 commandez d\u00e8s maintenant en ligne !","og_url":"https:\/\/www.erresse-shop.it\/fr\/shop\/table-fr-2\/plats\/villeroy-boch-basic-white-service-de-vaisselle-12-pieces-blanc\/","og_site_name":"Erresse Shop","article_modified_time":"2025-01-13T15:54:24+00:00","og_image":[{"width":1000,"height":1000,"url":"https:\/\/www.erresse-shop.it\/wp-content\/uploads\/2021\/12\/VILLEROY-BOCH-Basic-White-Set-Starter-12-Pezzi.jpg","type":"image\/jpeg"}],"twitter_card":"summary_large_image","schema":{"@context":"https:\/\/schema.org","@graph":[{"@type":"WebPage","@id":"https:\/\/www.erresse-shop.it\/fr\/shop\/table-fr-2\/plats\/villeroy-boch-basic-white-service-de-vaisselle-12-pieces-blanc\/","url":"https:\/\/www.erresse-shop.it\/fr\/shop\/table-fr-2\/plats\/villeroy-boch-basic-white-service-de-vaisselle-12-pieces-blanc\/","name":"VILLEROY & BOCH Basic White Service de Vaisselle 12 Pi\u00e8ces Blanc","isPartOf":{"@id":"https:\/\/www.erresse-shop.it\/fr\/#website"},"datePublished":"2021-12-13T13:29:39+00:00","dateModified":"2025-01-13T15:54:24+00:00","description":"D\u00e9couvrez VILLEROY & BOCH Basic White Service de Vaisselle 12 Pi\u00e8ces Blanc sur ErresseShop. Qualit\u00e9, prix r\u00e9duits et achat s\u00e9curis\u00e9 \u2013 commandez d\u00e8s maintenant en ligne !","breadcrumb":{"@id":"https:\/\/www.erresse-shop.it\/fr\/shop\/table-fr-2\/plats\/villeroy-boch-basic-white-service-de-vaisselle-12-pieces-blanc\/#breadcrumb"},"inLanguage":"fr-FR","potentialAction":[{"@type":"ReadAction","target":["https:\/\/www.erresse-shop.it\/fr\/shop\/table-fr-2\/plats\/villeroy-boch-basic-white-service-de-vaisselle-12-pieces-blanc\/"]}]},{"@type":"BreadcrumbList","@id":"https:\/\/www.erresse-shop.it\/fr\/shop\/table-fr-2\/plats\/villeroy-boch-basic-white-service-de-vaisselle-12-pieces-blanc\/#breadcrumb","itemListElement":[{"@type":"ListItem","position":1,"name":"Home","item":"https:\/\/www.erresse-shop.it\/fr\/"},{"@type":"ListItem","position":2,"name":"Shop","item":"https:\/\/www.erresse-shop.it\/fr\/shop\/"},{"@type":"ListItem","position":3,"name":"VILLEROY &#038; BOCH Basic White Service de Vaisselle 12 Pi\u00e8ces Blanc"}]},{"@type":"WebSite","@id":"https:\/\/www.erresse-shop.it\/fr\/#website","url":"https:\/\/www.erresse-shop.it\/fr\/","name":"Erresse Shop","description":"Articoli di qualit\u00e0 per la casa","potentialAction":[{"@type":"SearchAction","target":{"@type":"EntryPoint","urlTemplate":"https:\/\/www.erresse-shop.it\/fr\/?s={search_term_string}"},"query-input":"required name=search_term_string"}],"inLanguage":"fr-FR"}]}},"df_price":129.95,"df_sale_price":129.95,"df_regular_price":186.8,"df_image_link":"https:\/\/www.erresse-shop.it\/wp-content\/uploads\/2021\/12\/VILLEROY-BOCH-Basic-White-Set-Starter-12-Pezzi-300x300.jpg","_links":{"self":[{"href":"https:\/\/www.erresse-shop.it\/fr\/wp-json\/wp\/v2\/product\/135334"}],"collection":[{"href":"https:\/\/www.erresse-shop.it\/fr\/wp-json\/wp\/v2\/product"}],"about":[{"href":"https:\/\/www.erresse-shop.it\/fr\/wp-json\/wp\/v2\/types\/product"}],"wp:featuredmedia":[{"embeddable":true,"href":"https:\/\/www.erresse-shop.it\/fr\/wp-json\/wp\/v2\/media\/135327"}],"wp:attachment":[{"href":"https:\/\/www.erresse-shop.it\/fr\/wp-json\/wp\/v2\/media?parent=135334"}],"wp:term":[{"taxonomy":"product_cat","embeddable":true,"href":"https:\/\/www.erresse-shop.it\/fr\/wp-json\/wp\/v2\/product_cat?post=135334"},{"taxonomy":"product_tag","embeddable":true,"href":"https:\/\/www.erresse-shop.it\/fr\/wp-json\/wp\/v2\/product_tag?post=135334"}],"curies":[{"name":"wp","href":"https:\/\/api.w.org\/{rel}","templated":true}]}}