{"id":135146,"date":"2021-12-10T15:19:12","date_gmt":"2021-12-10T15:19:16","guid":{"rendered":"https:\/\/www.erresse-shop.it\/?post_type=product&#038;p=135146"},"modified":"2026-03-25T18:10:07","modified_gmt":"2026-03-25T18:10:07","slug":"ooni-fyra-four-a-pizza-portable-a-granules-de-bois","status":"publish","type":"product","link":"https:\/\/www.erresse-shop.it\/fr\/shop\/petits-electromenagers\/fours\/ooni-fyra-four-a-pizza-portable-a-granules-de-bois\/","title":{"rendered":"OONI Fyra Four \u00e0 Pizza Portable \u00e0 Granul\u00e9s de Bois"},"content":{"rendered":"<p>Four portable aliment\u00e9 par des granul\u00e9s de bois et capable de cuire une authentique pizza cuite sur pierre, avec les saveurs d&#8217;un four \u00e0 bois, dans n&#8217;importe quel espace ext\u00e9rieur en seulement 60 secondes.<br \/>\nAllumage instantan\u00e9 et r\u00e9glage de la chaleur.<br \/>\nCon\u00e7u pour \u00eatre rapide, pratique et facile \u00e0 utiliser, pour \u00eatre maniable et l\u00e9ger et pour \u00eatre emport\u00e9 partout.<\/p>\n<p>Atteint une temp\u00e9rature de 500\u02daC pr\u00eate \u00e0 cuire dans les 15 minutes suivant sa mise en marche.<\/p>\n<ul>\n<li>\u00c0 l&#8217;int\u00e9rieur se trouve une plaque de pierre cordi\u00e9rite de 30 cm de large (10 mm d&#8217;\u00e9paisseur).<\/li>\n<li>Pizza en 60 secondes seulement<\/li>\n<li>Chemin\u00e9e et tr\u00e9mie \u00e0 granul\u00e9s (amovible)<\/li>\n<li>Pieds pliants<\/li>\n<\/ul>\n","protected":false},"excerpt":{"rendered":"<p>Four portable aliment\u00e9 par des granul\u00e9s de bois et capable de cuire une authentique pizza cuite sur pierre, avec les<\/p>\n","protected":false},"featured_media":504490,"template":"","meta":{"_acf_changed":false,"inline_featured_image":false},"product_cat":[15660,12449],"product_tag":[17107,12858,13783,24603],"acf":[],"yoast_head":"<!-- This site is optimized with the Yoast SEO Premium plugin v18.6 (Yoast SEO v19.13) - https:\/\/yoast.com\/wordpress\/plugins\/seo\/ -->\n<title>OONI Fyra Four \u00e0 Pizza Portable \u00e0 Granul\u00e9s de Bois<\/title>\n<meta name=\"description\" content=\"D\u00e9couvrez OONI Fyra Four \u00e0 Pizza Portable \u00e0 Granul\u00e9s de Bois sur ErresseShop. Qualit\u00e9, prix r\u00e9duits et achat s\u00e9curis\u00e9 \u2013 commandez d\u00e8s maintenant en ligne !\" \/>\n<meta name=\"robots\" content=\"index, follow, max-snippet:-1, max-image-preview:large, max-video-preview:-1\" \/>\n<link rel=\"canonical\" href=\"https:\/\/www.erresse-shop.it\/fr\/shop\/petits-electromenagers\/fours\/ooni-fyra-four-a-pizza-portable-a-granules-de-bois\/\" \/>\n<meta property=\"og:locale\" content=\"fr_FR\" \/>\n<meta property=\"og:type\" content=\"article\" \/>\n<meta property=\"og:title\" content=\"OONI Fyra Four \u00e0 Pizza Portable \u00e0 Granul\u00e9s de Bois\" \/>\n<meta property=\"og:description\" content=\"D\u00e9couvrez OONI Fyra Four \u00e0 Pizza Portable \u00e0 Granul\u00e9s de Bois sur ErresseShop. Qualit\u00e9, prix r\u00e9duits et achat s\u00e9curis\u00e9 \u2013 commandez d\u00e8s maintenant en ligne !\" \/>\n<meta property=\"og:url\" content=\"https:\/\/www.erresse-shop.it\/fr\/shop\/petits-electromenagers\/fours\/ooni-fyra-four-a-pizza-portable-a-granules-de-bois\/\" \/>\n<meta property=\"og:site_name\" content=\"Erresse Shop\" \/>\n<meta property=\"article:modified_time\" content=\"2026-03-25T18:10:07+00:00\" \/>\n<meta property=\"og:image\" content=\"https:\/\/www.erresse-shop.it\/wp-content\/uploads\/2022\/09\/OONI-Fyra-Forno-Portatile-a-Pellet-per-Pizza.jpg\" \/>\n\t<meta property=\"og:image:width\" content=\"800\" \/>\n\t<meta property=\"og:image:height\" content=\"800\" \/>\n\t<meta property=\"og:image:type\" content=\"image\/jpeg\" \/>\n<meta name=\"twitter:card\" content=\"summary_large_image\" \/>\n<script type=\"application\/ld+json\" class=\"yoast-schema-graph\">{\"@context\":\"https:\/\/schema.org\",\"@graph\":[{\"@type\":\"WebPage\",\"@id\":\"https:\/\/www.erresse-shop.it\/fr\/shop\/petits-electromenagers\/fours\/ooni-fyra-four-a-pizza-portable-a-granules-de-bois\/\",\"url\":\"https:\/\/www.erresse-shop.it\/fr\/shop\/petits-electromenagers\/fours\/ooni-fyra-four-a-pizza-portable-a-granules-de-bois\/\",\"name\":\"OONI Fyra Four \u00e0 Pizza Portable \u00e0 Granul\u00e9s de Bois\",\"isPartOf\":{\"@id\":\"https:\/\/www.erresse-shop.it\/fr\/#website\"},\"datePublished\":\"2021-12-10T15:19:16+00:00\",\"dateModified\":\"2026-03-25T18:10:07+00:00\",\"description\":\"D\u00e9couvrez OONI Fyra Four \u00e0 Pizza Portable \u00e0 Granul\u00e9s de Bois sur ErresseShop. Qualit\u00e9, prix r\u00e9duits et achat s\u00e9curis\u00e9 \u2013 commandez d\u00e8s maintenant en ligne !\",\"breadcrumb\":{\"@id\":\"https:\/\/www.erresse-shop.it\/fr\/shop\/petits-electromenagers\/fours\/ooni-fyra-four-a-pizza-portable-a-granules-de-bois\/#breadcrumb\"},\"inLanguage\":\"fr-FR\",\"potentialAction\":[{\"@type\":\"ReadAction\",\"target\":[\"https:\/\/www.erresse-shop.it\/fr\/shop\/petits-electromenagers\/fours\/ooni-fyra-four-a-pizza-portable-a-granules-de-bois\/\"]}]},{\"@type\":\"BreadcrumbList\",\"@id\":\"https:\/\/www.erresse-shop.it\/fr\/shop\/petits-electromenagers\/fours\/ooni-fyra-four-a-pizza-portable-a-granules-de-bois\/#breadcrumb\",\"itemListElement\":[{\"@type\":\"ListItem\",\"position\":1,\"name\":\"Home\",\"item\":\"https:\/\/www.erresse-shop.it\/fr\/\"},{\"@type\":\"ListItem\",\"position\":2,\"name\":\"Shop\",\"item\":\"https:\/\/www.erresse-shop.it\/fr\/shop\/\"},{\"@type\":\"ListItem\",\"position\":3,\"name\":\"OONI Fyra Four \u00e0 Pizza Portable \u00e0 Granul\u00e9s de Bois\"}]},{\"@type\":\"WebSite\",\"@id\":\"https:\/\/www.erresse-shop.it\/fr\/#website\",\"url\":\"https:\/\/www.erresse-shop.it\/fr\/\",\"name\":\"Erresse Shop\",\"description\":\"Articoli di qualit\u00e0 per la casa\",\"potentialAction\":[{\"@type\":\"SearchAction\",\"target\":{\"@type\":\"EntryPoint\",\"urlTemplate\":\"https:\/\/www.erresse-shop.it\/fr\/?s={search_term_string}\"},\"query-input\":\"required name=search_term_string\"}],\"inLanguage\":\"fr-FR\"}]}<\/script>\n<!-- \/ Yoast SEO Premium plugin. -->","yoast_head_json":{"title":"OONI Fyra Four \u00e0 Pizza Portable \u00e0 Granul\u00e9s de Bois","description":"D\u00e9couvrez OONI Fyra Four \u00e0 Pizza Portable \u00e0 Granul\u00e9s de Bois sur ErresseShop. Qualit\u00e9, prix r\u00e9duits et achat s\u00e9curis\u00e9 \u2013 commandez d\u00e8s maintenant en ligne !","robots":{"index":"index","follow":"follow","max-snippet":"max-snippet:-1","max-image-preview":"max-image-preview:large","max-video-preview":"max-video-preview:-1"},"canonical":"https:\/\/www.erresse-shop.it\/fr\/shop\/petits-electromenagers\/fours\/ooni-fyra-four-a-pizza-portable-a-granules-de-bois\/","og_locale":"fr_FR","og_type":"article","og_title":"OONI Fyra Four \u00e0 Pizza Portable \u00e0 Granul\u00e9s de Bois","og_description":"D\u00e9couvrez OONI Fyra Four \u00e0 Pizza Portable \u00e0 Granul\u00e9s de Bois sur ErresseShop. Qualit\u00e9, prix r\u00e9duits et achat s\u00e9curis\u00e9 \u2013 commandez d\u00e8s maintenant en ligne !","og_url":"https:\/\/www.erresse-shop.it\/fr\/shop\/petits-electromenagers\/fours\/ooni-fyra-four-a-pizza-portable-a-granules-de-bois\/","og_site_name":"Erresse Shop","article_modified_time":"2026-03-25T18:10:07+00:00","og_image":[{"width":800,"height":800,"url":"https:\/\/www.erresse-shop.it\/wp-content\/uploads\/2022\/09\/OONI-Fyra-Forno-Portatile-a-Pellet-per-Pizza.jpg","type":"image\/jpeg"}],"twitter_card":"summary_large_image","schema":{"@context":"https:\/\/schema.org","@graph":[{"@type":"WebPage","@id":"https:\/\/www.erresse-shop.it\/fr\/shop\/petits-electromenagers\/fours\/ooni-fyra-four-a-pizza-portable-a-granules-de-bois\/","url":"https:\/\/www.erresse-shop.it\/fr\/shop\/petits-electromenagers\/fours\/ooni-fyra-four-a-pizza-portable-a-granules-de-bois\/","name":"OONI Fyra Four \u00e0 Pizza Portable \u00e0 Granul\u00e9s de Bois","isPartOf":{"@id":"https:\/\/www.erresse-shop.it\/fr\/#website"},"datePublished":"2021-12-10T15:19:16+00:00","dateModified":"2026-03-25T18:10:07+00:00","description":"D\u00e9couvrez OONI Fyra Four \u00e0 Pizza Portable \u00e0 Granul\u00e9s de Bois sur ErresseShop. Qualit\u00e9, prix r\u00e9duits et achat s\u00e9curis\u00e9 \u2013 commandez d\u00e8s maintenant en ligne !","breadcrumb":{"@id":"https:\/\/www.erresse-shop.it\/fr\/shop\/petits-electromenagers\/fours\/ooni-fyra-four-a-pizza-portable-a-granules-de-bois\/#breadcrumb"},"inLanguage":"fr-FR","potentialAction":[{"@type":"ReadAction","target":["https:\/\/www.erresse-shop.it\/fr\/shop\/petits-electromenagers\/fours\/ooni-fyra-four-a-pizza-portable-a-granules-de-bois\/"]}]},{"@type":"BreadcrumbList","@id":"https:\/\/www.erresse-shop.it\/fr\/shop\/petits-electromenagers\/fours\/ooni-fyra-four-a-pizza-portable-a-granules-de-bois\/#breadcrumb","itemListElement":[{"@type":"ListItem","position":1,"name":"Home","item":"https:\/\/www.erresse-shop.it\/fr\/"},{"@type":"ListItem","position":2,"name":"Shop","item":"https:\/\/www.erresse-shop.it\/fr\/shop\/"},{"@type":"ListItem","position":3,"name":"OONI Fyra Four \u00e0 Pizza Portable \u00e0 Granul\u00e9s de Bois"}]},{"@type":"WebSite","@id":"https:\/\/www.erresse-shop.it\/fr\/#website","url":"https:\/\/www.erresse-shop.it\/fr\/","name":"Erresse Shop","description":"Articoli di qualit\u00e0 per la casa","potentialAction":[{"@type":"SearchAction","target":{"@type":"EntryPoint","urlTemplate":"https:\/\/www.erresse-shop.it\/fr\/?s={search_term_string}"},"query-input":"required name=search_term_string"}],"inLanguage":"fr-FR"}]}},"df_price":244,"df_sale_price":244,"df_regular_price":349,"df_image_link":"https:\/\/www.erresse-shop.it\/wp-content\/uploads\/2021\/12\/OONI-Fyra-Forno-Portatile-per-Pizza-300x300.jpg","_links":{"self":[{"href":"https:\/\/www.erresse-shop.it\/fr\/wp-json\/wp\/v2\/product\/135146"}],"collection":[{"href":"https:\/\/www.erresse-shop.it\/fr\/wp-json\/wp\/v2\/product"}],"about":[{"href":"https:\/\/www.erresse-shop.it\/fr\/wp-json\/wp\/v2\/types\/product"}],"wp:featuredmedia":[{"embeddable":true,"href":"https:\/\/www.erresse-shop.it\/fr\/wp-json\/wp\/v2\/media\/504490"}],"wp:attachment":[{"href":"https:\/\/www.erresse-shop.it\/fr\/wp-json\/wp\/v2\/media?parent=135146"}],"wp:term":[{"taxonomy":"product_cat","embeddable":true,"href":"https:\/\/www.erresse-shop.it\/fr\/wp-json\/wp\/v2\/product_cat?post=135146"},{"taxonomy":"product_tag","embeddable":true,"href":"https:\/\/www.erresse-shop.it\/fr\/wp-json\/wp\/v2\/product_tag?post=135146"}],"curies":[{"name":"wp","href":"https:\/\/api.w.org\/{rel}","templated":true}]}}