{"id":135047,"date":"2021-12-10T11:19:04","date_gmt":"2021-12-10T11:19:07","guid":{"rendered":"https:\/\/www.erresse-shop.it\/?post_type=product&#038;p=135047"},"modified":"2025-01-13T15:54:07","modified_gmt":"2025-01-13T15:54:07","slug":"ooni-koda-12-four-portable-a-pizza-a-gaz","status":"publish","type":"product","link":"https:\/\/www.erresse-shop.it\/fr\/shop\/petits-electromenagers\/fours\/ooni-koda-12-four-portable-a-pizza-a-gaz\/","title":{"rendered":"OONI Koda 12 Four Portable \u00e0 Pizza \u00e0 Gaz"},"content":{"rendered":"<p>Four portable aliment\u00e9 au gaz, capable de cuire une authentique pizza cuite sur pierre dans n&#8217;importe quel espace ext\u00e9rieur en seulement 60 secondes.<br \/>\nAllumage instantan\u00e9 et r\u00e9glage de la chaleur. Exceptionnellement bien con\u00e7u pour \u00eatre pratique et facile \u00e0 utiliser.<br \/>\nPratique et l\u00e9ger, id\u00e9al pour les repas en plein air, vous pouvez l&#8217;emmener partout. Il atteint une temp\u00e9rature de 500\u02daC pr\u00eate \u00e0 cuire dans les 10 minutes suivant sa mise en marche.<\/p>\n<ul>\n<li>Mat\u00e9riau : Corps en acier inoxydable isol\u00e9 par de la fibre c\u00e9ramique avec rev\u00eatement en poudre. Corps en acier au carbone isol\u00e9 et rev\u00eatu de poudre.<\/li>\n<li>Plaque de pierre cordi\u00e9rite de 30 cm de large (10 mm d&#8217;\u00e9paisseur).<\/li>\n<li>Pizza pr\u00eate en 60 secondes seulement.<\/li>\n<li>Cadran de contr\u00f4le de la temp\u00e9rature.<\/li>\n<li>Bouton de commande du gaz pour l&#8217;allumage et le r\u00e9glage de la flamme.<\/li>\n<li>Trou d&#8217;observation pour voir la flamme et v\u00e9rifier qu&#8217;elle est allum\u00e9e.<\/li>\n<li>Pieds repliables.<\/li>\n<li>S&#8217;adapte \u00e0 tout espace ext\u00e9rieur.<\/li>\n<\/ul>\n","protected":false},"excerpt":{"rendered":"<p>Four portable aliment\u00e9 au gaz, capable de cuire une authentique pizza cuite sur pierre dans n&#8217;importe quel espace ext\u00e9rieur en<\/p>\n","protected":false},"featured_media":502288,"template":"","meta":{"_acf_changed":false,"inline_featured_image":false},"product_cat":[15660,12449],"product_tag":[13783,24603],"acf":[],"yoast_head":"<!-- This site is optimized with the Yoast SEO Premium plugin v18.6 (Yoast SEO v19.13) - https:\/\/yoast.com\/wordpress\/plugins\/seo\/ -->\n<title>OONI Koda 12 Four Portable \u00e0 Pizza \u00e0 Gaz<\/title>\n<meta name=\"description\" content=\"D\u00e9couvrez OONI Koda 12 Four Portable \u00e0 Pizza \u00e0 Gaz sur ErresseShop. Qualit\u00e9, prix r\u00e9duits et achat s\u00e9curis\u00e9 \u2013 commandez d\u00e8s maintenant en ligne !\" \/>\n<meta name=\"robots\" content=\"index, follow, max-snippet:-1, max-image-preview:large, max-video-preview:-1\" \/>\n<link rel=\"canonical\" href=\"https:\/\/www.erresse-shop.it\/fr\/shop\/petits-electromenagers\/fours\/ooni-koda-12-four-portable-a-pizza-a-gaz\/\" \/>\n<meta property=\"og:locale\" content=\"fr_FR\" \/>\n<meta property=\"og:type\" content=\"article\" \/>\n<meta property=\"og:title\" content=\"OONI Koda 12 Four Portable \u00e0 Pizza \u00e0 Gaz\" \/>\n<meta property=\"og:description\" content=\"D\u00e9couvrez OONI Koda 12 Four Portable \u00e0 Pizza \u00e0 Gaz sur ErresseShop. Qualit\u00e9, prix r\u00e9duits et achat s\u00e9curis\u00e9 \u2013 commandez d\u00e8s maintenant en ligne !\" \/>\n<meta property=\"og:url\" content=\"https:\/\/www.erresse-shop.it\/fr\/shop\/petits-electromenagers\/fours\/ooni-koda-12-four-portable-a-pizza-a-gaz\/\" \/>\n<meta property=\"og:site_name\" content=\"Erresse Shop\" \/>\n<meta property=\"article:modified_time\" content=\"2025-01-13T15:54:07+00:00\" \/>\n<meta property=\"og:image\" content=\"https:\/\/www.erresse-shop.it\/wp-content\/uploads\/2022\/09\/OONI-Koda-Forno-Portatile-a-Gas-per-Pizza.jpg\" \/>\n\t<meta property=\"og:image:width\" content=\"800\" \/>\n\t<meta property=\"og:image:height\" content=\"800\" \/>\n\t<meta property=\"og:image:type\" content=\"image\/jpeg\" \/>\n<meta name=\"twitter:card\" content=\"summary_large_image\" \/>\n<script type=\"application\/ld+json\" class=\"yoast-schema-graph\">{\"@context\":\"https:\/\/schema.org\",\"@graph\":[{\"@type\":\"WebPage\",\"@id\":\"https:\/\/www.erresse-shop.it\/fr\/shop\/petits-electromenagers\/fours\/ooni-koda-12-four-portable-a-pizza-a-gaz\/\",\"url\":\"https:\/\/www.erresse-shop.it\/fr\/shop\/petits-electromenagers\/fours\/ooni-koda-12-four-portable-a-pizza-a-gaz\/\",\"name\":\"OONI Koda 12 Four Portable \u00e0 Pizza \u00e0 Gaz\",\"isPartOf\":{\"@id\":\"https:\/\/www.erresse-shop.it\/fr\/#website\"},\"datePublished\":\"2021-12-10T11:19:07+00:00\",\"dateModified\":\"2025-01-13T15:54:07+00:00\",\"description\":\"D\u00e9couvrez OONI Koda 12 Four Portable \u00e0 Pizza \u00e0 Gaz sur ErresseShop. Qualit\u00e9, prix r\u00e9duits et achat s\u00e9curis\u00e9 \u2013 commandez d\u00e8s maintenant en ligne !\",\"breadcrumb\":{\"@id\":\"https:\/\/www.erresse-shop.it\/fr\/shop\/petits-electromenagers\/fours\/ooni-koda-12-four-portable-a-pizza-a-gaz\/#breadcrumb\"},\"inLanguage\":\"fr-FR\",\"potentialAction\":[{\"@type\":\"ReadAction\",\"target\":[\"https:\/\/www.erresse-shop.it\/fr\/shop\/petits-electromenagers\/fours\/ooni-koda-12-four-portable-a-pizza-a-gaz\/\"]}]},{\"@type\":\"BreadcrumbList\",\"@id\":\"https:\/\/www.erresse-shop.it\/fr\/shop\/petits-electromenagers\/fours\/ooni-koda-12-four-portable-a-pizza-a-gaz\/#breadcrumb\",\"itemListElement\":[{\"@type\":\"ListItem\",\"position\":1,\"name\":\"Home\",\"item\":\"https:\/\/www.erresse-shop.it\/fr\/\"},{\"@type\":\"ListItem\",\"position\":2,\"name\":\"Shop\",\"item\":\"https:\/\/www.erresse-shop.it\/fr\/shop\/\"},{\"@type\":\"ListItem\",\"position\":3,\"name\":\"OONI Koda 12 Four Portable \u00e0 Pizza \u00e0 Gaz\"}]},{\"@type\":\"WebSite\",\"@id\":\"https:\/\/www.erresse-shop.it\/fr\/#website\",\"url\":\"https:\/\/www.erresse-shop.it\/fr\/\",\"name\":\"Erresse Shop\",\"description\":\"Articoli di qualit\u00e0 per la casa\",\"potentialAction\":[{\"@type\":\"SearchAction\",\"target\":{\"@type\":\"EntryPoint\",\"urlTemplate\":\"https:\/\/www.erresse-shop.it\/fr\/?s={search_term_string}\"},\"query-input\":\"required name=search_term_string\"}],\"inLanguage\":\"fr-FR\"}]}<\/script>\n<!-- \/ Yoast SEO Premium plugin. -->","yoast_head_json":{"title":"OONI Koda 12 Four Portable \u00e0 Pizza \u00e0 Gaz","description":"D\u00e9couvrez OONI Koda 12 Four Portable \u00e0 Pizza \u00e0 Gaz sur ErresseShop. Qualit\u00e9, prix r\u00e9duits et achat s\u00e9curis\u00e9 \u2013 commandez d\u00e8s maintenant en ligne !","robots":{"index":"index","follow":"follow","max-snippet":"max-snippet:-1","max-image-preview":"max-image-preview:large","max-video-preview":"max-video-preview:-1"},"canonical":"https:\/\/www.erresse-shop.it\/fr\/shop\/petits-electromenagers\/fours\/ooni-koda-12-four-portable-a-pizza-a-gaz\/","og_locale":"fr_FR","og_type":"article","og_title":"OONI Koda 12 Four Portable \u00e0 Pizza \u00e0 Gaz","og_description":"D\u00e9couvrez OONI Koda 12 Four Portable \u00e0 Pizza \u00e0 Gaz sur ErresseShop. Qualit\u00e9, prix r\u00e9duits et achat s\u00e9curis\u00e9 \u2013 commandez d\u00e8s maintenant en ligne !","og_url":"https:\/\/www.erresse-shop.it\/fr\/shop\/petits-electromenagers\/fours\/ooni-koda-12-four-portable-a-pizza-a-gaz\/","og_site_name":"Erresse Shop","article_modified_time":"2025-01-13T15:54:07+00:00","og_image":[{"width":800,"height":800,"url":"https:\/\/www.erresse-shop.it\/wp-content\/uploads\/2022\/09\/OONI-Koda-Forno-Portatile-a-Gas-per-Pizza.jpg","type":"image\/jpeg"}],"twitter_card":"summary_large_image","schema":{"@context":"https:\/\/schema.org","@graph":[{"@type":"WebPage","@id":"https:\/\/www.erresse-shop.it\/fr\/shop\/petits-electromenagers\/fours\/ooni-koda-12-four-portable-a-pizza-a-gaz\/","url":"https:\/\/www.erresse-shop.it\/fr\/shop\/petits-electromenagers\/fours\/ooni-koda-12-four-portable-a-pizza-a-gaz\/","name":"OONI Koda 12 Four Portable \u00e0 Pizza \u00e0 Gaz","isPartOf":{"@id":"https:\/\/www.erresse-shop.it\/fr\/#website"},"datePublished":"2021-12-10T11:19:07+00:00","dateModified":"2025-01-13T15:54:07+00:00","description":"D\u00e9couvrez OONI Koda 12 Four Portable \u00e0 Pizza \u00e0 Gaz sur ErresseShop. Qualit\u00e9, prix r\u00e9duits et achat s\u00e9curis\u00e9 \u2013 commandez d\u00e8s maintenant en ligne !","breadcrumb":{"@id":"https:\/\/www.erresse-shop.it\/fr\/shop\/petits-electromenagers\/fours\/ooni-koda-12-four-portable-a-pizza-a-gaz\/#breadcrumb"},"inLanguage":"fr-FR","potentialAction":[{"@type":"ReadAction","target":["https:\/\/www.erresse-shop.it\/fr\/shop\/petits-electromenagers\/fours\/ooni-koda-12-four-portable-a-pizza-a-gaz\/"]}]},{"@type":"BreadcrumbList","@id":"https:\/\/www.erresse-shop.it\/fr\/shop\/petits-electromenagers\/fours\/ooni-koda-12-four-portable-a-pizza-a-gaz\/#breadcrumb","itemListElement":[{"@type":"ListItem","position":1,"name":"Home","item":"https:\/\/www.erresse-shop.it\/fr\/"},{"@type":"ListItem","position":2,"name":"Shop","item":"https:\/\/www.erresse-shop.it\/fr\/shop\/"},{"@type":"ListItem","position":3,"name":"OONI Koda 12 Four Portable \u00e0 Pizza \u00e0 Gaz"}]},{"@type":"WebSite","@id":"https:\/\/www.erresse-shop.it\/fr\/#website","url":"https:\/\/www.erresse-shop.it\/fr\/","name":"Erresse Shop","description":"Articoli di qualit\u00e0 per la casa","potentialAction":[{"@type":"SearchAction","target":{"@type":"EntryPoint","urlTemplate":"https:\/\/www.erresse-shop.it\/fr\/?s={search_term_string}"},"query-input":"required name=search_term_string"}],"inLanguage":"fr-FR"}]}},"df_price":369.95,"df_sale_price":369.95,"df_regular_price":399,"df_image_link":"https:\/\/www.erresse-shop.it\/wp-content\/uploads\/2021\/12\/OONI-Koda-12-Forno-Portatile-a-Gas-per-Pizza-300x300.jpg","_links":{"self":[{"href":"https:\/\/www.erresse-shop.it\/fr\/wp-json\/wp\/v2\/product\/135047"}],"collection":[{"href":"https:\/\/www.erresse-shop.it\/fr\/wp-json\/wp\/v2\/product"}],"about":[{"href":"https:\/\/www.erresse-shop.it\/fr\/wp-json\/wp\/v2\/types\/product"}],"wp:featuredmedia":[{"embeddable":true,"href":"https:\/\/www.erresse-shop.it\/fr\/wp-json\/wp\/v2\/media\/502288"}],"wp:attachment":[{"href":"https:\/\/www.erresse-shop.it\/fr\/wp-json\/wp\/v2\/media?parent=135047"}],"wp:term":[{"taxonomy":"product_cat","embeddable":true,"href":"https:\/\/www.erresse-shop.it\/fr\/wp-json\/wp\/v2\/product_cat?post=135047"},{"taxonomy":"product_tag","embeddable":true,"href":"https:\/\/www.erresse-shop.it\/fr\/wp-json\/wp\/v2\/product_tag?post=135047"}],"curies":[{"name":"wp","href":"https:\/\/api.w.org\/{rel}","templated":true}]}}