{"id":133850,"date":"2021-12-03T11:31:14","date_gmt":"2021-12-03T11:31:18","guid":{"rendered":"https:\/\/www.erresse-shop.it\/?post_type=product&#038;p=133850"},"modified":"2025-01-13T15:53:48","modified_gmt":"2025-01-13T15:53:48","slug":"argenti-preziosi-cadre-en-argent-dos-en-bois-9x13","status":"publish","type":"product","link":"https:\/\/www.erresse-shop.it\/fr\/shop\/ameublement-maison\/cadres\/argenti-preziosi-cadre-en-argent-dos-en-bois-9x13\/","title":{"rendered":"ARGENTI PREZIOSI Cadre en Argent Dos en Bois 9&#215;13"},"content":{"rendered":"<p><strong>Argenti Preziosi<\/strong> produit et vend des cadres en argent pur.<br \/>\nUn m\u00e9lange unique de recherche, de qualit\u00e9, de style et de prix qui impr\u00e8gne la large gamme de produits en constante \u00e9volution, a permis de cr\u00e9er des objets uniques qui transmettent des \u00e9motions et impriment le souvenir du plus beau jour.<\/p>\n<p>De 2009 \u00e0 2014, Argenti Preziosi a collabor\u00e9 \u00e0 la r\u00e9alisation de divers projets en faveur de familles d\u00e9favoris\u00e9es dans diff\u00e9rents villages d&#8217;Afrique.<\/p>\n","protected":false},"excerpt":{"rendered":"<p>Argenti Preziosi produit et vend des cadres en argent pur. Un m\u00e9lange unique de recherche, de qualit\u00e9, de style et<\/p>\n","protected":false},"featured_media":161547,"template":"","meta":{"_acf_changed":false,"inline_featured_image":false},"product_cat":[12738,16963],"product_tag":[23690,21821],"acf":[],"yoast_head":"<!-- This site is optimized with the Yoast SEO Premium plugin v18.6 (Yoast SEO v19.13) - https:\/\/yoast.com\/wordpress\/plugins\/seo\/ -->\n<title>ARGENTI PREZIOSI Cadre en Argent Dos en Bois 9x13<\/title>\n<meta name=\"description\" content=\"D\u00e9couvrez ARGENTI PREZIOSI Cadre en Argent Dos en Bois 9x13 sur ErresseShop. Qualit\u00e9, prix r\u00e9duits et achat s\u00e9curis\u00e9 \u2013 commandez d\u00e8s maintenant en ligne !\" \/>\n<meta name=\"robots\" content=\"index, follow, max-snippet:-1, max-image-preview:large, max-video-preview:-1\" \/>\n<link rel=\"canonical\" href=\"https:\/\/www.erresse-shop.it\/fr\/shop\/ameublement-maison\/cadres\/argenti-preziosi-cadre-en-argent-dos-en-bois-9x13\/\" \/>\n<meta property=\"og:locale\" content=\"fr_FR\" \/>\n<meta property=\"og:type\" content=\"article\" \/>\n<meta property=\"og:title\" content=\"ARGENTI PREZIOSI Cadre en Argent Dos en Bois 9x13\" \/>\n<meta property=\"og:description\" content=\"D\u00e9couvrez ARGENTI PREZIOSI Cadre en Argent Dos en Bois 9x13 sur ErresseShop. Qualit\u00e9, prix r\u00e9duits et achat s\u00e9curis\u00e9 \u2013 commandez d\u00e8s maintenant en ligne !\" \/>\n<meta property=\"og:url\" content=\"https:\/\/www.erresse-shop.it\/fr\/shop\/ameublement-maison\/cadres\/argenti-preziosi-cadre-en-argent-dos-en-bois-9x13\/\" \/>\n<meta property=\"og:site_name\" content=\"Erresse Shop\" \/>\n<meta property=\"article:modified_time\" content=\"2025-01-13T15:53:48+00:00\" \/>\n<meta property=\"og:image\" content=\"https:\/\/www.erresse-shop.it\/wp-content\/uploads\/2022\/06\/ARGENTI-PREZIOSI-925.jpg\" \/>\n\t<meta property=\"og:image:width\" content=\"800\" \/>\n\t<meta property=\"og:image:height\" content=\"800\" \/>\n\t<meta property=\"og:image:type\" content=\"image\/jpeg\" \/>\n<meta name=\"twitter:card\" content=\"summary_large_image\" \/>\n<script type=\"application\/ld+json\" class=\"yoast-schema-graph\">{\"@context\":\"https:\/\/schema.org\",\"@graph\":[{\"@type\":\"WebPage\",\"@id\":\"https:\/\/www.erresse-shop.it\/fr\/shop\/ameublement-maison\/cadres\/argenti-preziosi-cadre-en-argent-dos-en-bois-9x13\/\",\"url\":\"https:\/\/www.erresse-shop.it\/fr\/shop\/ameublement-maison\/cadres\/argenti-preziosi-cadre-en-argent-dos-en-bois-9x13\/\",\"name\":\"ARGENTI PREZIOSI Cadre en Argent Dos en Bois 9x13\",\"isPartOf\":{\"@id\":\"https:\/\/www.erresse-shop.it\/fr\/#website\"},\"datePublished\":\"2021-12-03T11:31:18+00:00\",\"dateModified\":\"2025-01-13T15:53:48+00:00\",\"description\":\"D\u00e9couvrez ARGENTI PREZIOSI Cadre en Argent Dos en Bois 9x13 sur ErresseShop. Qualit\u00e9, prix r\u00e9duits et achat s\u00e9curis\u00e9 \u2013 commandez d\u00e8s maintenant en ligne !\",\"breadcrumb\":{\"@id\":\"https:\/\/www.erresse-shop.it\/fr\/shop\/ameublement-maison\/cadres\/argenti-preziosi-cadre-en-argent-dos-en-bois-9x13\/#breadcrumb\"},\"inLanguage\":\"fr-FR\",\"potentialAction\":[{\"@type\":\"ReadAction\",\"target\":[\"https:\/\/www.erresse-shop.it\/fr\/shop\/ameublement-maison\/cadres\/argenti-preziosi-cadre-en-argent-dos-en-bois-9x13\/\"]}]},{\"@type\":\"BreadcrumbList\",\"@id\":\"https:\/\/www.erresse-shop.it\/fr\/shop\/ameublement-maison\/cadres\/argenti-preziosi-cadre-en-argent-dos-en-bois-9x13\/#breadcrumb\",\"itemListElement\":[{\"@type\":\"ListItem\",\"position\":1,\"name\":\"Home\",\"item\":\"https:\/\/www.erresse-shop.it\/fr\/\"},{\"@type\":\"ListItem\",\"position\":2,\"name\":\"Shop\",\"item\":\"https:\/\/www.erresse-shop.it\/fr\/shop\/\"},{\"@type\":\"ListItem\",\"position\":3,\"name\":\"ARGENTI PREZIOSI Cadre en Argent Dos en Bois 9&#215;13\"}]},{\"@type\":\"WebSite\",\"@id\":\"https:\/\/www.erresse-shop.it\/fr\/#website\",\"url\":\"https:\/\/www.erresse-shop.it\/fr\/\",\"name\":\"Erresse Shop\",\"description\":\"Articoli di qualit\u00e0 per la casa\",\"potentialAction\":[{\"@type\":\"SearchAction\",\"target\":{\"@type\":\"EntryPoint\",\"urlTemplate\":\"https:\/\/www.erresse-shop.it\/fr\/?s={search_term_string}\"},\"query-input\":\"required name=search_term_string\"}],\"inLanguage\":\"fr-FR\"}]}<\/script>\n<!-- \/ Yoast SEO Premium plugin. -->","yoast_head_json":{"title":"ARGENTI PREZIOSI Cadre en Argent Dos en Bois 9x13","description":"D\u00e9couvrez ARGENTI PREZIOSI Cadre en Argent Dos en Bois 9x13 sur ErresseShop. Qualit\u00e9, prix r\u00e9duits et achat s\u00e9curis\u00e9 \u2013 commandez d\u00e8s maintenant en ligne !","robots":{"index":"index","follow":"follow","max-snippet":"max-snippet:-1","max-image-preview":"max-image-preview:large","max-video-preview":"max-video-preview:-1"},"canonical":"https:\/\/www.erresse-shop.it\/fr\/shop\/ameublement-maison\/cadres\/argenti-preziosi-cadre-en-argent-dos-en-bois-9x13\/","og_locale":"fr_FR","og_type":"article","og_title":"ARGENTI PREZIOSI Cadre en Argent Dos en Bois 9x13","og_description":"D\u00e9couvrez ARGENTI PREZIOSI Cadre en Argent Dos en Bois 9x13 sur ErresseShop. Qualit\u00e9, prix r\u00e9duits et achat s\u00e9curis\u00e9 \u2013 commandez d\u00e8s maintenant en ligne !","og_url":"https:\/\/www.erresse-shop.it\/fr\/shop\/ameublement-maison\/cadres\/argenti-preziosi-cadre-en-argent-dos-en-bois-9x13\/","og_site_name":"Erresse Shop","article_modified_time":"2025-01-13T15:53:48+00:00","og_image":[{"width":800,"height":800,"url":"https:\/\/www.erresse-shop.it\/wp-content\/uploads\/2022\/06\/ARGENTI-PREZIOSI-925.jpg","type":"image\/jpeg"}],"twitter_card":"summary_large_image","schema":{"@context":"https:\/\/schema.org","@graph":[{"@type":"WebPage","@id":"https:\/\/www.erresse-shop.it\/fr\/shop\/ameublement-maison\/cadres\/argenti-preziosi-cadre-en-argent-dos-en-bois-9x13\/","url":"https:\/\/www.erresse-shop.it\/fr\/shop\/ameublement-maison\/cadres\/argenti-preziosi-cadre-en-argent-dos-en-bois-9x13\/","name":"ARGENTI PREZIOSI Cadre en Argent Dos en Bois 9x13","isPartOf":{"@id":"https:\/\/www.erresse-shop.it\/fr\/#website"},"datePublished":"2021-12-03T11:31:18+00:00","dateModified":"2025-01-13T15:53:48+00:00","description":"D\u00e9couvrez ARGENTI PREZIOSI Cadre en Argent Dos en Bois 9x13 sur ErresseShop. Qualit\u00e9, prix r\u00e9duits et achat s\u00e9curis\u00e9 \u2013 commandez d\u00e8s maintenant en ligne !","breadcrumb":{"@id":"https:\/\/www.erresse-shop.it\/fr\/shop\/ameublement-maison\/cadres\/argenti-preziosi-cadre-en-argent-dos-en-bois-9x13\/#breadcrumb"},"inLanguage":"fr-FR","potentialAction":[{"@type":"ReadAction","target":["https:\/\/www.erresse-shop.it\/fr\/shop\/ameublement-maison\/cadres\/argenti-preziosi-cadre-en-argent-dos-en-bois-9x13\/"]}]},{"@type":"BreadcrumbList","@id":"https:\/\/www.erresse-shop.it\/fr\/shop\/ameublement-maison\/cadres\/argenti-preziosi-cadre-en-argent-dos-en-bois-9x13\/#breadcrumb","itemListElement":[{"@type":"ListItem","position":1,"name":"Home","item":"https:\/\/www.erresse-shop.it\/fr\/"},{"@type":"ListItem","position":2,"name":"Shop","item":"https:\/\/www.erresse-shop.it\/fr\/shop\/"},{"@type":"ListItem","position":3,"name":"ARGENTI PREZIOSI Cadre en Argent Dos en Bois 9&#215;13"}]},{"@type":"WebSite","@id":"https:\/\/www.erresse-shop.it\/fr\/#website","url":"https:\/\/www.erresse-shop.it\/fr\/","name":"Erresse Shop","description":"Articoli di qualit\u00e0 per la casa","potentialAction":[{"@type":"SearchAction","target":{"@type":"EntryPoint","urlTemplate":"https:\/\/www.erresse-shop.it\/fr\/?s={search_term_string}"},"query-input":"required name=search_term_string"}],"inLanguage":"fr-FR"}]}},"df_price":34.9,"df_sale_price":34.9,"df_regular_price":100.95,"df_image_link":"https:\/\/www.erresse-shop.it\/wp-content\/uploads\/2022\/06\/ARGENTI-PREZIOSI-925-300x300.jpg","_links":{"self":[{"href":"https:\/\/www.erresse-shop.it\/fr\/wp-json\/wp\/v2\/product\/133850"}],"collection":[{"href":"https:\/\/www.erresse-shop.it\/fr\/wp-json\/wp\/v2\/product"}],"about":[{"href":"https:\/\/www.erresse-shop.it\/fr\/wp-json\/wp\/v2\/types\/product"}],"wp:featuredmedia":[{"embeddable":true,"href":"https:\/\/www.erresse-shop.it\/fr\/wp-json\/wp\/v2\/media\/161547"}],"wp:attachment":[{"href":"https:\/\/www.erresse-shop.it\/fr\/wp-json\/wp\/v2\/media?parent=133850"}],"wp:term":[{"taxonomy":"product_cat","embeddable":true,"href":"https:\/\/www.erresse-shop.it\/fr\/wp-json\/wp\/v2\/product_cat?post=133850"},{"taxonomy":"product_tag","embeddable":true,"href":"https:\/\/www.erresse-shop.it\/fr\/wp-json\/wp\/v2\/product_tag?post=133850"}],"curies":[{"name":"wp","href":"https:\/\/api.w.org\/{rel}","templated":true}]}}