{"id":133831,"date":"2021-12-03T11:04:43","date_gmt":"2021-12-03T11:04:45","guid":{"rendered":"https:\/\/www.erresse-shop.it\/?post_type=product&#038;p=133831"},"modified":"2025-01-13T15:53:46","modified_gmt":"2025-01-13T15:53:46","slug":"illy-6-paquets-de-18-capsules-iperespresso-gout-classique","status":"publish","type":"product","link":"https:\/\/www.erresse-shop.it\/fr\/shop\/cafe\/dosettes-et-capsules-de-cafe\/illy-6-paquets-de-18-capsules-iperespresso-gout-classique\/","title":{"rendered":"ILLY 6 Paquets de 18 Capsules IperEspresso Go\u00fbt Classique"},"content":{"rendered":"<p><strong>Paquet de 18 capsules, total 108 capsules (6 paquets).<\/strong><\/p>\n<p><strong>NOTES AROMATIQUES<\/strong><br \/>\nLa nuance de go\u00fbt CLASSICO du m\u00e9lange unique d&#8217;illy 100% Arabica exprime une note douce et fleurie qui se combine avec des notes de pain grill\u00e9, de caramel et de chocolat. Pour ceux qui pr\u00e9f\u00e8rent une tasse de caf\u00e9 au go\u00fbt doux et velout\u00e9.<\/p>\n","protected":false},"excerpt":{"rendered":"<p>Paquet de 18 capsules, total 108 capsules (6 paquets). NOTES AROMATIQUES La nuance de go\u00fbt CLASSICO du m\u00e9lange unique d&#8217;illy<\/p>\n","protected":false},"featured_media":163917,"template":"","meta":{"_acf_changed":false,"inline_featured_image":false},"product_cat":[25350,25391],"product_tag":[12956,23563],"acf":[],"yoast_head":"<!-- This site is optimized with the Yoast SEO Premium plugin v18.6 (Yoast SEO v19.13) - https:\/\/yoast.com\/wordpress\/plugins\/seo\/ -->\n<title>ILLY 6 Paquets de 18 Capsules IperEspresso Go\u00fbt Classique<\/title>\n<meta name=\"description\" content=\"D\u00e9couvrez ILLY 6 Paquets de 18 Capsules IperEspresso Go\u00fbt Classique sur ErresseShop. Qualit\u00e9, prix r\u00e9duits et achat s\u00e9curis\u00e9 \u2013 commandez d\u00e8s maintenant en ligne !\" \/>\n<meta name=\"robots\" content=\"index, follow, max-snippet:-1, max-image-preview:large, max-video-preview:-1\" \/>\n<link rel=\"canonical\" href=\"https:\/\/www.erresse-shop.it\/fr\/shop\/cafe\/dosettes-et-capsules-de-cafe\/illy-6-paquets-de-18-capsules-iperespresso-gout-classique\/\" \/>\n<meta property=\"og:locale\" content=\"fr_FR\" \/>\n<meta property=\"og:type\" content=\"article\" \/>\n<meta property=\"og:title\" content=\"ILLY 6 Paquets de 18 Capsules IperEspresso Go\u00fbt Classique\" \/>\n<meta property=\"og:description\" content=\"D\u00e9couvrez ILLY 6 Paquets de 18 Capsules IperEspresso Go\u00fbt Classique sur ErresseShop. Qualit\u00e9, prix r\u00e9duits et achat s\u00e9curis\u00e9 \u2013 commandez d\u00e8s maintenant en ligne !\" \/>\n<meta property=\"og:url\" content=\"https:\/\/www.erresse-shop.it\/fr\/shop\/cafe\/dosettes-et-capsules-de-cafe\/illy-6-paquets-de-18-capsules-iperespresso-gout-classique\/\" \/>\n<meta property=\"og:site_name\" content=\"Erresse Shop\" \/>\n<meta property=\"article:modified_time\" content=\"2025-01-13T15:53:46+00:00\" \/>\n<meta property=\"og:image\" content=\"https:\/\/www.erresse-shop.it\/wp-content\/uploads\/2021\/12\/ILLY-Caffe-Cialde-Classico.jpg\" \/>\n\t<meta property=\"og:image:width\" content=\"800\" \/>\n\t<meta property=\"og:image:height\" content=\"800\" \/>\n\t<meta property=\"og:image:type\" content=\"image\/jpeg\" \/>\n<meta name=\"twitter:card\" content=\"summary_large_image\" \/>\n<script type=\"application\/ld+json\" class=\"yoast-schema-graph\">{\"@context\":\"https:\/\/schema.org\",\"@graph\":[{\"@type\":\"WebPage\",\"@id\":\"https:\/\/www.erresse-shop.it\/fr\/shop\/cafe\/dosettes-et-capsules-de-cafe\/illy-6-paquets-de-18-capsules-iperespresso-gout-classique\/\",\"url\":\"https:\/\/www.erresse-shop.it\/fr\/shop\/cafe\/dosettes-et-capsules-de-cafe\/illy-6-paquets-de-18-capsules-iperespresso-gout-classique\/\",\"name\":\"ILLY 6 Paquets de 18 Capsules IperEspresso Go\u00fbt Classique\",\"isPartOf\":{\"@id\":\"https:\/\/www.erresse-shop.it\/fr\/#website\"},\"datePublished\":\"2021-12-03T11:04:45+00:00\",\"dateModified\":\"2025-01-13T15:53:46+00:00\",\"description\":\"D\u00e9couvrez ILLY 6 Paquets de 18 Capsules IperEspresso Go\u00fbt Classique sur ErresseShop. Qualit\u00e9, prix r\u00e9duits et achat s\u00e9curis\u00e9 \u2013 commandez d\u00e8s maintenant en ligne !\",\"breadcrumb\":{\"@id\":\"https:\/\/www.erresse-shop.it\/fr\/shop\/cafe\/dosettes-et-capsules-de-cafe\/illy-6-paquets-de-18-capsules-iperespresso-gout-classique\/#breadcrumb\"},\"inLanguage\":\"fr-FR\",\"potentialAction\":[{\"@type\":\"ReadAction\",\"target\":[\"https:\/\/www.erresse-shop.it\/fr\/shop\/cafe\/dosettes-et-capsules-de-cafe\/illy-6-paquets-de-18-capsules-iperespresso-gout-classique\/\"]}]},{\"@type\":\"BreadcrumbList\",\"@id\":\"https:\/\/www.erresse-shop.it\/fr\/shop\/cafe\/dosettes-et-capsules-de-cafe\/illy-6-paquets-de-18-capsules-iperespresso-gout-classique\/#breadcrumb\",\"itemListElement\":[{\"@type\":\"ListItem\",\"position\":1,\"name\":\"Home\",\"item\":\"https:\/\/www.erresse-shop.it\/fr\/\"},{\"@type\":\"ListItem\",\"position\":2,\"name\":\"Shop\",\"item\":\"https:\/\/www.erresse-shop.it\/fr\/shop\/\"},{\"@type\":\"ListItem\",\"position\":3,\"name\":\"ILLY 6 Paquets de 18 Capsules IperEspresso Go\u00fbt Classique\"}]},{\"@type\":\"WebSite\",\"@id\":\"https:\/\/www.erresse-shop.it\/fr\/#website\",\"url\":\"https:\/\/www.erresse-shop.it\/fr\/\",\"name\":\"Erresse Shop\",\"description\":\"Articoli di qualit\u00e0 per la casa\",\"potentialAction\":[{\"@type\":\"SearchAction\",\"target\":{\"@type\":\"EntryPoint\",\"urlTemplate\":\"https:\/\/www.erresse-shop.it\/fr\/?s={search_term_string}\"},\"query-input\":\"required name=search_term_string\"}],\"inLanguage\":\"fr-FR\"}]}<\/script>\n<!-- \/ Yoast SEO Premium plugin. -->","yoast_head_json":{"title":"ILLY 6 Paquets de 18 Capsules IperEspresso Go\u00fbt Classique","description":"D\u00e9couvrez ILLY 6 Paquets de 18 Capsules IperEspresso Go\u00fbt Classique sur ErresseShop. Qualit\u00e9, prix r\u00e9duits et achat s\u00e9curis\u00e9 \u2013 commandez d\u00e8s maintenant en ligne !","robots":{"index":"index","follow":"follow","max-snippet":"max-snippet:-1","max-image-preview":"max-image-preview:large","max-video-preview":"max-video-preview:-1"},"canonical":"https:\/\/www.erresse-shop.it\/fr\/shop\/cafe\/dosettes-et-capsules-de-cafe\/illy-6-paquets-de-18-capsules-iperespresso-gout-classique\/","og_locale":"fr_FR","og_type":"article","og_title":"ILLY 6 Paquets de 18 Capsules IperEspresso Go\u00fbt Classique","og_description":"D\u00e9couvrez ILLY 6 Paquets de 18 Capsules IperEspresso Go\u00fbt Classique sur ErresseShop. Qualit\u00e9, prix r\u00e9duits et achat s\u00e9curis\u00e9 \u2013 commandez d\u00e8s maintenant en ligne !","og_url":"https:\/\/www.erresse-shop.it\/fr\/shop\/cafe\/dosettes-et-capsules-de-cafe\/illy-6-paquets-de-18-capsules-iperespresso-gout-classique\/","og_site_name":"Erresse Shop","article_modified_time":"2025-01-13T15:53:46+00:00","og_image":[{"width":800,"height":800,"url":"https:\/\/www.erresse-shop.it\/wp-content\/uploads\/2021\/12\/ILLY-Caffe-Cialde-Classico.jpg","type":"image\/jpeg"}],"twitter_card":"summary_large_image","schema":{"@context":"https:\/\/schema.org","@graph":[{"@type":"WebPage","@id":"https:\/\/www.erresse-shop.it\/fr\/shop\/cafe\/dosettes-et-capsules-de-cafe\/illy-6-paquets-de-18-capsules-iperespresso-gout-classique\/","url":"https:\/\/www.erresse-shop.it\/fr\/shop\/cafe\/dosettes-et-capsules-de-cafe\/illy-6-paquets-de-18-capsules-iperespresso-gout-classique\/","name":"ILLY 6 Paquets de 18 Capsules IperEspresso Go\u00fbt Classique","isPartOf":{"@id":"https:\/\/www.erresse-shop.it\/fr\/#website"},"datePublished":"2021-12-03T11:04:45+00:00","dateModified":"2025-01-13T15:53:46+00:00","description":"D\u00e9couvrez ILLY 6 Paquets de 18 Capsules IperEspresso Go\u00fbt Classique sur ErresseShop. Qualit\u00e9, prix r\u00e9duits et achat s\u00e9curis\u00e9 \u2013 commandez d\u00e8s maintenant en ligne !","breadcrumb":{"@id":"https:\/\/www.erresse-shop.it\/fr\/shop\/cafe\/dosettes-et-capsules-de-cafe\/illy-6-paquets-de-18-capsules-iperespresso-gout-classique\/#breadcrumb"},"inLanguage":"fr-FR","potentialAction":[{"@type":"ReadAction","target":["https:\/\/www.erresse-shop.it\/fr\/shop\/cafe\/dosettes-et-capsules-de-cafe\/illy-6-paquets-de-18-capsules-iperespresso-gout-classique\/"]}]},{"@type":"BreadcrumbList","@id":"https:\/\/www.erresse-shop.it\/fr\/shop\/cafe\/dosettes-et-capsules-de-cafe\/illy-6-paquets-de-18-capsules-iperespresso-gout-classique\/#breadcrumb","itemListElement":[{"@type":"ListItem","position":1,"name":"Home","item":"https:\/\/www.erresse-shop.it\/fr\/"},{"@type":"ListItem","position":2,"name":"Shop","item":"https:\/\/www.erresse-shop.it\/fr\/shop\/"},{"@type":"ListItem","position":3,"name":"ILLY 6 Paquets de 18 Capsules IperEspresso Go\u00fbt Classique"}]},{"@type":"WebSite","@id":"https:\/\/www.erresse-shop.it\/fr\/#website","url":"https:\/\/www.erresse-shop.it\/fr\/","name":"Erresse Shop","description":"Articoli di qualit\u00e0 per la casa","potentialAction":[{"@type":"SearchAction","target":{"@type":"EntryPoint","urlTemplate":"https:\/\/www.erresse-shop.it\/fr\/?s={search_term_string}"},"query-input":"required name=search_term_string"}],"inLanguage":"fr-FR"}]}},"df_price":49.95,"df_sale_price":49.95,"df_regular_price":59.4,"df_image_link":"https:\/\/www.erresse-shop.it\/wp-content\/uploads\/2021\/12\/ILLY-Caffe-Cialde-Classico-300x300.jpg","_links":{"self":[{"href":"https:\/\/www.erresse-shop.it\/fr\/wp-json\/wp\/v2\/product\/133831"}],"collection":[{"href":"https:\/\/www.erresse-shop.it\/fr\/wp-json\/wp\/v2\/product"}],"about":[{"href":"https:\/\/www.erresse-shop.it\/fr\/wp-json\/wp\/v2\/types\/product"}],"wp:featuredmedia":[{"embeddable":true,"href":"https:\/\/www.erresse-shop.it\/fr\/wp-json\/wp\/v2\/media\/163917"}],"wp:attachment":[{"href":"https:\/\/www.erresse-shop.it\/fr\/wp-json\/wp\/v2\/media?parent=133831"}],"wp:term":[{"taxonomy":"product_cat","embeddable":true,"href":"https:\/\/www.erresse-shop.it\/fr\/wp-json\/wp\/v2\/product_cat?post=133831"},{"taxonomy":"product_tag","embeddable":true,"href":"https:\/\/www.erresse-shop.it\/fr\/wp-json\/wp\/v2\/product_tag?post=133831"}],"curies":[{"name":"wp","href":"https:\/\/api.w.org\/{rel}","templated":true}]}}