{"id":133812,"date":"2021-12-03T10:34:42","date_gmt":"2021-12-03T10:34:48","guid":{"rendered":"https:\/\/www.erresse-shop.it\/?post_type=product&#038;p=133812"},"modified":"2025-01-13T15:53:40","modified_gmt":"2025-01-13T15:53:40","slug":"illy-6-paquets-de-18-capsules-iperespresso-gout-intense","status":"publish","type":"product","link":"https:\/\/www.erresse-shop.it\/fr\/shop\/cafe\/dosettes-et-capsules-de-cafe\/illy-6-paquets-de-18-capsules-iperespresso-gout-intense\/","title":{"rendered":"ILLY 6 Paquets de 18 Capsules IperEspresso Go\u00fbt Intense"},"content":{"rendered":"<p><strong>Paquet de 18 capsules, total 108 capsules (6 paquets).<\/strong><\/p>\n<p><strong>NOTES AROMATIQUES<\/strong><br \/>\nCaract\u00e9ris\u00e9 par une l\u00e9g\u00e8re amertume et un corps consistant, le go\u00fbt INTENSE du m\u00e9lange unique illy 100% Arabica exprime des notes enveloppantes de cacao et de fruits secs, id\u00e9al pour les amateurs de go\u00fbt cors\u00e9.<\/p>\n","protected":false},"excerpt":{"rendered":"<p>Paquet de 18 capsules, total 108 capsules (6 paquets). NOTES AROMATIQUES Caract\u00e9ris\u00e9 par une l\u00e9g\u00e8re amertume et un corps consistant,<\/p>\n","protected":false},"featured_media":163936,"template":"","meta":{"_acf_changed":false,"inline_featured_image":false},"product_cat":[25350,25391],"product_tag":[12956,23563],"acf":[],"yoast_head":"<!-- This site is optimized with the Yoast SEO Premium plugin v18.6 (Yoast SEO v19.13) - https:\/\/yoast.com\/wordpress\/plugins\/seo\/ -->\n<title>ILLY 6 Paquets de 18 Capsules IperEspresso Go\u00fbt Intense<\/title>\n<meta name=\"description\" content=\"D\u00e9couvrez ILLY 6 Paquets de 18 Capsules IperEspresso Go\u00fbt Intense sur ErresseShop. Qualit\u00e9, prix r\u00e9duits et achat s\u00e9curis\u00e9 \u2013 commandez d\u00e8s maintenant en ligne !\" \/>\n<meta name=\"robots\" content=\"index, follow, max-snippet:-1, max-image-preview:large, max-video-preview:-1\" \/>\n<link rel=\"canonical\" href=\"https:\/\/www.erresse-shop.it\/fr\/shop\/cafe\/dosettes-et-capsules-de-cafe\/illy-6-paquets-de-18-capsules-iperespresso-gout-intense\/\" \/>\n<meta property=\"og:locale\" content=\"fr_FR\" \/>\n<meta property=\"og:type\" content=\"article\" \/>\n<meta property=\"og:title\" content=\"ILLY 6 Paquets de 18 Capsules IperEspresso Go\u00fbt Intense\" \/>\n<meta property=\"og:description\" content=\"D\u00e9couvrez ILLY 6 Paquets de 18 Capsules IperEspresso Go\u00fbt Intense sur ErresseShop. Qualit\u00e9, prix r\u00e9duits et achat s\u00e9curis\u00e9 \u2013 commandez d\u00e8s maintenant en ligne !\" \/>\n<meta property=\"og:url\" content=\"https:\/\/www.erresse-shop.it\/fr\/shop\/cafe\/dosettes-et-capsules-de-cafe\/illy-6-paquets-de-18-capsules-iperespresso-gout-intense\/\" \/>\n<meta property=\"og:site_name\" content=\"Erresse Shop\" \/>\n<meta property=\"article:modified_time\" content=\"2025-01-13T15:53:40+00:00\" \/>\n<meta property=\"og:image\" content=\"https:\/\/www.erresse-shop.it\/wp-content\/uploads\/2021\/12\/ILLY-Caffe-Cialde-Intenso.jpg\" \/>\n\t<meta property=\"og:image:width\" content=\"800\" \/>\n\t<meta property=\"og:image:height\" content=\"800\" \/>\n\t<meta property=\"og:image:type\" content=\"image\/jpeg\" \/>\n<meta name=\"twitter:card\" content=\"summary_large_image\" \/>\n<script type=\"application\/ld+json\" class=\"yoast-schema-graph\">{\"@context\":\"https:\/\/schema.org\",\"@graph\":[{\"@type\":\"WebPage\",\"@id\":\"https:\/\/www.erresse-shop.it\/fr\/shop\/cafe\/dosettes-et-capsules-de-cafe\/illy-6-paquets-de-18-capsules-iperespresso-gout-intense\/\",\"url\":\"https:\/\/www.erresse-shop.it\/fr\/shop\/cafe\/dosettes-et-capsules-de-cafe\/illy-6-paquets-de-18-capsules-iperespresso-gout-intense\/\",\"name\":\"ILLY 6 Paquets de 18 Capsules IperEspresso Go\u00fbt Intense\",\"isPartOf\":{\"@id\":\"https:\/\/www.erresse-shop.it\/fr\/#website\"},\"datePublished\":\"2021-12-03T10:34:48+00:00\",\"dateModified\":\"2025-01-13T15:53:40+00:00\",\"description\":\"D\u00e9couvrez ILLY 6 Paquets de 18 Capsules IperEspresso Go\u00fbt Intense sur ErresseShop. Qualit\u00e9, prix r\u00e9duits et achat s\u00e9curis\u00e9 \u2013 commandez d\u00e8s maintenant en ligne !\",\"breadcrumb\":{\"@id\":\"https:\/\/www.erresse-shop.it\/fr\/shop\/cafe\/dosettes-et-capsules-de-cafe\/illy-6-paquets-de-18-capsules-iperespresso-gout-intense\/#breadcrumb\"},\"inLanguage\":\"fr-FR\",\"potentialAction\":[{\"@type\":\"ReadAction\",\"target\":[\"https:\/\/www.erresse-shop.it\/fr\/shop\/cafe\/dosettes-et-capsules-de-cafe\/illy-6-paquets-de-18-capsules-iperespresso-gout-intense\/\"]}]},{\"@type\":\"BreadcrumbList\",\"@id\":\"https:\/\/www.erresse-shop.it\/fr\/shop\/cafe\/dosettes-et-capsules-de-cafe\/illy-6-paquets-de-18-capsules-iperespresso-gout-intense\/#breadcrumb\",\"itemListElement\":[{\"@type\":\"ListItem\",\"position\":1,\"name\":\"Home\",\"item\":\"https:\/\/www.erresse-shop.it\/fr\/\"},{\"@type\":\"ListItem\",\"position\":2,\"name\":\"Shop\",\"item\":\"https:\/\/www.erresse-shop.it\/fr\/shop\/\"},{\"@type\":\"ListItem\",\"position\":3,\"name\":\"ILLY 6 Paquets de 18 Capsules IperEspresso Go\u00fbt Intense\"}]},{\"@type\":\"WebSite\",\"@id\":\"https:\/\/www.erresse-shop.it\/fr\/#website\",\"url\":\"https:\/\/www.erresse-shop.it\/fr\/\",\"name\":\"Erresse Shop\",\"description\":\"Articoli di qualit\u00e0 per la casa\",\"potentialAction\":[{\"@type\":\"SearchAction\",\"target\":{\"@type\":\"EntryPoint\",\"urlTemplate\":\"https:\/\/www.erresse-shop.it\/fr\/?s={search_term_string}\"},\"query-input\":\"required name=search_term_string\"}],\"inLanguage\":\"fr-FR\"}]}<\/script>\n<!-- \/ Yoast SEO Premium plugin. -->","yoast_head_json":{"title":"ILLY 6 Paquets de 18 Capsules IperEspresso Go\u00fbt Intense","description":"D\u00e9couvrez ILLY 6 Paquets de 18 Capsules IperEspresso Go\u00fbt Intense sur ErresseShop. Qualit\u00e9, prix r\u00e9duits et achat s\u00e9curis\u00e9 \u2013 commandez d\u00e8s maintenant en ligne !","robots":{"index":"index","follow":"follow","max-snippet":"max-snippet:-1","max-image-preview":"max-image-preview:large","max-video-preview":"max-video-preview:-1"},"canonical":"https:\/\/www.erresse-shop.it\/fr\/shop\/cafe\/dosettes-et-capsules-de-cafe\/illy-6-paquets-de-18-capsules-iperespresso-gout-intense\/","og_locale":"fr_FR","og_type":"article","og_title":"ILLY 6 Paquets de 18 Capsules IperEspresso Go\u00fbt Intense","og_description":"D\u00e9couvrez ILLY 6 Paquets de 18 Capsules IperEspresso Go\u00fbt Intense sur ErresseShop. Qualit\u00e9, prix r\u00e9duits et achat s\u00e9curis\u00e9 \u2013 commandez d\u00e8s maintenant en ligne !","og_url":"https:\/\/www.erresse-shop.it\/fr\/shop\/cafe\/dosettes-et-capsules-de-cafe\/illy-6-paquets-de-18-capsules-iperespresso-gout-intense\/","og_site_name":"Erresse Shop","article_modified_time":"2025-01-13T15:53:40+00:00","og_image":[{"width":800,"height":800,"url":"https:\/\/www.erresse-shop.it\/wp-content\/uploads\/2021\/12\/ILLY-Caffe-Cialde-Intenso.jpg","type":"image\/jpeg"}],"twitter_card":"summary_large_image","schema":{"@context":"https:\/\/schema.org","@graph":[{"@type":"WebPage","@id":"https:\/\/www.erresse-shop.it\/fr\/shop\/cafe\/dosettes-et-capsules-de-cafe\/illy-6-paquets-de-18-capsules-iperespresso-gout-intense\/","url":"https:\/\/www.erresse-shop.it\/fr\/shop\/cafe\/dosettes-et-capsules-de-cafe\/illy-6-paquets-de-18-capsules-iperespresso-gout-intense\/","name":"ILLY 6 Paquets de 18 Capsules IperEspresso Go\u00fbt Intense","isPartOf":{"@id":"https:\/\/www.erresse-shop.it\/fr\/#website"},"datePublished":"2021-12-03T10:34:48+00:00","dateModified":"2025-01-13T15:53:40+00:00","description":"D\u00e9couvrez ILLY 6 Paquets de 18 Capsules IperEspresso Go\u00fbt Intense sur ErresseShop. Qualit\u00e9, prix r\u00e9duits et achat s\u00e9curis\u00e9 \u2013 commandez d\u00e8s maintenant en ligne !","breadcrumb":{"@id":"https:\/\/www.erresse-shop.it\/fr\/shop\/cafe\/dosettes-et-capsules-de-cafe\/illy-6-paquets-de-18-capsules-iperespresso-gout-intense\/#breadcrumb"},"inLanguage":"fr-FR","potentialAction":[{"@type":"ReadAction","target":["https:\/\/www.erresse-shop.it\/fr\/shop\/cafe\/dosettes-et-capsules-de-cafe\/illy-6-paquets-de-18-capsules-iperespresso-gout-intense\/"]}]},{"@type":"BreadcrumbList","@id":"https:\/\/www.erresse-shop.it\/fr\/shop\/cafe\/dosettes-et-capsules-de-cafe\/illy-6-paquets-de-18-capsules-iperespresso-gout-intense\/#breadcrumb","itemListElement":[{"@type":"ListItem","position":1,"name":"Home","item":"https:\/\/www.erresse-shop.it\/fr\/"},{"@type":"ListItem","position":2,"name":"Shop","item":"https:\/\/www.erresse-shop.it\/fr\/shop\/"},{"@type":"ListItem","position":3,"name":"ILLY 6 Paquets de 18 Capsules IperEspresso Go\u00fbt Intense"}]},{"@type":"WebSite","@id":"https:\/\/www.erresse-shop.it\/fr\/#website","url":"https:\/\/www.erresse-shop.it\/fr\/","name":"Erresse Shop","description":"Articoli di qualit\u00e0 per la casa","potentialAction":[{"@type":"SearchAction","target":{"@type":"EntryPoint","urlTemplate":"https:\/\/www.erresse-shop.it\/fr\/?s={search_term_string}"},"query-input":"required name=search_term_string"}],"inLanguage":"fr-FR"}]}},"df_price":59.4,"df_sale_price":59.4,"df_regular_price":59.4,"df_image_link":"https:\/\/www.erresse-shop.it\/wp-content\/uploads\/2021\/12\/ILLY-Caffe-Cialde-Intenso-300x300.jpg","_links":{"self":[{"href":"https:\/\/www.erresse-shop.it\/fr\/wp-json\/wp\/v2\/product\/133812"}],"collection":[{"href":"https:\/\/www.erresse-shop.it\/fr\/wp-json\/wp\/v2\/product"}],"about":[{"href":"https:\/\/www.erresse-shop.it\/fr\/wp-json\/wp\/v2\/types\/product"}],"wp:featuredmedia":[{"embeddable":true,"href":"https:\/\/www.erresse-shop.it\/fr\/wp-json\/wp\/v2\/media\/163936"}],"wp:attachment":[{"href":"https:\/\/www.erresse-shop.it\/fr\/wp-json\/wp\/v2\/media?parent=133812"}],"wp:term":[{"taxonomy":"product_cat","embeddable":true,"href":"https:\/\/www.erresse-shop.it\/fr\/wp-json\/wp\/v2\/product_cat?post=133812"},{"taxonomy":"product_tag","embeddable":true,"href":"https:\/\/www.erresse-shop.it\/fr\/wp-json\/wp\/v2\/product_tag?post=133812"}],"curies":[{"name":"wp","href":"https:\/\/api.w.org\/{rel}","templated":true}]}}