{"id":133726,"date":"2021-12-02T15:03:01","date_gmt":"2021-12-02T15:03:06","guid":{"rendered":"https:\/\/www.erresse-shop.it\/?post_type=product&#038;p=133726"},"modified":"2025-04-16T22:00:07","modified_gmt":"2025-04-16T22:00:07","slug":"instant-pot-multicuiseur-duo-evo-8l","status":"publish","type":"product","link":"https:\/\/www.erresse-shop.it\/fr\/shop\/petits-electromenagers\/robots-de-cuisine\/instant-pot-multicuiseur-duo-evo-8l\/","title":{"rendered":"INSTANT POT Multicuiseur Duo Evo 8L Acier"},"content":{"rendered":"<p>Le multicuiseur Instant Pot Duo\u2122 est le mod\u00e8le le plus populaire en Italie et en Europe.<\/p>\n<p>Non seulement il remplace 7 appareils, mais il acc\u00e9l\u00e8re la cuisson de 2 \u00e0 6 fois et \u00e9conomise jusqu&#8217;\u00e0 70 % de l&#8217;\u00e9nergie utilis\u00e9e dans les m\u00e9thodes de cuisson traditionnelles.<br \/>\nLa gamme Duo\u2122 offre un large \u00e9ventail de programmes intelligents et de fonctionnalit\u00e9s qui r\u00e9volutionnent votre fa\u00e7on de cuisiner.<\/p>\n<p><strong>Le Duo, c&#8217;est 7 appareils en 1 :<\/strong><br \/>\nautocuiseur, sauteuse, cuiseur \u00e0 vapeur, mijoteuse, cuiseur \u00e0 riz, chauffe-plats et yaourti\u00e8re.<\/p>\n<p><strong>14 programmes standard Smart one-touch :<\/strong><\/p>\n<ul>\n<li>soupe\/bouillon<\/li>\n<li>viande\/rago\u00fbt de viande<\/li>\n<li>impulsions<\/li>\n<li>riz<\/li>\n<li>volaille<\/li>\n<li>multigrains<\/li>\n<li>porridge<\/li>\n<li>\u00e0 la vapeur<\/li>\n<li>lente cuisson<\/li>\n<li>friture\/grill<\/li>\n<li>garder la chaleur<\/li>\n<li>yaourt<\/li>\n<li>cuisson sous pression<\/li>\n<li>cuisine classique<\/li>\n<\/ul>\n<p><strong>CARACT\u00c9RISTIQUES TECHNIQUES<\/strong><\/p>\n<ul>\n<li>Capacit\u00e9 8 litres<\/li>\n<li>Puissance 1200W<\/li>\n<li>Alimentation \u00e9lectrique 220V-240V<\/li>\n<li>Mat\u00e9riau Couvercle et pot int\u00e9rieur en acier inoxydable, pot ext\u00e9rieur en acier inoxydable bross\u00e9<\/li>\n<li>Garantie de 2 ans<\/li>\n<\/ul>\n","protected":false},"excerpt":{"rendered":"<p><br data-mce-bogus=\"1\"><\/p>\n","protected":false},"featured_media":133737,"template":"","meta":{"_acf_changed":false,"inline_featured_image":false},"product_cat":[12449,12768],"product_tag":[17931,15610,13004],"acf":[],"yoast_head":"<!-- This site is optimized with the Yoast SEO Premium plugin v18.6 (Yoast SEO v19.13) - https:\/\/yoast.com\/wordpress\/plugins\/seo\/ -->\n<title>INSTANT POT Multicuiseur Duo Evo 8L Acier<\/title>\n<meta name=\"description\" content=\"D\u00e9couvrez INSTANT POT Multicuiseur Duo Evo 8L Acier sur ErresseShop. Qualit\u00e9, prix r\u00e9duits et achat s\u00e9curis\u00e9 \u2013 commandez d\u00e8s maintenant en ligne !\" \/>\n<meta name=\"robots\" content=\"index, follow, max-snippet:-1, max-image-preview:large, max-video-preview:-1\" \/>\n<link rel=\"canonical\" href=\"https:\/\/www.erresse-shop.it\/fr\/shop\/petits-electromenagers\/robots-de-cuisine\/instant-pot-multicuiseur-duo-evo-8l\/\" \/>\n<meta property=\"og:locale\" content=\"fr_FR\" \/>\n<meta property=\"og:type\" content=\"article\" \/>\n<meta property=\"og:title\" content=\"INSTANT POT Multicuiseur Duo Evo 8L Acier\" \/>\n<meta property=\"og:description\" content=\"D\u00e9couvrez INSTANT POT Multicuiseur Duo Evo 8L Acier sur ErresseShop. Qualit\u00e9, prix r\u00e9duits et achat s\u00e9curis\u00e9 \u2013 commandez d\u00e8s maintenant en ligne !\" \/>\n<meta property=\"og:url\" content=\"https:\/\/www.erresse-shop.it\/fr\/shop\/petits-electromenagers\/robots-de-cuisine\/instant-pot-multicuiseur-duo-evo-8l\/\" \/>\n<meta property=\"og:site_name\" content=\"Erresse Shop\" \/>\n<meta property=\"article:modified_time\" content=\"2025-04-16T22:00:07+00:00\" \/>\n<meta property=\"og:image\" content=\"https:\/\/www.erresse-shop.it\/wp-content\/uploads\/2021\/12\/KUNZI-Instant-Pot-Duo-8L.jpg\" \/>\n\t<meta property=\"og:image:width\" content=\"1000\" \/>\n\t<meta property=\"og:image:height\" content=\"1000\" \/>\n\t<meta property=\"og:image:type\" content=\"image\/jpeg\" \/>\n<meta name=\"twitter:card\" content=\"summary_large_image\" \/>\n<script type=\"application\/ld+json\" class=\"yoast-schema-graph\">{\"@context\":\"https:\/\/schema.org\",\"@graph\":[{\"@type\":\"WebPage\",\"@id\":\"https:\/\/www.erresse-shop.it\/fr\/shop\/petits-electromenagers\/robots-de-cuisine\/instant-pot-multicuiseur-duo-evo-8l\/\",\"url\":\"https:\/\/www.erresse-shop.it\/fr\/shop\/petits-electromenagers\/robots-de-cuisine\/instant-pot-multicuiseur-duo-evo-8l\/\",\"name\":\"INSTANT POT Multicuiseur Duo Evo 8L Acier\",\"isPartOf\":{\"@id\":\"https:\/\/www.erresse-shop.it\/fr\/#website\"},\"datePublished\":\"2021-12-02T15:03:06+00:00\",\"dateModified\":\"2025-04-16T22:00:07+00:00\",\"description\":\"D\u00e9couvrez INSTANT POT Multicuiseur Duo Evo 8L Acier sur ErresseShop. Qualit\u00e9, prix r\u00e9duits et achat s\u00e9curis\u00e9 \u2013 commandez d\u00e8s maintenant en ligne !\",\"breadcrumb\":{\"@id\":\"https:\/\/www.erresse-shop.it\/fr\/shop\/petits-electromenagers\/robots-de-cuisine\/instant-pot-multicuiseur-duo-evo-8l\/#breadcrumb\"},\"inLanguage\":\"fr-FR\",\"potentialAction\":[{\"@type\":\"ReadAction\",\"target\":[\"https:\/\/www.erresse-shop.it\/fr\/shop\/petits-electromenagers\/robots-de-cuisine\/instant-pot-multicuiseur-duo-evo-8l\/\"]}]},{\"@type\":\"BreadcrumbList\",\"@id\":\"https:\/\/www.erresse-shop.it\/fr\/shop\/petits-electromenagers\/robots-de-cuisine\/instant-pot-multicuiseur-duo-evo-8l\/#breadcrumb\",\"itemListElement\":[{\"@type\":\"ListItem\",\"position\":1,\"name\":\"Home\",\"item\":\"https:\/\/www.erresse-shop.it\/fr\/\"},{\"@type\":\"ListItem\",\"position\":2,\"name\":\"Shop\",\"item\":\"https:\/\/www.erresse-shop.it\/fr\/shop\/\"},{\"@type\":\"ListItem\",\"position\":3,\"name\":\"INSTANT POT Multicuiseur Duo Evo 8L Acier\"}]},{\"@type\":\"WebSite\",\"@id\":\"https:\/\/www.erresse-shop.it\/fr\/#website\",\"url\":\"https:\/\/www.erresse-shop.it\/fr\/\",\"name\":\"Erresse Shop\",\"description\":\"Articoli di qualit\u00e0 per la casa\",\"potentialAction\":[{\"@type\":\"SearchAction\",\"target\":{\"@type\":\"EntryPoint\",\"urlTemplate\":\"https:\/\/www.erresse-shop.it\/fr\/?s={search_term_string}\"},\"query-input\":\"required name=search_term_string\"}],\"inLanguage\":\"fr-FR\"}]}<\/script>\n<!-- \/ Yoast SEO Premium plugin. -->","yoast_head_json":{"title":"INSTANT POT Multicuiseur Duo Evo 8L Acier","description":"D\u00e9couvrez INSTANT POT Multicuiseur Duo Evo 8L Acier sur ErresseShop. Qualit\u00e9, prix r\u00e9duits et achat s\u00e9curis\u00e9 \u2013 commandez d\u00e8s maintenant en ligne !","robots":{"index":"index","follow":"follow","max-snippet":"max-snippet:-1","max-image-preview":"max-image-preview:large","max-video-preview":"max-video-preview:-1"},"canonical":"https:\/\/www.erresse-shop.it\/fr\/shop\/petits-electromenagers\/robots-de-cuisine\/instant-pot-multicuiseur-duo-evo-8l\/","og_locale":"fr_FR","og_type":"article","og_title":"INSTANT POT Multicuiseur Duo Evo 8L Acier","og_description":"D\u00e9couvrez INSTANT POT Multicuiseur Duo Evo 8L Acier sur ErresseShop. Qualit\u00e9, prix r\u00e9duits et achat s\u00e9curis\u00e9 \u2013 commandez d\u00e8s maintenant en ligne !","og_url":"https:\/\/www.erresse-shop.it\/fr\/shop\/petits-electromenagers\/robots-de-cuisine\/instant-pot-multicuiseur-duo-evo-8l\/","og_site_name":"Erresse Shop","article_modified_time":"2025-04-16T22:00:07+00:00","og_image":[{"width":1000,"height":1000,"url":"https:\/\/www.erresse-shop.it\/wp-content\/uploads\/2021\/12\/KUNZI-Instant-Pot-Duo-8L.jpg","type":"image\/jpeg"}],"twitter_card":"summary_large_image","schema":{"@context":"https:\/\/schema.org","@graph":[{"@type":"WebPage","@id":"https:\/\/www.erresse-shop.it\/fr\/shop\/petits-electromenagers\/robots-de-cuisine\/instant-pot-multicuiseur-duo-evo-8l\/","url":"https:\/\/www.erresse-shop.it\/fr\/shop\/petits-electromenagers\/robots-de-cuisine\/instant-pot-multicuiseur-duo-evo-8l\/","name":"INSTANT POT Multicuiseur Duo Evo 8L Acier","isPartOf":{"@id":"https:\/\/www.erresse-shop.it\/fr\/#website"},"datePublished":"2021-12-02T15:03:06+00:00","dateModified":"2025-04-16T22:00:07+00:00","description":"D\u00e9couvrez INSTANT POT Multicuiseur Duo Evo 8L Acier sur ErresseShop. Qualit\u00e9, prix r\u00e9duits et achat s\u00e9curis\u00e9 \u2013 commandez d\u00e8s maintenant en ligne !","breadcrumb":{"@id":"https:\/\/www.erresse-shop.it\/fr\/shop\/petits-electromenagers\/robots-de-cuisine\/instant-pot-multicuiseur-duo-evo-8l\/#breadcrumb"},"inLanguage":"fr-FR","potentialAction":[{"@type":"ReadAction","target":["https:\/\/www.erresse-shop.it\/fr\/shop\/petits-electromenagers\/robots-de-cuisine\/instant-pot-multicuiseur-duo-evo-8l\/"]}]},{"@type":"BreadcrumbList","@id":"https:\/\/www.erresse-shop.it\/fr\/shop\/petits-electromenagers\/robots-de-cuisine\/instant-pot-multicuiseur-duo-evo-8l\/#breadcrumb","itemListElement":[{"@type":"ListItem","position":1,"name":"Home","item":"https:\/\/www.erresse-shop.it\/fr\/"},{"@type":"ListItem","position":2,"name":"Shop","item":"https:\/\/www.erresse-shop.it\/fr\/shop\/"},{"@type":"ListItem","position":3,"name":"INSTANT POT Multicuiseur Duo Evo 8L Acier"}]},{"@type":"WebSite","@id":"https:\/\/www.erresse-shop.it\/fr\/#website","url":"https:\/\/www.erresse-shop.it\/fr\/","name":"Erresse Shop","description":"Articoli di qualit\u00e0 per la casa","potentialAction":[{"@type":"SearchAction","target":{"@type":"EntryPoint","urlTemplate":"https:\/\/www.erresse-shop.it\/fr\/?s={search_term_string}"},"query-input":"required name=search_term_string"}],"inLanguage":"fr-FR"}]}},"df_price":97.4925,"df_sale_price":97.4925,"df_regular_price":129.99,"df_image_link":"https:\/\/www.erresse-shop.it\/wp-content\/uploads\/2021\/12\/KUNZI-Instant-Pot-Duo-8L-300x300.jpg","_links":{"self":[{"href":"https:\/\/www.erresse-shop.it\/fr\/wp-json\/wp\/v2\/product\/133726"}],"collection":[{"href":"https:\/\/www.erresse-shop.it\/fr\/wp-json\/wp\/v2\/product"}],"about":[{"href":"https:\/\/www.erresse-shop.it\/fr\/wp-json\/wp\/v2\/types\/product"}],"wp:featuredmedia":[{"embeddable":true,"href":"https:\/\/www.erresse-shop.it\/fr\/wp-json\/wp\/v2\/media\/133737"}],"wp:attachment":[{"href":"https:\/\/www.erresse-shop.it\/fr\/wp-json\/wp\/v2\/media?parent=133726"}],"wp:term":[{"taxonomy":"product_cat","embeddable":true,"href":"https:\/\/www.erresse-shop.it\/fr\/wp-json\/wp\/v2\/product_cat?post=133726"},{"taxonomy":"product_tag","embeddable":true,"href":"https:\/\/www.erresse-shop.it\/fr\/wp-json\/wp\/v2\/product_tag?post=133726"}],"curies":[{"name":"wp","href":"https:\/\/api.w.org\/{rel}","templated":true}]}}