{"id":133667,"date":"2021-12-02T14:28:45","date_gmt":"2021-12-02T14:28:48","guid":{"rendered":"https:\/\/www.erresse-shop.it\/?post_type=product&#038;p=133667"},"modified":"2025-01-13T15:53:33","modified_gmt":"2025-01-13T15:53:33","slug":"instant-pot-multicuiseur-duo-evo-plus-5-7l","status":"publish","type":"product","link":"https:\/\/www.erresse-shop.it\/fr\/shop\/petits-electromenagers\/robots-de-cuisine\/instant-pot-multicuiseur-duo-evo-plus-5-7l\/","title":{"rendered":"INSTANT POT Multicuiseur Duo Evo Plus 5.7L Acier"},"content":{"rendered":"<p>Le multicuiseur Instant Pot Duo Evo Plus\u2122 est le mod\u00e8le le plus populaire en Italie et en Europe.<\/p>\n<p><strong>Le Duo, c&#8217;est 10 appareils en 1 :<\/strong><br \/>\nFacile \u00e0 utiliser, facile \u00e0 nettoyer, rapide et polyvalent, avec une capacit\u00e9 id\u00e9ale pour la famille ou les invit\u00e9s. Il remplace 10 appareils en un et dispose de 48 programmes pour des d\u00eeners savoureux avec des temps de cuisson jusqu&#8217;\u00e0 70% plus rapides que les m\u00e9thodes traditionnelles. Le grand \u00e9cran LCD vous donne tout ce que vous avez besoin de savoir sur le temps de cuisson, la temp\u00e9rature, la pression et l&#8217;\u00e9tat. Les boutons vous permettent de s\u00e9lectionner un programme intelligent adapt\u00e9 \u00e0 vos besoins et la simple molette centrale vous permet de faire d\u00e9filer les options pour trouver la bonne pr\u00e9s\u00e9lection ou de personnaliser l&#8217;heure et la temp\u00e9rature.<\/p>\n<p><strong>CARACT\u00c9RISTIQUES TECHNIQUES<\/strong><br \/>\nAutocuiseur, cuiseur \u00e0 riz, mijoteuse, yaourti\u00e8re, cuiseur vapeur, sous vide, sauteuse, chafing dish, appareil \u00e0 tarte et pot classique.<\/p>\n<ul>\n<li><strong>Mat\u00e9riau :<\/strong> Couvercle et pot int\u00e9rieur en acier inoxydable, pot ext\u00e9rieur en acier inoxydable bross\u00e9.<\/li>\n<li>48 programmes pr\u00e9\u00e9tablis<\/li>\n<li><strong>L\u00e9gumes :<\/strong> asperges, haricots, brocolis, choux de Bruxelles, choux, choux-fleurs, citrouilles, carottes, ma\u00efs et pommes de terre.<\/li>\n<li><strong>Viande et \u0153ufs :<\/strong> b\u0153uf, poulet, agneau, porc et \u0153ufs.<\/li>\n<li><strong>L\u00e9gumineuses :<\/strong> haricots, lentilles, pois, pois chiches, soja, f\u00e8ves.<\/li>\n<li><strong>Poissons :<\/strong> moules, crevettes, fruits de mer<\/li>\n<li><strong>Riz et c\u00e9r\u00e9ales :<\/strong> riz blanc, riz brun, risotto, bl\u00e9, quinoa, flocons d&#8217;avoine et bouillie.<\/li>\n<li><strong>Capacit\u00e9 :<\/strong> 5,7 L<\/li>\n<li><strong>Puissance :<\/strong> 1200W<\/li>\n<li><strong>Alimentation \u00e9lectrique :<\/strong> 220V<\/li>\n<li>9 programmes standard Smart one-touch\n<ul>\n<li>cuisson sous pression<\/li>\n<li>riz\/c\u00e9r\u00e9ales<\/li>\n<li>cuisson \u00e0 la vapeur<\/li>\n<li>saut\u00e9\/grill\u00e9<\/li>\n<li>lente cuisson<\/li>\n<li>sous vide<\/li>\n<li>yaourt<\/li>\n<li>tartes<\/li>\n<li>garder la chaleur<\/li>\n<\/ul>\n<\/li>\n<\/ul>\n","protected":false},"excerpt":{"rendered":"<p><br data-mce-bogus=\"1\"><\/p>\n","protected":false},"featured_media":135741,"template":"","meta":{"_acf_changed":false,"inline_featured_image":false},"product_cat":[12449,12768],"product_tag":[17931,15610,17939,13178,12468,13004],"acf":[],"yoast_head":"<!-- This site is optimized with the Yoast SEO Premium plugin v18.6 (Yoast SEO v19.13) - https:\/\/yoast.com\/wordpress\/plugins\/seo\/ -->\n<title>INSTANT POT Multicuiseur Duo Evo Plus 5.7L Acier<\/title>\n<meta name=\"description\" content=\"D\u00e9couvrez INSTANT POT Multicuiseur Duo Evo Plus 5.7L Acier sur ErresseShop. Qualit\u00e9, prix r\u00e9duits et achat s\u00e9curis\u00e9 \u2013 commandez d\u00e8s maintenant en ligne !\" \/>\n<meta name=\"robots\" content=\"index, follow, max-snippet:-1, max-image-preview:large, max-video-preview:-1\" \/>\n<link rel=\"canonical\" href=\"https:\/\/www.erresse-shop.it\/fr\/shop\/petits-electromenagers\/robots-de-cuisine\/instant-pot-multicuiseur-duo-evo-plus-5-7l\/\" \/>\n<meta property=\"og:locale\" content=\"fr_FR\" \/>\n<meta property=\"og:type\" content=\"article\" \/>\n<meta property=\"og:title\" content=\"INSTANT POT Multicuiseur Duo Evo Plus 5.7L Acier\" \/>\n<meta property=\"og:description\" content=\"D\u00e9couvrez INSTANT POT Multicuiseur Duo Evo Plus 5.7L Acier sur ErresseShop. Qualit\u00e9, prix r\u00e9duits et achat s\u00e9curis\u00e9 \u2013 commandez d\u00e8s maintenant en ligne !\" \/>\n<meta property=\"og:url\" content=\"https:\/\/www.erresse-shop.it\/fr\/shop\/petits-electromenagers\/robots-de-cuisine\/instant-pot-multicuiseur-duo-evo-plus-5-7l\/\" \/>\n<meta property=\"og:site_name\" content=\"Erresse Shop\" \/>\n<meta property=\"article:modified_time\" content=\"2025-01-13T15:53:33+00:00\" \/>\n<meta property=\"og:image\" content=\"https:\/\/www.erresse-shop.it\/wp-content\/uploads\/2021\/12\/INSTANT-POT-Multicooker-Duo-Evo-Plus.jpg\" \/>\n\t<meta property=\"og:image:width\" content=\"1000\" \/>\n\t<meta property=\"og:image:height\" content=\"1000\" \/>\n\t<meta property=\"og:image:type\" content=\"image\/jpeg\" \/>\n<meta name=\"twitter:card\" content=\"summary_large_image\" \/>\n<script type=\"application\/ld+json\" class=\"yoast-schema-graph\">{\"@context\":\"https:\/\/schema.org\",\"@graph\":[{\"@type\":\"WebPage\",\"@id\":\"https:\/\/www.erresse-shop.it\/fr\/shop\/petits-electromenagers\/robots-de-cuisine\/instant-pot-multicuiseur-duo-evo-plus-5-7l\/\",\"url\":\"https:\/\/www.erresse-shop.it\/fr\/shop\/petits-electromenagers\/robots-de-cuisine\/instant-pot-multicuiseur-duo-evo-plus-5-7l\/\",\"name\":\"INSTANT POT Multicuiseur Duo Evo Plus 5.7L Acier\",\"isPartOf\":{\"@id\":\"https:\/\/www.erresse-shop.it\/fr\/#website\"},\"datePublished\":\"2021-12-02T14:28:48+00:00\",\"dateModified\":\"2025-01-13T15:53:33+00:00\",\"description\":\"D\u00e9couvrez INSTANT POT Multicuiseur Duo Evo Plus 5.7L Acier sur ErresseShop. Qualit\u00e9, prix r\u00e9duits et achat s\u00e9curis\u00e9 \u2013 commandez d\u00e8s maintenant en ligne !\",\"breadcrumb\":{\"@id\":\"https:\/\/www.erresse-shop.it\/fr\/shop\/petits-electromenagers\/robots-de-cuisine\/instant-pot-multicuiseur-duo-evo-plus-5-7l\/#breadcrumb\"},\"inLanguage\":\"fr-FR\",\"potentialAction\":[{\"@type\":\"ReadAction\",\"target\":[\"https:\/\/www.erresse-shop.it\/fr\/shop\/petits-electromenagers\/robots-de-cuisine\/instant-pot-multicuiseur-duo-evo-plus-5-7l\/\"]}]},{\"@type\":\"BreadcrumbList\",\"@id\":\"https:\/\/www.erresse-shop.it\/fr\/shop\/petits-electromenagers\/robots-de-cuisine\/instant-pot-multicuiseur-duo-evo-plus-5-7l\/#breadcrumb\",\"itemListElement\":[{\"@type\":\"ListItem\",\"position\":1,\"name\":\"Home\",\"item\":\"https:\/\/www.erresse-shop.it\/fr\/\"},{\"@type\":\"ListItem\",\"position\":2,\"name\":\"Shop\",\"item\":\"https:\/\/www.erresse-shop.it\/fr\/shop\/\"},{\"@type\":\"ListItem\",\"position\":3,\"name\":\"INSTANT POT Multicuiseur Duo Evo Plus 5.7L Acier\"}]},{\"@type\":\"WebSite\",\"@id\":\"https:\/\/www.erresse-shop.it\/fr\/#website\",\"url\":\"https:\/\/www.erresse-shop.it\/fr\/\",\"name\":\"Erresse Shop\",\"description\":\"Articoli di qualit\u00e0 per la casa\",\"potentialAction\":[{\"@type\":\"SearchAction\",\"target\":{\"@type\":\"EntryPoint\",\"urlTemplate\":\"https:\/\/www.erresse-shop.it\/fr\/?s={search_term_string}\"},\"query-input\":\"required name=search_term_string\"}],\"inLanguage\":\"fr-FR\"}]}<\/script>\n<!-- \/ Yoast SEO Premium plugin. -->","yoast_head_json":{"title":"INSTANT POT Multicuiseur Duo Evo Plus 5.7L Acier","description":"D\u00e9couvrez INSTANT POT Multicuiseur Duo Evo Plus 5.7L Acier sur ErresseShop. Qualit\u00e9, prix r\u00e9duits et achat s\u00e9curis\u00e9 \u2013 commandez d\u00e8s maintenant en ligne !","robots":{"index":"index","follow":"follow","max-snippet":"max-snippet:-1","max-image-preview":"max-image-preview:large","max-video-preview":"max-video-preview:-1"},"canonical":"https:\/\/www.erresse-shop.it\/fr\/shop\/petits-electromenagers\/robots-de-cuisine\/instant-pot-multicuiseur-duo-evo-plus-5-7l\/","og_locale":"fr_FR","og_type":"article","og_title":"INSTANT POT Multicuiseur Duo Evo Plus 5.7L Acier","og_description":"D\u00e9couvrez INSTANT POT Multicuiseur Duo Evo Plus 5.7L Acier sur ErresseShop. Qualit\u00e9, prix r\u00e9duits et achat s\u00e9curis\u00e9 \u2013 commandez d\u00e8s maintenant en ligne !","og_url":"https:\/\/www.erresse-shop.it\/fr\/shop\/petits-electromenagers\/robots-de-cuisine\/instant-pot-multicuiseur-duo-evo-plus-5-7l\/","og_site_name":"Erresse Shop","article_modified_time":"2025-01-13T15:53:33+00:00","og_image":[{"width":1000,"height":1000,"url":"https:\/\/www.erresse-shop.it\/wp-content\/uploads\/2021\/12\/INSTANT-POT-Multicooker-Duo-Evo-Plus.jpg","type":"image\/jpeg"}],"twitter_card":"summary_large_image","schema":{"@context":"https:\/\/schema.org","@graph":[{"@type":"WebPage","@id":"https:\/\/www.erresse-shop.it\/fr\/shop\/petits-electromenagers\/robots-de-cuisine\/instant-pot-multicuiseur-duo-evo-plus-5-7l\/","url":"https:\/\/www.erresse-shop.it\/fr\/shop\/petits-electromenagers\/robots-de-cuisine\/instant-pot-multicuiseur-duo-evo-plus-5-7l\/","name":"INSTANT POT Multicuiseur Duo Evo Plus 5.7L Acier","isPartOf":{"@id":"https:\/\/www.erresse-shop.it\/fr\/#website"},"datePublished":"2021-12-02T14:28:48+00:00","dateModified":"2025-01-13T15:53:33+00:00","description":"D\u00e9couvrez INSTANT POT Multicuiseur Duo Evo Plus 5.7L Acier sur ErresseShop. Qualit\u00e9, prix r\u00e9duits et achat s\u00e9curis\u00e9 \u2013 commandez d\u00e8s maintenant en ligne !","breadcrumb":{"@id":"https:\/\/www.erresse-shop.it\/fr\/shop\/petits-electromenagers\/robots-de-cuisine\/instant-pot-multicuiseur-duo-evo-plus-5-7l\/#breadcrumb"},"inLanguage":"fr-FR","potentialAction":[{"@type":"ReadAction","target":["https:\/\/www.erresse-shop.it\/fr\/shop\/petits-electromenagers\/robots-de-cuisine\/instant-pot-multicuiseur-duo-evo-plus-5-7l\/"]}]},{"@type":"BreadcrumbList","@id":"https:\/\/www.erresse-shop.it\/fr\/shop\/petits-electromenagers\/robots-de-cuisine\/instant-pot-multicuiseur-duo-evo-plus-5-7l\/#breadcrumb","itemListElement":[{"@type":"ListItem","position":1,"name":"Home","item":"https:\/\/www.erresse-shop.it\/fr\/"},{"@type":"ListItem","position":2,"name":"Shop","item":"https:\/\/www.erresse-shop.it\/fr\/shop\/"},{"@type":"ListItem","position":3,"name":"INSTANT POT Multicuiseur Duo Evo Plus 5.7L Acier"}]},{"@type":"WebSite","@id":"https:\/\/www.erresse-shop.it\/fr\/#website","url":"https:\/\/www.erresse-shop.it\/fr\/","name":"Erresse Shop","description":"Articoli di qualit\u00e0 per la casa","potentialAction":[{"@type":"SearchAction","target":{"@type":"EntryPoint","urlTemplate":"https:\/\/www.erresse-shop.it\/fr\/?s={search_term_string}"},"query-input":"required name=search_term_string"}],"inLanguage":"fr-FR"}]}},"df_price":142.4925,"df_sale_price":142.4925,"df_regular_price":189.99,"df_image_link":"https:\/\/www.erresse-shop.it\/wp-content\/uploads\/2021\/12\/INSTANT-POT-Multicooker-Duo-Evo-Plus-300x300.jpg","_links":{"self":[{"href":"https:\/\/www.erresse-shop.it\/fr\/wp-json\/wp\/v2\/product\/133667"}],"collection":[{"href":"https:\/\/www.erresse-shop.it\/fr\/wp-json\/wp\/v2\/product"}],"about":[{"href":"https:\/\/www.erresse-shop.it\/fr\/wp-json\/wp\/v2\/types\/product"}],"wp:featuredmedia":[{"embeddable":true,"href":"https:\/\/www.erresse-shop.it\/fr\/wp-json\/wp\/v2\/media\/135741"}],"wp:attachment":[{"href":"https:\/\/www.erresse-shop.it\/fr\/wp-json\/wp\/v2\/media?parent=133667"}],"wp:term":[{"taxonomy":"product_cat","embeddable":true,"href":"https:\/\/www.erresse-shop.it\/fr\/wp-json\/wp\/v2\/product_cat?post=133667"},{"taxonomy":"product_tag","embeddable":true,"href":"https:\/\/www.erresse-shop.it\/fr\/wp-json\/wp\/v2\/product_tag?post=133667"}],"curies":[{"name":"wp","href":"https:\/\/api.w.org\/{rel}","templated":true}]}}