{"id":133069,"date":"2021-12-01T11:09:08","date_gmt":"2021-12-01T11:09:20","guid":{"rendered":"https:\/\/www.erresse-shop.it\/?post_type=product&#038;p=133069"},"modified":"2025-02-26T13:35:02","modified_gmt":"2025-02-26T13:35:02","slug":"portmeirion-botanic-garden-exotic-set-4-napperons","status":"publish","type":"product","link":"https:\/\/www.erresse-shop.it\/fr\/shop\/table-fr-2\/plateaux\/portmeirion-botanic-garden-exotic-set-4-napperons\/","title":{"rendered":"PORTMEIRION Botanic Garden Exotic Set 4 Napperons"},"content":{"rendered":"<p>Nos sets de table de qualit\u00e9 utilisent du papier cartonn\u00e9 de 5 mm surmont\u00e9 d&#8217;une impression artistique unique et exclusive. Chacun est enti\u00e8rement scell\u00e9 avec un rev\u00eatement de haute qualit\u00e9 qui r\u00e9siste \u00e0 la fois aux taches et \u00e0 la chaleur jusqu&#8217;\u00e0 100\u00b0C. Le set de table est ensuite termin\u00e9 par un support en li\u00e8ge.<\/p>\n<p>Classique intemporel, <strong>Botanic Garden<\/strong> est la collection la plus connue de la c\u00e9ramique britannique. De magnifiques motifs floraux et des papillons saisissants rendent les occasions quotidiennes sp\u00e9ciales, apportant du plaisir dans notre style de vie moderne. <strong>Botanic Garden<\/strong> contient un large \u00e9ventail de pi\u00e8ces, \u00e0 utiliser \u00e0 l&#8217;int\u00e9rieur et \u00e0 l&#8217;ext\u00e9rieur de la maison. Embrassez la magie naturelle et d\u00e9couvrez votre propre jardin secret.<\/p>\n<p><strong>Portmeirion<\/strong> a \u00e9t\u00e9 fond\u00e9 en 1960 par la l\u00e9gendaire cr\u00e9atrice de poteries <strong>Susan Williams-Ellis<\/strong> et son mari <strong>Euan Cooper-Willis<\/strong>.<br \/>\nAvec pr\u00e8s de cinquante ans de cr\u00e9ativit\u00e9, la contribution de Susan Williams-Ellis au style de design britannique, aux poteries Portmeirion et \u00e0 l&#8217;industrie c\u00e9ramique britannique est incommensurable et la place fermement en compagnie d&#8217;un petit groupe de grands et c\u00e9l\u00e8bres designers c\u00e9ramiques du 20e si\u00e8cle. Sa philosophie selon laquelle la vaisselle doit \u00eatre \u00e0 la fois belle et pratique continuera d&#8217;impr\u00e9gner les valeurs du design de Portmeirion et de d\u00e9terminer le succ\u00e8s de l&#8217;entreprise qu&#8217;elle a cr\u00e9\u00e9e.<\/p>\n<p>Peut aller au lave-vaisselle, au cong\u00e9lateur, au micro-ondes et au four jusqu&#8217;\u00e0 170\u00b0C.<\/p>\n<p><strong>Dimensions (L x H x P) =<\/strong> 40,1 x 0,58 x 20,8 cm<\/p>\n","protected":false},"excerpt":{"rendered":"<p>Nos sets de table de qualit\u00e9 utilisent du papier cartonn\u00e9 de 5 mm surmont\u00e9 d&#8217;une impression artistique unique et exclusive.<\/p>\n","protected":false},"featured_media":133085,"template":"","meta":{"_acf_changed":false,"inline_featured_image":false},"product_cat":[12792,12782],"product_tag":[23910,14588,13499,24603],"acf":[],"yoast_head":"<!-- This site is optimized with the Yoast SEO Premium plugin v18.6 (Yoast SEO v19.13) - https:\/\/yoast.com\/wordpress\/plugins\/seo\/ -->\n<title>PORTMEIRION Botanic Garden Exotic Set 4 Napperons<\/title>\n<meta name=\"description\" content=\"D\u00e9couvrez PORTMEIRION Botanic Garden Exotic Set 4 Napperons sur ErresseShop. Qualit\u00e9, prix r\u00e9duits et achat s\u00e9curis\u00e9 \u2013 commandez d\u00e8s maintenant en ligne !\" \/>\n<meta name=\"robots\" content=\"index, follow, max-snippet:-1, max-image-preview:large, max-video-preview:-1\" \/>\n<link rel=\"canonical\" href=\"https:\/\/www.erresse-shop.it\/fr\/shop\/table-fr-2\/plateaux\/portmeirion-botanic-garden-exotic-set-4-napperons\/\" \/>\n<meta property=\"og:locale\" content=\"fr_FR\" \/>\n<meta property=\"og:type\" content=\"article\" \/>\n<meta property=\"og:title\" content=\"PORTMEIRION Botanic Garden Exotic Set 4 Napperons\" \/>\n<meta property=\"og:description\" content=\"D\u00e9couvrez PORTMEIRION Botanic Garden Exotic Set 4 Napperons sur ErresseShop. Qualit\u00e9, prix r\u00e9duits et achat s\u00e9curis\u00e9 \u2013 commandez d\u00e8s maintenant en ligne !\" \/>\n<meta property=\"og:url\" content=\"https:\/\/www.erresse-shop.it\/fr\/shop\/table-fr-2\/plateaux\/portmeirion-botanic-garden-exotic-set-4-napperons\/\" \/>\n<meta property=\"og:site_name\" content=\"Erresse Shop\" \/>\n<meta property=\"article:modified_time\" content=\"2025-02-26T13:35:02+00:00\" \/>\n<meta property=\"og:image\" content=\"https:\/\/www.erresse-shop.it\/wp-content\/uploads\/2021\/12\/PORTMEIRION-Exotic-Botanic-Garden-Set-4-Tovagliette-in-Legno.jpg\" \/>\n\t<meta property=\"og:image:width\" content=\"792\" \/>\n\t<meta property=\"og:image:height\" content=\"620\" \/>\n\t<meta property=\"og:image:type\" content=\"image\/jpeg\" \/>\n<meta name=\"twitter:card\" content=\"summary_large_image\" \/>\n<script type=\"application\/ld+json\" class=\"yoast-schema-graph\">{\"@context\":\"https:\/\/schema.org\",\"@graph\":[{\"@type\":\"WebPage\",\"@id\":\"https:\/\/www.erresse-shop.it\/fr\/shop\/table-fr-2\/plateaux\/portmeirion-botanic-garden-exotic-set-4-napperons\/\",\"url\":\"https:\/\/www.erresse-shop.it\/fr\/shop\/table-fr-2\/plateaux\/portmeirion-botanic-garden-exotic-set-4-napperons\/\",\"name\":\"PORTMEIRION Botanic Garden Exotic Set 4 Napperons\",\"isPartOf\":{\"@id\":\"https:\/\/www.erresse-shop.it\/fr\/#website\"},\"datePublished\":\"2021-12-01T11:09:20+00:00\",\"dateModified\":\"2025-02-26T13:35:02+00:00\",\"description\":\"D\u00e9couvrez PORTMEIRION Botanic Garden Exotic Set 4 Napperons sur ErresseShop. Qualit\u00e9, prix r\u00e9duits et achat s\u00e9curis\u00e9 \u2013 commandez d\u00e8s maintenant en ligne !\",\"breadcrumb\":{\"@id\":\"https:\/\/www.erresse-shop.it\/fr\/shop\/table-fr-2\/plateaux\/portmeirion-botanic-garden-exotic-set-4-napperons\/#breadcrumb\"},\"inLanguage\":\"fr-FR\",\"potentialAction\":[{\"@type\":\"ReadAction\",\"target\":[\"https:\/\/www.erresse-shop.it\/fr\/shop\/table-fr-2\/plateaux\/portmeirion-botanic-garden-exotic-set-4-napperons\/\"]}]},{\"@type\":\"BreadcrumbList\",\"@id\":\"https:\/\/www.erresse-shop.it\/fr\/shop\/table-fr-2\/plateaux\/portmeirion-botanic-garden-exotic-set-4-napperons\/#breadcrumb\",\"itemListElement\":[{\"@type\":\"ListItem\",\"position\":1,\"name\":\"Home\",\"item\":\"https:\/\/www.erresse-shop.it\/fr\/\"},{\"@type\":\"ListItem\",\"position\":2,\"name\":\"Shop\",\"item\":\"https:\/\/www.erresse-shop.it\/fr\/shop\/\"},{\"@type\":\"ListItem\",\"position\":3,\"name\":\"PORTMEIRION Botanic Garden Exotic Set 4 Napperons\"}]},{\"@type\":\"WebSite\",\"@id\":\"https:\/\/www.erresse-shop.it\/fr\/#website\",\"url\":\"https:\/\/www.erresse-shop.it\/fr\/\",\"name\":\"Erresse Shop\",\"description\":\"Articoli di qualit\u00e0 per la casa\",\"potentialAction\":[{\"@type\":\"SearchAction\",\"target\":{\"@type\":\"EntryPoint\",\"urlTemplate\":\"https:\/\/www.erresse-shop.it\/fr\/?s={search_term_string}\"},\"query-input\":\"required name=search_term_string\"}],\"inLanguage\":\"fr-FR\"}]}<\/script>\n<!-- \/ Yoast SEO Premium plugin. -->","yoast_head_json":{"title":"PORTMEIRION Botanic Garden Exotic Set 4 Napperons","description":"D\u00e9couvrez PORTMEIRION Botanic Garden Exotic Set 4 Napperons sur ErresseShop. Qualit\u00e9, prix r\u00e9duits et achat s\u00e9curis\u00e9 \u2013 commandez d\u00e8s maintenant en ligne !","robots":{"index":"index","follow":"follow","max-snippet":"max-snippet:-1","max-image-preview":"max-image-preview:large","max-video-preview":"max-video-preview:-1"},"canonical":"https:\/\/www.erresse-shop.it\/fr\/shop\/table-fr-2\/plateaux\/portmeirion-botanic-garden-exotic-set-4-napperons\/","og_locale":"fr_FR","og_type":"article","og_title":"PORTMEIRION Botanic Garden Exotic Set 4 Napperons","og_description":"D\u00e9couvrez PORTMEIRION Botanic Garden Exotic Set 4 Napperons sur ErresseShop. Qualit\u00e9, prix r\u00e9duits et achat s\u00e9curis\u00e9 \u2013 commandez d\u00e8s maintenant en ligne !","og_url":"https:\/\/www.erresse-shop.it\/fr\/shop\/table-fr-2\/plateaux\/portmeirion-botanic-garden-exotic-set-4-napperons\/","og_site_name":"Erresse Shop","article_modified_time":"2025-02-26T13:35:02+00:00","og_image":[{"width":792,"height":620,"url":"https:\/\/www.erresse-shop.it\/wp-content\/uploads\/2021\/12\/PORTMEIRION-Exotic-Botanic-Garden-Set-4-Tovagliette-in-Legno.jpg","type":"image\/jpeg"}],"twitter_card":"summary_large_image","schema":{"@context":"https:\/\/schema.org","@graph":[{"@type":"WebPage","@id":"https:\/\/www.erresse-shop.it\/fr\/shop\/table-fr-2\/plateaux\/portmeirion-botanic-garden-exotic-set-4-napperons\/","url":"https:\/\/www.erresse-shop.it\/fr\/shop\/table-fr-2\/plateaux\/portmeirion-botanic-garden-exotic-set-4-napperons\/","name":"PORTMEIRION Botanic Garden Exotic Set 4 Napperons","isPartOf":{"@id":"https:\/\/www.erresse-shop.it\/fr\/#website"},"datePublished":"2021-12-01T11:09:20+00:00","dateModified":"2025-02-26T13:35:02+00:00","description":"D\u00e9couvrez PORTMEIRION Botanic Garden Exotic Set 4 Napperons sur ErresseShop. Qualit\u00e9, prix r\u00e9duits et achat s\u00e9curis\u00e9 \u2013 commandez d\u00e8s maintenant en ligne !","breadcrumb":{"@id":"https:\/\/www.erresse-shop.it\/fr\/shop\/table-fr-2\/plateaux\/portmeirion-botanic-garden-exotic-set-4-napperons\/#breadcrumb"},"inLanguage":"fr-FR","potentialAction":[{"@type":"ReadAction","target":["https:\/\/www.erresse-shop.it\/fr\/shop\/table-fr-2\/plateaux\/portmeirion-botanic-garden-exotic-set-4-napperons\/"]}]},{"@type":"BreadcrumbList","@id":"https:\/\/www.erresse-shop.it\/fr\/shop\/table-fr-2\/plateaux\/portmeirion-botanic-garden-exotic-set-4-napperons\/#breadcrumb","itemListElement":[{"@type":"ListItem","position":1,"name":"Home","item":"https:\/\/www.erresse-shop.it\/fr\/"},{"@type":"ListItem","position":2,"name":"Shop","item":"https:\/\/www.erresse-shop.it\/fr\/shop\/"},{"@type":"ListItem","position":3,"name":"PORTMEIRION Botanic Garden Exotic Set 4 Napperons"}]},{"@type":"WebSite","@id":"https:\/\/www.erresse-shop.it\/fr\/#website","url":"https:\/\/www.erresse-shop.it\/fr\/","name":"Erresse Shop","description":"Articoli di qualit\u00e0 per la casa","potentialAction":[{"@type":"SearchAction","target":{"@type":"EntryPoint","urlTemplate":"https:\/\/www.erresse-shop.it\/fr\/?s={search_term_string}"},"query-input":"required name=search_term_string"}],"inLanguage":"fr-FR"}]}},"df_price":30.03,"df_sale_price":30.03,"df_regular_price":46.2,"df_image_link":"https:\/\/www.erresse-shop.it\/wp-content\/uploads\/2021\/12\/PORTMEIRION-Exotic-Botanic-Garden-Set-4-Tovagliette-in-Legno-300x235.jpg","_links":{"self":[{"href":"https:\/\/www.erresse-shop.it\/fr\/wp-json\/wp\/v2\/product\/133069"}],"collection":[{"href":"https:\/\/www.erresse-shop.it\/fr\/wp-json\/wp\/v2\/product"}],"about":[{"href":"https:\/\/www.erresse-shop.it\/fr\/wp-json\/wp\/v2\/types\/product"}],"wp:featuredmedia":[{"embeddable":true,"href":"https:\/\/www.erresse-shop.it\/fr\/wp-json\/wp\/v2\/media\/133085"}],"wp:attachment":[{"href":"https:\/\/www.erresse-shop.it\/fr\/wp-json\/wp\/v2\/media?parent=133069"}],"wp:term":[{"taxonomy":"product_cat","embeddable":true,"href":"https:\/\/www.erresse-shop.it\/fr\/wp-json\/wp\/v2\/product_cat?post=133069"},{"taxonomy":"product_tag","embeddable":true,"href":"https:\/\/www.erresse-shop.it\/fr\/wp-json\/wp\/v2\/product_tag?post=133069"}],"curies":[{"name":"wp","href":"https:\/\/api.w.org\/{rel}","templated":true}]}}