{"id":133051,"date":"2021-12-01T10:43:14","date_gmt":"2021-12-01T10:43:16","guid":{"rendered":"https:\/\/www.erresse-shop.it\/?post_type=product&#038;p=133051"},"modified":"2025-01-13T15:53:15","modified_gmt":"2025-01-13T15:53:15","slug":"sambonet-36-pieces-de-service-monobloc-dream-acier-mirror-2","status":"publish","type":"product","link":"https:\/\/www.erresse-shop.it\/fr\/shop\/table-fr-2\/couverts\/sambonet-36-pieces-de-service-monobloc-dream-acier-mirror-2\/","title":{"rendered":"Sambonet 36 pi\u00e8ces de service Monobloc Dream Acier Mirror"},"content":{"rendered":"<p><strong>Description de la collection<\/strong><\/p>\n<p>Une forme originale et harmonieuse de goutte d&#8217;eau, d&#8217;inspiration moderne et fonctionnelle, distingue le design &#8216;dream&#8217; de la collection Dream. Un v\u00e9ritable must de Sambonet.<\/p>\n<p>Dot\u00e9s d&#8217;un manche \u00e9l\u00e9gant et robuste, les couverts sont fabriqu\u00e9s en acier inoxydable 18\/10. Ils passent au lave-vaisselle.<br \/>\nStyle contemporain id\u00e9al pour embellir la table, aussi bien au quotidien que pour les grandes occasions.<br \/>\nService complet pour 6 personnes. Comprend : 6 fourchettes de table, 6 cuill\u00e8res de table, 6 couteaux de table, 6 fourchettes \u00e0 fruits, 6 couteaux \u00e0 fruits et 6 cuill\u00e8res \u00e0 th\u00e9.<br \/>\nPr\u00e9sent\u00e9 dans un emballage \u00e9l\u00e9gant, il est \u00e9galement parfait comme id\u00e9e de cadeau.<br \/>\nLe poli miroir met en valeur la haute qualit\u00e9 de l&#8217;acier inoxydable, en soulignant la forme et le design. Les surfaces sont polies \u00e0 l&#8217;aide d&#8217;additifs et de brosses m\u00e9caniques de diff\u00e9rents grains et mat\u00e9riaux, qui polissent l&#8217;acier inoxydable jusqu&#8217;\u00e0 ce qu&#8217;il soit tr\u00e8s brillant. L&#8217;objet est enrichi de reflets qui le rendent encore plus pr\u00e9cieux.<\/p>\n<p>Le couteau monobloc est fabriqu\u00e9 en une seule pi\u00e8ce d&#8217;acier. Contrairement au couteau \u00e0 manche creux, qui se compose de deux parties, il n&#8217;y a pas d&#8217;espace entre le manche et la lame, et la prise en main de ce type de couteau procure une agr\u00e9able sensation de lourdeur et de solidit\u00e9.<\/p>\n<p>Caract\u00e9ris\u00e9e par une forme originale et harmonieuse de goutte d&#8217;eau, entre modernit\u00e9 et design, la collection est incontournable chez Sambonet. Ces couverts embellissent la table, au quotidien comme pour les grandes occasions.<\/p>\n<p><strong>Sp\u00e9cifications techniques<\/strong><br \/>\nMarque : Sambonet<br \/>\nCollection : Dream<br \/>\nMati\u00e8re : Acier inoxydable<br \/>\nAspect : Acier miroir<br \/>\nNum\u00e9ro d&#8217;article : 52515-83<br \/>\nAnn\u00e9e d&#8217;introduction : 2008<br \/>\nNombre de pi\u00e8ces dans le set : 36<br \/>\nNombre de personnes : 6<br \/>\nComposition du service : 6 cuill\u00e8res de table, 6 fourchettes de table, 6 couteaux de table, 6 fourchettes \u00e0 fruits, 6 couteaux \u00e0 fruits, 6 cuill\u00e8res \u00e0 th\u00e9<br \/>\nSp\u00e9cial pour : Toute l&#8217;ann\u00e9e<br \/>\nType de manche : Monobloc<\/p>\n<p><strong>Dimensions de l&#8217;article : 2,50 kg<\/strong><br \/>\nPoids de l&#8217;article : 2,50 kg<br \/>\nLongueur de l&#8217;emballage : 46,00 cm<br \/>\nLargeur de l&#8217;emballage : 32.00 cm<br \/>\nHauteur de l&#8217;emballage : 5.00 cm<br \/>\nPoids avec l&#8217;emballage : 2,50 kg<br \/>\nVolume de l&#8217;emballage : 7.4000 dm\u00b3<\/p>\n<p><strong>Informations sur l&#8217;entretien et la maintenance<\/strong><br \/>\nAVANT ET APR\u00c8S CHAQUE UTILISATION : Laver avec des d\u00e9tergents appropri\u00e9s en \u00e9vitant le chlore et les produits de blanchiment, rincer et s\u00e9cher soigneusement. Les ranger ensuite dans un endroit sec. Ne pas utiliser d&#8217;\u00e9ponges ou de chiffons abrasifs. Enlever imm\u00e9diatement les r\u00e9sidus de sel (NaCl), de citron, de vinaigre, de sauces \u00e0 base de tomates, etc. Si vous utilisez un lave-vaisselle, veillez \u00e0 ce que le traitement comprenne un s\u00e9chage et un polissage parfaits et, si ce n&#8217;est pas le cas, faites-le manuellement. Les lames de couteaux sont fabriqu\u00e9es en acier inoxydable 420 martensitique tremp\u00e9, ce qui assure la durabilit\u00e9 de l&#8217;aiguisage mais rend le mat\u00e9riau plus sensible aux attaques corrosives. Il est imp\u00e9ratif que les couteaux soient correctement nettoy\u00e9s, lav\u00e9s et s\u00e9ch\u00e9s imm\u00e9diatement apr\u00e8s utilisation.<\/p>\n","protected":false},"excerpt":{"rendered":"<p>Description de la collection Une forme originale et harmonieuse de goutte d&#8217;eau, d&#8217;inspiration moderne et fonctionnelle, distingue le design &#8216;dream&#8217;<\/p>\n","protected":false},"featured_media":133062,"template":"","meta":{"_acf_changed":false,"inline_featured_image":false},"product_cat":[12790,12782],"product_tag":[25086,16823,25021,24428,21384],"acf":[],"yoast_head":"<!-- This site is optimized with the Yoast SEO Premium plugin v18.6 (Yoast SEO v19.13) - https:\/\/yoast.com\/wordpress\/plugins\/seo\/ -->\n<title>Sambonet 36 pi\u00e8ces de service Monobloc Dream Acier Mirror<\/title>\n<meta name=\"description\" content=\"D\u00e9couvrez Sambonet 36 pi\u00e8ces de service Monobloc Dream Acier Mirror sur ErresseShop. Qualit\u00e9, prix r\u00e9duits et achat s\u00e9curis\u00e9 \u2013 commandez d\u00e8s maintenant en ligne !\" \/>\n<meta name=\"robots\" content=\"index, follow, max-snippet:-1, max-image-preview:large, max-video-preview:-1\" \/>\n<link rel=\"canonical\" href=\"https:\/\/www.erresse-shop.it\/fr\/shop\/table-fr-2\/couverts\/sambonet-36-pieces-de-service-monobloc-dream-acier-mirror-2\/\" \/>\n<meta property=\"og:locale\" content=\"fr_FR\" \/>\n<meta property=\"og:type\" content=\"article\" \/>\n<meta property=\"og:title\" content=\"Sambonet 36 pi\u00e8ces de service Monobloc Dream Acier Mirror\" \/>\n<meta property=\"og:description\" content=\"D\u00e9couvrez Sambonet 36 pi\u00e8ces de service Monobloc Dream Acier Mirror sur ErresseShop. Qualit\u00e9, prix r\u00e9duits et achat s\u00e9curis\u00e9 \u2013 commandez d\u00e8s maintenant en ligne !\" \/>\n<meta property=\"og:url\" content=\"https:\/\/www.erresse-shop.it\/fr\/shop\/table-fr-2\/couverts\/sambonet-36-pieces-de-service-monobloc-dream-acier-mirror-2\/\" \/>\n<meta property=\"og:site_name\" content=\"Erresse Shop\" \/>\n<meta property=\"article:modified_time\" content=\"2025-01-13T15:53:15+00:00\" \/>\n<meta property=\"og:image\" content=\"https:\/\/www.erresse-shop.it\/wp-content\/uploads\/2021\/12\/SAMBONET-Posate-Dream-36.jpg\" \/>\n\t<meta property=\"og:image:width\" content=\"1000\" \/>\n\t<meta property=\"og:image:height\" content=\"1000\" \/>\n\t<meta property=\"og:image:type\" content=\"image\/jpeg\" \/>\n<meta name=\"twitter:card\" content=\"summary_large_image\" \/>\n<script type=\"application\/ld+json\" class=\"yoast-schema-graph\">{\"@context\":\"https:\/\/schema.org\",\"@graph\":[{\"@type\":\"WebPage\",\"@id\":\"https:\/\/www.erresse-shop.it\/fr\/shop\/table-fr-2\/couverts\/sambonet-36-pieces-de-service-monobloc-dream-acier-mirror-2\/\",\"url\":\"https:\/\/www.erresse-shop.it\/fr\/shop\/table-fr-2\/couverts\/sambonet-36-pieces-de-service-monobloc-dream-acier-mirror-2\/\",\"name\":\"Sambonet 36 pi\u00e8ces de service Monobloc Dream Acier Mirror\",\"isPartOf\":{\"@id\":\"https:\/\/www.erresse-shop.it\/fr\/#website\"},\"datePublished\":\"2021-12-01T10:43:16+00:00\",\"dateModified\":\"2025-01-13T15:53:15+00:00\",\"description\":\"D\u00e9couvrez Sambonet 36 pi\u00e8ces de service Monobloc Dream Acier Mirror sur ErresseShop. Qualit\u00e9, prix r\u00e9duits et achat s\u00e9curis\u00e9 \u2013 commandez d\u00e8s maintenant en ligne !\",\"breadcrumb\":{\"@id\":\"https:\/\/www.erresse-shop.it\/fr\/shop\/table-fr-2\/couverts\/sambonet-36-pieces-de-service-monobloc-dream-acier-mirror-2\/#breadcrumb\"},\"inLanguage\":\"fr-FR\",\"potentialAction\":[{\"@type\":\"ReadAction\",\"target\":[\"https:\/\/www.erresse-shop.it\/fr\/shop\/table-fr-2\/couverts\/sambonet-36-pieces-de-service-monobloc-dream-acier-mirror-2\/\"]}]},{\"@type\":\"BreadcrumbList\",\"@id\":\"https:\/\/www.erresse-shop.it\/fr\/shop\/table-fr-2\/couverts\/sambonet-36-pieces-de-service-monobloc-dream-acier-mirror-2\/#breadcrumb\",\"itemListElement\":[{\"@type\":\"ListItem\",\"position\":1,\"name\":\"Home\",\"item\":\"https:\/\/www.erresse-shop.it\/fr\/\"},{\"@type\":\"ListItem\",\"position\":2,\"name\":\"Shop\",\"item\":\"https:\/\/www.erresse-shop.it\/fr\/shop\/\"},{\"@type\":\"ListItem\",\"position\":3,\"name\":\"Sambonet 36 pi\u00e8ces de service Monobloc Dream Acier Mirror\"}]},{\"@type\":\"WebSite\",\"@id\":\"https:\/\/www.erresse-shop.it\/fr\/#website\",\"url\":\"https:\/\/www.erresse-shop.it\/fr\/\",\"name\":\"Erresse Shop\",\"description\":\"Articoli di qualit\u00e0 per la casa\",\"potentialAction\":[{\"@type\":\"SearchAction\",\"target\":{\"@type\":\"EntryPoint\",\"urlTemplate\":\"https:\/\/www.erresse-shop.it\/fr\/?s={search_term_string}\"},\"query-input\":\"required name=search_term_string\"}],\"inLanguage\":\"fr-FR\"}]}<\/script>\n<!-- \/ Yoast SEO Premium plugin. -->","yoast_head_json":{"title":"Sambonet 36 pi\u00e8ces de service Monobloc Dream Acier Mirror","description":"D\u00e9couvrez Sambonet 36 pi\u00e8ces de service Monobloc Dream Acier Mirror sur ErresseShop. Qualit\u00e9, prix r\u00e9duits et achat s\u00e9curis\u00e9 \u2013 commandez d\u00e8s maintenant en ligne !","robots":{"index":"index","follow":"follow","max-snippet":"max-snippet:-1","max-image-preview":"max-image-preview:large","max-video-preview":"max-video-preview:-1"},"canonical":"https:\/\/www.erresse-shop.it\/fr\/shop\/table-fr-2\/couverts\/sambonet-36-pieces-de-service-monobloc-dream-acier-mirror-2\/","og_locale":"fr_FR","og_type":"article","og_title":"Sambonet 36 pi\u00e8ces de service Monobloc Dream Acier Mirror","og_description":"D\u00e9couvrez Sambonet 36 pi\u00e8ces de service Monobloc Dream Acier Mirror sur ErresseShop. Qualit\u00e9, prix r\u00e9duits et achat s\u00e9curis\u00e9 \u2013 commandez d\u00e8s maintenant en ligne !","og_url":"https:\/\/www.erresse-shop.it\/fr\/shop\/table-fr-2\/couverts\/sambonet-36-pieces-de-service-monobloc-dream-acier-mirror-2\/","og_site_name":"Erresse Shop","article_modified_time":"2025-01-13T15:53:15+00:00","og_image":[{"width":1000,"height":1000,"url":"https:\/\/www.erresse-shop.it\/wp-content\/uploads\/2021\/12\/SAMBONET-Posate-Dream-36.jpg","type":"image\/jpeg"}],"twitter_card":"summary_large_image","schema":{"@context":"https:\/\/schema.org","@graph":[{"@type":"WebPage","@id":"https:\/\/www.erresse-shop.it\/fr\/shop\/table-fr-2\/couverts\/sambonet-36-pieces-de-service-monobloc-dream-acier-mirror-2\/","url":"https:\/\/www.erresse-shop.it\/fr\/shop\/table-fr-2\/couverts\/sambonet-36-pieces-de-service-monobloc-dream-acier-mirror-2\/","name":"Sambonet 36 pi\u00e8ces de service Monobloc Dream Acier Mirror","isPartOf":{"@id":"https:\/\/www.erresse-shop.it\/fr\/#website"},"datePublished":"2021-12-01T10:43:16+00:00","dateModified":"2025-01-13T15:53:15+00:00","description":"D\u00e9couvrez Sambonet 36 pi\u00e8ces de service Monobloc Dream Acier Mirror sur ErresseShop. Qualit\u00e9, prix r\u00e9duits et achat s\u00e9curis\u00e9 \u2013 commandez d\u00e8s maintenant en ligne !","breadcrumb":{"@id":"https:\/\/www.erresse-shop.it\/fr\/shop\/table-fr-2\/couverts\/sambonet-36-pieces-de-service-monobloc-dream-acier-mirror-2\/#breadcrumb"},"inLanguage":"fr-FR","potentialAction":[{"@type":"ReadAction","target":["https:\/\/www.erresse-shop.it\/fr\/shop\/table-fr-2\/couverts\/sambonet-36-pieces-de-service-monobloc-dream-acier-mirror-2\/"]}]},{"@type":"BreadcrumbList","@id":"https:\/\/www.erresse-shop.it\/fr\/shop\/table-fr-2\/couverts\/sambonet-36-pieces-de-service-monobloc-dream-acier-mirror-2\/#breadcrumb","itemListElement":[{"@type":"ListItem","position":1,"name":"Home","item":"https:\/\/www.erresse-shop.it\/fr\/"},{"@type":"ListItem","position":2,"name":"Shop","item":"https:\/\/www.erresse-shop.it\/fr\/shop\/"},{"@type":"ListItem","position":3,"name":"Sambonet 36 pi\u00e8ces de service Monobloc Dream Acier Mirror"}]},{"@type":"WebSite","@id":"https:\/\/www.erresse-shop.it\/fr\/#website","url":"https:\/\/www.erresse-shop.it\/fr\/","name":"Erresse Shop","description":"Articoli di qualit\u00e0 per la casa","potentialAction":[{"@type":"SearchAction","target":{"@type":"EntryPoint","urlTemplate":"https:\/\/www.erresse-shop.it\/fr\/?s={search_term_string}"},"query-input":"required name=search_term_string"}],"inLanguage":"fr-FR"}]}},"df_price":89.9,"df_sale_price":89.9,"df_regular_price":253.8,"df_image_link":"https:\/\/www.erresse-shop.it\/wp-content\/uploads\/2021\/12\/SAMBONET-Posate-Dream-36-300x300.jpg","_links":{"self":[{"href":"https:\/\/www.erresse-shop.it\/fr\/wp-json\/wp\/v2\/product\/133051"}],"collection":[{"href":"https:\/\/www.erresse-shop.it\/fr\/wp-json\/wp\/v2\/product"}],"about":[{"href":"https:\/\/www.erresse-shop.it\/fr\/wp-json\/wp\/v2\/types\/product"}],"wp:featuredmedia":[{"embeddable":true,"href":"https:\/\/www.erresse-shop.it\/fr\/wp-json\/wp\/v2\/media\/133062"}],"wp:attachment":[{"href":"https:\/\/www.erresse-shop.it\/fr\/wp-json\/wp\/v2\/media?parent=133051"}],"wp:term":[{"taxonomy":"product_cat","embeddable":true,"href":"https:\/\/www.erresse-shop.it\/fr\/wp-json\/wp\/v2\/product_cat?post=133051"},{"taxonomy":"product_tag","embeddable":true,"href":"https:\/\/www.erresse-shop.it\/fr\/wp-json\/wp\/v2\/product_tag?post=133051"}],"curies":[{"name":"wp","href":"https:\/\/api.w.org\/{rel}","templated":true}]}}