{"id":132959,"date":"2021-12-01T10:14:02","date_gmt":"2021-12-01T10:14:05","guid":{"rendered":"https:\/\/www.erresse-shop.it\/?post_type=product&#038;p=132959"},"modified":"2025-01-13T15:53:07","modified_gmt":"2025-01-13T15:53:07","slug":"sage-the-foodcycler","status":"publish","type":"product","link":"https:\/\/www.erresse-shop.it\/fr\/shop\/ameublement-maison\/poubelles\/sage-the-foodcycler\/","title":{"rendered":"SAGE The FoodCycler"},"content":{"rendered":"<p><strong>FoodCycler<\/strong> ex\u00e9cute un programme automatis\u00e9 de s\u00e9chage, de d\u00e9chiquetage et de refroidissement pour transformer les d\u00e9chets alimentaires en \u00e9coplaquettes inodores. En seulement 4 heures*, vos d\u00e9chets alimentaires m\u00e9nagers sont r\u00e9duits de plus de 80 %** de leur volume initial. Facile \u00e0 utiliser gr\u00e2ce \u00e0 une seule touche, son syst\u00e8me sp\u00e9cial de filtrage au charbon actif \u00e9limine les odeurs, ce qui le rend parfait pour une utilisation en int\u00e9rieur. Avec sa faible consommation d&#8217;\u00e9nergie et son fonctionnement silencieux, le FoodCycler s&#8217;int\u00e8gre facilement partout.<\/p>\n<p>*Le traitement prend en moyenne 4 \u00e0 6 heures. La dur\u00e9e du cycle varie en fonction du type d&#8217;aliment trait\u00e9 et de son taux d&#8217;humidit\u00e9. Le d\u00e9lai maximum de traitement est de 8 heures. La phase de refroidissement dure encore 30 minutes.<\/p>\n<p><strong>R\u00c9DUIRE LES D\u00c9CHETS ALIMENTAIRES DE PLUS DE 80 %<\/strong><br \/>\nFoodCycler r\u00e9duit les d\u00e9chets alimentaires de plus de 80 %** de leur volume initial, en transformant vos d\u00e9chets alimentaires en EcoChips st\u00e9riles et inodores. Le seau de broyage peut contenir jusqu&#8217;\u00e0 2 litres de d\u00e9chets alimentaires qui seront r\u00e9duits \u00e0 0,34 litre d&#8217;EcoChips. Les d\u00e9chets alimentaires vont r\u00e9duire leur volume en quelques heures.<\/p>\n<p><strong>FOODCYCLER\u00ae SYST\u00c8ME EN 3 \u00c9TAPES<\/strong><br \/>\nGr\u00e2ce \u00e0 un cycle automatique en 3 \u00e9tapes, le FoodCycler d\u00e9shydrate, d\u00e9chiquette et refroidit vos d\u00e9chets alimentaires tout en filtrant les odeurs et les gaz. Pendant la phase de s\u00e9chage, les d\u00e9chets alimentaires sont d\u00e9shydrat\u00e9s et l&#8217;humidit\u00e9 est \u00e9limin\u00e9e. Lors de la phase de broyage qui suit, les lames pulv\u00e9risent les d\u00e9chets alimentaires en petites particules. La phase de refroidissement refroidit les d\u00e9chets qui en r\u00e9sultent &#8211; les EcoChips.<\/p>\n<p><strong>TRAITEMENT ET STOCKAGE SANS ODEUR<\/strong><br \/>\nLes deux EcoFilters\u2122 \u00e0 charbon actif rempla\u00e7ables contr\u00f4lent et filtrent le flux d&#8217;air pendant le processus, rendant possible un cycle propre et sans odeur. Avant le cycle et pendant que les d\u00e9chets alimentaires sont stock\u00e9s dans le seau, le couvercle avec filtre \u00e0 charbon actif int\u00e9gr\u00e9 permet de r\u00e9duire les odeurs dans l&#8217;environnement.<\/p>\n<p><strong>CONCEPTION COMPACTE POUR UNE UTILISATION EN INT\u00c9RIEUR<\/strong><br \/>\nCon\u00e7u pour les foyers et les modes de vie d&#8217;aujourd&#8217;hui, le FoodCycler est con\u00e7u pour une utilisation en int\u00e9rieur et peut \u00eatre plac\u00e9 ou stock\u00e9 n&#8217;importe o\u00f9. Il s&#8217;adapte partout et est facilement accessible dans la cuisine, la buanderie ou le garage, tandis que le seau amovible avec couvercle et filtre \u00e0 charbon actif int\u00e9gr\u00e9 pour contr\u00f4ler les odeurs peut \u00eatre plac\u00e9 sur le plan de travail ou sous l&#8217;\u00e9vier.<\/p>\n<p><strong>SILENCIEUX ET FAIBLE CONSOMMATION D&#8217;\u00c9NERGIE<\/strong><br \/>\nUne technologie sophistiqu\u00e9e de capteurs contr\u00f4le chaque cycle individuellement en surveillant le niveau de s\u00e9cheresse et d&#8217;humidit\u00e9 des d\u00e9chets alimentaires, de sorte qu&#8217;une efficacit\u00e9 maximale est atteinte avec une consommation d&#8217;\u00e9nergie minimale. Le FoodCycler utilise en moyenne 1 kW par cycle. En outre, le couvercle rotatif verrouillable permet d&#8217;\u00e9viter les odeurs et le bruit pendant le processus. Ainsi, pendant son fonctionnement, le FoodCycler est plus silencieux qu&#8217;un lave-vaisselle.<\/p>\n<p><strong>FACILE \u00c0 UTILISER ET \u00c0 NETTOYER<\/strong><br \/>\nRemplissez le seau, verrouillez le couvercle et appuyez sur start. Il n&#8217;y a pas plus simple. Le fonctionnement du bouton de d\u00e9marrage \u00e0 une touche facilite son utilisation et des indicateurs LED montrent les diff\u00e9rents cycles en cours. Si vous devez ajouter plus de d\u00e9chets pendant le cycle, vous pouvez utiliser la fonction de pause (uniquement pendant la phase de s\u00e9chage).<\/p>\n<p><strong>FACILE \u00c0 NETTOYER<\/strong><br \/>\nLe seau amovible recouvert de porcelaine est durable et passe au lave-vaisselle. Cela signifie qu&#8217;il peut facilement \u00eatre plac\u00e9 dans le panier inf\u00e9rieur du lave-vaisselle pour un nettoyage facile.<\/p>\n<p>**Le volume du contenu du seau peut \u00eatre r\u00e9duit de plus de 80 % en fonction de la quantit\u00e9 et de l&#8217;humidit\u00e9 des d\u00e9chets alimentaires \u00e0 traiter.<\/p>\n<p><strong>SP\u00c9CIFICATIONS DU PRODUIT<\/strong><br \/>\n&#8211; Dimensions internes (LxPxH) : 27,5 x 32 x 36 cm<br \/>\n&#8211; Garantie : garantie de r\u00e9paration de 2 ans<br \/>\n&#8211; Mat\u00e9riaux de construction : plastique et\/ou aluminium<br \/>\n&#8211; Capacit\u00e9 : 2 l<br \/>\n&#8211; Modes de traitement : 1-s\u00e9chage, 2-broyage, 3-refroidissement.<br \/>\n&#8211; Utilisation d&#8217;une seule touche<br \/>\n&#8211; Indicateur de changement de filtre<\/p>\n","protected":false},"excerpt":{"rendered":"<p>FoodCycler ex\u00e9cute un programme automatis\u00e9 de s\u00e9chage, de d\u00e9chiquetage et de refroidissement pour transformer les d\u00e9chets alimentaires en \u00e9coplaquettes inodores.<\/p>\n","protected":false},"featured_media":133044,"template":"","meta":{"_acf_changed":false,"inline_featured_image":false},"product_cat":[12738,14033],"product_tag":[13254,12856],"acf":[],"yoast_head":"<!-- This site is optimized with the Yoast SEO Premium plugin v18.6 (Yoast SEO v19.13) - https:\/\/yoast.com\/wordpress\/plugins\/seo\/ -->\n<title>SAGE The FoodCycler<\/title>\n<meta name=\"description\" content=\"D\u00e9couvrez SAGE The FoodCycler sur ErresseShop. Qualit\u00e9, prix r\u00e9duits et achat s\u00e9curis\u00e9 \u2013 commandez d\u00e8s maintenant en ligne !\" \/>\n<meta name=\"robots\" content=\"index, follow, max-snippet:-1, max-image-preview:large, max-video-preview:-1\" \/>\n<link rel=\"canonical\" href=\"https:\/\/www.erresse-shop.it\/fr\/shop\/ameublement-maison\/poubelles\/sage-the-foodcycler\/\" \/>\n<meta property=\"og:locale\" content=\"fr_FR\" \/>\n<meta property=\"og:type\" content=\"article\" \/>\n<meta property=\"og:title\" content=\"SAGE The FoodCycler\" \/>\n<meta property=\"og:description\" content=\"D\u00e9couvrez SAGE The FoodCycler sur ErresseShop. Qualit\u00e9, prix r\u00e9duits et achat s\u00e9curis\u00e9 \u2013 commandez d\u00e8s maintenant en ligne !\" \/>\n<meta property=\"og:url\" content=\"https:\/\/www.erresse-shop.it\/fr\/shop\/ameublement-maison\/poubelles\/sage-the-foodcycler\/\" \/>\n<meta property=\"og:site_name\" content=\"Erresse Shop\" \/>\n<meta property=\"article:modified_time\" content=\"2025-01-13T15:53:07+00:00\" \/>\n<meta property=\"og:image\" content=\"https:\/\/www.erresse-shop.it\/wp-content\/uploads\/2021\/12\/SAGE-The-FoodCycler-Grigio.jpg\" \/>\n\t<meta property=\"og:image:width\" content=\"992\" \/>\n\t<meta property=\"og:image:height\" content=\"992\" \/>\n\t<meta property=\"og:image:type\" content=\"image\/jpeg\" \/>\n<meta name=\"twitter:card\" content=\"summary_large_image\" \/>\n<script type=\"application\/ld+json\" class=\"yoast-schema-graph\">{\"@context\":\"https:\/\/schema.org\",\"@graph\":[{\"@type\":\"WebPage\",\"@id\":\"https:\/\/www.erresse-shop.it\/fr\/shop\/ameublement-maison\/poubelles\/sage-the-foodcycler\/\",\"url\":\"https:\/\/www.erresse-shop.it\/fr\/shop\/ameublement-maison\/poubelles\/sage-the-foodcycler\/\",\"name\":\"SAGE The FoodCycler\",\"isPartOf\":{\"@id\":\"https:\/\/www.erresse-shop.it\/fr\/#website\"},\"datePublished\":\"2021-12-01T10:14:05+00:00\",\"dateModified\":\"2025-01-13T15:53:07+00:00\",\"description\":\"D\u00e9couvrez SAGE The FoodCycler sur ErresseShop. Qualit\u00e9, prix r\u00e9duits et achat s\u00e9curis\u00e9 \u2013 commandez d\u00e8s maintenant en ligne !\",\"breadcrumb\":{\"@id\":\"https:\/\/www.erresse-shop.it\/fr\/shop\/ameublement-maison\/poubelles\/sage-the-foodcycler\/#breadcrumb\"},\"inLanguage\":\"fr-FR\",\"potentialAction\":[{\"@type\":\"ReadAction\",\"target\":[\"https:\/\/www.erresse-shop.it\/fr\/shop\/ameublement-maison\/poubelles\/sage-the-foodcycler\/\"]}]},{\"@type\":\"BreadcrumbList\",\"@id\":\"https:\/\/www.erresse-shop.it\/fr\/shop\/ameublement-maison\/poubelles\/sage-the-foodcycler\/#breadcrumb\",\"itemListElement\":[{\"@type\":\"ListItem\",\"position\":1,\"name\":\"Home\",\"item\":\"https:\/\/www.erresse-shop.it\/fr\/\"},{\"@type\":\"ListItem\",\"position\":2,\"name\":\"Shop\",\"item\":\"https:\/\/www.erresse-shop.it\/fr\/shop\/\"},{\"@type\":\"ListItem\",\"position\":3,\"name\":\"SAGE The FoodCycler\"}]},{\"@type\":\"WebSite\",\"@id\":\"https:\/\/www.erresse-shop.it\/fr\/#website\",\"url\":\"https:\/\/www.erresse-shop.it\/fr\/\",\"name\":\"Erresse Shop\",\"description\":\"Articoli di qualit\u00e0 per la casa\",\"potentialAction\":[{\"@type\":\"SearchAction\",\"target\":{\"@type\":\"EntryPoint\",\"urlTemplate\":\"https:\/\/www.erresse-shop.it\/fr\/?s={search_term_string}\"},\"query-input\":\"required name=search_term_string\"}],\"inLanguage\":\"fr-FR\"}]}<\/script>\n<!-- \/ Yoast SEO Premium plugin. -->","yoast_head_json":{"title":"SAGE The FoodCycler","description":"D\u00e9couvrez SAGE The FoodCycler sur ErresseShop. Qualit\u00e9, prix r\u00e9duits et achat s\u00e9curis\u00e9 \u2013 commandez d\u00e8s maintenant en ligne !","robots":{"index":"index","follow":"follow","max-snippet":"max-snippet:-1","max-image-preview":"max-image-preview:large","max-video-preview":"max-video-preview:-1"},"canonical":"https:\/\/www.erresse-shop.it\/fr\/shop\/ameublement-maison\/poubelles\/sage-the-foodcycler\/","og_locale":"fr_FR","og_type":"article","og_title":"SAGE The FoodCycler","og_description":"D\u00e9couvrez SAGE The FoodCycler sur ErresseShop. Qualit\u00e9, prix r\u00e9duits et achat s\u00e9curis\u00e9 \u2013 commandez d\u00e8s maintenant en ligne !","og_url":"https:\/\/www.erresse-shop.it\/fr\/shop\/ameublement-maison\/poubelles\/sage-the-foodcycler\/","og_site_name":"Erresse Shop","article_modified_time":"2025-01-13T15:53:07+00:00","og_image":[{"width":992,"height":992,"url":"https:\/\/www.erresse-shop.it\/wp-content\/uploads\/2021\/12\/SAGE-The-FoodCycler-Grigio.jpg","type":"image\/jpeg"}],"twitter_card":"summary_large_image","schema":{"@context":"https:\/\/schema.org","@graph":[{"@type":"WebPage","@id":"https:\/\/www.erresse-shop.it\/fr\/shop\/ameublement-maison\/poubelles\/sage-the-foodcycler\/","url":"https:\/\/www.erresse-shop.it\/fr\/shop\/ameublement-maison\/poubelles\/sage-the-foodcycler\/","name":"SAGE The FoodCycler","isPartOf":{"@id":"https:\/\/www.erresse-shop.it\/fr\/#website"},"datePublished":"2021-12-01T10:14:05+00:00","dateModified":"2025-01-13T15:53:07+00:00","description":"D\u00e9couvrez SAGE The FoodCycler sur ErresseShop. Qualit\u00e9, prix r\u00e9duits et achat s\u00e9curis\u00e9 \u2013 commandez d\u00e8s maintenant en ligne !","breadcrumb":{"@id":"https:\/\/www.erresse-shop.it\/fr\/shop\/ameublement-maison\/poubelles\/sage-the-foodcycler\/#breadcrumb"},"inLanguage":"fr-FR","potentialAction":[{"@type":"ReadAction","target":["https:\/\/www.erresse-shop.it\/fr\/shop\/ameublement-maison\/poubelles\/sage-the-foodcycler\/"]}]},{"@type":"BreadcrumbList","@id":"https:\/\/www.erresse-shop.it\/fr\/shop\/ameublement-maison\/poubelles\/sage-the-foodcycler\/#breadcrumb","itemListElement":[{"@type":"ListItem","position":1,"name":"Home","item":"https:\/\/www.erresse-shop.it\/fr\/"},{"@type":"ListItem","position":2,"name":"Shop","item":"https:\/\/www.erresse-shop.it\/fr\/shop\/"},{"@type":"ListItem","position":3,"name":"SAGE The FoodCycler"}]},{"@type":"WebSite","@id":"https:\/\/www.erresse-shop.it\/fr\/#website","url":"https:\/\/www.erresse-shop.it\/fr\/","name":"Erresse Shop","description":"Articoli di qualit\u00e0 per la casa","potentialAction":[{"@type":"SearchAction","target":{"@type":"EntryPoint","urlTemplate":"https:\/\/www.erresse-shop.it\/fr\/?s={search_term_string}"},"query-input":"required name=search_term_string"}],"inLanguage":"fr-FR"}]}},"df_price":499.9,"df_sale_price":499.9,"df_regular_price":499.9,"df_image_link":"https:\/\/www.erresse-shop.it\/wp-content\/uploads\/2021\/12\/SAGE-The-FoodCycler-Grigio-300x300.jpg","_links":{"self":[{"href":"https:\/\/www.erresse-shop.it\/fr\/wp-json\/wp\/v2\/product\/132959"}],"collection":[{"href":"https:\/\/www.erresse-shop.it\/fr\/wp-json\/wp\/v2\/product"}],"about":[{"href":"https:\/\/www.erresse-shop.it\/fr\/wp-json\/wp\/v2\/types\/product"}],"wp:featuredmedia":[{"embeddable":true,"href":"https:\/\/www.erresse-shop.it\/fr\/wp-json\/wp\/v2\/media\/133044"}],"wp:attachment":[{"href":"https:\/\/www.erresse-shop.it\/fr\/wp-json\/wp\/v2\/media?parent=132959"}],"wp:term":[{"taxonomy":"product_cat","embeddable":true,"href":"https:\/\/www.erresse-shop.it\/fr\/wp-json\/wp\/v2\/product_cat?post=132959"},{"taxonomy":"product_tag","embeddable":true,"href":"https:\/\/www.erresse-shop.it\/fr\/wp-json\/wp\/v2\/product_tag?post=132959"}],"curies":[{"name":"wp","href":"https:\/\/api.w.org\/{rel}","templated":true}]}}