{"id":132953,"date":"2021-12-01T10:07:32","date_gmt":"2021-12-01T10:07:35","guid":{"rendered":"https:\/\/www.erresse-shop.it\/?post_type=product&#038;p=132953"},"modified":"2025-01-13T15:53:02","modified_gmt":"2025-01-13T15:53:02","slug":"sambonet-set-de-couverts-24-pieces-dream","status":"publish","type":"product","link":"https:\/\/www.erresse-shop.it\/fr\/shop\/table-fr-2\/couverts\/sambonet-set-de-couverts-24-pieces-dream\/","title":{"rendered":"SAMBONET Set de Couverts 24 Pi\u00e8ces Dream"},"content":{"rendered":"<p>Une forme de goutte originale et harmonieuse, d&#8217;inspiration moderne et fonctionnelle, caract\u00e9rise le design &#8220;r\u00eav\u00e9&#8221; de la collection Dream. Un v\u00e9ritable must-have de Sambonet.<\/p>\n<ul>\n<li>Dot\u00e9 d&#8217;un manche \u00e9l\u00e9gant et robuste, chaque couvert est fabriqu\u00e9 en acier inoxydable 18\/10. Lavable au lave-vaisselle.<\/li>\n<li>Style contemporain id\u00e9al pour embellir la table, tant dans la vie de tous les jours que pour les occasions sp\u00e9ciales.<\/li>\n<li>Service pour 6 personnes. Comprend : 6 fourchettes de table, 6 cuill\u00e8res de table, 6 couteaux de table et 6 cuill\u00e8res \u00e0 caf\u00e9.<\/li>\n<li>Pr\u00e9sent\u00e9 dans un emballage \u00e9l\u00e9gant, il est \u00e9galement parfait comme id\u00e9e de cadeau.<\/li>\n<li>Dot\u00e9e d&#8217;une forme originale et harmonieuse en goutte d&#8217;eau, \u00e0 mi-chemin entre le moderne et le design, la collection est un incontournable de Sambonet. Ces couverts embellissent la table, tant dans la vie quotidienne que pour les grandes occasions.<\/li>\n<\/ul>\n<p><strong>AVANT ET APR\u00c8S CHAQUE UTILISATION<\/strong><br \/>\nLaver avec des d\u00e9tergents appropri\u00e9s en \u00e9vitant le chlore et les produits de blanchiment, rincer et s\u00e9cher soigneusement. Stockez ensuite dans un endroit sec. N&#8217;utilisez pas d&#8217;\u00e9ponges ou de chiffons abrasifs ni de tampons \u00e0 r\u00e9curer le m\u00e9tal. Enlevez imm\u00e9diatement les r\u00e9sidus de sel, de citron, de vinaigre, de sauces \u00e0 base de tomates, etc. Si vous utilisez un lave-vaisselle, assurez-vous que le traitement comprend un s\u00e9chage et un polissage parfaits et, sinon, faites-le manuellement. Les lames de couteaux sont fabriqu\u00e9es en acier inoxydable martensitique 420 tremp\u00e9, ce qui garantit la durabilit\u00e9 de l&#8217;aff\u00fbtage mais rend le mat\u00e9riau plus sensible aux attaques corrosives. Il est essentiel que les couteaux soient correctement nettoy\u00e9s, lav\u00e9s et s\u00e9ch\u00e9s imm\u00e9diatement apr\u00e8s utilisation.<\/p>\n","protected":false},"excerpt":{"rendered":"<p>Une forme de goutte originale et harmonieuse, d&#8217;inspiration moderne et fonctionnelle, caract\u00e9rise le design &#8220;r\u00eav\u00e9&#8221; de la collection Dream. Un<\/p>\n","protected":false},"featured_media":132988,"template":"","meta":{"_acf_changed":false,"inline_featured_image":false},"product_cat":[12790,12782],"product_tag":[25086,23910,23690,17193,23660,16823,25021,24428,17194],"acf":[],"yoast_head":"<!-- This site is optimized with the Yoast SEO Premium plugin v18.6 (Yoast SEO v19.13) - https:\/\/yoast.com\/wordpress\/plugins\/seo\/ -->\n<title>SAMBONET Set de Couverts 24 Pi\u00e8ces Dream<\/title>\n<meta name=\"description\" content=\"D\u00e9couvrez SAMBONET Set de Couverts 24 Pi\u00e8ces Dream sur ErresseShop. Qualit\u00e9, prix r\u00e9duits et achat s\u00e9curis\u00e9 \u2013 commandez d\u00e8s maintenant en ligne !\" \/>\n<meta name=\"robots\" content=\"index, follow, max-snippet:-1, max-image-preview:large, max-video-preview:-1\" \/>\n<link rel=\"canonical\" href=\"https:\/\/www.erresse-shop.it\/fr\/shop\/table-fr-2\/couverts\/sambonet-set-de-couverts-24-pieces-dream\/\" \/>\n<meta property=\"og:locale\" content=\"fr_FR\" \/>\n<meta property=\"og:type\" content=\"article\" \/>\n<meta property=\"og:title\" content=\"SAMBONET Set de Couverts 24 Pi\u00e8ces Dream\" \/>\n<meta property=\"og:description\" content=\"D\u00e9couvrez SAMBONET Set de Couverts 24 Pi\u00e8ces Dream sur ErresseShop. Qualit\u00e9, prix r\u00e9duits et achat s\u00e9curis\u00e9 \u2013 commandez d\u00e8s maintenant en ligne !\" \/>\n<meta property=\"og:url\" content=\"https:\/\/www.erresse-shop.it\/fr\/shop\/table-fr-2\/couverts\/sambonet-set-de-couverts-24-pieces-dream\/\" \/>\n<meta property=\"og:site_name\" content=\"Erresse Shop\" \/>\n<meta property=\"article:modified_time\" content=\"2025-01-13T15:53:02+00:00\" \/>\n<meta property=\"og:image\" content=\"https:\/\/www.erresse-shop.it\/wp-content\/uploads\/2021\/12\/SAMBONET-Posate-Dream-24.jpg\" \/>\n\t<meta property=\"og:image:width\" content=\"1000\" \/>\n\t<meta property=\"og:image:height\" content=\"1000\" \/>\n\t<meta property=\"og:image:type\" content=\"image\/jpeg\" \/>\n<meta name=\"twitter:card\" content=\"summary_large_image\" \/>\n<script type=\"application\/ld+json\" class=\"yoast-schema-graph\">{\"@context\":\"https:\/\/schema.org\",\"@graph\":[{\"@type\":\"WebPage\",\"@id\":\"https:\/\/www.erresse-shop.it\/fr\/shop\/table-fr-2\/couverts\/sambonet-set-de-couverts-24-pieces-dream\/\",\"url\":\"https:\/\/www.erresse-shop.it\/fr\/shop\/table-fr-2\/couverts\/sambonet-set-de-couverts-24-pieces-dream\/\",\"name\":\"SAMBONET Set de Couverts 24 Pi\u00e8ces Dream\",\"isPartOf\":{\"@id\":\"https:\/\/www.erresse-shop.it\/fr\/#website\"},\"datePublished\":\"2021-12-01T10:07:35+00:00\",\"dateModified\":\"2025-01-13T15:53:02+00:00\",\"description\":\"D\u00e9couvrez SAMBONET Set de Couverts 24 Pi\u00e8ces Dream sur ErresseShop. Qualit\u00e9, prix r\u00e9duits et achat s\u00e9curis\u00e9 \u2013 commandez d\u00e8s maintenant en ligne !\",\"breadcrumb\":{\"@id\":\"https:\/\/www.erresse-shop.it\/fr\/shop\/table-fr-2\/couverts\/sambonet-set-de-couverts-24-pieces-dream\/#breadcrumb\"},\"inLanguage\":\"fr-FR\",\"potentialAction\":[{\"@type\":\"ReadAction\",\"target\":[\"https:\/\/www.erresse-shop.it\/fr\/shop\/table-fr-2\/couverts\/sambonet-set-de-couverts-24-pieces-dream\/\"]}]},{\"@type\":\"BreadcrumbList\",\"@id\":\"https:\/\/www.erresse-shop.it\/fr\/shop\/table-fr-2\/couverts\/sambonet-set-de-couverts-24-pieces-dream\/#breadcrumb\",\"itemListElement\":[{\"@type\":\"ListItem\",\"position\":1,\"name\":\"Home\",\"item\":\"https:\/\/www.erresse-shop.it\/fr\/\"},{\"@type\":\"ListItem\",\"position\":2,\"name\":\"Shop\",\"item\":\"https:\/\/www.erresse-shop.it\/fr\/shop\/\"},{\"@type\":\"ListItem\",\"position\":3,\"name\":\"SAMBONET Set de Couverts 24 Pi\u00e8ces Dream\"}]},{\"@type\":\"WebSite\",\"@id\":\"https:\/\/www.erresse-shop.it\/fr\/#website\",\"url\":\"https:\/\/www.erresse-shop.it\/fr\/\",\"name\":\"Erresse Shop\",\"description\":\"Articoli di qualit\u00e0 per la casa\",\"potentialAction\":[{\"@type\":\"SearchAction\",\"target\":{\"@type\":\"EntryPoint\",\"urlTemplate\":\"https:\/\/www.erresse-shop.it\/fr\/?s={search_term_string}\"},\"query-input\":\"required name=search_term_string\"}],\"inLanguage\":\"fr-FR\"}]}<\/script>\n<!-- \/ Yoast SEO Premium plugin. -->","yoast_head_json":{"title":"SAMBONET Set de Couverts 24 Pi\u00e8ces Dream","description":"D\u00e9couvrez SAMBONET Set de Couverts 24 Pi\u00e8ces Dream sur ErresseShop. Qualit\u00e9, prix r\u00e9duits et achat s\u00e9curis\u00e9 \u2013 commandez d\u00e8s maintenant en ligne !","robots":{"index":"index","follow":"follow","max-snippet":"max-snippet:-1","max-image-preview":"max-image-preview:large","max-video-preview":"max-video-preview:-1"},"canonical":"https:\/\/www.erresse-shop.it\/fr\/shop\/table-fr-2\/couverts\/sambonet-set-de-couverts-24-pieces-dream\/","og_locale":"fr_FR","og_type":"article","og_title":"SAMBONET Set de Couverts 24 Pi\u00e8ces Dream","og_description":"D\u00e9couvrez SAMBONET Set de Couverts 24 Pi\u00e8ces Dream sur ErresseShop. Qualit\u00e9, prix r\u00e9duits et achat s\u00e9curis\u00e9 \u2013 commandez d\u00e8s maintenant en ligne !","og_url":"https:\/\/www.erresse-shop.it\/fr\/shop\/table-fr-2\/couverts\/sambonet-set-de-couverts-24-pieces-dream\/","og_site_name":"Erresse Shop","article_modified_time":"2025-01-13T15:53:02+00:00","og_image":[{"width":1000,"height":1000,"url":"https:\/\/www.erresse-shop.it\/wp-content\/uploads\/2021\/12\/SAMBONET-Posate-Dream-24.jpg","type":"image\/jpeg"}],"twitter_card":"summary_large_image","schema":{"@context":"https:\/\/schema.org","@graph":[{"@type":"WebPage","@id":"https:\/\/www.erresse-shop.it\/fr\/shop\/table-fr-2\/couverts\/sambonet-set-de-couverts-24-pieces-dream\/","url":"https:\/\/www.erresse-shop.it\/fr\/shop\/table-fr-2\/couverts\/sambonet-set-de-couverts-24-pieces-dream\/","name":"SAMBONET Set de Couverts 24 Pi\u00e8ces Dream","isPartOf":{"@id":"https:\/\/www.erresse-shop.it\/fr\/#website"},"datePublished":"2021-12-01T10:07:35+00:00","dateModified":"2025-01-13T15:53:02+00:00","description":"D\u00e9couvrez SAMBONET Set de Couverts 24 Pi\u00e8ces Dream sur ErresseShop. Qualit\u00e9, prix r\u00e9duits et achat s\u00e9curis\u00e9 \u2013 commandez d\u00e8s maintenant en ligne !","breadcrumb":{"@id":"https:\/\/www.erresse-shop.it\/fr\/shop\/table-fr-2\/couverts\/sambonet-set-de-couverts-24-pieces-dream\/#breadcrumb"},"inLanguage":"fr-FR","potentialAction":[{"@type":"ReadAction","target":["https:\/\/www.erresse-shop.it\/fr\/shop\/table-fr-2\/couverts\/sambonet-set-de-couverts-24-pieces-dream\/"]}]},{"@type":"BreadcrumbList","@id":"https:\/\/www.erresse-shop.it\/fr\/shop\/table-fr-2\/couverts\/sambonet-set-de-couverts-24-pieces-dream\/#breadcrumb","itemListElement":[{"@type":"ListItem","position":1,"name":"Home","item":"https:\/\/www.erresse-shop.it\/fr\/"},{"@type":"ListItem","position":2,"name":"Shop","item":"https:\/\/www.erresse-shop.it\/fr\/shop\/"},{"@type":"ListItem","position":3,"name":"SAMBONET Set de Couverts 24 Pi\u00e8ces Dream"}]},{"@type":"WebSite","@id":"https:\/\/www.erresse-shop.it\/fr\/#website","url":"https:\/\/www.erresse-shop.it\/fr\/","name":"Erresse Shop","description":"Articoli di qualit\u00e0 per la casa","potentialAction":[{"@type":"SearchAction","target":{"@type":"EntryPoint","urlTemplate":"https:\/\/www.erresse-shop.it\/fr\/?s={search_term_string}"},"query-input":"required name=search_term_string"}],"inLanguage":"fr-FR"}]}},"df_price":90.42000000000002,"df_sale_price":90.42000000000002,"df_regular_price":164.4,"df_image_link":"https:\/\/www.erresse-shop.it\/wp-content\/uploads\/2021\/12\/SAMBONET-Posate-Dream-24-300x300.jpg","_links":{"self":[{"href":"https:\/\/www.erresse-shop.it\/fr\/wp-json\/wp\/v2\/product\/132953"}],"collection":[{"href":"https:\/\/www.erresse-shop.it\/fr\/wp-json\/wp\/v2\/product"}],"about":[{"href":"https:\/\/www.erresse-shop.it\/fr\/wp-json\/wp\/v2\/types\/product"}],"wp:featuredmedia":[{"embeddable":true,"href":"https:\/\/www.erresse-shop.it\/fr\/wp-json\/wp\/v2\/media\/132988"}],"wp:attachment":[{"href":"https:\/\/www.erresse-shop.it\/fr\/wp-json\/wp\/v2\/media?parent=132953"}],"wp:term":[{"taxonomy":"product_cat","embeddable":true,"href":"https:\/\/www.erresse-shop.it\/fr\/wp-json\/wp\/v2\/product_cat?post=132953"},{"taxonomy":"product_tag","embeddable":true,"href":"https:\/\/www.erresse-shop.it\/fr\/wp-json\/wp\/v2\/product_tag?post=132953"}],"curies":[{"name":"wp","href":"https:\/\/api.w.org\/{rel}","templated":true}]}}