{"id":132855,"date":"2021-12-01T09:06:05","date_gmt":"2021-12-01T09:06:08","guid":{"rendered":"https:\/\/www.erresse-shop.it\/?post_type=product&#038;p=132855"},"modified":"2025-01-13T15:52:55","modified_gmt":"2025-01-13T15:52:55","slug":"sambonet-set-de-couverts-36-pieces-rock","status":"publish","type":"product","link":"https:\/\/www.erresse-shop.it\/fr\/shop\/table-fr-2\/couverts\/sambonet-set-de-couverts-36-pieces-rock\/","title":{"rendered":"SAMBONET Set de Couverts 36 Pi\u00e8ces Rock"},"content":{"rendered":"<p>Pour Sambonet, \u00eatre &#8220;rock&#8221; va bien au-del\u00e0 de l&#8217;esth\u00e9tique. Renforc\u00e9s par un ADN innovant, d\u00e9termin\u00e9s dans leur conception et raffin\u00e9s dans leur style, les nouveaux couverts Rock sont extr\u00eamement flexibles tout en apportant du caract\u00e8re et du dynamisme \u00e0 la table. Les lignes carr\u00e9es et la forte \u00e9paisseur de l&#8217;acier inoxydable en font une collection fonctionnelle et contemporaine.<\/p>\n<ul>\n<li>Un design moderne, nonchalant et attrayant qui donne du relief \u00e0 la table.<\/li>\n<li>Service de table complet pour 6 personnes. Comprend 6 fourchettes de table, 6 cuill\u00e8res de table, 6 couteaux de table, 6 fourchettes \u00e0 fruits, 6 couteaux \u00e0 fruits et 6 cuill\u00e8res \u00e0 caf\u00e9.<\/li>\n<li>Fabriqu\u00e9 en acier inoxydable 18\/10 durable et de haute qualit\u00e9. Lavable au lave-vaisselle.<\/li>\n<li>Le poli miroir met en valeur la haute qualit\u00e9 de l&#8217;acier Sambonet, en soulignant la forme et le design.<\/li>\n<li>La captivante texture Antique, agr\u00e9able au toucher, donne une finition mate sophistiqu\u00e9e et raffin\u00e9e \u00e0 l&#8217;acier. La coloration PVD &#8211; le savoir-faire d\u00e9pos\u00e9 de Sambonet &#8211; ajoute style et force aux surfaces.<\/li>\n<\/ul>\n<p><strong>AVANT ET APR\u00c8S CHAQUE UTILISATION<\/strong><br \/>\nLaver avec des d\u00e9tergents appropri\u00e9s en \u00e9vitant le chlore et les produits de blanchiment, rincer et s\u00e9cher soigneusement. Stockez ensuite dans un endroit sec. N&#8217;utilisez pas d&#8217;\u00e9ponges ou de chiffons abrasifs ni de tampons \u00e0 r\u00e9curer le m\u00e9tal. Enlevez imm\u00e9diatement les r\u00e9sidus de sel, de citron, de vinaigre, de sauces \u00e0 base de tomates, etc. Si vous utilisez un lave-vaisselle, assurez-vous que le traitement comprend un s\u00e9chage et un polissage parfaits et, sinon, faites-le manuellement. Les lames de couteaux sont fabriqu\u00e9es en acier inoxydable martensitique 420 tremp\u00e9, ce qui garantit la durabilit\u00e9 de l&#8217;aff\u00fbtage mais rend le mat\u00e9riau plus sensible aux attaques corrosives. Il est essentiel que les couteaux soient correctement nettoy\u00e9s, lav\u00e9s et s\u00e9ch\u00e9s imm\u00e9diatement apr\u00e8s utilisation.<\/p>\n","protected":false},"excerpt":{"rendered":"<p>Pour Sambonet, \u00eatre &#8220;rock&#8221; va bien au-del\u00e0 de l&#8217;esth\u00e9tique. Renforc\u00e9s par un ADN innovant, d\u00e9termin\u00e9s dans leur conception et raffin\u00e9s<\/p>\n","protected":false},"featured_media":132866,"template":"","meta":{"_acf_changed":false,"inline_featured_image":false},"product_cat":[12790,12782],"product_tag":[23910,23690,17193,17887,17194],"acf":[],"yoast_head":"<!-- This site is optimized with the Yoast SEO Premium plugin v18.6 (Yoast SEO v19.13) - https:\/\/yoast.com\/wordpress\/plugins\/seo\/ -->\n<title>SAMBONET Set de Couverts 36 Pi\u00e8ces Rock<\/title>\n<meta name=\"description\" content=\"D\u00e9couvrez SAMBONET Set de Couverts 36 Pi\u00e8ces Rock sur ErresseShop. Qualit\u00e9, prix r\u00e9duits et achat s\u00e9curis\u00e9 \u2013 commandez d\u00e8s maintenant en ligne !\" \/>\n<meta name=\"robots\" content=\"index, follow, max-snippet:-1, max-image-preview:large, max-video-preview:-1\" \/>\n<link rel=\"canonical\" href=\"https:\/\/www.erresse-shop.it\/fr\/shop\/table-fr-2\/couverts\/sambonet-set-de-couverts-36-pieces-rock\/\" \/>\n<meta property=\"og:locale\" content=\"fr_FR\" \/>\n<meta property=\"og:type\" content=\"article\" \/>\n<meta property=\"og:title\" content=\"SAMBONET Set de Couverts 36 Pi\u00e8ces Rock\" \/>\n<meta property=\"og:description\" content=\"D\u00e9couvrez SAMBONET Set de Couverts 36 Pi\u00e8ces Rock sur ErresseShop. Qualit\u00e9, prix r\u00e9duits et achat s\u00e9curis\u00e9 \u2013 commandez d\u00e8s maintenant en ligne !\" \/>\n<meta property=\"og:url\" content=\"https:\/\/www.erresse-shop.it\/fr\/shop\/table-fr-2\/couverts\/sambonet-set-de-couverts-36-pieces-rock\/\" \/>\n<meta property=\"og:site_name\" content=\"Erresse Shop\" \/>\n<meta property=\"article:modified_time\" content=\"2025-01-13T15:52:55+00:00\" \/>\n<meta property=\"og:image\" content=\"https:\/\/www.erresse-shop.it\/wp-content\/uploads\/2021\/12\/Sambinet-Posate-Rock-36.jpg\" \/>\n\t<meta property=\"og:image:width\" content=\"1000\" \/>\n\t<meta property=\"og:image:height\" content=\"1000\" \/>\n\t<meta property=\"og:image:type\" content=\"image\/jpeg\" \/>\n<meta name=\"twitter:card\" content=\"summary_large_image\" \/>\n<script type=\"application\/ld+json\" class=\"yoast-schema-graph\">{\"@context\":\"https:\/\/schema.org\",\"@graph\":[{\"@type\":\"WebPage\",\"@id\":\"https:\/\/www.erresse-shop.it\/fr\/shop\/table-fr-2\/couverts\/sambonet-set-de-couverts-36-pieces-rock\/\",\"url\":\"https:\/\/www.erresse-shop.it\/fr\/shop\/table-fr-2\/couverts\/sambonet-set-de-couverts-36-pieces-rock\/\",\"name\":\"SAMBONET Set de Couverts 36 Pi\u00e8ces Rock\",\"isPartOf\":{\"@id\":\"https:\/\/www.erresse-shop.it\/fr\/#website\"},\"datePublished\":\"2021-12-01T09:06:08+00:00\",\"dateModified\":\"2025-01-13T15:52:55+00:00\",\"description\":\"D\u00e9couvrez SAMBONET Set de Couverts 36 Pi\u00e8ces Rock sur ErresseShop. Qualit\u00e9, prix r\u00e9duits et achat s\u00e9curis\u00e9 \u2013 commandez d\u00e8s maintenant en ligne !\",\"breadcrumb\":{\"@id\":\"https:\/\/www.erresse-shop.it\/fr\/shop\/table-fr-2\/couverts\/sambonet-set-de-couverts-36-pieces-rock\/#breadcrumb\"},\"inLanguage\":\"fr-FR\",\"potentialAction\":[{\"@type\":\"ReadAction\",\"target\":[\"https:\/\/www.erresse-shop.it\/fr\/shop\/table-fr-2\/couverts\/sambonet-set-de-couverts-36-pieces-rock\/\"]}]},{\"@type\":\"BreadcrumbList\",\"@id\":\"https:\/\/www.erresse-shop.it\/fr\/shop\/table-fr-2\/couverts\/sambonet-set-de-couverts-36-pieces-rock\/#breadcrumb\",\"itemListElement\":[{\"@type\":\"ListItem\",\"position\":1,\"name\":\"Home\",\"item\":\"https:\/\/www.erresse-shop.it\/fr\/\"},{\"@type\":\"ListItem\",\"position\":2,\"name\":\"Shop\",\"item\":\"https:\/\/www.erresse-shop.it\/fr\/shop\/\"},{\"@type\":\"ListItem\",\"position\":3,\"name\":\"SAMBONET Set de Couverts 36 Pi\u00e8ces Rock\"}]},{\"@type\":\"WebSite\",\"@id\":\"https:\/\/www.erresse-shop.it\/fr\/#website\",\"url\":\"https:\/\/www.erresse-shop.it\/fr\/\",\"name\":\"Erresse Shop\",\"description\":\"Articoli di qualit\u00e0 per la casa\",\"potentialAction\":[{\"@type\":\"SearchAction\",\"target\":{\"@type\":\"EntryPoint\",\"urlTemplate\":\"https:\/\/www.erresse-shop.it\/fr\/?s={search_term_string}\"},\"query-input\":\"required name=search_term_string\"}],\"inLanguage\":\"fr-FR\"}]}<\/script>\n<!-- \/ Yoast SEO Premium plugin. -->","yoast_head_json":{"title":"SAMBONET Set de Couverts 36 Pi\u00e8ces Rock","description":"D\u00e9couvrez SAMBONET Set de Couverts 36 Pi\u00e8ces Rock sur ErresseShop. Qualit\u00e9, prix r\u00e9duits et achat s\u00e9curis\u00e9 \u2013 commandez d\u00e8s maintenant en ligne !","robots":{"index":"index","follow":"follow","max-snippet":"max-snippet:-1","max-image-preview":"max-image-preview:large","max-video-preview":"max-video-preview:-1"},"canonical":"https:\/\/www.erresse-shop.it\/fr\/shop\/table-fr-2\/couverts\/sambonet-set-de-couverts-36-pieces-rock\/","og_locale":"fr_FR","og_type":"article","og_title":"SAMBONET Set de Couverts 36 Pi\u00e8ces Rock","og_description":"D\u00e9couvrez SAMBONET Set de Couverts 36 Pi\u00e8ces Rock sur ErresseShop. Qualit\u00e9, prix r\u00e9duits et achat s\u00e9curis\u00e9 \u2013 commandez d\u00e8s maintenant en ligne !","og_url":"https:\/\/www.erresse-shop.it\/fr\/shop\/table-fr-2\/couverts\/sambonet-set-de-couverts-36-pieces-rock\/","og_site_name":"Erresse Shop","article_modified_time":"2025-01-13T15:52:55+00:00","og_image":[{"width":1000,"height":1000,"url":"https:\/\/www.erresse-shop.it\/wp-content\/uploads\/2021\/12\/Sambinet-Posate-Rock-36.jpg","type":"image\/jpeg"}],"twitter_card":"summary_large_image","schema":{"@context":"https:\/\/schema.org","@graph":[{"@type":"WebPage","@id":"https:\/\/www.erresse-shop.it\/fr\/shop\/table-fr-2\/couverts\/sambonet-set-de-couverts-36-pieces-rock\/","url":"https:\/\/www.erresse-shop.it\/fr\/shop\/table-fr-2\/couverts\/sambonet-set-de-couverts-36-pieces-rock\/","name":"SAMBONET Set de Couverts 36 Pi\u00e8ces Rock","isPartOf":{"@id":"https:\/\/www.erresse-shop.it\/fr\/#website"},"datePublished":"2021-12-01T09:06:08+00:00","dateModified":"2025-01-13T15:52:55+00:00","description":"D\u00e9couvrez SAMBONET Set de Couverts 36 Pi\u00e8ces Rock sur ErresseShop. Qualit\u00e9, prix r\u00e9duits et achat s\u00e9curis\u00e9 \u2013 commandez d\u00e8s maintenant en ligne !","breadcrumb":{"@id":"https:\/\/www.erresse-shop.it\/fr\/shop\/table-fr-2\/couverts\/sambonet-set-de-couverts-36-pieces-rock\/#breadcrumb"},"inLanguage":"fr-FR","potentialAction":[{"@type":"ReadAction","target":["https:\/\/www.erresse-shop.it\/fr\/shop\/table-fr-2\/couverts\/sambonet-set-de-couverts-36-pieces-rock\/"]}]},{"@type":"BreadcrumbList","@id":"https:\/\/www.erresse-shop.it\/fr\/shop\/table-fr-2\/couverts\/sambonet-set-de-couverts-36-pieces-rock\/#breadcrumb","itemListElement":[{"@type":"ListItem","position":1,"name":"Home","item":"https:\/\/www.erresse-shop.it\/fr\/"},{"@type":"ListItem","position":2,"name":"Shop","item":"https:\/\/www.erresse-shop.it\/fr\/shop\/"},{"@type":"ListItem","position":3,"name":"SAMBONET Set de Couverts 36 Pi\u00e8ces Rock"}]},{"@type":"WebSite","@id":"https:\/\/www.erresse-shop.it\/fr\/#website","url":"https:\/\/www.erresse-shop.it\/fr\/","name":"Erresse Shop","description":"Articoli di qualit\u00e0 per la casa","potentialAction":[{"@type":"SearchAction","target":{"@type":"EntryPoint","urlTemplate":"https:\/\/www.erresse-shop.it\/fr\/?s={search_term_string}"},"query-input":"required name=search_term_string"}],"inLanguage":"fr-FR"}]}},"df_price":109.45,"df_sale_price":109.45,"df_regular_price":199,"df_image_link":"https:\/\/www.erresse-shop.it\/wp-content\/uploads\/2021\/12\/Sambinet-Posate-Rock-36-300x300.jpg","_links":{"self":[{"href":"https:\/\/www.erresse-shop.it\/fr\/wp-json\/wp\/v2\/product\/132855"}],"collection":[{"href":"https:\/\/www.erresse-shop.it\/fr\/wp-json\/wp\/v2\/product"}],"about":[{"href":"https:\/\/www.erresse-shop.it\/fr\/wp-json\/wp\/v2\/types\/product"}],"wp:featuredmedia":[{"embeddable":true,"href":"https:\/\/www.erresse-shop.it\/fr\/wp-json\/wp\/v2\/media\/132866"}],"wp:attachment":[{"href":"https:\/\/www.erresse-shop.it\/fr\/wp-json\/wp\/v2\/media?parent=132855"}],"wp:term":[{"taxonomy":"product_cat","embeddable":true,"href":"https:\/\/www.erresse-shop.it\/fr\/wp-json\/wp\/v2\/product_cat?post=132855"},{"taxonomy":"product_tag","embeddable":true,"href":"https:\/\/www.erresse-shop.it\/fr\/wp-json\/wp\/v2\/product_tag?post=132855"}],"curies":[{"name":"wp","href":"https:\/\/api.w.org\/{rel}","templated":true}]}}