{"id":132409,"date":"2021-11-26T13:44:54","date_gmt":"2021-11-26T13:45:09","guid":{"rendered":"https:\/\/www.erresse-shop.it\/?post_type=product&#038;p=132409"},"modified":"2025-01-13T15:52:31","modified_gmt":"2025-01-13T15:52:31","slug":"versace-home-vase-prestige-gala-bleu","status":"publish","type":"product","link":"https:\/\/www.erresse-shop.it\/fr\/shop\/ameublement-maison\/vases-fr\/versace-home-vase-prestige-gala-bleu\/","title":{"rendered":"VERSACE HOME Vase Prestige Gala Bleu"},"content":{"rendered":"<p><strong>Hauteur :<\/strong> 26 cm<\/p>\n<p>Ce vase pr\u00e9sente des d\u00e9corations en or fin et en platine habilement juxtapos\u00e9es \u00e0 des motifs d\u00e9coratifs raffin\u00e9s, parmi lesquels se distingue la couleur bleue\/turquoise. C&#8217;est un triomphe des ornements somptueux qui lui conf\u00e8rent un style excentrique.<\/p>\n<p>Le protagoniste absolu, plac\u00e9 au centre, est un grand vase dor\u00e9, termin\u00e9 par de pr\u00e9cieuses feuilles d&#8217;acanthe et de d\u00e9licats \u00e9l\u00e9ments ornementaux, tandis que deux lions imposants l&#8217;encadrent sur les c\u00f4t\u00e9s. La somptueuse t\u00eate de M\u00e9duse revient \u00e9galement, symbole de s\u00e9duction par excellence, choisie par le designer et d\u00e9j\u00e0 \u00e0 la base d&#8217;autres d\u00e9corations Rosenthal Versace.<\/p>\n<p>Gr\u00e2ce au traitement sp\u00e9cial qu&#8217;il subit, tant le d\u00e9cor que la couleur et la luminosit\u00e9 sont extr\u00eamement r\u00e9sistants aux rayures et aux abrasions.<\/p>\n<p>Rosenthal doit sa r\u00e9putation mondiale \u00e0 sa capacit\u00e9 \u00e0 toujours allier tradition et innovation, tandis que Versace est connue dans le monde entier pour son glamour unique et luxueux. Ensemble, ils sont capables de cr\u00e9er des collections de vaisselle et de cadeaux \u00e9l\u00e9gants, \u00e9labor\u00e9s et en m\u00eame temps passionnants, inspir\u00e9s par des \u00e9poques et des cultures d&#8217;autres temps.<\/p>\n","protected":false},"excerpt":{"rendered":"<p>Hauteur : 26 cm Ce vase pr\u00e9sente des d\u00e9corations en or fin et en platine habilement juxtapos\u00e9es \u00e0 des motifs<\/p>\n","protected":false},"featured_media":132414,"template":"","meta":{"_acf_changed":false,"inline_featured_image":false},"product_cat":[12738,14422],"product_tag":[25181,23690,25021,24680,17838,13849,17839],"acf":[],"yoast_head":"<!-- This site is optimized with the Yoast SEO Premium plugin v18.6 (Yoast SEO v19.13) - https:\/\/yoast.com\/wordpress\/plugins\/seo\/ -->\n<title>VERSACE HOME Vase Prestige Gala Bleu<\/title>\n<meta name=\"description\" content=\"D\u00e9couvrez VERSACE HOME Vase Prestige Gala Bleu sur ErresseShop. Qualit\u00e9, prix r\u00e9duits et achat s\u00e9curis\u00e9 \u2013 commandez d\u00e8s maintenant en ligne !\" \/>\n<meta name=\"robots\" content=\"index, follow, max-snippet:-1, max-image-preview:large, max-video-preview:-1\" \/>\n<link rel=\"canonical\" href=\"https:\/\/www.erresse-shop.it\/fr\/shop\/ameublement-maison\/vases-fr\/versace-home-vase-prestige-gala-bleu\/\" \/>\n<meta property=\"og:locale\" content=\"fr_FR\" \/>\n<meta property=\"og:type\" content=\"article\" \/>\n<meta property=\"og:title\" content=\"VERSACE HOME Vase Prestige Gala Bleu\" \/>\n<meta property=\"og:description\" content=\"D\u00e9couvrez VERSACE HOME Vase Prestige Gala Bleu sur ErresseShop. Qualit\u00e9, prix r\u00e9duits et achat s\u00e9curis\u00e9 \u2013 commandez d\u00e8s maintenant en ligne !\" \/>\n<meta property=\"og:url\" content=\"https:\/\/www.erresse-shop.it\/fr\/shop\/ameublement-maison\/vases-fr\/versace-home-vase-prestige-gala-bleu\/\" \/>\n<meta property=\"og:site_name\" content=\"Erresse Shop\" \/>\n<meta property=\"article:modified_time\" content=\"2025-01-13T15:52:31+00:00\" \/>\n<meta property=\"og:image\" content=\"https:\/\/www.erresse-shop.it\/wp-content\/uploads\/2021\/11\/VERSACE-HOME-Vaso-Prestige-Gala-Blu.jpg\" \/>\n\t<meta property=\"og:image:width\" content=\"1000\" \/>\n\t<meta property=\"og:image:height\" content=\"1000\" \/>\n\t<meta property=\"og:image:type\" content=\"image\/jpeg\" \/>\n<meta name=\"twitter:card\" content=\"summary_large_image\" \/>\n<script type=\"application\/ld+json\" class=\"yoast-schema-graph\">{\"@context\":\"https:\/\/schema.org\",\"@graph\":[{\"@type\":\"WebPage\",\"@id\":\"https:\/\/www.erresse-shop.it\/fr\/shop\/ameublement-maison\/vases-fr\/versace-home-vase-prestige-gala-bleu\/\",\"url\":\"https:\/\/www.erresse-shop.it\/fr\/shop\/ameublement-maison\/vases-fr\/versace-home-vase-prestige-gala-bleu\/\",\"name\":\"VERSACE HOME Vase Prestige Gala Bleu\",\"isPartOf\":{\"@id\":\"https:\/\/www.erresse-shop.it\/fr\/#website\"},\"datePublished\":\"2021-11-26T13:45:09+00:00\",\"dateModified\":\"2025-01-13T15:52:31+00:00\",\"description\":\"D\u00e9couvrez VERSACE HOME Vase Prestige Gala Bleu sur ErresseShop. Qualit\u00e9, prix r\u00e9duits et achat s\u00e9curis\u00e9 \u2013 commandez d\u00e8s maintenant en ligne !\",\"breadcrumb\":{\"@id\":\"https:\/\/www.erresse-shop.it\/fr\/shop\/ameublement-maison\/vases-fr\/versace-home-vase-prestige-gala-bleu\/#breadcrumb\"},\"inLanguage\":\"fr-FR\",\"potentialAction\":[{\"@type\":\"ReadAction\",\"target\":[\"https:\/\/www.erresse-shop.it\/fr\/shop\/ameublement-maison\/vases-fr\/versace-home-vase-prestige-gala-bleu\/\"]}]},{\"@type\":\"BreadcrumbList\",\"@id\":\"https:\/\/www.erresse-shop.it\/fr\/shop\/ameublement-maison\/vases-fr\/versace-home-vase-prestige-gala-bleu\/#breadcrumb\",\"itemListElement\":[{\"@type\":\"ListItem\",\"position\":1,\"name\":\"Home\",\"item\":\"https:\/\/www.erresse-shop.it\/fr\/\"},{\"@type\":\"ListItem\",\"position\":2,\"name\":\"Shop\",\"item\":\"https:\/\/www.erresse-shop.it\/fr\/shop\/\"},{\"@type\":\"ListItem\",\"position\":3,\"name\":\"VERSACE HOME Vase Prestige Gala Bleu\"}]},{\"@type\":\"WebSite\",\"@id\":\"https:\/\/www.erresse-shop.it\/fr\/#website\",\"url\":\"https:\/\/www.erresse-shop.it\/fr\/\",\"name\":\"Erresse Shop\",\"description\":\"Articoli di qualit\u00e0 per la casa\",\"potentialAction\":[{\"@type\":\"SearchAction\",\"target\":{\"@type\":\"EntryPoint\",\"urlTemplate\":\"https:\/\/www.erresse-shop.it\/fr\/?s={search_term_string}\"},\"query-input\":\"required name=search_term_string\"}],\"inLanguage\":\"fr-FR\"}]}<\/script>\n<!-- \/ Yoast SEO Premium plugin. -->","yoast_head_json":{"title":"VERSACE HOME Vase Prestige Gala Bleu","description":"D\u00e9couvrez VERSACE HOME Vase Prestige Gala Bleu sur ErresseShop. Qualit\u00e9, prix r\u00e9duits et achat s\u00e9curis\u00e9 \u2013 commandez d\u00e8s maintenant en ligne !","robots":{"index":"index","follow":"follow","max-snippet":"max-snippet:-1","max-image-preview":"max-image-preview:large","max-video-preview":"max-video-preview:-1"},"canonical":"https:\/\/www.erresse-shop.it\/fr\/shop\/ameublement-maison\/vases-fr\/versace-home-vase-prestige-gala-bleu\/","og_locale":"fr_FR","og_type":"article","og_title":"VERSACE HOME Vase Prestige Gala Bleu","og_description":"D\u00e9couvrez VERSACE HOME Vase Prestige Gala Bleu sur ErresseShop. Qualit\u00e9, prix r\u00e9duits et achat s\u00e9curis\u00e9 \u2013 commandez d\u00e8s maintenant en ligne !","og_url":"https:\/\/www.erresse-shop.it\/fr\/shop\/ameublement-maison\/vases-fr\/versace-home-vase-prestige-gala-bleu\/","og_site_name":"Erresse Shop","article_modified_time":"2025-01-13T15:52:31+00:00","og_image":[{"width":1000,"height":1000,"url":"https:\/\/www.erresse-shop.it\/wp-content\/uploads\/2021\/11\/VERSACE-HOME-Vaso-Prestige-Gala-Blu.jpg","type":"image\/jpeg"}],"twitter_card":"summary_large_image","schema":{"@context":"https:\/\/schema.org","@graph":[{"@type":"WebPage","@id":"https:\/\/www.erresse-shop.it\/fr\/shop\/ameublement-maison\/vases-fr\/versace-home-vase-prestige-gala-bleu\/","url":"https:\/\/www.erresse-shop.it\/fr\/shop\/ameublement-maison\/vases-fr\/versace-home-vase-prestige-gala-bleu\/","name":"VERSACE HOME Vase Prestige Gala Bleu","isPartOf":{"@id":"https:\/\/www.erresse-shop.it\/fr\/#website"},"datePublished":"2021-11-26T13:45:09+00:00","dateModified":"2025-01-13T15:52:31+00:00","description":"D\u00e9couvrez VERSACE HOME Vase Prestige Gala Bleu sur ErresseShop. Qualit\u00e9, prix r\u00e9duits et achat s\u00e9curis\u00e9 \u2013 commandez d\u00e8s maintenant en ligne !","breadcrumb":{"@id":"https:\/\/www.erresse-shop.it\/fr\/shop\/ameublement-maison\/vases-fr\/versace-home-vase-prestige-gala-bleu\/#breadcrumb"},"inLanguage":"fr-FR","potentialAction":[{"@type":"ReadAction","target":["https:\/\/www.erresse-shop.it\/fr\/shop\/ameublement-maison\/vases-fr\/versace-home-vase-prestige-gala-bleu\/"]}]},{"@type":"BreadcrumbList","@id":"https:\/\/www.erresse-shop.it\/fr\/shop\/ameublement-maison\/vases-fr\/versace-home-vase-prestige-gala-bleu\/#breadcrumb","itemListElement":[{"@type":"ListItem","position":1,"name":"Home","item":"https:\/\/www.erresse-shop.it\/fr\/"},{"@type":"ListItem","position":2,"name":"Shop","item":"https:\/\/www.erresse-shop.it\/fr\/shop\/"},{"@type":"ListItem","position":3,"name":"VERSACE HOME Vase Prestige Gala Bleu"}]},{"@type":"WebSite","@id":"https:\/\/www.erresse-shop.it\/fr\/#website","url":"https:\/\/www.erresse-shop.it\/fr\/","name":"Erresse Shop","description":"Articoli di qualit\u00e0 per la casa","potentialAction":[{"@type":"SearchAction","target":{"@type":"EntryPoint","urlTemplate":"https:\/\/www.erresse-shop.it\/fr\/?s={search_term_string}"},"query-input":"required name=search_term_string"}],"inLanguage":"fr-FR"}]}},"df_price":222.5,"df_sale_price":222.5,"df_regular_price":445,"df_image_link":"https:\/\/www.erresse-shop.it\/wp-content\/uploads\/2021\/11\/VERSACE-HOME-Vaso-Prestige-Gala-Blu-300x300.jpg","_links":{"self":[{"href":"https:\/\/www.erresse-shop.it\/fr\/wp-json\/wp\/v2\/product\/132409"}],"collection":[{"href":"https:\/\/www.erresse-shop.it\/fr\/wp-json\/wp\/v2\/product"}],"about":[{"href":"https:\/\/www.erresse-shop.it\/fr\/wp-json\/wp\/v2\/types\/product"}],"wp:featuredmedia":[{"embeddable":true,"href":"https:\/\/www.erresse-shop.it\/fr\/wp-json\/wp\/v2\/media\/132414"}],"wp:attachment":[{"href":"https:\/\/www.erresse-shop.it\/fr\/wp-json\/wp\/v2\/media?parent=132409"}],"wp:term":[{"taxonomy":"product_cat","embeddable":true,"href":"https:\/\/www.erresse-shop.it\/fr\/wp-json\/wp\/v2\/product_cat?post=132409"},{"taxonomy":"product_tag","embeddable":true,"href":"https:\/\/www.erresse-shop.it\/fr\/wp-json\/wp\/v2\/product_tag?post=132409"}],"curies":[{"name":"wp","href":"https:\/\/api.w.org\/{rel}","templated":true}]}}