{"id":132364,"date":"2021-11-26T11:22:33","date_gmt":"2021-11-26T11:22:38","guid":{"rendered":"https:\/\/www.erresse-shop.it\/?post_type=product&#038;p=132364"},"modified":"2025-01-13T15:52:24","modified_gmt":"2025-01-13T15:52:24","slug":"versace-home-assiette-plate-17-cm-jungle-animal-wild","status":"publish","type":"product","link":"https:\/\/www.erresse-shop.it\/fr\/shop\/table-fr-2\/plats\/versace-home-assiette-plate-17-cm-jungle-animal-wild\/","title":{"rendered":"VERSACE HOME Assiette Plate 17 cm Jungle Animal Wild"},"content":{"rendered":"<p>Apportez un peu de style sartorial aux repas avec cette assiette Jungle Animal de Versace Home. Confectionn\u00e9 en porcelaine, il est orn\u00e9 d&#8217;un imprim\u00e9 sauvage inspir\u00e9 de la jungle, avec des touches de l&#8217;embl\u00e9matique M\u00e9duse.<\/p>\n<p><strong><span style=\"text-decoration: underline;\">Attention<\/span> :<\/strong> L&#8217;utilisation de couleurs de haute qualit\u00e9 interdit le nettoyage dans le lave-vaisselle. Cette assiette en porcelaine ne doit \u00eatre lav\u00e9e qu&#8217;\u00e0 la main.<\/p>\n","protected":false},"excerpt":{"rendered":"<p>Apportez un peu de style sartorial aux repas avec cette assiette Jungle Animal de Versace Home. Confectionn\u00e9 en porcelaine, il<\/p>\n","protected":false},"featured_media":436640,"template":"","meta":{"_acf_changed":false,"inline_featured_image":false},"product_cat":[12788,12782],"product_tag":[13169,23690,17846,24680,13170,17839],"acf":[],"yoast_head":"<!-- This site is optimized with the Yoast SEO Premium plugin v18.6 (Yoast SEO v19.13) - https:\/\/yoast.com\/wordpress\/plugins\/seo\/ -->\n<title>VERSACE HOME Assiette Plate 17 cm Jungle Animal Wild<\/title>\n<meta name=\"description\" content=\"D\u00e9couvrez VERSACE HOME Assiette Plate 17 cm Jungle Animal Wild sur ErresseShop. Qualit\u00e9, prix r\u00e9duits et achat s\u00e9curis\u00e9 \u2013 commandez d\u00e8s maintenant en ligne !\" \/>\n<meta name=\"robots\" content=\"index, follow, max-snippet:-1, max-image-preview:large, max-video-preview:-1\" \/>\n<link rel=\"canonical\" href=\"https:\/\/www.erresse-shop.it\/fr\/shop\/table-fr-2\/plats\/versace-home-assiette-plate-17-cm-jungle-animal-wild\/\" \/>\n<meta property=\"og:locale\" content=\"fr_FR\" \/>\n<meta property=\"og:type\" content=\"article\" \/>\n<meta property=\"og:title\" content=\"VERSACE HOME Assiette Plate 17 cm Jungle Animal Wild\" \/>\n<meta property=\"og:description\" content=\"D\u00e9couvrez VERSACE HOME Assiette Plate 17 cm Jungle Animal Wild sur ErresseShop. Qualit\u00e9, prix r\u00e9duits et achat s\u00e9curis\u00e9 \u2013 commandez d\u00e8s maintenant en ligne !\" \/>\n<meta property=\"og:url\" content=\"https:\/\/www.erresse-shop.it\/fr\/shop\/table-fr-2\/plats\/versace-home-assiette-plate-17-cm-jungle-animal-wild\/\" \/>\n<meta property=\"og:site_name\" content=\"Erresse Shop\" \/>\n<meta property=\"article:modified_time\" content=\"2025-01-13T15:52:24+00:00\" \/>\n<meta property=\"og:image\" content=\"https:\/\/www.erresse-shop.it\/wp-content\/uploads\/2021\/11\/VERSACE-HOME-Piatto-Piano-17-cm-Jungle-Animal-Wild-1.jpg\" \/>\n\t<meta property=\"og:image:width\" content=\"1200\" \/>\n\t<meta property=\"og:image:height\" content=\"1200\" \/>\n\t<meta property=\"og:image:type\" content=\"image\/jpeg\" \/>\n<meta name=\"twitter:card\" content=\"summary_large_image\" \/>\n<script type=\"application\/ld+json\" class=\"yoast-schema-graph\">{\"@context\":\"https:\/\/schema.org\",\"@graph\":[{\"@type\":\"WebPage\",\"@id\":\"https:\/\/www.erresse-shop.it\/fr\/shop\/table-fr-2\/plats\/versace-home-assiette-plate-17-cm-jungle-animal-wild\/\",\"url\":\"https:\/\/www.erresse-shop.it\/fr\/shop\/table-fr-2\/plats\/versace-home-assiette-plate-17-cm-jungle-animal-wild\/\",\"name\":\"VERSACE HOME Assiette Plate 17 cm Jungle Animal Wild\",\"isPartOf\":{\"@id\":\"https:\/\/www.erresse-shop.it\/fr\/#website\"},\"datePublished\":\"2021-11-26T11:22:38+00:00\",\"dateModified\":\"2025-01-13T15:52:24+00:00\",\"description\":\"D\u00e9couvrez VERSACE HOME Assiette Plate 17 cm Jungle Animal Wild sur ErresseShop. Qualit\u00e9, prix r\u00e9duits et achat s\u00e9curis\u00e9 \u2013 commandez d\u00e8s maintenant en ligne !\",\"breadcrumb\":{\"@id\":\"https:\/\/www.erresse-shop.it\/fr\/shop\/table-fr-2\/plats\/versace-home-assiette-plate-17-cm-jungle-animal-wild\/#breadcrumb\"},\"inLanguage\":\"fr-FR\",\"potentialAction\":[{\"@type\":\"ReadAction\",\"target\":[\"https:\/\/www.erresse-shop.it\/fr\/shop\/table-fr-2\/plats\/versace-home-assiette-plate-17-cm-jungle-animal-wild\/\"]}]},{\"@type\":\"BreadcrumbList\",\"@id\":\"https:\/\/www.erresse-shop.it\/fr\/shop\/table-fr-2\/plats\/versace-home-assiette-plate-17-cm-jungle-animal-wild\/#breadcrumb\",\"itemListElement\":[{\"@type\":\"ListItem\",\"position\":1,\"name\":\"Home\",\"item\":\"https:\/\/www.erresse-shop.it\/fr\/\"},{\"@type\":\"ListItem\",\"position\":2,\"name\":\"Shop\",\"item\":\"https:\/\/www.erresse-shop.it\/fr\/shop\/\"},{\"@type\":\"ListItem\",\"position\":3,\"name\":\"VERSACE HOME Assiette Plate 17 cm Jungle Animal Wild\"}]},{\"@type\":\"WebSite\",\"@id\":\"https:\/\/www.erresse-shop.it\/fr\/#website\",\"url\":\"https:\/\/www.erresse-shop.it\/fr\/\",\"name\":\"Erresse Shop\",\"description\":\"Articoli di qualit\u00e0 per la casa\",\"potentialAction\":[{\"@type\":\"SearchAction\",\"target\":{\"@type\":\"EntryPoint\",\"urlTemplate\":\"https:\/\/www.erresse-shop.it\/fr\/?s={search_term_string}\"},\"query-input\":\"required name=search_term_string\"}],\"inLanguage\":\"fr-FR\"}]}<\/script>\n<!-- \/ Yoast SEO Premium plugin. -->","yoast_head_json":{"title":"VERSACE HOME Assiette Plate 17 cm Jungle Animal Wild","description":"D\u00e9couvrez VERSACE HOME Assiette Plate 17 cm Jungle Animal Wild sur ErresseShop. Qualit\u00e9, prix r\u00e9duits et achat s\u00e9curis\u00e9 \u2013 commandez d\u00e8s maintenant en ligne !","robots":{"index":"index","follow":"follow","max-snippet":"max-snippet:-1","max-image-preview":"max-image-preview:large","max-video-preview":"max-video-preview:-1"},"canonical":"https:\/\/www.erresse-shop.it\/fr\/shop\/table-fr-2\/plats\/versace-home-assiette-plate-17-cm-jungle-animal-wild\/","og_locale":"fr_FR","og_type":"article","og_title":"VERSACE HOME Assiette Plate 17 cm Jungle Animal Wild","og_description":"D\u00e9couvrez VERSACE HOME Assiette Plate 17 cm Jungle Animal Wild sur ErresseShop. Qualit\u00e9, prix r\u00e9duits et achat s\u00e9curis\u00e9 \u2013 commandez d\u00e8s maintenant en ligne !","og_url":"https:\/\/www.erresse-shop.it\/fr\/shop\/table-fr-2\/plats\/versace-home-assiette-plate-17-cm-jungle-animal-wild\/","og_site_name":"Erresse Shop","article_modified_time":"2025-01-13T15:52:24+00:00","og_image":[{"width":1200,"height":1200,"url":"https:\/\/www.erresse-shop.it\/wp-content\/uploads\/2021\/11\/VERSACE-HOME-Piatto-Piano-17-cm-Jungle-Animal-Wild-1.jpg","type":"image\/jpeg"}],"twitter_card":"summary_large_image","schema":{"@context":"https:\/\/schema.org","@graph":[{"@type":"WebPage","@id":"https:\/\/www.erresse-shop.it\/fr\/shop\/table-fr-2\/plats\/versace-home-assiette-plate-17-cm-jungle-animal-wild\/","url":"https:\/\/www.erresse-shop.it\/fr\/shop\/table-fr-2\/plats\/versace-home-assiette-plate-17-cm-jungle-animal-wild\/","name":"VERSACE HOME Assiette Plate 17 cm Jungle Animal Wild","isPartOf":{"@id":"https:\/\/www.erresse-shop.it\/fr\/#website"},"datePublished":"2021-11-26T11:22:38+00:00","dateModified":"2025-01-13T15:52:24+00:00","description":"D\u00e9couvrez VERSACE HOME Assiette Plate 17 cm Jungle Animal Wild sur ErresseShop. Qualit\u00e9, prix r\u00e9duits et achat s\u00e9curis\u00e9 \u2013 commandez d\u00e8s maintenant en ligne !","breadcrumb":{"@id":"https:\/\/www.erresse-shop.it\/fr\/shop\/table-fr-2\/plats\/versace-home-assiette-plate-17-cm-jungle-animal-wild\/#breadcrumb"},"inLanguage":"fr-FR","potentialAction":[{"@type":"ReadAction","target":["https:\/\/www.erresse-shop.it\/fr\/shop\/table-fr-2\/plats\/versace-home-assiette-plate-17-cm-jungle-animal-wild\/"]}]},{"@type":"BreadcrumbList","@id":"https:\/\/www.erresse-shop.it\/fr\/shop\/table-fr-2\/plats\/versace-home-assiette-plate-17-cm-jungle-animal-wild\/#breadcrumb","itemListElement":[{"@type":"ListItem","position":1,"name":"Home","item":"https:\/\/www.erresse-shop.it\/fr\/"},{"@type":"ListItem","position":2,"name":"Shop","item":"https:\/\/www.erresse-shop.it\/fr\/shop\/"},{"@type":"ListItem","position":3,"name":"VERSACE HOME Assiette Plate 17 cm Jungle Animal Wild"}]},{"@type":"WebSite","@id":"https:\/\/www.erresse-shop.it\/fr\/#website","url":"https:\/\/www.erresse-shop.it\/fr\/","name":"Erresse Shop","description":"Articoli di qualit\u00e0 per la casa","potentialAction":[{"@type":"SearchAction","target":{"@type":"EntryPoint","urlTemplate":"https:\/\/www.erresse-shop.it\/fr\/?s={search_term_string}"},"query-input":"required name=search_term_string"}],"inLanguage":"fr-FR"}]}},"df_price":37.5,"df_sale_price":37.5,"df_regular_price":75,"df_image_link":"https:\/\/www.erresse-shop.it\/wp-content\/uploads\/2021\/11\/VERSACE-HOME-Piatto-Piano-17-cm-Jungle-Animal-Wild-1-300x300.jpg","_links":{"self":[{"href":"https:\/\/www.erresse-shop.it\/fr\/wp-json\/wp\/v2\/product\/132364"}],"collection":[{"href":"https:\/\/www.erresse-shop.it\/fr\/wp-json\/wp\/v2\/product"}],"about":[{"href":"https:\/\/www.erresse-shop.it\/fr\/wp-json\/wp\/v2\/types\/product"}],"wp:featuredmedia":[{"embeddable":true,"href":"https:\/\/www.erresse-shop.it\/fr\/wp-json\/wp\/v2\/media\/436640"}],"wp:attachment":[{"href":"https:\/\/www.erresse-shop.it\/fr\/wp-json\/wp\/v2\/media?parent=132364"}],"wp:term":[{"taxonomy":"product_cat","embeddable":true,"href":"https:\/\/www.erresse-shop.it\/fr\/wp-json\/wp\/v2\/product_cat?post=132364"},{"taxonomy":"product_tag","embeddable":true,"href":"https:\/\/www.erresse-shop.it\/fr\/wp-json\/wp\/v2\/product_tag?post=132364"}],"curies":[{"name":"wp","href":"https:\/\/api.w.org\/{rel}","templated":true}]}}