{"id":131482,"date":"2021-11-24T11:10:02","date_gmt":"2021-11-24T11:10:04","guid":{"rendered":"https:\/\/www.erresse-shop.it\/?post_type=product&#038;p=131482"},"modified":"2025-01-13T15:51:00","modified_gmt":"2025-01-13T15:51:00","slug":"zwilling-ensemble-de-vide-mix-freshsave-7-pieces","status":"publish","type":"product","link":"https:\/\/www.erresse-shop.it\/fr\/shop\/cuisine\/sous-vide\/zwilling-ensemble-de-vide-mix-freshsave-7-pieces\/","title":{"rendered":"ZWILLING Ensemble de vide Mix Fresh&#038;Save 7 pi\u00e8ces"},"content":{"rendered":"<p>Premier set d&#8217;aspirateurs en verre <strong>FRESH &amp; SAVE<\/strong> : la fa\u00e7on d\u00e9contract\u00e9e de profiter de la fra\u00eecheur.<\/p>\n<p>Ce set vous s\u00e9duira rapidement : le grand et \u00e9l\u00e9gant r\u00e9cipient \u00e0 vide en verre, la lunch box de taille moyenne en plastique l\u00e9ger et incassable, les quatre sacs \u00e0 vide r\u00e9utilisables et la pompe \u00e0 vide (pratique, automatique et sans fil !) seront vos nouveaux alli\u00e9s dans la cuisine.<\/p>\n<p>Par rapport aux m\u00e9thodes de stockage habituelles, les aliments restent frais jusqu&#8217;\u00e0 cinq fois plus longtemps gr\u00e2ce \u00e0 l&#8217;emballage sous vide !<\/p>\n<p>Vous pouvez faire les choses en grand et conserver les fruits, les l\u00e9gumes, la viande ou le poisson dans le r\u00e9frig\u00e9rateur (ou le cong\u00e9lateur) avec les emballages sous vide en verre FRESH &amp; SAVE, ou en utilisant des sacs sous vide pour cr\u00e9er votre propre comptoir de produits frais \u00e0 la maison. Vous pouvez \u00e9galement pr\u00e9parer de d\u00e9licieux plats plusieurs jours \u00e0 l&#8217;avance et les d\u00e9guster frais quand vous le souhaitez. Et dans la Lunch Box, gr\u00e2ce \u00e0 la pratique cloison flexible, vous pouvez emporter tout ce que vous voulez. Saviez-vous que vous pouvez \u00e9galement utiliser les r\u00e9cipients sous vide pour la cuisson sous-vide ou la marinade de viande en 30 minutes seulement ? Et lorsque vous \u00eates en d\u00e9placement &#8211; \u00e0 l&#8217;\u00e9cole, au bureau ou sur la route &#8211; le r\u00e9cipient sous vide pratique vous permet de conserver de d\u00e9licieux en-cas.<\/p>\n<p>Mais comment cela fonctionne-t-il ? Il suffit de placer la pompe sur la valve et d&#8217;appuyer sur le bouton pour cr\u00e9er un vide en quelques secondes. La pompe s&#8217;arr\u00eate automatiquement lorsqu&#8217;elle a cr\u00e9\u00e9 un vide suffisant. Et vous pouvez \u00eatre s\u00fbr que les saveurs et les vitamines resteront inalt\u00e9r\u00e9es.<\/p>\n<p>Gr\u00e2ce \u00e0 l&#8217;application ZWILLING Culinary World, vous avez toujours le contr\u00f4le de vos provisions : il suffit de scanner le code QR sur les r\u00e9cipients ou les sacs sous vide pour recevoir un rappel du moment o\u00f9 vous devez utiliser ce que vous avez stock\u00e9. Le premier set innovant d&#8217;aspirateurs FRESH &amp; SAVE : con\u00e7u pour vous faciliter la vie.<\/p>\n<ul>\n<li>Comment fonctionne l&#8217;emballage sous vide ? Par rapport aux m\u00e9thodes de stockage habituelles, les aliments restent frais jusqu&#8217;\u00e0 cinq fois plus longtemps, ce qui permet de conserver les saveurs et les nutriments intacts et de r\u00e9duire le gaspillage alimentaire.<\/li>\n<li>Vous pouvez stocker les aliments empil\u00e9s dans le r\u00e9frig\u00e9rateur ou le cong\u00e9lateur, ce qui permet \u00e9galement de gagner de l&#8217;espace.<\/li>\n<li>L&#8217;attrayant r\u00e9cipient en verre est \u00e9galement parfait pour servir \u00e0 table \/ convient au four (sans couvercle, pour des temp\u00e9ratures allant jusqu&#8217;\u00e0 180 \u00b0C).<\/li>\n<li>Lunch Box ultra-l\u00e9g\u00e8re et incassable pour emporter tout ce que vous voulez, gr\u00e2ce \u00e0 la pratique cloison flexible.<\/li>\n<li>Stockage s\u00fbr des aliments et des plats pr\u00e9par\u00e9s (le vide r\u00e9duit les br\u00fblures de cong\u00e9lation).<\/li>\n<li>Sacs sous vide r\u00e9utilisables : s\u00fbrs, r\u00e9sistants \u00e0 la chaleur, parfaits pour la cuisson sous-vide, micro-ondables.<\/li>\n<li>Le set comprend une pompe \u00e0 vide, 1 r\u00e9cipient en verre, 1 Lunch Box et 4 sacs r\u00e9utilisables (deux tailles S et deux tailles M). Capacit\u00e9 du r\u00e9cipient, sans couvercle \/ niveau de remplissage maximal : M 0,8 l \/ 0,65 l ; L 2,0 l \/ 1,6 l ; sac \u00e0 vide : S 1,25 l \/ M 4 l<\/li>\n<li>Mat\u00e9riaux : sans BPA ; r\u00e9cipients en verre : verre borosilicate (base), plastique (couvercle), silicone (valve, joint) ; sac r\u00e9utilisable : plastique (sac, fermeture \u00e9clair), silicone (valve).<\/li>\n<li>Tout est toujours sous contr\u00f4le gr\u00e2ce \u00e0 l&#8217;application ZWILLING Culinary<\/li>\n<li>World et au code QR sur le couvercle, utile pour suivre les aliments et leur dur\u00e9e de conservation.<\/li>\n<li>L&#8217;application gratuite calcule la dur\u00e9e de conservation des aliments et des plats dans le vide, et la fonction de rappel vous permet de savoir quand il est temps d&#8217;utiliser ce que vous avez stock\u00e9. L&#8217;application comprend \u00e9galement des recettes, une vid\u00e9o explicative et une fonction de liste de courses.<\/li>\n<li>L&#8217;application gratuite calcule la dur\u00e9e de conservation des aliments et des plats et la fonction de rappel vous indique quand il est temps d&#8217;utiliser ce que vous avez stock\u00e9. En plus, dans l&#8217;application, des recettes, des explications vid\u00e9o et une fonction de liste de courses.<\/li>\n<\/ul>\n","protected":false},"excerpt":{"rendered":"<p>Premier set d&#8217;aspirateurs en verre FRESH &amp; SAVE : la fa\u00e7on d\u00e9contract\u00e9e de profiter de la fra\u00eecheur. Ce set vous<\/p>\n","protected":false},"featured_media":131570,"template":"","meta":{"_acf_changed":false,"inline_featured_image":false},"product_cat":[12748,26042],"product_tag":[13636,16879,16880],"acf":[],"yoast_head":"<!-- This site is optimized with the Yoast SEO Premium plugin v18.6 (Yoast SEO v19.13) - https:\/\/yoast.com\/wordpress\/plugins\/seo\/ -->\n<title>ZWILLING Ensemble de vide Mix Fresh&amp;Save 7 pi\u00e8ces<\/title>\n<meta name=\"description\" content=\"D\u00e9couvrez ZWILLING Ensemble de vide Mix Fresh&amp;Save 7 pi\u00e8ces sur ErresseShop. Qualit\u00e9, prix r\u00e9duits et achat s\u00e9curis\u00e9 \u2013 commandez d\u00e8s maintenant en ligne !\" \/>\n<meta name=\"robots\" content=\"index, follow, max-snippet:-1, max-image-preview:large, max-video-preview:-1\" \/>\n<link rel=\"canonical\" href=\"https:\/\/www.erresse-shop.it\/fr\/shop\/cuisine\/sous-vide\/zwilling-ensemble-de-vide-mix-freshsave-7-pieces\/\" \/>\n<meta property=\"og:locale\" content=\"fr_FR\" \/>\n<meta property=\"og:type\" content=\"article\" \/>\n<meta property=\"og:title\" content=\"ZWILLING Ensemble de vide Mix Fresh&amp;Save 7 pi\u00e8ces\" \/>\n<meta property=\"og:description\" content=\"D\u00e9couvrez ZWILLING Ensemble de vide Mix Fresh&amp;Save 7 pi\u00e8ces sur ErresseShop. Qualit\u00e9, prix r\u00e9duits et achat s\u00e9curis\u00e9 \u2013 commandez d\u00e8s maintenant en ligne !\" \/>\n<meta property=\"og:url\" content=\"https:\/\/www.erresse-shop.it\/fr\/shop\/cuisine\/sous-vide\/zwilling-ensemble-de-vide-mix-freshsave-7-pieces\/\" \/>\n<meta property=\"og:site_name\" content=\"Erresse Shop\" \/>\n<meta property=\"article:modified_time\" content=\"2025-01-13T15:51:00+00:00\" \/>\n<meta property=\"og:image\" content=\"https:\/\/www.erresse-shop.it\/wp-content\/uploads\/2021\/11\/ZWILLING-Set-Sottovuoto-Mix-FreshSave-7-Pezzi.jpg\" \/>\n\t<meta property=\"og:image:width\" content=\"1350\" \/>\n\t<meta property=\"og:image:height\" content=\"1350\" \/>\n\t<meta property=\"og:image:type\" content=\"image\/jpeg\" \/>\n<meta name=\"twitter:card\" content=\"summary_large_image\" \/>\n<script type=\"application\/ld+json\" class=\"yoast-schema-graph\">{\"@context\":\"https:\/\/schema.org\",\"@graph\":[{\"@type\":\"WebPage\",\"@id\":\"https:\/\/www.erresse-shop.it\/fr\/shop\/cuisine\/sous-vide\/zwilling-ensemble-de-vide-mix-freshsave-7-pieces\/\",\"url\":\"https:\/\/www.erresse-shop.it\/fr\/shop\/cuisine\/sous-vide\/zwilling-ensemble-de-vide-mix-freshsave-7-pieces\/\",\"name\":\"ZWILLING Ensemble de vide Mix Fresh&Save 7 pi\u00e8ces\",\"isPartOf\":{\"@id\":\"https:\/\/www.erresse-shop.it\/fr\/#website\"},\"datePublished\":\"2021-11-24T11:10:04+00:00\",\"dateModified\":\"2025-01-13T15:51:00+00:00\",\"description\":\"D\u00e9couvrez ZWILLING Ensemble de vide Mix Fresh&Save 7 pi\u00e8ces sur ErresseShop. Qualit\u00e9, prix r\u00e9duits et achat s\u00e9curis\u00e9 \u2013 commandez d\u00e8s maintenant en ligne !\",\"breadcrumb\":{\"@id\":\"https:\/\/www.erresse-shop.it\/fr\/shop\/cuisine\/sous-vide\/zwilling-ensemble-de-vide-mix-freshsave-7-pieces\/#breadcrumb\"},\"inLanguage\":\"fr-FR\",\"potentialAction\":[{\"@type\":\"ReadAction\",\"target\":[\"https:\/\/www.erresse-shop.it\/fr\/shop\/cuisine\/sous-vide\/zwilling-ensemble-de-vide-mix-freshsave-7-pieces\/\"]}]},{\"@type\":\"BreadcrumbList\",\"@id\":\"https:\/\/www.erresse-shop.it\/fr\/shop\/cuisine\/sous-vide\/zwilling-ensemble-de-vide-mix-freshsave-7-pieces\/#breadcrumb\",\"itemListElement\":[{\"@type\":\"ListItem\",\"position\":1,\"name\":\"Home\",\"item\":\"https:\/\/www.erresse-shop.it\/fr\/\"},{\"@type\":\"ListItem\",\"position\":2,\"name\":\"Shop\",\"item\":\"https:\/\/www.erresse-shop.it\/fr\/shop\/\"},{\"@type\":\"ListItem\",\"position\":3,\"name\":\"ZWILLING Ensemble de vide Mix Fresh&#038;Save 7 pi\u00e8ces\"}]},{\"@type\":\"WebSite\",\"@id\":\"https:\/\/www.erresse-shop.it\/fr\/#website\",\"url\":\"https:\/\/www.erresse-shop.it\/fr\/\",\"name\":\"Erresse Shop\",\"description\":\"Articoli di qualit\u00e0 per la casa\",\"potentialAction\":[{\"@type\":\"SearchAction\",\"target\":{\"@type\":\"EntryPoint\",\"urlTemplate\":\"https:\/\/www.erresse-shop.it\/fr\/?s={search_term_string}\"},\"query-input\":\"required name=search_term_string\"}],\"inLanguage\":\"fr-FR\"}]}<\/script>\n<!-- \/ Yoast SEO Premium plugin. -->","yoast_head_json":{"title":"ZWILLING Ensemble de vide Mix Fresh&Save 7 pi\u00e8ces","description":"D\u00e9couvrez ZWILLING Ensemble de vide Mix Fresh&Save 7 pi\u00e8ces sur ErresseShop. Qualit\u00e9, prix r\u00e9duits et achat s\u00e9curis\u00e9 \u2013 commandez d\u00e8s maintenant en ligne !","robots":{"index":"index","follow":"follow","max-snippet":"max-snippet:-1","max-image-preview":"max-image-preview:large","max-video-preview":"max-video-preview:-1"},"canonical":"https:\/\/www.erresse-shop.it\/fr\/shop\/cuisine\/sous-vide\/zwilling-ensemble-de-vide-mix-freshsave-7-pieces\/","og_locale":"fr_FR","og_type":"article","og_title":"ZWILLING Ensemble de vide Mix Fresh&Save 7 pi\u00e8ces","og_description":"D\u00e9couvrez ZWILLING Ensemble de vide Mix Fresh&Save 7 pi\u00e8ces sur ErresseShop. Qualit\u00e9, prix r\u00e9duits et achat s\u00e9curis\u00e9 \u2013 commandez d\u00e8s maintenant en ligne !","og_url":"https:\/\/www.erresse-shop.it\/fr\/shop\/cuisine\/sous-vide\/zwilling-ensemble-de-vide-mix-freshsave-7-pieces\/","og_site_name":"Erresse Shop","article_modified_time":"2025-01-13T15:51:00+00:00","og_image":[{"width":1350,"height":1350,"url":"https:\/\/www.erresse-shop.it\/wp-content\/uploads\/2021\/11\/ZWILLING-Set-Sottovuoto-Mix-FreshSave-7-Pezzi.jpg","type":"image\/jpeg"}],"twitter_card":"summary_large_image","schema":{"@context":"https:\/\/schema.org","@graph":[{"@type":"WebPage","@id":"https:\/\/www.erresse-shop.it\/fr\/shop\/cuisine\/sous-vide\/zwilling-ensemble-de-vide-mix-freshsave-7-pieces\/","url":"https:\/\/www.erresse-shop.it\/fr\/shop\/cuisine\/sous-vide\/zwilling-ensemble-de-vide-mix-freshsave-7-pieces\/","name":"ZWILLING Ensemble de vide Mix Fresh&Save 7 pi\u00e8ces","isPartOf":{"@id":"https:\/\/www.erresse-shop.it\/fr\/#website"},"datePublished":"2021-11-24T11:10:04+00:00","dateModified":"2025-01-13T15:51:00+00:00","description":"D\u00e9couvrez ZWILLING Ensemble de vide Mix Fresh&Save 7 pi\u00e8ces sur ErresseShop. Qualit\u00e9, prix r\u00e9duits et achat s\u00e9curis\u00e9 \u2013 commandez d\u00e8s maintenant en ligne !","breadcrumb":{"@id":"https:\/\/www.erresse-shop.it\/fr\/shop\/cuisine\/sous-vide\/zwilling-ensemble-de-vide-mix-freshsave-7-pieces\/#breadcrumb"},"inLanguage":"fr-FR","potentialAction":[{"@type":"ReadAction","target":["https:\/\/www.erresse-shop.it\/fr\/shop\/cuisine\/sous-vide\/zwilling-ensemble-de-vide-mix-freshsave-7-pieces\/"]}]},{"@type":"BreadcrumbList","@id":"https:\/\/www.erresse-shop.it\/fr\/shop\/cuisine\/sous-vide\/zwilling-ensemble-de-vide-mix-freshsave-7-pieces\/#breadcrumb","itemListElement":[{"@type":"ListItem","position":1,"name":"Home","item":"https:\/\/www.erresse-shop.it\/fr\/"},{"@type":"ListItem","position":2,"name":"Shop","item":"https:\/\/www.erresse-shop.it\/fr\/shop\/"},{"@type":"ListItem","position":3,"name":"ZWILLING Ensemble de vide Mix Fresh&#038;Save 7 pi\u00e8ces"}]},{"@type":"WebSite","@id":"https:\/\/www.erresse-shop.it\/fr\/#website","url":"https:\/\/www.erresse-shop.it\/fr\/","name":"Erresse Shop","description":"Articoli di qualit\u00e0 per la casa","potentialAction":[{"@type":"SearchAction","target":{"@type":"EntryPoint","urlTemplate":"https:\/\/www.erresse-shop.it\/fr\/?s={search_term_string}"},"query-input":"required name=search_term_string"}],"inLanguage":"fr-FR"}]}},"df_price":49.975,"df_sale_price":49.975,"df_regular_price":99.95,"df_image_link":"https:\/\/www.erresse-shop.it\/wp-content\/uploads\/2021\/11\/ZWILLING-Set-Sottovuoto-Mix-FreshSave-7-Pezzi-300x300.jpg","_links":{"self":[{"href":"https:\/\/www.erresse-shop.it\/fr\/wp-json\/wp\/v2\/product\/131482"}],"collection":[{"href":"https:\/\/www.erresse-shop.it\/fr\/wp-json\/wp\/v2\/product"}],"about":[{"href":"https:\/\/www.erresse-shop.it\/fr\/wp-json\/wp\/v2\/types\/product"}],"wp:featuredmedia":[{"embeddable":true,"href":"https:\/\/www.erresse-shop.it\/fr\/wp-json\/wp\/v2\/media\/131570"}],"wp:attachment":[{"href":"https:\/\/www.erresse-shop.it\/fr\/wp-json\/wp\/v2\/media?parent=131482"}],"wp:term":[{"taxonomy":"product_cat","embeddable":true,"href":"https:\/\/www.erresse-shop.it\/fr\/wp-json\/wp\/v2\/product_cat?post=131482"},{"taxonomy":"product_tag","embeddable":true,"href":"https:\/\/www.erresse-shop.it\/fr\/wp-json\/wp\/v2\/product_tag?post=131482"}],"curies":[{"name":"wp","href":"https:\/\/api.w.org\/{rel}","templated":true}]}}