{"id":131146,"date":"2021-11-23T13:41:01","date_gmt":"2021-11-23T13:41:04","guid":{"rendered":"https:\/\/www.erresse-shop.it\/?post_type=product&#038;p=131146"},"modified":"2025-01-13T15:50:31","modified_gmt":"2025-01-13T15:50:31","slug":"zwilling-ensemble-de-cuisson-a-basse-temperature-freshsave-8-pieces","status":"publish","type":"product","link":"https:\/\/www.erresse-shop.it\/fr\/shop\/cuisine\/sous-vide\/zwilling-ensemble-de-cuisson-a-basse-temperature-freshsave-8-pieces\/","title":{"rendered":"ZWILLING Ensemble de cuisson \u00e0 basse temp\u00e9rature Fresh&#038;Save 8 pi\u00e8ces"},"content":{"rendered":"<p>Vous souhaitez obtenir les meilleurs r\u00e9sultats de cuisson tout en vous relaxant ? Avec le premier set de cuisson basse temp\u00e9rature <strong>ZWILLING FRESH &amp; SAVE<\/strong>, pr\u00e9parez-vous \u00e0 r\u00e9gner sur le royaume de la cuisson sous vide ! Le set contient : un b\u00e2ton de cuisson basse temp\u00e9rature puissant et pratique, 6 sacs sous vide r\u00e9sistants \u00e0 la chaleur et une pompe \u00e0 vide \u00e0 piles pratique et efficace. Avec la cuisson sous-vide, vous pouvez cuire de la viande, du poisson mais aussi des l\u00e9gumes et des fruits emball\u00e9s sous vide dans de l&#8217;eau \u00e0 la temp\u00e9rature la plus basse possible, c&#8217;est-\u00e0-dire \u00e0 la temp\u00e9rature id\u00e9ale. Le r\u00e9sultat ? Vous cuirez toujours vos aliments de mani\u00e8re parfaite et uniforme de l&#8217;ext\u00e9rieur \u00e0 l&#8217;int\u00e9rieur. Et avec le set de cuisson basse temp\u00e9rature, c&#8217;est vraiment facile : il suffit de fixer le b\u00e2ton de cuisson basse temp\u00e9rature \u00e0 une casserole remplie d&#8217;eau, puis de r\u00e9gler la temp\u00e9rature et la dur\u00e9e id\u00e9ales \u00e0 l&#8217;aide de l&#8217;\u00e9cran tactile LED intuitif. Pendant que le b\u00e2ton am\u00e8ne l&#8217;eau \u00e0 la temp\u00e9rature voulue, vous avez le temps de verser les ingr\u00e9dients dans les sacs r\u00e9utilisables, qu&#8217;il vous suffit de refermer. Oubliez tous les tracas : finies les op\u00e9rations fastidieuses, la fermeture et la d\u00e9coupe des sacs sous vide ! En quelques secondes seulement, apr\u00e8s avoir plac\u00e9 la pompe \u00e0 vide sur le sac zipp\u00e9, appuyez sur le bouton pour mettre sous vide. Plongez le sac sous vide dans le bain de cuisson et le b\u00e2ton fait le reste. La fonction minuterie int\u00e9gr\u00e9e vous permet de vous occuper de toutes les autres t\u00e2ches dans la cuisine ou avec vos invit\u00e9s, en toute d\u00e9tente : lorsque la cuisson est termin\u00e9e, le b\u00e2ton \u00e9met un signal sonore pour vous avertir et s&#8217;arr\u00eate automatiquement. Et si vous voulez manger vos plats plus tard, pas de probl\u00e8me : laissez tout dans le bain de cuisson \u00e0 la temp\u00e9rature programm\u00e9e. Le degr\u00e9 de cuisson restera inchang\u00e9 et parfait. Et voil\u00e0, la magie du sous-vide est r\u00e9v\u00e9l\u00e9e !<\/p>\n<ul>\n<li>Set de 8 pi\u00e8ces : B\u00e2ton de cuisson basse temp\u00e9rature ZWILLING ENFINIGY, pompe \u00e0 vide ZWILLING FRESH &amp; SAVE, 3 sacs \u00e0 vide taille S, 3 sacs \u00e0 vide taille M<\/li>\n<li>B\u00e2ton de cuisson basse temp\u00e9rature ZWILLING ENFINIGY : \u00e9cran tactile intuitif \u00e0 LED indiquant la temp\u00e9rature et la minuterie \/ R\u00e9glage de la temp\u00e9rature de 0 \u00e0 90 \u00b0C par paliers de 0,5 \u00b0C \/ Pr\u00e9cision maximale de la temp\u00e9rature de +\/- 0,1 \u00b0C &#8211; 0,2 \u00b0C dans la plage 40 \u00b0C &#8211; 70 \u00b0C \/ Fonction minuterie de 0 \u00e0 99:59 heures par paliers d&#8217;une minute \/ Signal sonore de fin de cuisson \/ Tableaux des temps de cuisson, livre de recettes et sac en tissu pratique pour ranger le b\u00e2ton en toute s\u00e9curit\u00e9 inclus.<\/li>\n<li>Pompe \u00e0 vide ZWILLING FRESH &amp; SAVE : appuyez sur le bouton pour mettre sous vide en quelques secondes et tr\u00e8s silencieusement \/ sans fil, facile \u00e0 manipuler \/ toujours pr\u00eate \u00e0 l&#8217;emploi, gr\u00e2ce \u00e0 une batterie lithium-ion longue dur\u00e9e, rechargeable \/ c\u00e2ble USB inclus \/ faible encombrement \/ vous offre une polyvalence maximale combin\u00e9e aux autres produits de la s\u00e9rie ZWILLING FRESH &amp; SAVE pour conserver vos ingr\u00e9dients longtemps.<\/li>\n<li>Sacs sous vide ZWILLING FRESH &amp; SAVE : parfaits pour la cuisine sous-vide, ainsi que pour mariner et conserver longtemps vos aliments au r\u00e9frig\u00e9rateur et au cong\u00e9lateur \/ technologie innovante avec valve \/ r\u00e9utilisables gr\u00e2ce \u00e0 la fermeture \u00e9clair pratique \/ sans BPA \/ capacit\u00e9 S : 1,25 l, dimensions : 23 x 20 cm (L x H) ; capacit\u00e9 M : 4 l, dimensions : 35 x 25 cm (L x H) \/ gr\u00e2ce au code QR, vous pouvez organiser toutes vos provisions avec l&#8217;application pratique<\/li>\n<li>Y compris la barri\u00e8re aux liquides pour l&#8217;emballage sous vide d&#8217;aliments contenant des liquides, tels que l&#8217;huile ou les jus de viande.<\/li>\n<\/ul>\n<p><strong>FEATURES<\/strong><br \/>\nCouleur : blanc<br \/>\nMat\u00e9riau : plastique<br \/>\nConvient pour le cong\u00e9lateur : Oui<br \/>\nNombre de pi\u00e8ces : 8<br \/>\nTension : 110-240 V<\/p>\n<p><strong>DIMENSION<\/strong><br \/>\nPoids net : 1,64 kg<br \/>\nLongueur du produit : 11,20 cm<br \/>\nLargeur du produit : 30,00 cm<br \/>\nHauteur du produit : 37,30 cm<\/p>\n","protected":false},"excerpt":{"rendered":"<p>Vous souhaitez obtenir les meilleurs r\u00e9sultats de cuisson tout en vous relaxant ? Avec le premier set de cuisson basse<\/p>\n","protected":false},"featured_media":131222,"template":"","meta":{"_acf_changed":false,"inline_featured_image":false},"product_cat":[12748,26042],"product_tag":[13636,16879,16880],"acf":[],"yoast_head":"<!-- This site is optimized with the Yoast SEO Premium plugin v18.6 (Yoast SEO v19.13) - https:\/\/yoast.com\/wordpress\/plugins\/seo\/ -->\n<title>ZWILLING Ensemble de cuisson \u00e0 basse temp\u00e9rature Fresh&amp;Save 8 pi\u00e8ces<\/title>\n<meta name=\"description\" content=\"D\u00e9couvrez ZWILLING Ensemble de cuisson \u00e0 basse temp\u00e9rature Fresh&amp;Save 8 pi\u00e8ces sur ErresseShop. Qualit\u00e9, prix r\u00e9duits et achat s\u00e9curis\u00e9 \u2013 commandez d\u00e8s maintenant en ligne !\" \/>\n<meta name=\"robots\" content=\"index, follow, max-snippet:-1, max-image-preview:large, max-video-preview:-1\" \/>\n<link rel=\"canonical\" href=\"https:\/\/www.erresse-shop.it\/fr\/shop\/cuisine\/sous-vide\/zwilling-ensemble-de-cuisson-a-basse-temperature-freshsave-8-pieces\/\" \/>\n<meta property=\"og:locale\" content=\"fr_FR\" \/>\n<meta property=\"og:type\" content=\"article\" \/>\n<meta property=\"og:title\" content=\"ZWILLING Ensemble de cuisson \u00e0 basse temp\u00e9rature Fresh&amp;Save 8 pi\u00e8ces\" \/>\n<meta property=\"og:description\" content=\"D\u00e9couvrez ZWILLING Ensemble de cuisson \u00e0 basse temp\u00e9rature Fresh&amp;Save 8 pi\u00e8ces sur ErresseShop. Qualit\u00e9, prix r\u00e9duits et achat s\u00e9curis\u00e9 \u2013 commandez d\u00e8s maintenant en ligne !\" \/>\n<meta property=\"og:url\" content=\"https:\/\/www.erresse-shop.it\/fr\/shop\/cuisine\/sous-vide\/zwilling-ensemble-de-cuisson-a-basse-temperature-freshsave-8-pieces\/\" \/>\n<meta property=\"og:site_name\" content=\"Erresse Shop\" \/>\n<meta property=\"article:modified_time\" content=\"2025-01-13T15:50:31+00:00\" \/>\n<meta property=\"og:image\" content=\"https:\/\/www.erresse-shop.it\/wp-content\/uploads\/2021\/11\/ZWILLING-Set-Cottura-Bassa-Temperatura-FreshSave-8-Pezzi.jpg\" \/>\n\t<meta property=\"og:image:width\" content=\"1350\" \/>\n\t<meta property=\"og:image:height\" content=\"1350\" \/>\n\t<meta property=\"og:image:type\" content=\"image\/jpeg\" \/>\n<meta name=\"twitter:card\" content=\"summary_large_image\" \/>\n<script type=\"application\/ld+json\" class=\"yoast-schema-graph\">{\"@context\":\"https:\/\/schema.org\",\"@graph\":[{\"@type\":\"WebPage\",\"@id\":\"https:\/\/www.erresse-shop.it\/fr\/shop\/cuisine\/sous-vide\/zwilling-ensemble-de-cuisson-a-basse-temperature-freshsave-8-pieces\/\",\"url\":\"https:\/\/www.erresse-shop.it\/fr\/shop\/cuisine\/sous-vide\/zwilling-ensemble-de-cuisson-a-basse-temperature-freshsave-8-pieces\/\",\"name\":\"ZWILLING Ensemble de cuisson \u00e0 basse temp\u00e9rature Fresh&Save 8 pi\u00e8ces\",\"isPartOf\":{\"@id\":\"https:\/\/www.erresse-shop.it\/fr\/#website\"},\"datePublished\":\"2021-11-23T13:41:04+00:00\",\"dateModified\":\"2025-01-13T15:50:31+00:00\",\"description\":\"D\u00e9couvrez ZWILLING Ensemble de cuisson \u00e0 basse temp\u00e9rature Fresh&Save 8 pi\u00e8ces sur ErresseShop. Qualit\u00e9, prix r\u00e9duits et achat s\u00e9curis\u00e9 \u2013 commandez d\u00e8s maintenant en ligne !\",\"breadcrumb\":{\"@id\":\"https:\/\/www.erresse-shop.it\/fr\/shop\/cuisine\/sous-vide\/zwilling-ensemble-de-cuisson-a-basse-temperature-freshsave-8-pieces\/#breadcrumb\"},\"inLanguage\":\"fr-FR\",\"potentialAction\":[{\"@type\":\"ReadAction\",\"target\":[\"https:\/\/www.erresse-shop.it\/fr\/shop\/cuisine\/sous-vide\/zwilling-ensemble-de-cuisson-a-basse-temperature-freshsave-8-pieces\/\"]}]},{\"@type\":\"BreadcrumbList\",\"@id\":\"https:\/\/www.erresse-shop.it\/fr\/shop\/cuisine\/sous-vide\/zwilling-ensemble-de-cuisson-a-basse-temperature-freshsave-8-pieces\/#breadcrumb\",\"itemListElement\":[{\"@type\":\"ListItem\",\"position\":1,\"name\":\"Home\",\"item\":\"https:\/\/www.erresse-shop.it\/fr\/\"},{\"@type\":\"ListItem\",\"position\":2,\"name\":\"Shop\",\"item\":\"https:\/\/www.erresse-shop.it\/fr\/shop\/\"},{\"@type\":\"ListItem\",\"position\":3,\"name\":\"ZWILLING Ensemble de cuisson \u00e0 basse temp\u00e9rature Fresh&#038;Save 8 pi\u00e8ces\"}]},{\"@type\":\"WebSite\",\"@id\":\"https:\/\/www.erresse-shop.it\/fr\/#website\",\"url\":\"https:\/\/www.erresse-shop.it\/fr\/\",\"name\":\"Erresse Shop\",\"description\":\"Articoli di qualit\u00e0 per la casa\",\"potentialAction\":[{\"@type\":\"SearchAction\",\"target\":{\"@type\":\"EntryPoint\",\"urlTemplate\":\"https:\/\/www.erresse-shop.it\/fr\/?s={search_term_string}\"},\"query-input\":\"required name=search_term_string\"}],\"inLanguage\":\"fr-FR\"}]}<\/script>\n<!-- \/ Yoast SEO Premium plugin. -->","yoast_head_json":{"title":"ZWILLING Ensemble de cuisson \u00e0 basse temp\u00e9rature Fresh&Save 8 pi\u00e8ces","description":"D\u00e9couvrez ZWILLING Ensemble de cuisson \u00e0 basse temp\u00e9rature Fresh&Save 8 pi\u00e8ces sur ErresseShop. Qualit\u00e9, prix r\u00e9duits et achat s\u00e9curis\u00e9 \u2013 commandez d\u00e8s maintenant en ligne !","robots":{"index":"index","follow":"follow","max-snippet":"max-snippet:-1","max-image-preview":"max-image-preview:large","max-video-preview":"max-video-preview:-1"},"canonical":"https:\/\/www.erresse-shop.it\/fr\/shop\/cuisine\/sous-vide\/zwilling-ensemble-de-cuisson-a-basse-temperature-freshsave-8-pieces\/","og_locale":"fr_FR","og_type":"article","og_title":"ZWILLING Ensemble de cuisson \u00e0 basse temp\u00e9rature Fresh&Save 8 pi\u00e8ces","og_description":"D\u00e9couvrez ZWILLING Ensemble de cuisson \u00e0 basse temp\u00e9rature Fresh&Save 8 pi\u00e8ces sur ErresseShop. Qualit\u00e9, prix r\u00e9duits et achat s\u00e9curis\u00e9 \u2013 commandez d\u00e8s maintenant en ligne !","og_url":"https:\/\/www.erresse-shop.it\/fr\/shop\/cuisine\/sous-vide\/zwilling-ensemble-de-cuisson-a-basse-temperature-freshsave-8-pieces\/","og_site_name":"Erresse Shop","article_modified_time":"2025-01-13T15:50:31+00:00","og_image":[{"width":1350,"height":1350,"url":"https:\/\/www.erresse-shop.it\/wp-content\/uploads\/2021\/11\/ZWILLING-Set-Cottura-Bassa-Temperatura-FreshSave-8-Pezzi.jpg","type":"image\/jpeg"}],"twitter_card":"summary_large_image","schema":{"@context":"https:\/\/schema.org","@graph":[{"@type":"WebPage","@id":"https:\/\/www.erresse-shop.it\/fr\/shop\/cuisine\/sous-vide\/zwilling-ensemble-de-cuisson-a-basse-temperature-freshsave-8-pieces\/","url":"https:\/\/www.erresse-shop.it\/fr\/shop\/cuisine\/sous-vide\/zwilling-ensemble-de-cuisson-a-basse-temperature-freshsave-8-pieces\/","name":"ZWILLING Ensemble de cuisson \u00e0 basse temp\u00e9rature Fresh&Save 8 pi\u00e8ces","isPartOf":{"@id":"https:\/\/www.erresse-shop.it\/fr\/#website"},"datePublished":"2021-11-23T13:41:04+00:00","dateModified":"2025-01-13T15:50:31+00:00","description":"D\u00e9couvrez ZWILLING Ensemble de cuisson \u00e0 basse temp\u00e9rature Fresh&Save 8 pi\u00e8ces sur ErresseShop. Qualit\u00e9, prix r\u00e9duits et achat s\u00e9curis\u00e9 \u2013 commandez d\u00e8s maintenant en ligne !","breadcrumb":{"@id":"https:\/\/www.erresse-shop.it\/fr\/shop\/cuisine\/sous-vide\/zwilling-ensemble-de-cuisson-a-basse-temperature-freshsave-8-pieces\/#breadcrumb"},"inLanguage":"fr-FR","potentialAction":[{"@type":"ReadAction","target":["https:\/\/www.erresse-shop.it\/fr\/shop\/cuisine\/sous-vide\/zwilling-ensemble-de-cuisson-a-basse-temperature-freshsave-8-pieces\/"]}]},{"@type":"BreadcrumbList","@id":"https:\/\/www.erresse-shop.it\/fr\/shop\/cuisine\/sous-vide\/zwilling-ensemble-de-cuisson-a-basse-temperature-freshsave-8-pieces\/#breadcrumb","itemListElement":[{"@type":"ListItem","position":1,"name":"Home","item":"https:\/\/www.erresse-shop.it\/fr\/"},{"@type":"ListItem","position":2,"name":"Shop","item":"https:\/\/www.erresse-shop.it\/fr\/shop\/"},{"@type":"ListItem","position":3,"name":"ZWILLING Ensemble de cuisson \u00e0 basse temp\u00e9rature Fresh&#038;Save 8 pi\u00e8ces"}]},{"@type":"WebSite","@id":"https:\/\/www.erresse-shop.it\/fr\/#website","url":"https:\/\/www.erresse-shop.it\/fr\/","name":"Erresse Shop","description":"Articoli di qualit\u00e0 per la casa","potentialAction":[{"@type":"SearchAction","target":{"@type":"EntryPoint","urlTemplate":"https:\/\/www.erresse-shop.it\/fr\/?s={search_term_string}"},"query-input":"required name=search_term_string"}],"inLanguage":"fr-FR"}]}},"df_price":99.5,"df_sale_price":99.5,"df_regular_price":199,"df_image_link":"https:\/\/www.erresse-shop.it\/wp-content\/uploads\/2021\/11\/ZWILLING-Set-Cottura-Bassa-Temperatura-FreshSave-8-Pezzi-300x300.jpg","_links":{"self":[{"href":"https:\/\/www.erresse-shop.it\/fr\/wp-json\/wp\/v2\/product\/131146"}],"collection":[{"href":"https:\/\/www.erresse-shop.it\/fr\/wp-json\/wp\/v2\/product"}],"about":[{"href":"https:\/\/www.erresse-shop.it\/fr\/wp-json\/wp\/v2\/types\/product"}],"wp:featuredmedia":[{"embeddable":true,"href":"https:\/\/www.erresse-shop.it\/fr\/wp-json\/wp\/v2\/media\/131222"}],"wp:attachment":[{"href":"https:\/\/www.erresse-shop.it\/fr\/wp-json\/wp\/v2\/media?parent=131146"}],"wp:term":[{"taxonomy":"product_cat","embeddable":true,"href":"https:\/\/www.erresse-shop.it\/fr\/wp-json\/wp\/v2\/product_cat?post=131146"},{"taxonomy":"product_tag","embeddable":true,"href":"https:\/\/www.erresse-shop.it\/fr\/wp-json\/wp\/v2\/product_tag?post=131146"}],"curies":[{"name":"wp","href":"https:\/\/api.w.org\/{rel}","templated":true}]}}