{"id":130901,"date":"2021-11-23T09:50:12","date_gmt":"2021-11-23T09:50:15","guid":{"rendered":"https:\/\/www.erresse-shop.it\/?post_type=product&#038;p=130901"},"modified":"2025-06-20T16:01:05","modified_gmt":"2025-06-20T16:01:05","slug":"zwilling-enfinigy-power-blender-noir","status":"publish","type":"product","link":"https:\/\/www.erresse-shop.it\/fr\/shop\/petits-electromenagers\/mixeurs\/zwilling-enfinigy-power-blender-noir\/","title":{"rendered":"ZWILLING Enfinigy Power Blender Noir"},"content":{"rendered":"<p>ZWILLING a mis toute son expertise couteli\u00e8re dans le d\u00e9veloppement de nouvelles lames parfaitement adapt\u00e9es au mixage. C\u2019est pourquoi les performances du blender ENFINIGY sont impressionnantes : sa double lame \u00e0 ailettes d\u00e9velopp\u00e9e et fabriqu\u00e9e \u00e0 Solingen est dot\u00e9e d&#8217;une dentelure en dents de piranha, garantissant \u00e0 votre blender Enfinigy Haute Performance un mixage rapide et homog\u00e8ne sans effort.<br \/>\nLe Power blender Enfinigy combine les avantages d\u2019une double lame en acier inoxydable ZWILLING \u00e0 un moteur puissant de 1600 watts et au design ergonomique de son bol, permettant ainsi d&#8217;obtenir des r\u00e9sultats de mixage parfaits.<br \/>\nLe bol de 1,8 litre du mixeur \u2013 adapt\u00e9 \u00e9galement aux larges portions &#8211; est fabriqu\u00e9 en Tritan sans BPA (Bisph\u00e9nol A), incassable et r\u00e9sistant \u00e0 la fois \u00e0 la chaleur et au froid. Il est recommand\u00e9 de le nettoyer \u00e0 la main ou simplement avec le programme de nettoyage int\u00e9gr\u00e9.<br \/>\nSon design \u00e9pur\u00e9 et monobloc avec un seul bouton \u00e0 affichage int\u00e9gr\u00e9 rend le nettoyage de la base ais\u00e9. Le dispositif de s\u00e9curit\u00e9 int\u00e9gr\u00e9 emp\u00eache le mixeur de fonctionner lorsque le couvercle n&#8217;est pas ferm\u00e9, ce qui \u00e9vite tout risque de blessure. Un syst\u00e8me de s\u00e9curit\u00e9 emp\u00eache \u00e9galement le d\u00e9marrage du blender si le bol est mal fix\u00e9 \u00e0 sa base.<br \/>\nLe bouton de commande vous permet de choisir intuitivement parmi six programmes pr\u00e9d\u00e9finis (smoothie, cocktail, sorbet, glace pil\u00e9e, mode Pulse pour une texture plus lisse, et nettoyage) et 12 r\u00e9glages de vitesse. Vous pouvez \u00e9galement pr\u00e9parer des milk-shakes, des dips, des sauces et bien d&#8217;autres choses encore \u00e0 la vitesse optimale.<br \/>\nDe plus, il est livr\u00e9 avec les accessoires suivants : un gobelet doseur et un poussoir.<\/p>\n<p>&#8211; Puissance du moteur haute performance de 1600 watts pour m\u00e9langer sans perte de performance<br \/>\n&#8211; Double lame \u00e0 ailettes en acier inoxydable formule sp\u00e9ciale Zwilling, fabriqu\u00e9e \u00e0 Solingen en Allemagne avec dentelure Piranha pour une coupe parfaite<br \/>\n&#8211; 6 programmes automatiques : Pulse, smoothie, cocktail, cr\u00e8me glac\u00e9e, glace pill\u00e9e et nettoyage<br \/>\n&#8211; R\u00e9cipient en Tritan sans BPA (Bisph\u00e9nol A) et r\u00e9sistant anti-rayure &#8211; lavage \u00e0 la main recommand\u00e9\/ ou fonction auto-nettoyage<br \/>\n&#8211; Capacit\u00e9 : 1,8 l<br \/>\n&#8211; Syst\u00e8me de verrouillage s\u00e9curis\u00e9 de la lame (le moteur ne fonctionne pas sans le r\u00e9cipient ni sans couvercle)<br \/>\n&#8211; D\u00e9velopp\u00e9 par ZWILLING en Allemagne, con\u00e7u \u00e0 Milan, Italie, par le Studio Matteo Thun &amp; Antonio Rodriguez<\/p>\n<p>Donn\u00e9ess Techniques<br \/>\n&#8211; Couleur: Silver<br \/>\n&#8211; Mat\u00e9riau: Plastique<br \/>\n&#8211; Tension: 220-240 V<br \/>\n&#8211; Fr\u00e9quence: 50\/60 Hz<br \/>\n&#8211; Bol Tritan: 1800 ml<br \/>\n&#8211; Syst\u00e8me de verrouillage: Oui<br \/>\n&#8211; Type de moteur: AC Motor<br \/>\n&#8211; Stockage du cordon: Oui<br \/>\n&#8211; Programmes: 6<br \/>\n&#8211; Type de lame: Winglet blade<br \/>\n&#8211; R\u00e9glage de la vitesse: 12<br \/>\n&#8211; \u00c9cran LCD: Oui<br \/>\n&#8211; Puissance: 1.600 W<\/p>\n<p>Dimensions<br \/>\n&#8211; Poids net: 4,70 kg<br \/>\n&#8211; Capacit\u00e9: 1,80 l<br \/>\n&#8211; Longueur totale du produit: 19,30 cm<br \/>\n&#8211; Longueur ou largeur du produit: 19,30 cm<br \/>\n&#8211; Hauteur du produit: 42,30 cm<\/p>\n<p><u style=\"font-size: 13px; line-height: 20.8px;\"><strong>Not for sale outside from Europe<\/strong><\/u><\/p>\n","protected":false},"excerpt":{"rendered":"<p>ZWILLING a mis toute son expertise couteli\u00e8re dans le d\u00e9veloppement de nouvelles lames parfaitement adapt\u00e9es au mixage. C\u2019est pourquoi les<\/p>\n","protected":false},"featured_media":130878,"template":"","meta":{"_acf_changed":false,"inline_featured_image":false},"product_cat":[12766,12449],"product_tag":[25036,12820,12948,13718,25021,13260],"acf":[],"yoast_head":"<!-- This site is optimized with the Yoast SEO Premium plugin v18.6 (Yoast SEO v19.13) - https:\/\/yoast.com\/wordpress\/plugins\/seo\/ -->\n<title>ZWILLING Enfinigy Power Blender Noir<\/title>\n<meta name=\"description\" content=\"D\u00e9couvrez ZWILLING Enfinigy Power Blender Noir sur ErresseShop. Qualit\u00e9, prix r\u00e9duits et achat s\u00e9curis\u00e9 \u2013 commandez d\u00e8s maintenant en ligne !\" \/>\n<meta name=\"robots\" content=\"index, follow, max-snippet:-1, max-image-preview:large, max-video-preview:-1\" \/>\n<link rel=\"canonical\" href=\"https:\/\/www.erresse-shop.it\/fr\/shop\/petits-electromenagers\/mixeurs\/zwilling-enfinigy-power-blender-noir\/\" \/>\n<meta property=\"og:locale\" content=\"fr_FR\" \/>\n<meta property=\"og:type\" content=\"article\" \/>\n<meta property=\"og:title\" content=\"ZWILLING Enfinigy Power Blender Noir\" \/>\n<meta property=\"og:description\" content=\"D\u00e9couvrez ZWILLING Enfinigy Power Blender Noir sur ErresseShop. Qualit\u00e9, prix r\u00e9duits et achat s\u00e9curis\u00e9 \u2013 commandez d\u00e8s maintenant en ligne !\" \/>\n<meta property=\"og:url\" content=\"https:\/\/www.erresse-shop.it\/fr\/shop\/petits-electromenagers\/mixeurs\/zwilling-enfinigy-power-blender-noir\/\" \/>\n<meta property=\"og:site_name\" content=\"Erresse Shop\" \/>\n<meta property=\"article:modified_time\" content=\"2025-06-20T16:01:05+00:00\" \/>\n<meta property=\"og:image\" content=\"https:\/\/www.erresse-shop.it\/wp-content\/uploads\/2021\/11\/ZWILLING-Enfinigy-Frullatore-da-Tavolo-Nero.jpg\" \/>\n\t<meta property=\"og:image:width\" content=\"1350\" \/>\n\t<meta property=\"og:image:height\" content=\"1350\" \/>\n\t<meta property=\"og:image:type\" content=\"image\/jpeg\" \/>\n<meta name=\"twitter:card\" content=\"summary_large_image\" \/>\n<script type=\"application\/ld+json\" class=\"yoast-schema-graph\">{\"@context\":\"https:\/\/schema.org\",\"@graph\":[{\"@type\":\"WebPage\",\"@id\":\"https:\/\/www.erresse-shop.it\/fr\/shop\/petits-electromenagers\/mixeurs\/zwilling-enfinigy-power-blender-noir\/\",\"url\":\"https:\/\/www.erresse-shop.it\/fr\/shop\/petits-electromenagers\/mixeurs\/zwilling-enfinigy-power-blender-noir\/\",\"name\":\"ZWILLING Enfinigy Power Blender Noir\",\"isPartOf\":{\"@id\":\"https:\/\/www.erresse-shop.it\/fr\/#website\"},\"datePublished\":\"2021-11-23T09:50:15+00:00\",\"dateModified\":\"2025-06-20T16:01:05+00:00\",\"description\":\"D\u00e9couvrez ZWILLING Enfinigy Power Blender Noir sur ErresseShop. Qualit\u00e9, prix r\u00e9duits et achat s\u00e9curis\u00e9 \u2013 commandez d\u00e8s maintenant en ligne !\",\"breadcrumb\":{\"@id\":\"https:\/\/www.erresse-shop.it\/fr\/shop\/petits-electromenagers\/mixeurs\/zwilling-enfinigy-power-blender-noir\/#breadcrumb\"},\"inLanguage\":\"fr-FR\",\"potentialAction\":[{\"@type\":\"ReadAction\",\"target\":[\"https:\/\/www.erresse-shop.it\/fr\/shop\/petits-electromenagers\/mixeurs\/zwilling-enfinigy-power-blender-noir\/\"]}]},{\"@type\":\"BreadcrumbList\",\"@id\":\"https:\/\/www.erresse-shop.it\/fr\/shop\/petits-electromenagers\/mixeurs\/zwilling-enfinigy-power-blender-noir\/#breadcrumb\",\"itemListElement\":[{\"@type\":\"ListItem\",\"position\":1,\"name\":\"Home\",\"item\":\"https:\/\/www.erresse-shop.it\/fr\/\"},{\"@type\":\"ListItem\",\"position\":2,\"name\":\"Shop\",\"item\":\"https:\/\/www.erresse-shop.it\/fr\/shop\/\"},{\"@type\":\"ListItem\",\"position\":3,\"name\":\"ZWILLING Enfinigy Power Blender Noir\"}]},{\"@type\":\"WebSite\",\"@id\":\"https:\/\/www.erresse-shop.it\/fr\/#website\",\"url\":\"https:\/\/www.erresse-shop.it\/fr\/\",\"name\":\"Erresse Shop\",\"description\":\"Articoli di qualit\u00e0 per la casa\",\"potentialAction\":[{\"@type\":\"SearchAction\",\"target\":{\"@type\":\"EntryPoint\",\"urlTemplate\":\"https:\/\/www.erresse-shop.it\/fr\/?s={search_term_string}\"},\"query-input\":\"required name=search_term_string\"}],\"inLanguage\":\"fr-FR\"}]}<\/script>\n<!-- \/ Yoast SEO Premium plugin. -->","yoast_head_json":{"title":"ZWILLING Enfinigy Power Blender Noir","description":"D\u00e9couvrez ZWILLING Enfinigy Power Blender Noir sur ErresseShop. Qualit\u00e9, prix r\u00e9duits et achat s\u00e9curis\u00e9 \u2013 commandez d\u00e8s maintenant en ligne !","robots":{"index":"index","follow":"follow","max-snippet":"max-snippet:-1","max-image-preview":"max-image-preview:large","max-video-preview":"max-video-preview:-1"},"canonical":"https:\/\/www.erresse-shop.it\/fr\/shop\/petits-electromenagers\/mixeurs\/zwilling-enfinigy-power-blender-noir\/","og_locale":"fr_FR","og_type":"article","og_title":"ZWILLING Enfinigy Power Blender Noir","og_description":"D\u00e9couvrez ZWILLING Enfinigy Power Blender Noir sur ErresseShop. Qualit\u00e9, prix r\u00e9duits et achat s\u00e9curis\u00e9 \u2013 commandez d\u00e8s maintenant en ligne !","og_url":"https:\/\/www.erresse-shop.it\/fr\/shop\/petits-electromenagers\/mixeurs\/zwilling-enfinigy-power-blender-noir\/","og_site_name":"Erresse Shop","article_modified_time":"2025-06-20T16:01:05+00:00","og_image":[{"width":1350,"height":1350,"url":"https:\/\/www.erresse-shop.it\/wp-content\/uploads\/2021\/11\/ZWILLING-Enfinigy-Frullatore-da-Tavolo-Nero.jpg","type":"image\/jpeg"}],"twitter_card":"summary_large_image","schema":{"@context":"https:\/\/schema.org","@graph":[{"@type":"WebPage","@id":"https:\/\/www.erresse-shop.it\/fr\/shop\/petits-electromenagers\/mixeurs\/zwilling-enfinigy-power-blender-noir\/","url":"https:\/\/www.erresse-shop.it\/fr\/shop\/petits-electromenagers\/mixeurs\/zwilling-enfinigy-power-blender-noir\/","name":"ZWILLING Enfinigy Power Blender Noir","isPartOf":{"@id":"https:\/\/www.erresse-shop.it\/fr\/#website"},"datePublished":"2021-11-23T09:50:15+00:00","dateModified":"2025-06-20T16:01:05+00:00","description":"D\u00e9couvrez ZWILLING Enfinigy Power Blender Noir sur ErresseShop. Qualit\u00e9, prix r\u00e9duits et achat s\u00e9curis\u00e9 \u2013 commandez d\u00e8s maintenant en ligne !","breadcrumb":{"@id":"https:\/\/www.erresse-shop.it\/fr\/shop\/petits-electromenagers\/mixeurs\/zwilling-enfinigy-power-blender-noir\/#breadcrumb"},"inLanguage":"fr-FR","potentialAction":[{"@type":"ReadAction","target":["https:\/\/www.erresse-shop.it\/fr\/shop\/petits-electromenagers\/mixeurs\/zwilling-enfinigy-power-blender-noir\/"]}]},{"@type":"BreadcrumbList","@id":"https:\/\/www.erresse-shop.it\/fr\/shop\/petits-electromenagers\/mixeurs\/zwilling-enfinigy-power-blender-noir\/#breadcrumb","itemListElement":[{"@type":"ListItem","position":1,"name":"Home","item":"https:\/\/www.erresse-shop.it\/fr\/"},{"@type":"ListItem","position":2,"name":"Shop","item":"https:\/\/www.erresse-shop.it\/fr\/shop\/"},{"@type":"ListItem","position":3,"name":"ZWILLING Enfinigy Power Blender Noir"}]},{"@type":"WebSite","@id":"https:\/\/www.erresse-shop.it\/fr\/#website","url":"https:\/\/www.erresse-shop.it\/fr\/","name":"Erresse Shop","description":"Articoli di qualit\u00e0 per la casa","potentialAction":[{"@type":"SearchAction","target":{"@type":"EntryPoint","urlTemplate":"https:\/\/www.erresse-shop.it\/fr\/?s={search_term_string}"},"query-input":"required name=search_term_string"}],"inLanguage":"fr-FR"}]}},"df_price":174.5,"df_sale_price":174.5,"df_regular_price":349,"df_image_link":"https:\/\/www.erresse-shop.it\/wp-content\/uploads\/2021\/11\/ZWILLING-Enfinigy-Frullatore-da-Tavolo-Nero-300x300.jpg","_links":{"self":[{"href":"https:\/\/www.erresse-shop.it\/fr\/wp-json\/wp\/v2\/product\/130901"}],"collection":[{"href":"https:\/\/www.erresse-shop.it\/fr\/wp-json\/wp\/v2\/product"}],"about":[{"href":"https:\/\/www.erresse-shop.it\/fr\/wp-json\/wp\/v2\/types\/product"}],"wp:featuredmedia":[{"embeddable":true,"href":"https:\/\/www.erresse-shop.it\/fr\/wp-json\/wp\/v2\/media\/130878"}],"wp:attachment":[{"href":"https:\/\/www.erresse-shop.it\/fr\/wp-json\/wp\/v2\/media?parent=130901"}],"wp:term":[{"taxonomy":"product_cat","embeddable":true,"href":"https:\/\/www.erresse-shop.it\/fr\/wp-json\/wp\/v2\/product_cat?post=130901"},{"taxonomy":"product_tag","embeddable":true,"href":"https:\/\/www.erresse-shop.it\/fr\/wp-json\/wp\/v2\/product_tag?post=130901"}],"curies":[{"name":"wp","href":"https:\/\/api.w.org\/{rel}","templated":true}]}}