{"id":130832,"date":"2021-11-23T09:18:49","date_gmt":"2021-11-23T09:18:52","guid":{"rendered":"https:\/\/www.erresse-shop.it\/?post_type=product&#038;p=130832"},"modified":"2025-01-13T15:50:12","modified_gmt":"2025-01-13T15:50:12","slug":"zwilling-enfinigy-blender-universel-noir","status":"publish","type":"product","link":"https:\/\/www.erresse-shop.it\/fr\/shop\/petits-electromenagers\/mixeurs\/zwilling-enfinigy-blender-universel-noir\/","title":{"rendered":"ZWILLING Enfinigy Blender Universel Noir"},"content":{"rendered":"<p>The most important components of a blender are the blade and the motor. That&#8217;s why every ZWILLING blender is equipped with original ZWILLING stainless steel blades. The motor, blender jug and blade are all optimally calibrated to each other. The effect? A blending result that lives up to the ZWILLING brand name.<\/p>\n<p><strong>DETAILS MAKE THE DIFFERENCE<\/strong><br \/>\nZWILLING blade with special Piranha serration<br \/>\nZWILLING blade with optimum strength and sharpness<br \/>\nZWILLING blade &#8211; developed in Solingen, Germany<\/p>\n<p><strong>REDUCE ANY SIZE<\/strong><br \/>\nIntuitive, like a knife. With up to seven automatic programmes and 12 speed settings, you can effortlessly find the right setting for every occasion &#8211; at the turn of a knob.<\/p>\n<p><strong>PREMIUM APPLIANCES FOR MODERN KITCHENS: FUNCTIONS<\/strong><br \/>\n&#8211; Pulse: The blender runs at minimum and maximum speed. Suitable for short and manual blending and extra blending for even more refined results.<br \/>\n&#8211; Smoothie: Transforms fruit and vegetables into delicious creamy smoothies.<br \/>\n&#8211; Cocktails: Suitable for drinks such as ice cocktails like Margaritas, as well as high chlorophyll green smoothies and homemade nut drinks.<br \/>\n&#8211; Ice cream: For quick and easy preparation of your own ice cream specialities. These can include sorbets made from fresh or frozen fruit combined with ice cubes. Or try the delicious ice cream with milk products.<br \/>\n&#8211; Ice Crusher: Turns any type of ice cube into finely crushed ice.<br \/>\n&#8211; Soup: Chops and heats ingredients with the heat of the blade rotation. In just 10 minutes, soups and vegetable soups are heated and ready to serve.<br \/>\n&#8211; Cleaning: The easiest way to clean the blender: just add a little water and a drop of detergent, start the cleaning programme and then rinse.<\/p>\n<p><strong>EXTENDED SERVICE LIFE<\/strong><br \/>\nNot only is the design of ZWILLING blenders timeless, the appliances themselves are also incredibly durable. The blades are made of stainless steel and the jugs of resilient Tritan. Tritan is a high-quality material that weighs half as much as glass and is much more robust. It is resistant to both heat and cold and is highly break-resistant.<\/p>\n<p><strong>CUTS THROUGH ANYTHING. EXCEPT YOUR FINGER<\/strong><br \/>\nThe blender&#8217;s safety lock and special Piranha serration ensure safe blending.<br \/>\nSafety lock: the appliance only starts when the lid is properly inserted.<br \/>\nAutomatic switch-off function: the blender switches off automatically whenever it is opened during blending.<br \/>\nSpecial Piranha serration: Only the small serration on the inside of the blade is sharpened. This ensures safe hand cleaning.<\/p>\n<p><strong>TABLE BLENDER<\/strong><br \/>\nEvery home should have a good quality knife. Now it will also be present in the blender. The Table Blender impresses with its high-quality cross blade from the ZWILLING brand. The stainless steel blade was developed in Solingen for the new blender and its special serration and piranha tooth design ensure perfect operation. The 1200 watt motor is particularly powerful and has been perfectly calibrated for the blade and its housing. The result? Perfect blending. The 1.4-litre jug made of BPA-free Tritan is shatter-proof and can withstand both heat and cold. We recommend washing it by hand or using the integrated cleaning programme. The outer surface of the blender is easy to clean thanks to the modern single-button design with integrated display. The integrated safety function prevents the high-performance blender from operating without a closed lid, thus avoiding any risk of injury. The blender&#8217;s operating knob allows you to easily choose between six automatic programmes (pulse, smoothie, cocktail, ice cream, ice crusher and cleaning) and 12 speed settings. You can prepare smoothies, dips, sauces and more at the optimum speed. What&#8217;s more, a variety of accessories are included with your purchase: a measuring cup and a high-quality vegetable chopper.<\/p>\n<p>Powerful 1200 watt high-performance motor for consistent blending<br \/>\nZWILLING double blade with Piranha serration made of a special steel alloy for optimal shredding<br \/>\nFive automatic functions: Smoothie, Cocktail, Ice Crusher, Cleaning, Pulse<br \/>\nNumerous extra functions such as safety lock and LED display<br \/>\nHigh-quality measuring cup and potato masher included as practical accessories<br \/>\n1.4 L Tritan jug, BPA-free, durable and easy to clean<br \/>\nDeveloped by ZWILLING in Germany, designed in Milan, Italy, by Matteo Thun &amp; Antonio Rodriguez<\/p>\n<p><u style=\"font-size: 13px; line-height: 20.8px;\"><strong>Not for sale outside from Europe<\/strong><\/u><\/p>\n","protected":false},"excerpt":{"rendered":"<p>The most important components of a blender are the blade and the motor. That&#8217;s why every ZWILLING blender is equipped<\/p>\n","protected":false},"featured_media":130878,"template":"","meta":{"_acf_changed":false,"inline_featured_image":false},"product_cat":[12766,12449],"product_tag":[25036,12820,12948,13718,25021,13260],"acf":[],"yoast_head":"<!-- This site is optimized with the Yoast SEO Premium plugin v18.6 (Yoast SEO v19.13) - https:\/\/yoast.com\/wordpress\/plugins\/seo\/ -->\n<title>ZWILLING Enfinigy Blender Universel Noir<\/title>\n<meta name=\"description\" content=\"D\u00e9couvrez ZWILLING Enfinigy Blender Universel Noir sur ErresseShop. Qualit\u00e9, prix r\u00e9duits et achat s\u00e9curis\u00e9 \u2013 commandez d\u00e8s maintenant en ligne !\" \/>\n<meta name=\"robots\" content=\"index, follow, max-snippet:-1, max-image-preview:large, max-video-preview:-1\" \/>\n<link rel=\"canonical\" href=\"https:\/\/www.erresse-shop.it\/fr\/shop\/petits-electromenagers\/mixeurs\/zwilling-enfinigy-blender-universel-noir\/\" \/>\n<meta property=\"og:locale\" content=\"fr_FR\" \/>\n<meta property=\"og:type\" content=\"article\" \/>\n<meta property=\"og:title\" content=\"ZWILLING Enfinigy Blender Universel Noir\" \/>\n<meta property=\"og:description\" content=\"D\u00e9couvrez ZWILLING Enfinigy Blender Universel Noir sur ErresseShop. Qualit\u00e9, prix r\u00e9duits et achat s\u00e9curis\u00e9 \u2013 commandez d\u00e8s maintenant en ligne !\" \/>\n<meta property=\"og:url\" content=\"https:\/\/www.erresse-shop.it\/fr\/shop\/petits-electromenagers\/mixeurs\/zwilling-enfinigy-blender-universel-noir\/\" \/>\n<meta property=\"og:site_name\" content=\"Erresse Shop\" \/>\n<meta property=\"article:modified_time\" content=\"2025-01-13T15:50:12+00:00\" \/>\n<meta property=\"og:image\" content=\"https:\/\/www.erresse-shop.it\/wp-content\/uploads\/2021\/11\/ZWILLING-Enfinigy-Frullatore-da-Tavolo-Nero.jpg\" \/>\n\t<meta property=\"og:image:width\" content=\"1350\" \/>\n\t<meta property=\"og:image:height\" content=\"1350\" \/>\n\t<meta property=\"og:image:type\" content=\"image\/jpeg\" \/>\n<meta name=\"twitter:card\" content=\"summary_large_image\" \/>\n<script type=\"application\/ld+json\" class=\"yoast-schema-graph\">{\"@context\":\"https:\/\/schema.org\",\"@graph\":[{\"@type\":\"WebPage\",\"@id\":\"https:\/\/www.erresse-shop.it\/fr\/shop\/petits-electromenagers\/mixeurs\/zwilling-enfinigy-blender-universel-noir\/\",\"url\":\"https:\/\/www.erresse-shop.it\/fr\/shop\/petits-electromenagers\/mixeurs\/zwilling-enfinigy-blender-universel-noir\/\",\"name\":\"ZWILLING Enfinigy Blender Universel Noir\",\"isPartOf\":{\"@id\":\"https:\/\/www.erresse-shop.it\/fr\/#website\"},\"datePublished\":\"2021-11-23T09:18:52+00:00\",\"dateModified\":\"2025-01-13T15:50:12+00:00\",\"description\":\"D\u00e9couvrez ZWILLING Enfinigy Blender Universel Noir sur ErresseShop. Qualit\u00e9, prix r\u00e9duits et achat s\u00e9curis\u00e9 \u2013 commandez d\u00e8s maintenant en ligne !\",\"breadcrumb\":{\"@id\":\"https:\/\/www.erresse-shop.it\/fr\/shop\/petits-electromenagers\/mixeurs\/zwilling-enfinigy-blender-universel-noir\/#breadcrumb\"},\"inLanguage\":\"fr-FR\",\"potentialAction\":[{\"@type\":\"ReadAction\",\"target\":[\"https:\/\/www.erresse-shop.it\/fr\/shop\/petits-electromenagers\/mixeurs\/zwilling-enfinigy-blender-universel-noir\/\"]}]},{\"@type\":\"BreadcrumbList\",\"@id\":\"https:\/\/www.erresse-shop.it\/fr\/shop\/petits-electromenagers\/mixeurs\/zwilling-enfinigy-blender-universel-noir\/#breadcrumb\",\"itemListElement\":[{\"@type\":\"ListItem\",\"position\":1,\"name\":\"Home\",\"item\":\"https:\/\/www.erresse-shop.it\/fr\/\"},{\"@type\":\"ListItem\",\"position\":2,\"name\":\"Shop\",\"item\":\"https:\/\/www.erresse-shop.it\/fr\/shop\/\"},{\"@type\":\"ListItem\",\"position\":3,\"name\":\"ZWILLING Enfinigy Blender Universel Noir\"}]},{\"@type\":\"WebSite\",\"@id\":\"https:\/\/www.erresse-shop.it\/fr\/#website\",\"url\":\"https:\/\/www.erresse-shop.it\/fr\/\",\"name\":\"Erresse Shop\",\"description\":\"Articoli di qualit\u00e0 per la casa\",\"potentialAction\":[{\"@type\":\"SearchAction\",\"target\":{\"@type\":\"EntryPoint\",\"urlTemplate\":\"https:\/\/www.erresse-shop.it\/fr\/?s={search_term_string}\"},\"query-input\":\"required name=search_term_string\"}],\"inLanguage\":\"fr-FR\"}]}<\/script>\n<!-- \/ Yoast SEO Premium plugin. -->","yoast_head_json":{"title":"ZWILLING Enfinigy Blender Universel Noir","description":"D\u00e9couvrez ZWILLING Enfinigy Blender Universel Noir sur ErresseShop. Qualit\u00e9, prix r\u00e9duits et achat s\u00e9curis\u00e9 \u2013 commandez d\u00e8s maintenant en ligne !","robots":{"index":"index","follow":"follow","max-snippet":"max-snippet:-1","max-image-preview":"max-image-preview:large","max-video-preview":"max-video-preview:-1"},"canonical":"https:\/\/www.erresse-shop.it\/fr\/shop\/petits-electromenagers\/mixeurs\/zwilling-enfinigy-blender-universel-noir\/","og_locale":"fr_FR","og_type":"article","og_title":"ZWILLING Enfinigy Blender Universel Noir","og_description":"D\u00e9couvrez ZWILLING Enfinigy Blender Universel Noir sur ErresseShop. Qualit\u00e9, prix r\u00e9duits et achat s\u00e9curis\u00e9 \u2013 commandez d\u00e8s maintenant en ligne !","og_url":"https:\/\/www.erresse-shop.it\/fr\/shop\/petits-electromenagers\/mixeurs\/zwilling-enfinigy-blender-universel-noir\/","og_site_name":"Erresse Shop","article_modified_time":"2025-01-13T15:50:12+00:00","og_image":[{"width":1350,"height":1350,"url":"https:\/\/www.erresse-shop.it\/wp-content\/uploads\/2021\/11\/ZWILLING-Enfinigy-Frullatore-da-Tavolo-Nero.jpg","type":"image\/jpeg"}],"twitter_card":"summary_large_image","schema":{"@context":"https:\/\/schema.org","@graph":[{"@type":"WebPage","@id":"https:\/\/www.erresse-shop.it\/fr\/shop\/petits-electromenagers\/mixeurs\/zwilling-enfinigy-blender-universel-noir\/","url":"https:\/\/www.erresse-shop.it\/fr\/shop\/petits-electromenagers\/mixeurs\/zwilling-enfinigy-blender-universel-noir\/","name":"ZWILLING Enfinigy Blender Universel Noir","isPartOf":{"@id":"https:\/\/www.erresse-shop.it\/fr\/#website"},"datePublished":"2021-11-23T09:18:52+00:00","dateModified":"2025-01-13T15:50:12+00:00","description":"D\u00e9couvrez ZWILLING Enfinigy Blender Universel Noir sur ErresseShop. Qualit\u00e9, prix r\u00e9duits et achat s\u00e9curis\u00e9 \u2013 commandez d\u00e8s maintenant en ligne !","breadcrumb":{"@id":"https:\/\/www.erresse-shop.it\/fr\/shop\/petits-electromenagers\/mixeurs\/zwilling-enfinigy-blender-universel-noir\/#breadcrumb"},"inLanguage":"fr-FR","potentialAction":[{"@type":"ReadAction","target":["https:\/\/www.erresse-shop.it\/fr\/shop\/petits-electromenagers\/mixeurs\/zwilling-enfinigy-blender-universel-noir\/"]}]},{"@type":"BreadcrumbList","@id":"https:\/\/www.erresse-shop.it\/fr\/shop\/petits-electromenagers\/mixeurs\/zwilling-enfinigy-blender-universel-noir\/#breadcrumb","itemListElement":[{"@type":"ListItem","position":1,"name":"Home","item":"https:\/\/www.erresse-shop.it\/fr\/"},{"@type":"ListItem","position":2,"name":"Shop","item":"https:\/\/www.erresse-shop.it\/fr\/shop\/"},{"@type":"ListItem","position":3,"name":"ZWILLING Enfinigy Blender Universel Noir"}]},{"@type":"WebSite","@id":"https:\/\/www.erresse-shop.it\/fr\/#website","url":"https:\/\/www.erresse-shop.it\/fr\/","name":"Erresse Shop","description":"Articoli di qualit\u00e0 per la casa","potentialAction":[{"@type":"SearchAction","target":{"@type":"EntryPoint","urlTemplate":"https:\/\/www.erresse-shop.it\/fr\/?s={search_term_string}"},"query-input":"required name=search_term_string"}],"inLanguage":"fr-FR"}]}},"df_price":169.95,"df_sale_price":169.95,"df_regular_price":199,"df_image_link":"https:\/\/www.erresse-shop.it\/wp-content\/uploads\/2021\/11\/ZWILLING-Enfinigy-Frullatore-da-Tavolo-Nero-300x300.jpg","_links":{"self":[{"href":"https:\/\/www.erresse-shop.it\/fr\/wp-json\/wp\/v2\/product\/130832"}],"collection":[{"href":"https:\/\/www.erresse-shop.it\/fr\/wp-json\/wp\/v2\/product"}],"about":[{"href":"https:\/\/www.erresse-shop.it\/fr\/wp-json\/wp\/v2\/types\/product"}],"wp:featuredmedia":[{"embeddable":true,"href":"https:\/\/www.erresse-shop.it\/fr\/wp-json\/wp\/v2\/media\/130878"}],"wp:attachment":[{"href":"https:\/\/www.erresse-shop.it\/fr\/wp-json\/wp\/v2\/media?parent=130832"}],"wp:term":[{"taxonomy":"product_cat","embeddable":true,"href":"https:\/\/www.erresse-shop.it\/fr\/wp-json\/wp\/v2\/product_cat?post=130832"},{"taxonomy":"product_tag","embeddable":true,"href":"https:\/\/www.erresse-shop.it\/fr\/wp-json\/wp\/v2\/product_tag?post=130832"}],"curies":[{"name":"wp","href":"https:\/\/api.w.org\/{rel}","templated":true}]}}