{"id":130715,"date":"2021-11-22T15:46:07","date_gmt":"2021-11-22T15:46:10","guid":{"rendered":"https:\/\/www.erresse-shop.it\/?post_type=product&#038;p=130715"},"modified":"2025-01-13T15:50:10","modified_gmt":"2025-01-13T15:50:10","slug":"zwilling-enfinigy-mini-blender-noir","status":"publish","type":"product","link":"https:\/\/www.erresse-shop.it\/fr\/shop\/petits-electromenagers\/mixeurs\/zwilling-enfinigy-mini-blender-noir\/","title":{"rendered":"ZWILLING Enfinigy Mini Blender Noir"},"content":{"rendered":"<p>Le mini Blender ENFINIGY est bien plus qu&#8217;un simple mixeur de smoothie : la lame en croix \u00e0 angles multiples est dot\u00e9e d&#8217;une dentelure sp\u00e9ciale en dents de piranha capable de m\u00e9langer n\u2019importe quel ingr\u00e9dient : m\u00eame les noix et les gla\u00e7ons sont mix\u00e9s sans effort.<br \/>\nPeu encombrant et facilement transportable, il vous permet en plus d\u2019emporter directement votre smoothie le matin gr\u00e2ce \u00e0 son bol d\u00e9tachable dans lequel les aliments sont mix\u00e9s.<br \/>\nSon bol en Tritan sans Bisph\u00e9nol A se transforme en gobelet : vous pouvez y m\u00e9langer directement votre pr\u00e9paration, la conserver et\/ou l&#8217;emporter partout avec vous.<br \/>\nLe bouton de commande permet de choisir intuitivement entre un programme de smoothie et un programme multifonction pulse qui vous laisse moduler l\u2019intensit\u00e9 pour un r\u00e9sultat de mixage encore plus fin.<br \/>\nLa puissance du moteur de 600 watts, parfaitement adapt\u00e9e \u00e0 la lame et au r\u00e9cipient, garantit la r\u00e9ussite de chacune de vos \u00e9mulsions. Le bol de 550 ml est fabriqu\u00e9 en Tritan sans BPA (Bisph\u00e9nol A), incassable et r\u00e9sistant \u00e0 la fois \u00e0 la chaleur et au froid. Il est recommand\u00e9 de le nettoyer \u00e0 la main ou simplement avec le programme de nettoyage int\u00e9gr\u00e9.<br \/>\nSon design \u00e9pur\u00e9 et monobloc avec un seul bouton \u00e0 affichage int\u00e9gr\u00e9 rend le nettoyage de la base ais\u00e9. Le dispositif de s\u00e9curit\u00e9 int\u00e9gr\u00e9 emp\u00eache le mixeur de fonctionner lorsque le couvercle n&#8217;est pas ferm\u00e9, ce qui \u00e9vite tout risque de blessure.<\/p>\n<p>&#8211; Moteur avec une puissance de 600 watts pour m\u00e9langer sans perte de performance<br \/>\n&#8211; Lame en croix \u00e0 angles multiples en acier inoxydable formule sp\u00e9ciale Zwilling, avec dentelure Piranha pour un mixage parfait<br \/>\n&#8211; 2 programmes automatiques : Pulse et Smoothie<br \/>\n&#8211; R\u00e9cipient d\u2019une capacit\u00e9 de 550ml en Tritan sans BPA (Bisph\u00e9nol A) et r\u00e9sistant anti-rayure &#8211; lavage \u00e0 la main recommand\u00e9\/ ou fonction auto-nettoyage<br \/>\n&#8211; Bol d\u00e9tachable et transportable, 1 couvercle fourni<br \/>\n&#8211; Syst\u00e8me de verrouillage s\u00e9curis\u00e9 de la lame (le moteur ne fonctionne pas sans le r\u00e9cipient ni sans couvercle)<br \/>\n&#8211; D\u00e9velopp\u00e9 par ZWILLING en Allemagne, con\u00e7u \u00e0 Milan, Italie, par le Studio Matteo Thun &amp; Antonio Rodriguez<\/p>\n<p>Donn\u00e9es Techniques<br \/>\n&#8211; Couleur: Silver<br \/>\n&#8211; Mat\u00e9riau: Plastique<br \/>\n&#8211; Tension: 220-240 V<br \/>\n&#8211; Fr\u00e9quence: 50\/60 Hz<br \/>\n&#8211; Bol Tritan: 550 ml<br \/>\n&#8211; Syst\u00e8me de verrouillage: Oui<br \/>\n&#8211; Type de moteur: AC Motor<br \/>\n&#8211; Stockage du cordon: Oui<br \/>\n&#8211; Programmes: 2<br \/>\n&#8211; Type de lame: Cross blade<br \/>\n&#8211; Puissance: 600 W<\/p>\n<p>Dimensions<br \/>\n&#8211; Poids net: 2,30 kg<br \/>\n&#8211; Capacit\u00e9: 0,50 l<br \/>\n&#8211; Longueur totale du produit: 13,70 cm<br \/>\n&#8211; Longueur ou largeur du produit: 13,70 cm<br \/>\n&#8211; Hauteur du produit: 35,70 cm<\/p>\n<p><u style=\"font-size: 13px; line-height: 20.8px;\"><strong>Not for sale outside from Europe<\/strong><\/u><\/p>\n","protected":false},"excerpt":{"rendered":"<p>Le mini Blender ENFINIGY est bien plus qu&#8217;un simple mixeur de smoothie : la lame en croix \u00e0 angles multiples<\/p>\n","protected":false},"featured_media":130744,"template":"","meta":{"_acf_changed":false,"inline_featured_image":false},"product_cat":[12766,12449],"product_tag":[25036,23910,12820,12948,13718,25021,13260,21821,12824],"acf":[],"yoast_head":"<!-- This site is optimized with the Yoast SEO Premium plugin v18.6 (Yoast SEO v19.13) - https:\/\/yoast.com\/wordpress\/plugins\/seo\/ -->\n<title>ZWILLING Enfinigy Mini Blender Noir<\/title>\n<meta name=\"description\" content=\"D\u00e9couvrez ZWILLING Enfinigy Mini Blender Noir sur ErresseShop. Qualit\u00e9, prix r\u00e9duits et achat s\u00e9curis\u00e9 \u2013 commandez d\u00e8s maintenant en ligne !\" \/>\n<meta name=\"robots\" content=\"index, follow, max-snippet:-1, max-image-preview:large, max-video-preview:-1\" \/>\n<link rel=\"canonical\" href=\"https:\/\/www.erresse-shop.it\/fr\/shop\/petits-electromenagers\/mixeurs\/zwilling-enfinigy-mini-blender-noir\/\" \/>\n<meta property=\"og:locale\" content=\"fr_FR\" \/>\n<meta property=\"og:type\" content=\"article\" \/>\n<meta property=\"og:title\" content=\"ZWILLING Enfinigy Mini Blender Noir\" \/>\n<meta property=\"og:description\" content=\"D\u00e9couvrez ZWILLING Enfinigy Mini Blender Noir sur ErresseShop. Qualit\u00e9, prix r\u00e9duits et achat s\u00e9curis\u00e9 \u2013 commandez d\u00e8s maintenant en ligne !\" \/>\n<meta property=\"og:url\" content=\"https:\/\/www.erresse-shop.it\/fr\/shop\/petits-electromenagers\/mixeurs\/zwilling-enfinigy-mini-blender-noir\/\" \/>\n<meta property=\"og:site_name\" content=\"Erresse Shop\" \/>\n<meta property=\"article:modified_time\" content=\"2025-01-13T15:50:10+00:00\" \/>\n<meta property=\"og:image\" content=\"https:\/\/www.erresse-shop.it\/wp-content\/uploads\/2021\/11\/ZWILLING-Enfinigy-Frullatore-Personale-Nero.jpg\" \/>\n\t<meta property=\"og:image:width\" content=\"1350\" \/>\n\t<meta property=\"og:image:height\" content=\"1350\" \/>\n\t<meta property=\"og:image:type\" content=\"image\/jpeg\" \/>\n<meta name=\"twitter:card\" content=\"summary_large_image\" \/>\n<script type=\"application\/ld+json\" class=\"yoast-schema-graph\">{\"@context\":\"https:\/\/schema.org\",\"@graph\":[{\"@type\":\"WebPage\",\"@id\":\"https:\/\/www.erresse-shop.it\/fr\/shop\/petits-electromenagers\/mixeurs\/zwilling-enfinigy-mini-blender-noir\/\",\"url\":\"https:\/\/www.erresse-shop.it\/fr\/shop\/petits-electromenagers\/mixeurs\/zwilling-enfinigy-mini-blender-noir\/\",\"name\":\"ZWILLING Enfinigy Mini Blender Noir\",\"isPartOf\":{\"@id\":\"https:\/\/www.erresse-shop.it\/fr\/#website\"},\"datePublished\":\"2021-11-22T15:46:10+00:00\",\"dateModified\":\"2025-01-13T15:50:10+00:00\",\"description\":\"D\u00e9couvrez ZWILLING Enfinigy Mini Blender Noir sur ErresseShop. Qualit\u00e9, prix r\u00e9duits et achat s\u00e9curis\u00e9 \u2013 commandez d\u00e8s maintenant en ligne !\",\"breadcrumb\":{\"@id\":\"https:\/\/www.erresse-shop.it\/fr\/shop\/petits-electromenagers\/mixeurs\/zwilling-enfinigy-mini-blender-noir\/#breadcrumb\"},\"inLanguage\":\"fr-FR\",\"potentialAction\":[{\"@type\":\"ReadAction\",\"target\":[\"https:\/\/www.erresse-shop.it\/fr\/shop\/petits-electromenagers\/mixeurs\/zwilling-enfinigy-mini-blender-noir\/\"]}]},{\"@type\":\"BreadcrumbList\",\"@id\":\"https:\/\/www.erresse-shop.it\/fr\/shop\/petits-electromenagers\/mixeurs\/zwilling-enfinigy-mini-blender-noir\/#breadcrumb\",\"itemListElement\":[{\"@type\":\"ListItem\",\"position\":1,\"name\":\"Home\",\"item\":\"https:\/\/www.erresse-shop.it\/fr\/\"},{\"@type\":\"ListItem\",\"position\":2,\"name\":\"Shop\",\"item\":\"https:\/\/www.erresse-shop.it\/fr\/shop\/\"},{\"@type\":\"ListItem\",\"position\":3,\"name\":\"ZWILLING Enfinigy Mini Blender Noir\"}]},{\"@type\":\"WebSite\",\"@id\":\"https:\/\/www.erresse-shop.it\/fr\/#website\",\"url\":\"https:\/\/www.erresse-shop.it\/fr\/\",\"name\":\"Erresse Shop\",\"description\":\"Articoli di qualit\u00e0 per la casa\",\"potentialAction\":[{\"@type\":\"SearchAction\",\"target\":{\"@type\":\"EntryPoint\",\"urlTemplate\":\"https:\/\/www.erresse-shop.it\/fr\/?s={search_term_string}\"},\"query-input\":\"required name=search_term_string\"}],\"inLanguage\":\"fr-FR\"}]}<\/script>\n<!-- \/ Yoast SEO Premium plugin. -->","yoast_head_json":{"title":"ZWILLING Enfinigy Mini Blender Noir","description":"D\u00e9couvrez ZWILLING Enfinigy Mini Blender Noir sur ErresseShop. Qualit\u00e9, prix r\u00e9duits et achat s\u00e9curis\u00e9 \u2013 commandez d\u00e8s maintenant en ligne !","robots":{"index":"index","follow":"follow","max-snippet":"max-snippet:-1","max-image-preview":"max-image-preview:large","max-video-preview":"max-video-preview:-1"},"canonical":"https:\/\/www.erresse-shop.it\/fr\/shop\/petits-electromenagers\/mixeurs\/zwilling-enfinigy-mini-blender-noir\/","og_locale":"fr_FR","og_type":"article","og_title":"ZWILLING Enfinigy Mini Blender Noir","og_description":"D\u00e9couvrez ZWILLING Enfinigy Mini Blender Noir sur ErresseShop. Qualit\u00e9, prix r\u00e9duits et achat s\u00e9curis\u00e9 \u2013 commandez d\u00e8s maintenant en ligne !","og_url":"https:\/\/www.erresse-shop.it\/fr\/shop\/petits-electromenagers\/mixeurs\/zwilling-enfinigy-mini-blender-noir\/","og_site_name":"Erresse Shop","article_modified_time":"2025-01-13T15:50:10+00:00","og_image":[{"width":1350,"height":1350,"url":"https:\/\/www.erresse-shop.it\/wp-content\/uploads\/2021\/11\/ZWILLING-Enfinigy-Frullatore-Personale-Nero.jpg","type":"image\/jpeg"}],"twitter_card":"summary_large_image","schema":{"@context":"https:\/\/schema.org","@graph":[{"@type":"WebPage","@id":"https:\/\/www.erresse-shop.it\/fr\/shop\/petits-electromenagers\/mixeurs\/zwilling-enfinigy-mini-blender-noir\/","url":"https:\/\/www.erresse-shop.it\/fr\/shop\/petits-electromenagers\/mixeurs\/zwilling-enfinigy-mini-blender-noir\/","name":"ZWILLING Enfinigy Mini Blender Noir","isPartOf":{"@id":"https:\/\/www.erresse-shop.it\/fr\/#website"},"datePublished":"2021-11-22T15:46:10+00:00","dateModified":"2025-01-13T15:50:10+00:00","description":"D\u00e9couvrez ZWILLING Enfinigy Mini Blender Noir sur ErresseShop. Qualit\u00e9, prix r\u00e9duits et achat s\u00e9curis\u00e9 \u2013 commandez d\u00e8s maintenant en ligne !","breadcrumb":{"@id":"https:\/\/www.erresse-shop.it\/fr\/shop\/petits-electromenagers\/mixeurs\/zwilling-enfinigy-mini-blender-noir\/#breadcrumb"},"inLanguage":"fr-FR","potentialAction":[{"@type":"ReadAction","target":["https:\/\/www.erresse-shop.it\/fr\/shop\/petits-electromenagers\/mixeurs\/zwilling-enfinigy-mini-blender-noir\/"]}]},{"@type":"BreadcrumbList","@id":"https:\/\/www.erresse-shop.it\/fr\/shop\/petits-electromenagers\/mixeurs\/zwilling-enfinigy-mini-blender-noir\/#breadcrumb","itemListElement":[{"@type":"ListItem","position":1,"name":"Home","item":"https:\/\/www.erresse-shop.it\/fr\/"},{"@type":"ListItem","position":2,"name":"Shop","item":"https:\/\/www.erresse-shop.it\/fr\/shop\/"},{"@type":"ListItem","position":3,"name":"ZWILLING Enfinigy Mini Blender Noir"}]},{"@type":"WebSite","@id":"https:\/\/www.erresse-shop.it\/fr\/#website","url":"https:\/\/www.erresse-shop.it\/fr\/","name":"Erresse Shop","description":"Articoli di qualit\u00e0 per la casa","potentialAction":[{"@type":"SearchAction","target":{"@type":"EntryPoint","urlTemplate":"https:\/\/www.erresse-shop.it\/fr\/?s={search_term_string}"},"query-input":"required name=search_term_string"}],"inLanguage":"fr-FR"}]}},"df_price":99.95,"df_sale_price":99.95,"df_regular_price":119,"df_image_link":"https:\/\/www.erresse-shop.it\/wp-content\/uploads\/2021\/11\/ZWILLING-Enfinigy-Frullatore-Personale-Nero-300x300.jpg","_links":{"self":[{"href":"https:\/\/www.erresse-shop.it\/fr\/wp-json\/wp\/v2\/product\/130715"}],"collection":[{"href":"https:\/\/www.erresse-shop.it\/fr\/wp-json\/wp\/v2\/product"}],"about":[{"href":"https:\/\/www.erresse-shop.it\/fr\/wp-json\/wp\/v2\/types\/product"}],"wp:featuredmedia":[{"embeddable":true,"href":"https:\/\/www.erresse-shop.it\/fr\/wp-json\/wp\/v2\/media\/130744"}],"wp:attachment":[{"href":"https:\/\/www.erresse-shop.it\/fr\/wp-json\/wp\/v2\/media?parent=130715"}],"wp:term":[{"taxonomy":"product_cat","embeddable":true,"href":"https:\/\/www.erresse-shop.it\/fr\/wp-json\/wp\/v2\/product_cat?post=130715"},{"taxonomy":"product_tag","embeddable":true,"href":"https:\/\/www.erresse-shop.it\/fr\/wp-json\/wp\/v2\/product_tag?post=130715"}],"curies":[{"name":"wp","href":"https:\/\/api.w.org\/{rel}","templated":true}]}}