{"id":130653,"date":"2021-11-22T15:06:15","date_gmt":"2021-11-22T15:06:19","guid":{"rendered":"https:\/\/www.erresse-shop.it\/?post_type=product&#038;p=130653"},"modified":"2025-01-13T15:50:01","modified_gmt":"2025-01-13T15:50:01","slug":"zwilling-enfinigy-balance-numerique-noir","status":"publish","type":"product","link":"https:\/\/www.erresse-shop.it\/fr\/shop\/petits-electromenagers\/balances\/zwilling-enfinigy-balance-numerique-noir\/","title":{"rendered":"ZWILLING Enfinigy Balance Num\u00e9rique Noir"},"content":{"rendered":"<p>ZWILLING et les balances &#8211; un mariage parfait. La nouvelle balance de cuisine num\u00e9rique allie un design authentique et moderne \u00e0 une pr\u00e9cision absolue. La batterie rechargeable au lithium-ion est int\u00e9gr\u00e9e dans le corps de la balance, de sorte que l&#8217;achat de nouvelles piles n&#8217;est plus qu&#8217;un lointain souvenir. La balance \u00e9lectronique peut \u00eatre recharg\u00e9e via un c\u00e2ble USB. Il s&#8217;allume et s&#8217;\u00e9teint gr\u00e2ce au capteur tactile de l&#8217;\u00e9cran et s&#8217;\u00e9teint automatiquement lorsqu&#8217;il n&#8217;est pas utilis\u00e9. La surface de pes\u00e9e en verre de haute qualit\u00e9 est incroyablement facile \u00e0 nettoyer et vous permet de peser m\u00eame la viande et les fruits directement dessus. De plus, la grande surface de pes\u00e9e permet \u00e0 l&#8217;\u00e9cran LCD de rester toujours visible, m\u00eame lorsque vous pesez de grandes quantit\u00e9s d&#8217;aliments. Vous pouvez facilement passer des grammes aux onces, ce qui est particuli\u00e8rement utile pour pr\u00e9parer des recettes internationales. La balance ZWILLING peut mesurer avec pr\u00e9cision jusqu&#8217;\u00e0 10 kg. Gr\u00e2ce \u00e0 la fonction de tare, vous pouvez \u00e9galement utiliser des r\u00e9cipients lourds et de grandes quantit\u00e9s d&#8217;ingr\u00e9dients diff\u00e9rents. Une grande pr\u00e9cision pour les grandes occasions.<\/p>\n<p>Id\u00e9al pour les grandes quantit\u00e9s, pesant jusqu&#8217;\u00e0 22lb\/10kg et pr\u00e9cis \u00e0 0,1oz.\/1g.<br \/>\nD\u00e9velopp\u00e9 par ZWILLING en Allemagne, con\u00e7u \u00e0 Milan par Matteo Thun et Antonio Rodriguez.<br \/>\nLa grande surface de pes\u00e9e vous permet de voir l&#8217;\u00e9cran LCD m\u00eame lorsque vous pesez de grandes quantit\u00e9s et des r\u00e9cipients.<br \/>\nUne fonction tare pratique vous permet de calculer le poids du conteneur<br \/>\nL&#8217;\u00e9cran n&#8217;est pas visible lorsqu&#8217;il est \u00e9teint<br \/>\nDeux types de pesage : les grammes (g) et les onces (oz).<br \/>\nBatterie lithium-ion rechargeable int\u00e9gr\u00e9e avec c\u00e2ble de chargement<\/p>\n","protected":false},"excerpt":{"rendered":"<p>ZWILLING et les balances &#8211; un mariage parfait. La nouvelle balance de cuisine num\u00e9rique allie un design authentique et moderne<\/p>\n","protected":false},"featured_media":130670,"template":"","meta":{"_acf_changed":false,"inline_featured_image":false},"product_cat":[25977,12449],"product_tag":[13726,12820,12948,13718,21821,12824],"acf":[],"yoast_head":"<!-- This site is optimized with the Yoast SEO Premium plugin v18.6 (Yoast SEO v19.13) - https:\/\/yoast.com\/wordpress\/plugins\/seo\/ -->\n<title>ZWILLING Enfinigy Balance Num\u00e9rique Noir<\/title>\n<meta name=\"description\" content=\"D\u00e9couvrez ZWILLING Enfinigy Balance Num\u00e9rique Noir sur ErresseShop. Qualit\u00e9, prix r\u00e9duits et achat s\u00e9curis\u00e9 \u2013 commandez d\u00e8s maintenant en ligne !\" \/>\n<meta name=\"robots\" content=\"index, follow, max-snippet:-1, max-image-preview:large, max-video-preview:-1\" \/>\n<link rel=\"canonical\" href=\"https:\/\/www.erresse-shop.it\/fr\/shop\/petits-electromenagers\/balances\/zwilling-enfinigy-balance-numerique-noir\/\" \/>\n<meta property=\"og:locale\" content=\"fr_FR\" \/>\n<meta property=\"og:type\" content=\"article\" \/>\n<meta property=\"og:title\" content=\"ZWILLING Enfinigy Balance Num\u00e9rique Noir\" \/>\n<meta property=\"og:description\" content=\"D\u00e9couvrez ZWILLING Enfinigy Balance Num\u00e9rique Noir sur ErresseShop. Qualit\u00e9, prix r\u00e9duits et achat s\u00e9curis\u00e9 \u2013 commandez d\u00e8s maintenant en ligne !\" \/>\n<meta property=\"og:url\" content=\"https:\/\/www.erresse-shop.it\/fr\/shop\/petits-electromenagers\/balances\/zwilling-enfinigy-balance-numerique-noir\/\" \/>\n<meta property=\"og:site_name\" content=\"Erresse Shop\" \/>\n<meta property=\"article:modified_time\" content=\"2025-01-13T15:50:01+00:00\" \/>\n<meta property=\"og:image\" content=\"https:\/\/www.erresse-shop.it\/wp-content\/uploads\/2021\/11\/ZWILLING-Enfinigy-Bilancia-Nera.jpg\" \/>\n\t<meta property=\"og:image:width\" content=\"1350\" \/>\n\t<meta property=\"og:image:height\" content=\"1350\" \/>\n\t<meta property=\"og:image:type\" content=\"image\/jpeg\" \/>\n<meta name=\"twitter:card\" content=\"summary_large_image\" \/>\n<script type=\"application\/ld+json\" class=\"yoast-schema-graph\">{\"@context\":\"https:\/\/schema.org\",\"@graph\":[{\"@type\":\"WebPage\",\"@id\":\"https:\/\/www.erresse-shop.it\/fr\/shop\/petits-electromenagers\/balances\/zwilling-enfinigy-balance-numerique-noir\/\",\"url\":\"https:\/\/www.erresse-shop.it\/fr\/shop\/petits-electromenagers\/balances\/zwilling-enfinigy-balance-numerique-noir\/\",\"name\":\"ZWILLING Enfinigy Balance Num\u00e9rique Noir\",\"isPartOf\":{\"@id\":\"https:\/\/www.erresse-shop.it\/fr\/#website\"},\"datePublished\":\"2021-11-22T15:06:19+00:00\",\"dateModified\":\"2025-01-13T15:50:01+00:00\",\"description\":\"D\u00e9couvrez ZWILLING Enfinigy Balance Num\u00e9rique Noir sur ErresseShop. Qualit\u00e9, prix r\u00e9duits et achat s\u00e9curis\u00e9 \u2013 commandez d\u00e8s maintenant en ligne !\",\"breadcrumb\":{\"@id\":\"https:\/\/www.erresse-shop.it\/fr\/shop\/petits-electromenagers\/balances\/zwilling-enfinigy-balance-numerique-noir\/#breadcrumb\"},\"inLanguage\":\"fr-FR\",\"potentialAction\":[{\"@type\":\"ReadAction\",\"target\":[\"https:\/\/www.erresse-shop.it\/fr\/shop\/petits-electromenagers\/balances\/zwilling-enfinigy-balance-numerique-noir\/\"]}]},{\"@type\":\"BreadcrumbList\",\"@id\":\"https:\/\/www.erresse-shop.it\/fr\/shop\/petits-electromenagers\/balances\/zwilling-enfinigy-balance-numerique-noir\/#breadcrumb\",\"itemListElement\":[{\"@type\":\"ListItem\",\"position\":1,\"name\":\"Home\",\"item\":\"https:\/\/www.erresse-shop.it\/fr\/\"},{\"@type\":\"ListItem\",\"position\":2,\"name\":\"Shop\",\"item\":\"https:\/\/www.erresse-shop.it\/fr\/shop\/\"},{\"@type\":\"ListItem\",\"position\":3,\"name\":\"ZWILLING Enfinigy Balance Num\u00e9rique Noir\"}]},{\"@type\":\"WebSite\",\"@id\":\"https:\/\/www.erresse-shop.it\/fr\/#website\",\"url\":\"https:\/\/www.erresse-shop.it\/fr\/\",\"name\":\"Erresse Shop\",\"description\":\"Articoli di qualit\u00e0 per la casa\",\"potentialAction\":[{\"@type\":\"SearchAction\",\"target\":{\"@type\":\"EntryPoint\",\"urlTemplate\":\"https:\/\/www.erresse-shop.it\/fr\/?s={search_term_string}\"},\"query-input\":\"required name=search_term_string\"}],\"inLanguage\":\"fr-FR\"}]}<\/script>\n<!-- \/ Yoast SEO Premium plugin. -->","yoast_head_json":{"title":"ZWILLING Enfinigy Balance Num\u00e9rique Noir","description":"D\u00e9couvrez ZWILLING Enfinigy Balance Num\u00e9rique Noir sur ErresseShop. Qualit\u00e9, prix r\u00e9duits et achat s\u00e9curis\u00e9 \u2013 commandez d\u00e8s maintenant en ligne !","robots":{"index":"index","follow":"follow","max-snippet":"max-snippet:-1","max-image-preview":"max-image-preview:large","max-video-preview":"max-video-preview:-1"},"canonical":"https:\/\/www.erresse-shop.it\/fr\/shop\/petits-electromenagers\/balances\/zwilling-enfinigy-balance-numerique-noir\/","og_locale":"fr_FR","og_type":"article","og_title":"ZWILLING Enfinigy Balance Num\u00e9rique Noir","og_description":"D\u00e9couvrez ZWILLING Enfinigy Balance Num\u00e9rique Noir sur ErresseShop. Qualit\u00e9, prix r\u00e9duits et achat s\u00e9curis\u00e9 \u2013 commandez d\u00e8s maintenant en ligne !","og_url":"https:\/\/www.erresse-shop.it\/fr\/shop\/petits-electromenagers\/balances\/zwilling-enfinigy-balance-numerique-noir\/","og_site_name":"Erresse Shop","article_modified_time":"2025-01-13T15:50:01+00:00","og_image":[{"width":1350,"height":1350,"url":"https:\/\/www.erresse-shop.it\/wp-content\/uploads\/2021\/11\/ZWILLING-Enfinigy-Bilancia-Nera.jpg","type":"image\/jpeg"}],"twitter_card":"summary_large_image","schema":{"@context":"https:\/\/schema.org","@graph":[{"@type":"WebPage","@id":"https:\/\/www.erresse-shop.it\/fr\/shop\/petits-electromenagers\/balances\/zwilling-enfinigy-balance-numerique-noir\/","url":"https:\/\/www.erresse-shop.it\/fr\/shop\/petits-electromenagers\/balances\/zwilling-enfinigy-balance-numerique-noir\/","name":"ZWILLING Enfinigy Balance Num\u00e9rique Noir","isPartOf":{"@id":"https:\/\/www.erresse-shop.it\/fr\/#website"},"datePublished":"2021-11-22T15:06:19+00:00","dateModified":"2025-01-13T15:50:01+00:00","description":"D\u00e9couvrez ZWILLING Enfinigy Balance Num\u00e9rique Noir sur ErresseShop. Qualit\u00e9, prix r\u00e9duits et achat s\u00e9curis\u00e9 \u2013 commandez d\u00e8s maintenant en ligne !","breadcrumb":{"@id":"https:\/\/www.erresse-shop.it\/fr\/shop\/petits-electromenagers\/balances\/zwilling-enfinigy-balance-numerique-noir\/#breadcrumb"},"inLanguage":"fr-FR","potentialAction":[{"@type":"ReadAction","target":["https:\/\/www.erresse-shop.it\/fr\/shop\/petits-electromenagers\/balances\/zwilling-enfinigy-balance-numerique-noir\/"]}]},{"@type":"BreadcrumbList","@id":"https:\/\/www.erresse-shop.it\/fr\/shop\/petits-electromenagers\/balances\/zwilling-enfinigy-balance-numerique-noir\/#breadcrumb","itemListElement":[{"@type":"ListItem","position":1,"name":"Home","item":"https:\/\/www.erresse-shop.it\/fr\/"},{"@type":"ListItem","position":2,"name":"Shop","item":"https:\/\/www.erresse-shop.it\/fr\/shop\/"},{"@type":"ListItem","position":3,"name":"ZWILLING Enfinigy Balance Num\u00e9rique Noir"}]},{"@type":"WebSite","@id":"https:\/\/www.erresse-shop.it\/fr\/#website","url":"https:\/\/www.erresse-shop.it\/fr\/","name":"Erresse Shop","description":"Articoli di qualit\u00e0 per la casa","potentialAction":[{"@type":"SearchAction","target":{"@type":"EntryPoint","urlTemplate":"https:\/\/www.erresse-shop.it\/fr\/?s={search_term_string}"},"query-input":"required name=search_term_string"}],"inLanguage":"fr-FR"}]}},"df_price":19.975,"df_sale_price":19.975,"df_regular_price":39.95,"df_image_link":"https:\/\/www.erresse-shop.it\/wp-content\/uploads\/2021\/11\/ZWILLING-Enfinigy-Bilancia-Nera-300x300.jpg","_links":{"self":[{"href":"https:\/\/www.erresse-shop.it\/fr\/wp-json\/wp\/v2\/product\/130653"}],"collection":[{"href":"https:\/\/www.erresse-shop.it\/fr\/wp-json\/wp\/v2\/product"}],"about":[{"href":"https:\/\/www.erresse-shop.it\/fr\/wp-json\/wp\/v2\/types\/product"}],"wp:featuredmedia":[{"embeddable":true,"href":"https:\/\/www.erresse-shop.it\/fr\/wp-json\/wp\/v2\/media\/130670"}],"wp:attachment":[{"href":"https:\/\/www.erresse-shop.it\/fr\/wp-json\/wp\/v2\/media?parent=130653"}],"wp:term":[{"taxonomy":"product_cat","embeddable":true,"href":"https:\/\/www.erresse-shop.it\/fr\/wp-json\/wp\/v2\/product_cat?post=130653"},{"taxonomy":"product_tag","embeddable":true,"href":"https:\/\/www.erresse-shop.it\/fr\/wp-json\/wp\/v2\/product_tag?post=130653"}],"curies":[{"name":"wp","href":"https:\/\/api.w.org\/{rel}","templated":true}]}}