{"id":129858,"date":"2021-11-17T10:25:39","date_gmt":"2021-11-17T10:25:42","guid":{"rendered":"https:\/\/www.erresse-shop.it\/?post_type=product&#038;p=129858"},"modified":"2025-04-27T14:35:09","modified_gmt":"2025-04-27T14:35:09","slug":"les-jardins-de-la-comtesse-panier-pique-nique-2-personnes-concorde","status":"publish","type":"product","link":"https:\/\/www.erresse-shop.it\/fr\/shop\/table-fr-2\/paniers-pique-nique\/les-jardins-de-la-comtesse-panier-pique-nique-2-personnes-concorde\/","title":{"rendered":"LES JARDINS DE LA COMTESSE Panier Pique-nique 2 Personnes Concorde"},"content":{"rendered":"<p style=\"text-align: justify;\">Le panier de pique-nique <strong>&#8220;Concorde&#8221;<\/strong> est fabriqu\u00e9 en osier naturel de couleur miel. Ce panier de pique-nique pour 2 personnes a un beau tissu gris \u00e0 carreaux blancs.<br \/>\nIl a tout ce dont vous avez besoin pour un pique-nique dans les bois ou sur la plage : couverts, verres, tasses en m\u00e9tal.<br \/>\nCe panier est con\u00e7u pour partager un moment privil\u00e9gi\u00e9 \u00e0 deux entre amoureux ou amis.<\/p>\n<p style=\"text-align: justify;\">La base du panier de pique-nique forme un compartiment isotherme pour garder les aliments et les boissons au frais ou au chaud.<br \/>\nIl est facile \u00e0 transporter gr\u00e2ce \u00e0 la poign\u00e9e centrale ou \u00e0 la bandouli\u00e8re r\u00e9glable pour le porter facilement en bandouli\u00e8re.<\/p>\n<ul>\n<li>Un compartiment isol\u00e9<\/li>\n<li>2 assiettes en c\u00e9ramique monogramme (diam\u00e8tre 20 cm)<\/li>\n<li>2 jeux complets de couverts en m\u00e9tal design<\/li>\n<li>2 verres en verre (14 cl)<\/li>\n<li>2 tasses en m\u00e9tal pour l&#8217;eau et le caf\u00e9<\/li>\n<li>1 tire-bouchon \/ d\u00e9capsuleur<\/li>\n<li>1 sali\u00e8re<\/li>\n<li>1 poivri\u00e8re<\/li>\n<li>2 fermetures de bouteilles<\/li>\n<li>1 sac \u00e9tanche pour ranger la vaisselle sale apr\u00e8s le pique-nique<\/li>\n<\/ul>\n<p>Dimensions : 42 x 30 x 23 cm<br \/>\nPoids : 3 100 g<\/p>\n","protected":false},"excerpt":{"rendered":"<p>Le panier de pique-nique &#8220;Concorde&#8221; est fabriqu\u00e9 en osier naturel de couleur miel. Ce panier de pique-nique pour 2 personnes<\/p>\n","protected":false},"featured_media":129881,"template":"","meta":{"_acf_changed":false,"inline_featured_image":false},"product_cat":[15510,12782],"product_tag":[13384,13485,15502,24603],"acf":[],"yoast_head":"<!-- This site is optimized with the Yoast SEO Premium plugin v18.6 (Yoast SEO v19.13) - https:\/\/yoast.com\/wordpress\/plugins\/seo\/ -->\n<title>LES JARDINS DE LA COMTESSE Panier Pique-nique 2 Personnes Concorde<\/title>\n<meta name=\"description\" content=\"D\u00e9couvrez LES JARDINS DE LA COMTESSE Panier Pique-nique 2 Personnes Concorde sur ErresseShop. Qualit\u00e9, prix r\u00e9duits et achat s\u00e9curis\u00e9 \u2013 commandez d\u00e8s maintenant en ligne !\" \/>\n<meta name=\"robots\" content=\"index, follow, max-snippet:-1, max-image-preview:large, max-video-preview:-1\" \/>\n<link rel=\"canonical\" href=\"https:\/\/www.erresse-shop.it\/fr\/shop\/table-fr-2\/paniers-pique-nique\/les-jardins-de-la-comtesse-panier-pique-nique-2-personnes-concorde\/\" \/>\n<meta property=\"og:locale\" content=\"fr_FR\" \/>\n<meta property=\"og:type\" content=\"article\" \/>\n<meta property=\"og:title\" content=\"LES JARDINS DE LA COMTESSE Panier Pique-nique 2 Personnes Concorde\" \/>\n<meta property=\"og:description\" content=\"D\u00e9couvrez LES JARDINS DE LA COMTESSE Panier Pique-nique 2 Personnes Concorde sur ErresseShop. Qualit\u00e9, prix r\u00e9duits et achat s\u00e9curis\u00e9 \u2013 commandez d\u00e8s maintenant en ligne !\" \/>\n<meta property=\"og:url\" content=\"https:\/\/www.erresse-shop.it\/fr\/shop\/table-fr-2\/paniers-pique-nique\/les-jardins-de-la-comtesse-panier-pique-nique-2-personnes-concorde\/\" \/>\n<meta property=\"og:site_name\" content=\"Erresse Shop\" \/>\n<meta property=\"article:modified_time\" content=\"2025-04-27T14:35:09+00:00\" \/>\n<meta property=\"og:image\" content=\"https:\/\/www.erresse-shop.it\/wp-content\/uploads\/2021\/11\/LES-JARDINS-DE-LA-COMTESSE-Cestino-Picnic-Concorde-2p.jpg\" \/>\n\t<meta property=\"og:image:width\" content=\"726\" \/>\n\t<meta property=\"og:image:height\" content=\"722\" \/>\n\t<meta property=\"og:image:type\" content=\"image\/jpeg\" \/>\n<meta name=\"twitter:card\" content=\"summary_large_image\" \/>\n<script type=\"application\/ld+json\" class=\"yoast-schema-graph\">{\"@context\":\"https:\/\/schema.org\",\"@graph\":[{\"@type\":\"WebPage\",\"@id\":\"https:\/\/www.erresse-shop.it\/fr\/shop\/table-fr-2\/paniers-pique-nique\/les-jardins-de-la-comtesse-panier-pique-nique-2-personnes-concorde\/\",\"url\":\"https:\/\/www.erresse-shop.it\/fr\/shop\/table-fr-2\/paniers-pique-nique\/les-jardins-de-la-comtesse-panier-pique-nique-2-personnes-concorde\/\",\"name\":\"LES JARDINS DE LA COMTESSE Panier Pique-nique 2 Personnes Concorde\",\"isPartOf\":{\"@id\":\"https:\/\/www.erresse-shop.it\/fr\/#website\"},\"datePublished\":\"2021-11-17T10:25:42+00:00\",\"dateModified\":\"2025-04-27T14:35:09+00:00\",\"description\":\"D\u00e9couvrez LES JARDINS DE LA COMTESSE Panier Pique-nique 2 Personnes Concorde sur ErresseShop. Qualit\u00e9, prix r\u00e9duits et achat s\u00e9curis\u00e9 \u2013 commandez d\u00e8s maintenant en ligne !\",\"breadcrumb\":{\"@id\":\"https:\/\/www.erresse-shop.it\/fr\/shop\/table-fr-2\/paniers-pique-nique\/les-jardins-de-la-comtesse-panier-pique-nique-2-personnes-concorde\/#breadcrumb\"},\"inLanguage\":\"fr-FR\",\"potentialAction\":[{\"@type\":\"ReadAction\",\"target\":[\"https:\/\/www.erresse-shop.it\/fr\/shop\/table-fr-2\/paniers-pique-nique\/les-jardins-de-la-comtesse-panier-pique-nique-2-personnes-concorde\/\"]}]},{\"@type\":\"BreadcrumbList\",\"@id\":\"https:\/\/www.erresse-shop.it\/fr\/shop\/table-fr-2\/paniers-pique-nique\/les-jardins-de-la-comtesse-panier-pique-nique-2-personnes-concorde\/#breadcrumb\",\"itemListElement\":[{\"@type\":\"ListItem\",\"position\":1,\"name\":\"Home\",\"item\":\"https:\/\/www.erresse-shop.it\/fr\/\"},{\"@type\":\"ListItem\",\"position\":2,\"name\":\"Shop\",\"item\":\"https:\/\/www.erresse-shop.it\/fr\/shop\/\"},{\"@type\":\"ListItem\",\"position\":3,\"name\":\"LES JARDINS DE LA COMTESSE Panier Pique-nique 2 Personnes Concorde\"}]},{\"@type\":\"WebSite\",\"@id\":\"https:\/\/www.erresse-shop.it\/fr\/#website\",\"url\":\"https:\/\/www.erresse-shop.it\/fr\/\",\"name\":\"Erresse Shop\",\"description\":\"Articoli di qualit\u00e0 per la casa\",\"potentialAction\":[{\"@type\":\"SearchAction\",\"target\":{\"@type\":\"EntryPoint\",\"urlTemplate\":\"https:\/\/www.erresse-shop.it\/fr\/?s={search_term_string}\"},\"query-input\":\"required name=search_term_string\"}],\"inLanguage\":\"fr-FR\"}]}<\/script>\n<!-- \/ Yoast SEO Premium plugin. -->","yoast_head_json":{"title":"LES JARDINS DE LA COMTESSE Panier Pique-nique 2 Personnes Concorde","description":"D\u00e9couvrez LES JARDINS DE LA COMTESSE Panier Pique-nique 2 Personnes Concorde sur ErresseShop. Qualit\u00e9, prix r\u00e9duits et achat s\u00e9curis\u00e9 \u2013 commandez d\u00e8s maintenant en ligne !","robots":{"index":"index","follow":"follow","max-snippet":"max-snippet:-1","max-image-preview":"max-image-preview:large","max-video-preview":"max-video-preview:-1"},"canonical":"https:\/\/www.erresse-shop.it\/fr\/shop\/table-fr-2\/paniers-pique-nique\/les-jardins-de-la-comtesse-panier-pique-nique-2-personnes-concorde\/","og_locale":"fr_FR","og_type":"article","og_title":"LES JARDINS DE LA COMTESSE Panier Pique-nique 2 Personnes Concorde","og_description":"D\u00e9couvrez LES JARDINS DE LA COMTESSE Panier Pique-nique 2 Personnes Concorde sur ErresseShop. Qualit\u00e9, prix r\u00e9duits et achat s\u00e9curis\u00e9 \u2013 commandez d\u00e8s maintenant en ligne !","og_url":"https:\/\/www.erresse-shop.it\/fr\/shop\/table-fr-2\/paniers-pique-nique\/les-jardins-de-la-comtesse-panier-pique-nique-2-personnes-concorde\/","og_site_name":"Erresse Shop","article_modified_time":"2025-04-27T14:35:09+00:00","og_image":[{"width":726,"height":722,"url":"https:\/\/www.erresse-shop.it\/wp-content\/uploads\/2021\/11\/LES-JARDINS-DE-LA-COMTESSE-Cestino-Picnic-Concorde-2p.jpg","type":"image\/jpeg"}],"twitter_card":"summary_large_image","schema":{"@context":"https:\/\/schema.org","@graph":[{"@type":"WebPage","@id":"https:\/\/www.erresse-shop.it\/fr\/shop\/table-fr-2\/paniers-pique-nique\/les-jardins-de-la-comtesse-panier-pique-nique-2-personnes-concorde\/","url":"https:\/\/www.erresse-shop.it\/fr\/shop\/table-fr-2\/paniers-pique-nique\/les-jardins-de-la-comtesse-panier-pique-nique-2-personnes-concorde\/","name":"LES JARDINS DE LA COMTESSE Panier Pique-nique 2 Personnes Concorde","isPartOf":{"@id":"https:\/\/www.erresse-shop.it\/fr\/#website"},"datePublished":"2021-11-17T10:25:42+00:00","dateModified":"2025-04-27T14:35:09+00:00","description":"D\u00e9couvrez LES JARDINS DE LA COMTESSE Panier Pique-nique 2 Personnes Concorde sur ErresseShop. Qualit\u00e9, prix r\u00e9duits et achat s\u00e9curis\u00e9 \u2013 commandez d\u00e8s maintenant en ligne !","breadcrumb":{"@id":"https:\/\/www.erresse-shop.it\/fr\/shop\/table-fr-2\/paniers-pique-nique\/les-jardins-de-la-comtesse-panier-pique-nique-2-personnes-concorde\/#breadcrumb"},"inLanguage":"fr-FR","potentialAction":[{"@type":"ReadAction","target":["https:\/\/www.erresse-shop.it\/fr\/shop\/table-fr-2\/paniers-pique-nique\/les-jardins-de-la-comtesse-panier-pique-nique-2-personnes-concorde\/"]}]},{"@type":"BreadcrumbList","@id":"https:\/\/www.erresse-shop.it\/fr\/shop\/table-fr-2\/paniers-pique-nique\/les-jardins-de-la-comtesse-panier-pique-nique-2-personnes-concorde\/#breadcrumb","itemListElement":[{"@type":"ListItem","position":1,"name":"Home","item":"https:\/\/www.erresse-shop.it\/fr\/"},{"@type":"ListItem","position":2,"name":"Shop","item":"https:\/\/www.erresse-shop.it\/fr\/shop\/"},{"@type":"ListItem","position":3,"name":"LES JARDINS DE LA COMTESSE Panier Pique-nique 2 Personnes Concorde"}]},{"@type":"WebSite","@id":"https:\/\/www.erresse-shop.it\/fr\/#website","url":"https:\/\/www.erresse-shop.it\/fr\/","name":"Erresse Shop","description":"Articoli di qualit\u00e0 per la casa","potentialAction":[{"@type":"SearchAction","target":{"@type":"EntryPoint","urlTemplate":"https:\/\/www.erresse-shop.it\/fr\/?s={search_term_string}"},"query-input":"required name=search_term_string"}],"inLanguage":"fr-FR"}]}},"df_price":103.95,"df_sale_price":103.95,"df_regular_price":129,"df_image_link":"https:\/\/www.erresse-shop.it\/wp-content\/uploads\/2021\/11\/LES-JARDINS-DE-LA-COMTESSE-Cestino-Picnic-Concorde-2p-300x298.jpg","_links":{"self":[{"href":"https:\/\/www.erresse-shop.it\/fr\/wp-json\/wp\/v2\/product\/129858"}],"collection":[{"href":"https:\/\/www.erresse-shop.it\/fr\/wp-json\/wp\/v2\/product"}],"about":[{"href":"https:\/\/www.erresse-shop.it\/fr\/wp-json\/wp\/v2\/types\/product"}],"wp:featuredmedia":[{"embeddable":true,"href":"https:\/\/www.erresse-shop.it\/fr\/wp-json\/wp\/v2\/media\/129881"}],"wp:attachment":[{"href":"https:\/\/www.erresse-shop.it\/fr\/wp-json\/wp\/v2\/media?parent=129858"}],"wp:term":[{"taxonomy":"product_cat","embeddable":true,"href":"https:\/\/www.erresse-shop.it\/fr\/wp-json\/wp\/v2\/product_cat?post=129858"},{"taxonomy":"product_tag","embeddable":true,"href":"https:\/\/www.erresse-shop.it\/fr\/wp-json\/wp\/v2\/product_tag?post=129858"}],"curies":[{"name":"wp","href":"https:\/\/api.w.org\/{rel}","templated":true}]}}