{"id":129598,"date":"2021-11-16T11:44:44","date_gmt":"2021-11-16T11:44:47","guid":{"rendered":"https:\/\/www.erresse-shop.it\/?post_type=product&#038;p=129598"},"modified":"2025-01-13T15:49:05","modified_gmt":"2025-01-13T15:49:05","slug":"lagostina-autocuiseur-la-classica-5-l-22-cm","status":"publish","type":"product","link":"https:\/\/www.erresse-shop.it\/fr\/shop\/poeles-pots\/casseroles\/lagostina-autocuiseur-la-classica-5-l-22-cm\/","title":{"rendered":"LAGOSTINA Autocuiseur La Classica 5 L 22 cm"},"content":{"rendered":"<p>Depuis les ann\u00e9es 1960, Lagostina est synonyme d&#8217;autocuiseurs pour les Italiens qui aiment les valeurs de la famille, du partage et de la convivialit\u00e9. <strong>La Classica Lagofusion\u00ae<\/strong> revient dans nos cuisines avec le design original de l&#8217;autocuiseur, associ\u00e9 aux technologies les plus modernes en mati\u00e8re d&#8217;acier inoxydable et de s\u00e9curit\u00e9 : le fond Lagofusion\u00ae, en effet, garantit une diffusion de la chaleur 50% plus importante, pour une cuisson encore plus homog\u00e8ne des aliments. \u00c9quip\u00e9e d&#8217;un panier et d&#8217;un \u00e9codose, La Classica Lagofusion\u00ae apporte un go\u00fbt d&#8217;authenticit\u00e9 sur les tables des nouvelles g\u00e9n\u00e9rations d&#8217;Italiens, qui associeront le savoir-faire du pass\u00e9 au d\u00e9sir d&#8217;exp\u00e9rimenter avec passion, plaisir et facilit\u00e9 d&#8217;utilisation.<\/p>\n<p><strong>Soupape de fonctionnement<\/strong><br \/>\nIl commence \u00e0 fonctionner, lib\u00e9rant progressivement la vapeur une fois que la pression interne atteint la temp\u00e9rature de cuisson pr\u00e9d\u00e9finie.<\/p>\n<p><strong>Le Leverblock\u00ae<\/strong><br \/>\nEmp\u00eache toute ouverture accidentelle jusqu&#8217;\u00e0 ce que toute la vapeur ait \u00e9t\u00e9 \u00e9vacu\u00e9e de la cuisini\u00e8re.<\/p>\n<p><strong>Soupape de s\u00e9curit\u00e9<\/strong><br \/>\nLa soupape de s\u00e9curit\u00e9 fonctionne, permettant \u00e0 l&#8217;exc\u00e8s de vapeur de s&#8217;\u00e9chapper.<\/p>\n","protected":false},"excerpt":{"rendered":"<p>Depuis les ann\u00e9es 1960, Lagostina est synonyme d&#8217;autocuiseurs pour les Italiens qui aiment les valeurs de la famille, du partage<\/p>\n","protected":false},"featured_media":129658,"template":"","meta":{"_acf_changed":false,"inline_featured_image":false},"product_cat":[12458,14777],"product_tag":[19356,25021,24403],"acf":[],"yoast_head":"<!-- This site is optimized with the Yoast SEO Premium plugin v18.6 (Yoast SEO v19.13) - https:\/\/yoast.com\/wordpress\/plugins\/seo\/ -->\n<title>LAGOSTINA Autocuiseur La Classica 5 L 22 cm<\/title>\n<meta name=\"description\" content=\"D\u00e9couvrez LAGOSTINA Autocuiseur La Classica 5 L 22 cm sur ErresseShop. Qualit\u00e9, prix r\u00e9duits et achat s\u00e9curis\u00e9 \u2013 commandez d\u00e8s maintenant en ligne !\" \/>\n<meta name=\"robots\" content=\"index, follow, max-snippet:-1, max-image-preview:large, max-video-preview:-1\" \/>\n<link rel=\"canonical\" href=\"https:\/\/www.erresse-shop.it\/fr\/shop\/poeles-pots\/casseroles\/lagostina-autocuiseur-la-classica-5-l-22-cm\/\" \/>\n<meta property=\"og:locale\" content=\"fr_FR\" \/>\n<meta property=\"og:type\" content=\"article\" \/>\n<meta property=\"og:title\" content=\"LAGOSTINA Autocuiseur La Classica 5 L 22 cm\" \/>\n<meta property=\"og:description\" content=\"D\u00e9couvrez LAGOSTINA Autocuiseur La Classica 5 L 22 cm sur ErresseShop. Qualit\u00e9, prix r\u00e9duits et achat s\u00e9curis\u00e9 \u2013 commandez d\u00e8s maintenant en ligne !\" \/>\n<meta property=\"og:url\" content=\"https:\/\/www.erresse-shop.it\/fr\/shop\/poeles-pots\/casseroles\/lagostina-autocuiseur-la-classica-5-l-22-cm\/\" \/>\n<meta property=\"og:site_name\" content=\"Erresse Shop\" \/>\n<meta property=\"article:modified_time\" content=\"2025-01-13T15:49:05+00:00\" \/>\n<meta property=\"og:image\" content=\"https:\/\/www.erresse-shop.it\/wp-content\/uploads\/2021\/11\/Lagostina-Pentola-Pressione-La-Classica-5-L-22-cm.jpg\" \/>\n\t<meta property=\"og:image:width\" content=\"555\" \/>\n\t<meta property=\"og:image:height\" content=\"555\" \/>\n\t<meta property=\"og:image:type\" content=\"image\/jpeg\" \/>\n<meta name=\"twitter:card\" content=\"summary_large_image\" \/>\n<script type=\"application\/ld+json\" class=\"yoast-schema-graph\">{\"@context\":\"https:\/\/schema.org\",\"@graph\":[{\"@type\":\"WebPage\",\"@id\":\"https:\/\/www.erresse-shop.it\/fr\/shop\/poeles-pots\/casseroles\/lagostina-autocuiseur-la-classica-5-l-22-cm\/\",\"url\":\"https:\/\/www.erresse-shop.it\/fr\/shop\/poeles-pots\/casseroles\/lagostina-autocuiseur-la-classica-5-l-22-cm\/\",\"name\":\"LAGOSTINA Autocuiseur La Classica 5 L 22 cm\",\"isPartOf\":{\"@id\":\"https:\/\/www.erresse-shop.it\/fr\/#website\"},\"datePublished\":\"2021-11-16T11:44:47+00:00\",\"dateModified\":\"2025-01-13T15:49:05+00:00\",\"description\":\"D\u00e9couvrez LAGOSTINA Autocuiseur La Classica 5 L 22 cm sur ErresseShop. Qualit\u00e9, prix r\u00e9duits et achat s\u00e9curis\u00e9 \u2013 commandez d\u00e8s maintenant en ligne !\",\"breadcrumb\":{\"@id\":\"https:\/\/www.erresse-shop.it\/fr\/shop\/poeles-pots\/casseroles\/lagostina-autocuiseur-la-classica-5-l-22-cm\/#breadcrumb\"},\"inLanguage\":\"fr-FR\",\"potentialAction\":[{\"@type\":\"ReadAction\",\"target\":[\"https:\/\/www.erresse-shop.it\/fr\/shop\/poeles-pots\/casseroles\/lagostina-autocuiseur-la-classica-5-l-22-cm\/\"]}]},{\"@type\":\"BreadcrumbList\",\"@id\":\"https:\/\/www.erresse-shop.it\/fr\/shop\/poeles-pots\/casseroles\/lagostina-autocuiseur-la-classica-5-l-22-cm\/#breadcrumb\",\"itemListElement\":[{\"@type\":\"ListItem\",\"position\":1,\"name\":\"Home\",\"item\":\"https:\/\/www.erresse-shop.it\/fr\/\"},{\"@type\":\"ListItem\",\"position\":2,\"name\":\"Shop\",\"item\":\"https:\/\/www.erresse-shop.it\/fr\/shop\/\"},{\"@type\":\"ListItem\",\"position\":3,\"name\":\"LAGOSTINA Autocuiseur La Classica 5 L 22 cm\"}]},{\"@type\":\"WebSite\",\"@id\":\"https:\/\/www.erresse-shop.it\/fr\/#website\",\"url\":\"https:\/\/www.erresse-shop.it\/fr\/\",\"name\":\"Erresse Shop\",\"description\":\"Articoli di qualit\u00e0 per la casa\",\"potentialAction\":[{\"@type\":\"SearchAction\",\"target\":{\"@type\":\"EntryPoint\",\"urlTemplate\":\"https:\/\/www.erresse-shop.it\/fr\/?s={search_term_string}\"},\"query-input\":\"required name=search_term_string\"}],\"inLanguage\":\"fr-FR\"}]}<\/script>\n<!-- \/ Yoast SEO Premium plugin. -->","yoast_head_json":{"title":"LAGOSTINA Autocuiseur La Classica 5 L 22 cm","description":"D\u00e9couvrez LAGOSTINA Autocuiseur La Classica 5 L 22 cm sur ErresseShop. Qualit\u00e9, prix r\u00e9duits et achat s\u00e9curis\u00e9 \u2013 commandez d\u00e8s maintenant en ligne !","robots":{"index":"index","follow":"follow","max-snippet":"max-snippet:-1","max-image-preview":"max-image-preview:large","max-video-preview":"max-video-preview:-1"},"canonical":"https:\/\/www.erresse-shop.it\/fr\/shop\/poeles-pots\/casseroles\/lagostina-autocuiseur-la-classica-5-l-22-cm\/","og_locale":"fr_FR","og_type":"article","og_title":"LAGOSTINA Autocuiseur La Classica 5 L 22 cm","og_description":"D\u00e9couvrez LAGOSTINA Autocuiseur La Classica 5 L 22 cm sur ErresseShop. Qualit\u00e9, prix r\u00e9duits et achat s\u00e9curis\u00e9 \u2013 commandez d\u00e8s maintenant en ligne !","og_url":"https:\/\/www.erresse-shop.it\/fr\/shop\/poeles-pots\/casseroles\/lagostina-autocuiseur-la-classica-5-l-22-cm\/","og_site_name":"Erresse Shop","article_modified_time":"2025-01-13T15:49:05+00:00","og_image":[{"width":555,"height":555,"url":"https:\/\/www.erresse-shop.it\/wp-content\/uploads\/2021\/11\/Lagostina-Pentola-Pressione-La-Classica-5-L-22-cm.jpg","type":"image\/jpeg"}],"twitter_card":"summary_large_image","schema":{"@context":"https:\/\/schema.org","@graph":[{"@type":"WebPage","@id":"https:\/\/www.erresse-shop.it\/fr\/shop\/poeles-pots\/casseroles\/lagostina-autocuiseur-la-classica-5-l-22-cm\/","url":"https:\/\/www.erresse-shop.it\/fr\/shop\/poeles-pots\/casseroles\/lagostina-autocuiseur-la-classica-5-l-22-cm\/","name":"LAGOSTINA Autocuiseur La Classica 5 L 22 cm","isPartOf":{"@id":"https:\/\/www.erresse-shop.it\/fr\/#website"},"datePublished":"2021-11-16T11:44:47+00:00","dateModified":"2025-01-13T15:49:05+00:00","description":"D\u00e9couvrez LAGOSTINA Autocuiseur La Classica 5 L 22 cm sur ErresseShop. Qualit\u00e9, prix r\u00e9duits et achat s\u00e9curis\u00e9 \u2013 commandez d\u00e8s maintenant en ligne !","breadcrumb":{"@id":"https:\/\/www.erresse-shop.it\/fr\/shop\/poeles-pots\/casseroles\/lagostina-autocuiseur-la-classica-5-l-22-cm\/#breadcrumb"},"inLanguage":"fr-FR","potentialAction":[{"@type":"ReadAction","target":["https:\/\/www.erresse-shop.it\/fr\/shop\/poeles-pots\/casseroles\/lagostina-autocuiseur-la-classica-5-l-22-cm\/"]}]},{"@type":"BreadcrumbList","@id":"https:\/\/www.erresse-shop.it\/fr\/shop\/poeles-pots\/casseroles\/lagostina-autocuiseur-la-classica-5-l-22-cm\/#breadcrumb","itemListElement":[{"@type":"ListItem","position":1,"name":"Home","item":"https:\/\/www.erresse-shop.it\/fr\/"},{"@type":"ListItem","position":2,"name":"Shop","item":"https:\/\/www.erresse-shop.it\/fr\/shop\/"},{"@type":"ListItem","position":3,"name":"LAGOSTINA Autocuiseur La Classica 5 L 22 cm"}]},{"@type":"WebSite","@id":"https:\/\/www.erresse-shop.it\/fr\/#website","url":"https:\/\/www.erresse-shop.it\/fr\/","name":"Erresse Shop","description":"Articoli di qualit\u00e0 per la casa","potentialAction":[{"@type":"SearchAction","target":{"@type":"EntryPoint","urlTemplate":"https:\/\/www.erresse-shop.it\/fr\/?s={search_term_string}"},"query-input":"required name=search_term_string"}],"inLanguage":"fr-FR"}]}},"df_price":78.6,"df_sale_price":78.6,"df_regular_price":157.2,"df_image_link":"https:\/\/www.erresse-shop.it\/wp-content\/uploads\/2021\/11\/Lagostina-Pentola-Pressione-La-Classica-5-L-22-cm-300x300.jpg","_links":{"self":[{"href":"https:\/\/www.erresse-shop.it\/fr\/wp-json\/wp\/v2\/product\/129598"}],"collection":[{"href":"https:\/\/www.erresse-shop.it\/fr\/wp-json\/wp\/v2\/product"}],"about":[{"href":"https:\/\/www.erresse-shop.it\/fr\/wp-json\/wp\/v2\/types\/product"}],"wp:featuredmedia":[{"embeddable":true,"href":"https:\/\/www.erresse-shop.it\/fr\/wp-json\/wp\/v2\/media\/129658"}],"wp:attachment":[{"href":"https:\/\/www.erresse-shop.it\/fr\/wp-json\/wp\/v2\/media?parent=129598"}],"wp:term":[{"taxonomy":"product_cat","embeddable":true,"href":"https:\/\/www.erresse-shop.it\/fr\/wp-json\/wp\/v2\/product_cat?post=129598"},{"taxonomy":"product_tag","embeddable":true,"href":"https:\/\/www.erresse-shop.it\/fr\/wp-json\/wp\/v2\/product_tag?post=129598"}],"curies":[{"name":"wp","href":"https:\/\/api.w.org\/{rel}","templated":true}]}}