{"id":129405,"date":"2021-11-16T10:35:30","date_gmt":"2021-11-16T10:35:36","guid":{"rendered":"https:\/\/www.erresse-shop.it\/?post_type=product&#038;p=129405"},"modified":"2025-01-13T15:49:00","modified_gmt":"2025-01-13T15:49:00","slug":"lagostina-set-smart-9-pieces","status":"publish","type":"product","link":"https:\/\/www.erresse-shop.it\/fr\/shop\/poeles-pots\/batteries-de-cuisine\/lagostina-set-smart-9-pieces\/","title":{"rendered":"LAGOSTINA Set Smart 9 Pi\u00e8ces"},"content":{"rendered":"<p>Le nouveau set <strong>Smart<\/strong> est un set de 9 pi\u00e8ces en acier inoxydable 18\/10 qui permet une excellente cuisson gr\u00e2ce au fond LAGOSEAL\u00ae PLUS \u00e0 triple encapsulation, \u00e9galement adapt\u00e9 \u00e0 l&#8217;induction, qui assure une r\u00e9partition uniforme de la chaleur pour maximiser les performances en cuisine. Les couvercles sont en verre pour un meilleur contr\u00f4le de la cuisson. La structure des casseroles comprend un bord avec un bec verseur qui, avec la perforation du couvercle, permet de drainer les liquides de mani\u00e8re tr\u00e8s pratique. Les poign\u00e9es sont larges, confortables et s\u00fbres.<\/p>\n<p><strong>Base Lagoseal\u00aePlus<\/strong><br \/>\nLe fond encapsul\u00e9 LAGOSEAL\u00ae PLUS \u00e0 trois couches (acier-aluminium-acier) s&#8217;adapte \u00e0 toutes les surfaces de cuisson et favorise une parfaite diffusion de la chaleur, minimisant ainsi le risque de collage des aliments.<\/p>\n<p><strong>Couvercle en verre<\/strong><br \/>\nCouvercle en verre avec double perforation pour une vidange pratique.<\/p>\n<p><strong>Bordure<\/strong><br \/>\nLa construction de l&#8217;ustensile de cuisson comprend un bord avec un bec verseur, qui, avec la perforation du couvercle, vous permet de drainer les liquides de mani\u00e8re tr\u00e8s pratique.<\/p>\n<p>L&#8217;ensemble comprend :<\/p>\n<ul>\n<li>Casserole profonde avec manche long et couvercle 14 cm.<\/li>\n<li>Cocotte profonde avec couvercle cm. 18<\/li>\n<li>Cocotte profonde avec couvercle cm. 22<\/li>\n<li>Casserole basse avec couvercle cm. 24<\/li>\n<li>Casserole cm. 22<\/li>\n<\/ul>\n","protected":false},"excerpt":{"rendered":"<p>Le nouveau set Smart est un set de 9 pi\u00e8ces en acier inoxydable 18\/10 qui permet une excellente cuisson gr\u00e2ce<\/p>\n","protected":false},"featured_media":129494,"template":"","meta":{"_acf_changed":false,"inline_featured_image":false},"product_cat":[12458,14780],"product_tag":[23910,13238],"acf":[],"yoast_head":"<!-- This site is optimized with the Yoast SEO Premium plugin v18.6 (Yoast SEO v19.13) - https:\/\/yoast.com\/wordpress\/plugins\/seo\/ -->\n<title>LAGOSTINA Set Smart 9 Pi\u00e8ces<\/title>\n<meta name=\"description\" content=\"D\u00e9couvrez LAGOSTINA Set Smart 9 Pi\u00e8ces sur ErresseShop. Qualit\u00e9, prix r\u00e9duits et achat s\u00e9curis\u00e9 \u2013 commandez d\u00e8s maintenant en ligne !\" \/>\n<meta name=\"robots\" content=\"index, follow, max-snippet:-1, max-image-preview:large, max-video-preview:-1\" \/>\n<link rel=\"canonical\" href=\"https:\/\/www.erresse-shop.it\/fr\/shop\/poeles-pots\/batteries-de-cuisine\/lagostina-set-smart-9-pieces\/\" \/>\n<meta property=\"og:locale\" content=\"fr_FR\" \/>\n<meta property=\"og:type\" content=\"article\" \/>\n<meta property=\"og:title\" content=\"LAGOSTINA Set Smart 9 Pi\u00e8ces\" \/>\n<meta property=\"og:description\" content=\"D\u00e9couvrez LAGOSTINA Set Smart 9 Pi\u00e8ces sur ErresseShop. Qualit\u00e9, prix r\u00e9duits et achat s\u00e9curis\u00e9 \u2013 commandez d\u00e8s maintenant en ligne !\" \/>\n<meta property=\"og:url\" content=\"https:\/\/www.erresse-shop.it\/fr\/shop\/poeles-pots\/batteries-de-cuisine\/lagostina-set-smart-9-pieces\/\" \/>\n<meta property=\"og:site_name\" content=\"Erresse Shop\" \/>\n<meta property=\"article:modified_time\" content=\"2025-01-13T15:49:00+00:00\" \/>\n<meta property=\"og:image\" content=\"https:\/\/www.erresse-shop.it\/wp-content\/uploads\/2021\/11\/Lagostina-Set-Smart-9-pezzi.jpg\" \/>\n\t<meta property=\"og:image:width\" content=\"555\" \/>\n\t<meta property=\"og:image:height\" content=\"555\" \/>\n\t<meta property=\"og:image:type\" content=\"image\/jpeg\" \/>\n<meta name=\"twitter:card\" content=\"summary_large_image\" \/>\n<script type=\"application\/ld+json\" class=\"yoast-schema-graph\">{\"@context\":\"https:\/\/schema.org\",\"@graph\":[{\"@type\":\"WebPage\",\"@id\":\"https:\/\/www.erresse-shop.it\/fr\/shop\/poeles-pots\/batteries-de-cuisine\/lagostina-set-smart-9-pieces\/\",\"url\":\"https:\/\/www.erresse-shop.it\/fr\/shop\/poeles-pots\/batteries-de-cuisine\/lagostina-set-smart-9-pieces\/\",\"name\":\"LAGOSTINA Set Smart 9 Pi\u00e8ces\",\"isPartOf\":{\"@id\":\"https:\/\/www.erresse-shop.it\/fr\/#website\"},\"datePublished\":\"2021-11-16T10:35:36+00:00\",\"dateModified\":\"2025-01-13T15:49:00+00:00\",\"description\":\"D\u00e9couvrez LAGOSTINA Set Smart 9 Pi\u00e8ces sur ErresseShop. Qualit\u00e9, prix r\u00e9duits et achat s\u00e9curis\u00e9 \u2013 commandez d\u00e8s maintenant en ligne !\",\"breadcrumb\":{\"@id\":\"https:\/\/www.erresse-shop.it\/fr\/shop\/poeles-pots\/batteries-de-cuisine\/lagostina-set-smart-9-pieces\/#breadcrumb\"},\"inLanguage\":\"fr-FR\",\"potentialAction\":[{\"@type\":\"ReadAction\",\"target\":[\"https:\/\/www.erresse-shop.it\/fr\/shop\/poeles-pots\/batteries-de-cuisine\/lagostina-set-smart-9-pieces\/\"]}]},{\"@type\":\"BreadcrumbList\",\"@id\":\"https:\/\/www.erresse-shop.it\/fr\/shop\/poeles-pots\/batteries-de-cuisine\/lagostina-set-smart-9-pieces\/#breadcrumb\",\"itemListElement\":[{\"@type\":\"ListItem\",\"position\":1,\"name\":\"Home\",\"item\":\"https:\/\/www.erresse-shop.it\/fr\/\"},{\"@type\":\"ListItem\",\"position\":2,\"name\":\"Shop\",\"item\":\"https:\/\/www.erresse-shop.it\/fr\/shop\/\"},{\"@type\":\"ListItem\",\"position\":3,\"name\":\"LAGOSTINA Set Smart 9 Pi\u00e8ces\"}]},{\"@type\":\"WebSite\",\"@id\":\"https:\/\/www.erresse-shop.it\/fr\/#website\",\"url\":\"https:\/\/www.erresse-shop.it\/fr\/\",\"name\":\"Erresse Shop\",\"description\":\"Articoli di qualit\u00e0 per la casa\",\"potentialAction\":[{\"@type\":\"SearchAction\",\"target\":{\"@type\":\"EntryPoint\",\"urlTemplate\":\"https:\/\/www.erresse-shop.it\/fr\/?s={search_term_string}\"},\"query-input\":\"required name=search_term_string\"}],\"inLanguage\":\"fr-FR\"}]}<\/script>\n<!-- \/ Yoast SEO Premium plugin. -->","yoast_head_json":{"title":"LAGOSTINA Set Smart 9 Pi\u00e8ces","description":"D\u00e9couvrez LAGOSTINA Set Smart 9 Pi\u00e8ces sur ErresseShop. Qualit\u00e9, prix r\u00e9duits et achat s\u00e9curis\u00e9 \u2013 commandez d\u00e8s maintenant en ligne !","robots":{"index":"index","follow":"follow","max-snippet":"max-snippet:-1","max-image-preview":"max-image-preview:large","max-video-preview":"max-video-preview:-1"},"canonical":"https:\/\/www.erresse-shop.it\/fr\/shop\/poeles-pots\/batteries-de-cuisine\/lagostina-set-smart-9-pieces\/","og_locale":"fr_FR","og_type":"article","og_title":"LAGOSTINA Set Smart 9 Pi\u00e8ces","og_description":"D\u00e9couvrez LAGOSTINA Set Smart 9 Pi\u00e8ces sur ErresseShop. Qualit\u00e9, prix r\u00e9duits et achat s\u00e9curis\u00e9 \u2013 commandez d\u00e8s maintenant en ligne !","og_url":"https:\/\/www.erresse-shop.it\/fr\/shop\/poeles-pots\/batteries-de-cuisine\/lagostina-set-smart-9-pieces\/","og_site_name":"Erresse Shop","article_modified_time":"2025-01-13T15:49:00+00:00","og_image":[{"width":555,"height":555,"url":"https:\/\/www.erresse-shop.it\/wp-content\/uploads\/2021\/11\/Lagostina-Set-Smart-9-pezzi.jpg","type":"image\/jpeg"}],"twitter_card":"summary_large_image","schema":{"@context":"https:\/\/schema.org","@graph":[{"@type":"WebPage","@id":"https:\/\/www.erresse-shop.it\/fr\/shop\/poeles-pots\/batteries-de-cuisine\/lagostina-set-smart-9-pieces\/","url":"https:\/\/www.erresse-shop.it\/fr\/shop\/poeles-pots\/batteries-de-cuisine\/lagostina-set-smart-9-pieces\/","name":"LAGOSTINA Set Smart 9 Pi\u00e8ces","isPartOf":{"@id":"https:\/\/www.erresse-shop.it\/fr\/#website"},"datePublished":"2021-11-16T10:35:36+00:00","dateModified":"2025-01-13T15:49:00+00:00","description":"D\u00e9couvrez LAGOSTINA Set Smart 9 Pi\u00e8ces sur ErresseShop. Qualit\u00e9, prix r\u00e9duits et achat s\u00e9curis\u00e9 \u2013 commandez d\u00e8s maintenant en ligne !","breadcrumb":{"@id":"https:\/\/www.erresse-shop.it\/fr\/shop\/poeles-pots\/batteries-de-cuisine\/lagostina-set-smart-9-pieces\/#breadcrumb"},"inLanguage":"fr-FR","potentialAction":[{"@type":"ReadAction","target":["https:\/\/www.erresse-shop.it\/fr\/shop\/poeles-pots\/batteries-de-cuisine\/lagostina-set-smart-9-pieces\/"]}]},{"@type":"BreadcrumbList","@id":"https:\/\/www.erresse-shop.it\/fr\/shop\/poeles-pots\/batteries-de-cuisine\/lagostina-set-smart-9-pieces\/#breadcrumb","itemListElement":[{"@type":"ListItem","position":1,"name":"Home","item":"https:\/\/www.erresse-shop.it\/fr\/"},{"@type":"ListItem","position":2,"name":"Shop","item":"https:\/\/www.erresse-shop.it\/fr\/shop\/"},{"@type":"ListItem","position":3,"name":"LAGOSTINA Set Smart 9 Pi\u00e8ces"}]},{"@type":"WebSite","@id":"https:\/\/www.erresse-shop.it\/fr\/#website","url":"https:\/\/www.erresse-shop.it\/fr\/","name":"Erresse Shop","description":"Articoli di qualit\u00e0 per la casa","potentialAction":[{"@type":"SearchAction","target":{"@type":"EntryPoint","urlTemplate":"https:\/\/www.erresse-shop.it\/fr\/?s={search_term_string}"},"query-input":"required name=search_term_string"}],"inLanguage":"fr-FR"}]}},"df_price":94.95,"df_sale_price":94.95,"df_regular_price":189.9,"df_image_link":"https:\/\/www.erresse-shop.it\/wp-content\/uploads\/2021\/11\/Lagostina-Set-Smart-9-pezzi-300x300.jpg","_links":{"self":[{"href":"https:\/\/www.erresse-shop.it\/fr\/wp-json\/wp\/v2\/product\/129405"}],"collection":[{"href":"https:\/\/www.erresse-shop.it\/fr\/wp-json\/wp\/v2\/product"}],"about":[{"href":"https:\/\/www.erresse-shop.it\/fr\/wp-json\/wp\/v2\/types\/product"}],"wp:featuredmedia":[{"embeddable":true,"href":"https:\/\/www.erresse-shop.it\/fr\/wp-json\/wp\/v2\/media\/129494"}],"wp:attachment":[{"href":"https:\/\/www.erresse-shop.it\/fr\/wp-json\/wp\/v2\/media?parent=129405"}],"wp:term":[{"taxonomy":"product_cat","embeddable":true,"href":"https:\/\/www.erresse-shop.it\/fr\/wp-json\/wp\/v2\/product_cat?post=129405"},{"taxonomy":"product_tag","embeddable":true,"href":"https:\/\/www.erresse-shop.it\/fr\/wp-json\/wp\/v2\/product_tag?post=129405"}],"curies":[{"name":"wp","href":"https:\/\/api.w.org\/{rel}","templated":true}]}}