{"id":129374,"date":"2021-11-16T10:04:38","date_gmt":"2021-11-16T10:04:42","guid":{"rendered":"https:\/\/www.erresse-shop.it\/?post_type=product&#038;p=129374"},"modified":"2025-01-13T15:48:53","modified_gmt":"2025-01-13T15:48:53","slug":"maserin-sabre-sommelier-pour-champagne-en-olive","status":"publish","type":"product","link":"https:\/\/www.erresse-shop.it\/fr\/shop\/cuisine\/couteaux\/maserin-sabre-sommelier-pour-champagne-en-olive\/","title":{"rendered":"MASERIN Sabre Sommelier pour Champagne en Olive"},"content":{"rendered":"<p>Fourni avec une bo\u00eete en bois, une garantie et un manuel d&#8217;utilisation.<br \/>\n<strong>Remarques :<\/strong> Le sabre n&#8217;est pas tranchant et est con\u00e7u pour ouvrir les bouteilles de bulles et de champagne.<\/p>\n<p><strong>FICHE TECHNIQUE DESCRIPTION<\/strong><\/p>\n<ul>\n<li>Mat\u00e9riau de la lame : Acier inoxydable 420 poli miroir HRC 54\/56<\/li>\n<li>Garde : Acier inoxydable AISI 420<\/li>\n<li>Poign\u00e9e : Olive, Pao santos<\/li>\n<li>Longueur totale : 47 cm<\/li>\n<li>Emballage : Bo\u00eete en bois<\/li>\n<li>Poids : 2000SC11\/12 : 500gr<\/li>\n<\/ul>\n<p>Nous avons obtenu la certification NATO NCAGE AJ988 et UNI EN ISO 9001:2008.<\/p>\n","protected":false},"excerpt":{"rendered":"<p>Fourni avec une bo\u00eete en bois, une garantie et un manuel d&#8217;utilisation. Remarques : Le sabre n&#8217;est pas tranchant et<\/p>\n","protected":false},"featured_media":129379,"template":"","meta":{"_acf_changed":false,"inline_featured_image":false},"product_cat":[12742,12748,17672],"product_tag":[25086,23690,15668,12839,25021,12856,17624,13067],"acf":[],"yoast_head":"<!-- This site is optimized with the Yoast SEO Premium plugin v18.6 (Yoast SEO v19.13) - https:\/\/yoast.com\/wordpress\/plugins\/seo\/ -->\n<title>MASERIN Sabre Sommelier pour Champagne en Olive<\/title>\n<meta name=\"description\" content=\"D\u00e9couvrez MASERIN Sabre Sommelier pour Champagne en Olive sur ErresseShop. Qualit\u00e9, prix r\u00e9duits et achat s\u00e9curis\u00e9 \u2013 commandez d\u00e8s maintenant en ligne !\" \/>\n<meta name=\"robots\" content=\"index, follow, max-snippet:-1, max-image-preview:large, max-video-preview:-1\" \/>\n<link rel=\"canonical\" href=\"https:\/\/www.erresse-shop.it\/fr\/shop\/cuisine\/couteaux\/maserin-sabre-sommelier-pour-champagne-en-olive\/\" \/>\n<meta property=\"og:locale\" content=\"fr_FR\" \/>\n<meta property=\"og:type\" content=\"article\" \/>\n<meta property=\"og:title\" content=\"MASERIN Sabre Sommelier pour Champagne en Olive\" \/>\n<meta property=\"og:description\" content=\"D\u00e9couvrez MASERIN Sabre Sommelier pour Champagne en Olive sur ErresseShop. Qualit\u00e9, prix r\u00e9duits et achat s\u00e9curis\u00e9 \u2013 commandez d\u00e8s maintenant en ligne !\" \/>\n<meta property=\"og:url\" content=\"https:\/\/www.erresse-shop.it\/fr\/shop\/cuisine\/couteaux\/maserin-sabre-sommelier-pour-champagne-en-olive\/\" \/>\n<meta property=\"og:site_name\" content=\"Erresse Shop\" \/>\n<meta property=\"article:modified_time\" content=\"2025-01-13T15:48:53+00:00\" \/>\n<meta property=\"og:image\" content=\"https:\/\/www.erresse-shop.it\/wp-content\/uploads\/2021\/11\/MASERIN-Sciabola-Sommelier-Champagne-MC-Olivo.jpg\" \/>\n\t<meta property=\"og:image:width\" content=\"1000\" \/>\n\t<meta property=\"og:image:height\" content=\"1000\" \/>\n\t<meta property=\"og:image:type\" content=\"image\/jpeg\" \/>\n<meta name=\"twitter:card\" content=\"summary_large_image\" \/>\n<script type=\"application\/ld+json\" class=\"yoast-schema-graph\">{\"@context\":\"https:\/\/schema.org\",\"@graph\":[{\"@type\":\"WebPage\",\"@id\":\"https:\/\/www.erresse-shop.it\/fr\/shop\/cuisine\/couteaux\/maserin-sabre-sommelier-pour-champagne-en-olive\/\",\"url\":\"https:\/\/www.erresse-shop.it\/fr\/shop\/cuisine\/couteaux\/maserin-sabre-sommelier-pour-champagne-en-olive\/\",\"name\":\"MASERIN Sabre Sommelier pour Champagne en Olive\",\"isPartOf\":{\"@id\":\"https:\/\/www.erresse-shop.it\/fr\/#website\"},\"datePublished\":\"2021-11-16T10:04:42+00:00\",\"dateModified\":\"2025-01-13T15:48:53+00:00\",\"description\":\"D\u00e9couvrez MASERIN Sabre Sommelier pour Champagne en Olive sur ErresseShop. Qualit\u00e9, prix r\u00e9duits et achat s\u00e9curis\u00e9 \u2013 commandez d\u00e8s maintenant en ligne !\",\"breadcrumb\":{\"@id\":\"https:\/\/www.erresse-shop.it\/fr\/shop\/cuisine\/couteaux\/maserin-sabre-sommelier-pour-champagne-en-olive\/#breadcrumb\"},\"inLanguage\":\"fr-FR\",\"potentialAction\":[{\"@type\":\"ReadAction\",\"target\":[\"https:\/\/www.erresse-shop.it\/fr\/shop\/cuisine\/couteaux\/maserin-sabre-sommelier-pour-champagne-en-olive\/\"]}]},{\"@type\":\"BreadcrumbList\",\"@id\":\"https:\/\/www.erresse-shop.it\/fr\/shop\/cuisine\/couteaux\/maserin-sabre-sommelier-pour-champagne-en-olive\/#breadcrumb\",\"itemListElement\":[{\"@type\":\"ListItem\",\"position\":1,\"name\":\"Home\",\"item\":\"https:\/\/www.erresse-shop.it\/fr\/\"},{\"@type\":\"ListItem\",\"position\":2,\"name\":\"Shop\",\"item\":\"https:\/\/www.erresse-shop.it\/fr\/shop\/\"},{\"@type\":\"ListItem\",\"position\":3,\"name\":\"MASERIN Sabre Sommelier pour Champagne en Olive\"}]},{\"@type\":\"WebSite\",\"@id\":\"https:\/\/www.erresse-shop.it\/fr\/#website\",\"url\":\"https:\/\/www.erresse-shop.it\/fr\/\",\"name\":\"Erresse Shop\",\"description\":\"Articoli di qualit\u00e0 per la casa\",\"potentialAction\":[{\"@type\":\"SearchAction\",\"target\":{\"@type\":\"EntryPoint\",\"urlTemplate\":\"https:\/\/www.erresse-shop.it\/fr\/?s={search_term_string}\"},\"query-input\":\"required name=search_term_string\"}],\"inLanguage\":\"fr-FR\"}]}<\/script>\n<!-- \/ Yoast SEO Premium plugin. -->","yoast_head_json":{"title":"MASERIN Sabre Sommelier pour Champagne en Olive","description":"D\u00e9couvrez MASERIN Sabre Sommelier pour Champagne en Olive sur ErresseShop. Qualit\u00e9, prix r\u00e9duits et achat s\u00e9curis\u00e9 \u2013 commandez d\u00e8s maintenant en ligne !","robots":{"index":"index","follow":"follow","max-snippet":"max-snippet:-1","max-image-preview":"max-image-preview:large","max-video-preview":"max-video-preview:-1"},"canonical":"https:\/\/www.erresse-shop.it\/fr\/shop\/cuisine\/couteaux\/maserin-sabre-sommelier-pour-champagne-en-olive\/","og_locale":"fr_FR","og_type":"article","og_title":"MASERIN Sabre Sommelier pour Champagne en Olive","og_description":"D\u00e9couvrez MASERIN Sabre Sommelier pour Champagne en Olive sur ErresseShop. Qualit\u00e9, prix r\u00e9duits et achat s\u00e9curis\u00e9 \u2013 commandez d\u00e8s maintenant en ligne !","og_url":"https:\/\/www.erresse-shop.it\/fr\/shop\/cuisine\/couteaux\/maserin-sabre-sommelier-pour-champagne-en-olive\/","og_site_name":"Erresse Shop","article_modified_time":"2025-01-13T15:48:53+00:00","og_image":[{"width":1000,"height":1000,"url":"https:\/\/www.erresse-shop.it\/wp-content\/uploads\/2021\/11\/MASERIN-Sciabola-Sommelier-Champagne-MC-Olivo.jpg","type":"image\/jpeg"}],"twitter_card":"summary_large_image","schema":{"@context":"https:\/\/schema.org","@graph":[{"@type":"WebPage","@id":"https:\/\/www.erresse-shop.it\/fr\/shop\/cuisine\/couteaux\/maserin-sabre-sommelier-pour-champagne-en-olive\/","url":"https:\/\/www.erresse-shop.it\/fr\/shop\/cuisine\/couteaux\/maserin-sabre-sommelier-pour-champagne-en-olive\/","name":"MASERIN Sabre Sommelier pour Champagne en Olive","isPartOf":{"@id":"https:\/\/www.erresse-shop.it\/fr\/#website"},"datePublished":"2021-11-16T10:04:42+00:00","dateModified":"2025-01-13T15:48:53+00:00","description":"D\u00e9couvrez MASERIN Sabre Sommelier pour Champagne en Olive sur ErresseShop. Qualit\u00e9, prix r\u00e9duits et achat s\u00e9curis\u00e9 \u2013 commandez d\u00e8s maintenant en ligne !","breadcrumb":{"@id":"https:\/\/www.erresse-shop.it\/fr\/shop\/cuisine\/couteaux\/maserin-sabre-sommelier-pour-champagne-en-olive\/#breadcrumb"},"inLanguage":"fr-FR","potentialAction":[{"@type":"ReadAction","target":["https:\/\/www.erresse-shop.it\/fr\/shop\/cuisine\/couteaux\/maserin-sabre-sommelier-pour-champagne-en-olive\/"]}]},{"@type":"BreadcrumbList","@id":"https:\/\/www.erresse-shop.it\/fr\/shop\/cuisine\/couteaux\/maserin-sabre-sommelier-pour-champagne-en-olive\/#breadcrumb","itemListElement":[{"@type":"ListItem","position":1,"name":"Home","item":"https:\/\/www.erresse-shop.it\/fr\/"},{"@type":"ListItem","position":2,"name":"Shop","item":"https:\/\/www.erresse-shop.it\/fr\/shop\/"},{"@type":"ListItem","position":3,"name":"MASERIN Sabre Sommelier pour Champagne en Olive"}]},{"@type":"WebSite","@id":"https:\/\/www.erresse-shop.it\/fr\/#website","url":"https:\/\/www.erresse-shop.it\/fr\/","name":"Erresse Shop","description":"Articoli di qualit\u00e0 per la casa","potentialAction":[{"@type":"SearchAction","target":{"@type":"EntryPoint","urlTemplate":"https:\/\/www.erresse-shop.it\/fr\/?s={search_term_string}"},"query-input":"required name=search_term_string"}],"inLanguage":"fr-FR"}]}},"df_price":79.95,"df_sale_price":79.95,"df_regular_price":126,"df_image_link":"https:\/\/www.erresse-shop.it\/wp-content\/uploads\/2021\/11\/MASERIN-Sciabola-Sommelier-Champagne-MC-Olivo-300x300.jpg","_links":{"self":[{"href":"https:\/\/www.erresse-shop.it\/fr\/wp-json\/wp\/v2\/product\/129374"}],"collection":[{"href":"https:\/\/www.erresse-shop.it\/fr\/wp-json\/wp\/v2\/product"}],"about":[{"href":"https:\/\/www.erresse-shop.it\/fr\/wp-json\/wp\/v2\/types\/product"}],"wp:featuredmedia":[{"embeddable":true,"href":"https:\/\/www.erresse-shop.it\/fr\/wp-json\/wp\/v2\/media\/129379"}],"wp:attachment":[{"href":"https:\/\/www.erresse-shop.it\/fr\/wp-json\/wp\/v2\/media?parent=129374"}],"wp:term":[{"taxonomy":"product_cat","embeddable":true,"href":"https:\/\/www.erresse-shop.it\/fr\/wp-json\/wp\/v2\/product_cat?post=129374"},{"taxonomy":"product_tag","embeddable":true,"href":"https:\/\/www.erresse-shop.it\/fr\/wp-json\/wp\/v2\/product_tag?post=129374"}],"curies":[{"name":"wp","href":"https:\/\/api.w.org\/{rel}","templated":true}]}}