{"id":128755,"date":"2021-11-12T13:11:16","date_gmt":"2021-11-12T13:11:27","guid":{"rendered":"https:\/\/www.erresse-shop.it\/?post_type=product&#038;p=128755"},"modified":"2025-01-13T15:48:11","modified_gmt":"2025-01-13T15:48:11","slug":"villeroy-boch-loop-service-de-vaisselle-12-pieces-gris","status":"publish","type":"product","link":"https:\/\/www.erresse-shop.it\/fr\/shop\/table-fr-2\/plats\/villeroy-boch-loop-service-de-vaisselle-12-pieces-gris\/","title":{"rendered":"VILLEROY &#038; BOCH Loop Service de Vaisselle 12 Pi\u00e8ces Gris"},"content":{"rendered":"<p><strong>Mat\u00e9riau :<\/strong> Porcelaine<br \/>\n<strong>Lavable au lave-vaisselle<\/strong><br \/>\n<strong>Micro-ondable:\u00a0<\/strong>oui<\/p>\n<p>Des couleurs raffin\u00e9es et une surface rugueuse et textur\u00e9e conf\u00e8rent \u00e0 la gamme Color Loop un charme original et tr\u00e8s particulier. La porcelaine de qualit\u00e9 sup\u00e9rieure rend la collection \u00e0 la fois raffin\u00e9e et r\u00e9sistante, parfaite pour un usage quotidien. Le set de 12 pi\u00e8ces comprend 4 assiettes \u00e0 d\u00eener (diam\u00e8tre 28,5 cm), 4 assiettes \u00e0 soupe (diam\u00e8tre 23,5 cm) et 4 assiettes \u00e0 d\u00e9jeuner (diam\u00e8tre 21,5 cm). Combinez vos couleurs pr\u00e9f\u00e9r\u00e9es de la gamme d&#8217;une mani\u00e8re harmonieuse et individuelle. L&#8217;ensemble se compose de :<\/p>\n<p>4x assiette \u00e0 d\u00eener, 28.5 cm<br \/>\n4x Assiette petit-d\u00e9jeuner, 21.5cm<br \/>\n4x assiette creuse, 23.5cm<\/p>\n","protected":false},"excerpt":{"rendered":"<p>Mat\u00e9riau : Porcelaine Lavable au lave-vaisselle Micro-ondable:\u00a0oui Des couleurs raffin\u00e9es et une surface rugueuse et textur\u00e9e conf\u00e8rent \u00e0 la gamme<\/p>\n","protected":false},"featured_media":506790,"template":"","meta":{"_acf_changed":false,"inline_featured_image":false},"product_cat":[12788,12782],"product_tag":[25026,23910,23660,25021,24397,21821],"acf":[],"yoast_head":"<!-- This site is optimized with the Yoast SEO Premium plugin v18.6 (Yoast SEO v19.13) - https:\/\/yoast.com\/wordpress\/plugins\/seo\/ -->\n<title>VILLEROY &amp; BOCH Loop Service de Vaisselle 12 Pi\u00e8ces Gris<\/title>\n<meta name=\"description\" content=\"D\u00e9couvrez VILLEROY &amp; BOCH Loop Service de Vaisselle 12 Pi\u00e8ces Gris sur ErresseShop. Qualit\u00e9, prix r\u00e9duits et achat s\u00e9curis\u00e9 \u2013 commandez d\u00e8s maintenant en ligne !\" \/>\n<meta name=\"robots\" content=\"index, follow, max-snippet:-1, max-image-preview:large, max-video-preview:-1\" \/>\n<link rel=\"canonical\" href=\"https:\/\/www.erresse-shop.it\/fr\/shop\/table-fr-2\/plats\/villeroy-boch-loop-service-de-vaisselle-12-pieces-gris\/\" \/>\n<meta property=\"og:locale\" content=\"fr_FR\" \/>\n<meta property=\"og:type\" content=\"article\" \/>\n<meta property=\"og:title\" content=\"VILLEROY &amp; BOCH Loop Service de Vaisselle 12 Pi\u00e8ces Gris\" \/>\n<meta property=\"og:description\" content=\"D\u00e9couvrez VILLEROY &amp; BOCH Loop Service de Vaisselle 12 Pi\u00e8ces Gris sur ErresseShop. Qualit\u00e9, prix r\u00e9duits et achat s\u00e9curis\u00e9 \u2013 commandez d\u00e8s maintenant en ligne !\" \/>\n<meta property=\"og:url\" content=\"https:\/\/www.erresse-shop.it\/fr\/shop\/table-fr-2\/plats\/villeroy-boch-loop-service-de-vaisselle-12-pieces-gris\/\" \/>\n<meta property=\"og:site_name\" content=\"Erresse Shop\" \/>\n<meta property=\"article:modified_time\" content=\"2025-01-13T15:48:11+00:00\" \/>\n<meta property=\"og:image\" content=\"https:\/\/www.erresse-shop.it\/wp-content\/uploads\/2021\/11\/VILLEROY-BOCH-Set-Piatti-Grigio.jpg\" \/>\n\t<meta property=\"og:image:width\" content=\"1000\" \/>\n\t<meta property=\"og:image:height\" content=\"1000\" \/>\n\t<meta property=\"og:image:type\" content=\"image\/jpeg\" \/>\n<meta name=\"twitter:card\" content=\"summary_large_image\" \/>\n<script type=\"application\/ld+json\" class=\"yoast-schema-graph\">{\"@context\":\"https:\/\/schema.org\",\"@graph\":[{\"@type\":\"WebPage\",\"@id\":\"https:\/\/www.erresse-shop.it\/fr\/shop\/table-fr-2\/plats\/villeroy-boch-loop-service-de-vaisselle-12-pieces-gris\/\",\"url\":\"https:\/\/www.erresse-shop.it\/fr\/shop\/table-fr-2\/plats\/villeroy-boch-loop-service-de-vaisselle-12-pieces-gris\/\",\"name\":\"VILLEROY & BOCH Loop Service de Vaisselle 12 Pi\u00e8ces Gris\",\"isPartOf\":{\"@id\":\"https:\/\/www.erresse-shop.it\/fr\/#website\"},\"datePublished\":\"2021-11-12T13:11:27+00:00\",\"dateModified\":\"2025-01-13T15:48:11+00:00\",\"description\":\"D\u00e9couvrez VILLEROY & BOCH Loop Service de Vaisselle 12 Pi\u00e8ces Gris sur ErresseShop. Qualit\u00e9, prix r\u00e9duits et achat s\u00e9curis\u00e9 \u2013 commandez d\u00e8s maintenant en ligne !\",\"breadcrumb\":{\"@id\":\"https:\/\/www.erresse-shop.it\/fr\/shop\/table-fr-2\/plats\/villeroy-boch-loop-service-de-vaisselle-12-pieces-gris\/#breadcrumb\"},\"inLanguage\":\"fr-FR\",\"potentialAction\":[{\"@type\":\"ReadAction\",\"target\":[\"https:\/\/www.erresse-shop.it\/fr\/shop\/table-fr-2\/plats\/villeroy-boch-loop-service-de-vaisselle-12-pieces-gris\/\"]}]},{\"@type\":\"BreadcrumbList\",\"@id\":\"https:\/\/www.erresse-shop.it\/fr\/shop\/table-fr-2\/plats\/villeroy-boch-loop-service-de-vaisselle-12-pieces-gris\/#breadcrumb\",\"itemListElement\":[{\"@type\":\"ListItem\",\"position\":1,\"name\":\"Home\",\"item\":\"https:\/\/www.erresse-shop.it\/fr\/\"},{\"@type\":\"ListItem\",\"position\":2,\"name\":\"Shop\",\"item\":\"https:\/\/www.erresse-shop.it\/fr\/shop\/\"},{\"@type\":\"ListItem\",\"position\":3,\"name\":\"VILLEROY &#038; BOCH Loop Service de Vaisselle 12 Pi\u00e8ces Gris\"}]},{\"@type\":\"WebSite\",\"@id\":\"https:\/\/www.erresse-shop.it\/fr\/#website\",\"url\":\"https:\/\/www.erresse-shop.it\/fr\/\",\"name\":\"Erresse Shop\",\"description\":\"Articoli di qualit\u00e0 per la casa\",\"potentialAction\":[{\"@type\":\"SearchAction\",\"target\":{\"@type\":\"EntryPoint\",\"urlTemplate\":\"https:\/\/www.erresse-shop.it\/fr\/?s={search_term_string}\"},\"query-input\":\"required name=search_term_string\"}],\"inLanguage\":\"fr-FR\"}]}<\/script>\n<!-- \/ Yoast SEO Premium plugin. -->","yoast_head_json":{"title":"VILLEROY & BOCH Loop Service de Vaisselle 12 Pi\u00e8ces Gris","description":"D\u00e9couvrez VILLEROY & BOCH Loop Service de Vaisselle 12 Pi\u00e8ces Gris sur ErresseShop. Qualit\u00e9, prix r\u00e9duits et achat s\u00e9curis\u00e9 \u2013 commandez d\u00e8s maintenant en ligne !","robots":{"index":"index","follow":"follow","max-snippet":"max-snippet:-1","max-image-preview":"max-image-preview:large","max-video-preview":"max-video-preview:-1"},"canonical":"https:\/\/www.erresse-shop.it\/fr\/shop\/table-fr-2\/plats\/villeroy-boch-loop-service-de-vaisselle-12-pieces-gris\/","og_locale":"fr_FR","og_type":"article","og_title":"VILLEROY & BOCH Loop Service de Vaisselle 12 Pi\u00e8ces Gris","og_description":"D\u00e9couvrez VILLEROY & BOCH Loop Service de Vaisselle 12 Pi\u00e8ces Gris sur ErresseShop. Qualit\u00e9, prix r\u00e9duits et achat s\u00e9curis\u00e9 \u2013 commandez d\u00e8s maintenant en ligne !","og_url":"https:\/\/www.erresse-shop.it\/fr\/shop\/table-fr-2\/plats\/villeroy-boch-loop-service-de-vaisselle-12-pieces-gris\/","og_site_name":"Erresse Shop","article_modified_time":"2025-01-13T15:48:11+00:00","og_image":[{"width":1000,"height":1000,"url":"https:\/\/www.erresse-shop.it\/wp-content\/uploads\/2021\/11\/VILLEROY-BOCH-Set-Piatti-Grigio.jpg","type":"image\/jpeg"}],"twitter_card":"summary_large_image","schema":{"@context":"https:\/\/schema.org","@graph":[{"@type":"WebPage","@id":"https:\/\/www.erresse-shop.it\/fr\/shop\/table-fr-2\/plats\/villeroy-boch-loop-service-de-vaisselle-12-pieces-gris\/","url":"https:\/\/www.erresse-shop.it\/fr\/shop\/table-fr-2\/plats\/villeroy-boch-loop-service-de-vaisselle-12-pieces-gris\/","name":"VILLEROY & BOCH Loop Service de Vaisselle 12 Pi\u00e8ces Gris","isPartOf":{"@id":"https:\/\/www.erresse-shop.it\/fr\/#website"},"datePublished":"2021-11-12T13:11:27+00:00","dateModified":"2025-01-13T15:48:11+00:00","description":"D\u00e9couvrez VILLEROY & BOCH Loop Service de Vaisselle 12 Pi\u00e8ces Gris sur ErresseShop. Qualit\u00e9, prix r\u00e9duits et achat s\u00e9curis\u00e9 \u2013 commandez d\u00e8s maintenant en ligne !","breadcrumb":{"@id":"https:\/\/www.erresse-shop.it\/fr\/shop\/table-fr-2\/plats\/villeroy-boch-loop-service-de-vaisselle-12-pieces-gris\/#breadcrumb"},"inLanguage":"fr-FR","potentialAction":[{"@type":"ReadAction","target":["https:\/\/www.erresse-shop.it\/fr\/shop\/table-fr-2\/plats\/villeroy-boch-loop-service-de-vaisselle-12-pieces-gris\/"]}]},{"@type":"BreadcrumbList","@id":"https:\/\/www.erresse-shop.it\/fr\/shop\/table-fr-2\/plats\/villeroy-boch-loop-service-de-vaisselle-12-pieces-gris\/#breadcrumb","itemListElement":[{"@type":"ListItem","position":1,"name":"Home","item":"https:\/\/www.erresse-shop.it\/fr\/"},{"@type":"ListItem","position":2,"name":"Shop","item":"https:\/\/www.erresse-shop.it\/fr\/shop\/"},{"@type":"ListItem","position":3,"name":"VILLEROY &#038; BOCH Loop Service de Vaisselle 12 Pi\u00e8ces Gris"}]},{"@type":"WebSite","@id":"https:\/\/www.erresse-shop.it\/fr\/#website","url":"https:\/\/www.erresse-shop.it\/fr\/","name":"Erresse Shop","description":"Articoli di qualit\u00e0 per la casa","potentialAction":[{"@type":"SearchAction","target":{"@type":"EntryPoint","urlTemplate":"https:\/\/www.erresse-shop.it\/fr\/?s={search_term_string}"},"query-input":"required name=search_term_string"}],"inLanguage":"fr-FR"}]}},"df_price":69.5,"df_sale_price":69.5,"df_regular_price":139,"df_image_link":"https:\/\/www.erresse-shop.it\/wp-content\/uploads\/2021\/11\/VILLEROY-BOCH-Loop-Set-Piatti-12-Pezzi-Grigio-300x300.jpg","_links":{"self":[{"href":"https:\/\/www.erresse-shop.it\/fr\/wp-json\/wp\/v2\/product\/128755"}],"collection":[{"href":"https:\/\/www.erresse-shop.it\/fr\/wp-json\/wp\/v2\/product"}],"about":[{"href":"https:\/\/www.erresse-shop.it\/fr\/wp-json\/wp\/v2\/types\/product"}],"wp:featuredmedia":[{"embeddable":true,"href":"https:\/\/www.erresse-shop.it\/fr\/wp-json\/wp\/v2\/media\/506790"}],"wp:attachment":[{"href":"https:\/\/www.erresse-shop.it\/fr\/wp-json\/wp\/v2\/media?parent=128755"}],"wp:term":[{"taxonomy":"product_cat","embeddable":true,"href":"https:\/\/www.erresse-shop.it\/fr\/wp-json\/wp\/v2\/product_cat?post=128755"},{"taxonomy":"product_tag","embeddable":true,"href":"https:\/\/www.erresse-shop.it\/fr\/wp-json\/wp\/v2\/product_tag?post=128755"}],"curies":[{"name":"wp","href":"https:\/\/api.w.org\/{rel}","templated":true}]}}