{"id":128674,"date":"2021-11-12T10:51:15","date_gmt":"2021-11-12T10:51:18","guid":{"rendered":"https:\/\/www.erresse-shop.it\/?post_type=product&#038;p=128674"},"modified":"2025-01-17T15:42:27","modified_gmt":"2025-01-17T15:42:27","slug":"villeroy-boch-iconic-assiettes-la-boule-beige","status":"publish","type":"product","link":"https:\/\/www.erresse-shop.it\/fr\/shop\/table-fr-2\/plats\/villeroy-boch-iconic-assiettes-la-boule-beige\/","title":{"rendered":"VILLEROY &#038; BOCH Iconic Assiettes La Boule Beige"},"content":{"rendered":"<p><strong>Mat\u00e9riau :<\/strong> Porcelaine<br \/>\n<strong>Lavable au lave-vaisselle<\/strong><br \/>\n<strong>Micro-ondable:\u00a0<\/strong>oui<\/p>\n<p>La collection Iconic incarne les valeurs de design, de modernit\u00e9 et de qualit\u00e9 qui sont profond\u00e9ment ancr\u00e9es dans l&#8217;ADN de Villeroy &amp; Boch. Les pi\u00e8ces combinables polyvalentes convainquent par leur gamme de couleurs minimalistes (blanc brillant et noir naturel). La fonctionnalit\u00e9 et le design iconique font de chaque La Boule non seulement un \u00e9l\u00e9ment qui attire le regard sur chaque table, mais aussi un objet tr\u00e8s sp\u00e9cial pour les int\u00e9rieurs. La Boule se compose de deux saladiers, deux bols plats et deux assiettes universelles, ainsi que d&#8217;un plat de service. Embellissez votre table et votre maison avec un design d\u00e9licat.<\/p>\n<p><strong>L&#8217;ensemble se compose de :<\/strong><br \/>\n2x Bol, 620ml<br \/>\n2x Bol, 500ml<br \/>\n2x Plat universel, 24cm<br \/>\n1x Assiette de service, 23.9cm<\/p>\n","protected":false},"excerpt":{"rendered":"<p>Mat\u00e9riau : Porcelaine Lavable au lave-vaisselle Micro-ondable:\u00a0oui La collection Iconic incarne les valeurs de design, de modernit\u00e9 et de qualit\u00e9<\/p>\n","protected":false},"featured_media":128718,"template":"","meta":{"_acf_changed":false,"inline_featured_image":false},"product_cat":[12788,12782],"product_tag":[25026,13169,23910,25021,17526,14261,24603],"acf":[],"yoast_head":"<!-- This site is optimized with the Yoast SEO Premium plugin v18.6 (Yoast SEO v19.13) - https:\/\/yoast.com\/wordpress\/plugins\/seo\/ -->\n<title>VILLEROY &amp; BOCH Iconic Assiettes La Boule Beige<\/title>\n<meta name=\"description\" content=\"D\u00e9couvrez VILLEROY &amp; BOCH Iconic Assiettes La Boule Beige sur ErresseShop. Qualit\u00e9, prix r\u00e9duits et achat s\u00e9curis\u00e9 \u2013 commandez d\u00e8s maintenant en ligne !\" \/>\n<meta name=\"robots\" content=\"index, follow, max-snippet:-1, max-image-preview:large, max-video-preview:-1\" \/>\n<link rel=\"canonical\" href=\"https:\/\/www.erresse-shop.it\/fr\/shop\/table-fr-2\/plats\/villeroy-boch-iconic-assiettes-la-boule-beige\/\" \/>\n<meta property=\"og:locale\" content=\"fr_FR\" \/>\n<meta property=\"og:type\" content=\"article\" \/>\n<meta property=\"og:title\" content=\"VILLEROY &amp; BOCH Iconic Assiettes La Boule Beige\" \/>\n<meta property=\"og:description\" content=\"D\u00e9couvrez VILLEROY &amp; BOCH Iconic Assiettes La Boule Beige sur ErresseShop. Qualit\u00e9, prix r\u00e9duits et achat s\u00e9curis\u00e9 \u2013 commandez d\u00e8s maintenant en ligne !\" \/>\n<meta property=\"og:url\" content=\"https:\/\/www.erresse-shop.it\/fr\/shop\/table-fr-2\/plats\/villeroy-boch-iconic-assiettes-la-boule-beige\/\" \/>\n<meta property=\"og:site_name\" content=\"Erresse Shop\" \/>\n<meta property=\"article:modified_time\" content=\"2025-01-17T15:42:27+00:00\" \/>\n<meta property=\"og:image\" content=\"https:\/\/www.erresse-shop.it\/wp-content\/uploads\/2021\/11\/VILLEROY-BOCH-Iconic-La-Boule-Beige-7-1.jpg\" \/>\n\t<meta property=\"og:image:width\" content=\"1000\" \/>\n\t<meta property=\"og:image:height\" content=\"1000\" \/>\n\t<meta property=\"og:image:type\" content=\"image\/jpeg\" \/>\n<meta name=\"twitter:card\" content=\"summary_large_image\" \/>\n<script type=\"application\/ld+json\" class=\"yoast-schema-graph\">{\"@context\":\"https:\/\/schema.org\",\"@graph\":[{\"@type\":\"WebPage\",\"@id\":\"https:\/\/www.erresse-shop.it\/fr\/shop\/table-fr-2\/plats\/villeroy-boch-iconic-assiettes-la-boule-beige\/\",\"url\":\"https:\/\/www.erresse-shop.it\/fr\/shop\/table-fr-2\/plats\/villeroy-boch-iconic-assiettes-la-boule-beige\/\",\"name\":\"VILLEROY & BOCH Iconic Assiettes La Boule Beige\",\"isPartOf\":{\"@id\":\"https:\/\/www.erresse-shop.it\/fr\/#website\"},\"datePublished\":\"2021-11-12T10:51:18+00:00\",\"dateModified\":\"2025-01-17T15:42:27+00:00\",\"description\":\"D\u00e9couvrez VILLEROY & BOCH Iconic Assiettes La Boule Beige sur ErresseShop. Qualit\u00e9, prix r\u00e9duits et achat s\u00e9curis\u00e9 \u2013 commandez d\u00e8s maintenant en ligne !\",\"breadcrumb\":{\"@id\":\"https:\/\/www.erresse-shop.it\/fr\/shop\/table-fr-2\/plats\/villeroy-boch-iconic-assiettes-la-boule-beige\/#breadcrumb\"},\"inLanguage\":\"fr-FR\",\"potentialAction\":[{\"@type\":\"ReadAction\",\"target\":[\"https:\/\/www.erresse-shop.it\/fr\/shop\/table-fr-2\/plats\/villeroy-boch-iconic-assiettes-la-boule-beige\/\"]}]},{\"@type\":\"BreadcrumbList\",\"@id\":\"https:\/\/www.erresse-shop.it\/fr\/shop\/table-fr-2\/plats\/villeroy-boch-iconic-assiettes-la-boule-beige\/#breadcrumb\",\"itemListElement\":[{\"@type\":\"ListItem\",\"position\":1,\"name\":\"Home\",\"item\":\"https:\/\/www.erresse-shop.it\/fr\/\"},{\"@type\":\"ListItem\",\"position\":2,\"name\":\"Shop\",\"item\":\"https:\/\/www.erresse-shop.it\/fr\/shop\/\"},{\"@type\":\"ListItem\",\"position\":3,\"name\":\"VILLEROY &#038; BOCH Iconic Assiettes La Boule Beige\"}]},{\"@type\":\"WebSite\",\"@id\":\"https:\/\/www.erresse-shop.it\/fr\/#website\",\"url\":\"https:\/\/www.erresse-shop.it\/fr\/\",\"name\":\"Erresse Shop\",\"description\":\"Articoli di qualit\u00e0 per la casa\",\"potentialAction\":[{\"@type\":\"SearchAction\",\"target\":{\"@type\":\"EntryPoint\",\"urlTemplate\":\"https:\/\/www.erresse-shop.it\/fr\/?s={search_term_string}\"},\"query-input\":\"required name=search_term_string\"}],\"inLanguage\":\"fr-FR\"}]}<\/script>\n<!-- \/ Yoast SEO Premium plugin. -->","yoast_head_json":{"title":"VILLEROY & BOCH Iconic Assiettes La Boule Beige","description":"D\u00e9couvrez VILLEROY & BOCH Iconic Assiettes La Boule Beige sur ErresseShop. Qualit\u00e9, prix r\u00e9duits et achat s\u00e9curis\u00e9 \u2013 commandez d\u00e8s maintenant en ligne !","robots":{"index":"index","follow":"follow","max-snippet":"max-snippet:-1","max-image-preview":"max-image-preview:large","max-video-preview":"max-video-preview:-1"},"canonical":"https:\/\/www.erresse-shop.it\/fr\/shop\/table-fr-2\/plats\/villeroy-boch-iconic-assiettes-la-boule-beige\/","og_locale":"fr_FR","og_type":"article","og_title":"VILLEROY & BOCH Iconic Assiettes La Boule Beige","og_description":"D\u00e9couvrez VILLEROY & BOCH Iconic Assiettes La Boule Beige sur ErresseShop. Qualit\u00e9, prix r\u00e9duits et achat s\u00e9curis\u00e9 \u2013 commandez d\u00e8s maintenant en ligne !","og_url":"https:\/\/www.erresse-shop.it\/fr\/shop\/table-fr-2\/plats\/villeroy-boch-iconic-assiettes-la-boule-beige\/","og_site_name":"Erresse Shop","article_modified_time":"2025-01-17T15:42:27+00:00","og_image":[{"width":1000,"height":1000,"url":"https:\/\/www.erresse-shop.it\/wp-content\/uploads\/2021\/11\/VILLEROY-BOCH-Iconic-La-Boule-Beige-7-1.jpg","type":"image\/jpeg"}],"twitter_card":"summary_large_image","schema":{"@context":"https:\/\/schema.org","@graph":[{"@type":"WebPage","@id":"https:\/\/www.erresse-shop.it\/fr\/shop\/table-fr-2\/plats\/villeroy-boch-iconic-assiettes-la-boule-beige\/","url":"https:\/\/www.erresse-shop.it\/fr\/shop\/table-fr-2\/plats\/villeroy-boch-iconic-assiettes-la-boule-beige\/","name":"VILLEROY & BOCH Iconic Assiettes La Boule Beige","isPartOf":{"@id":"https:\/\/www.erresse-shop.it\/fr\/#website"},"datePublished":"2021-11-12T10:51:18+00:00","dateModified":"2025-01-17T15:42:27+00:00","description":"D\u00e9couvrez VILLEROY & BOCH Iconic Assiettes La Boule Beige sur ErresseShop. Qualit\u00e9, prix r\u00e9duits et achat s\u00e9curis\u00e9 \u2013 commandez d\u00e8s maintenant en ligne !","breadcrumb":{"@id":"https:\/\/www.erresse-shop.it\/fr\/shop\/table-fr-2\/plats\/villeroy-boch-iconic-assiettes-la-boule-beige\/#breadcrumb"},"inLanguage":"fr-FR","potentialAction":[{"@type":"ReadAction","target":["https:\/\/www.erresse-shop.it\/fr\/shop\/table-fr-2\/plats\/villeroy-boch-iconic-assiettes-la-boule-beige\/"]}]},{"@type":"BreadcrumbList","@id":"https:\/\/www.erresse-shop.it\/fr\/shop\/table-fr-2\/plats\/villeroy-boch-iconic-assiettes-la-boule-beige\/#breadcrumb","itemListElement":[{"@type":"ListItem","position":1,"name":"Home","item":"https:\/\/www.erresse-shop.it\/fr\/"},{"@type":"ListItem","position":2,"name":"Shop","item":"https:\/\/www.erresse-shop.it\/fr\/shop\/"},{"@type":"ListItem","position":3,"name":"VILLEROY &#038; BOCH Iconic Assiettes La Boule Beige"}]},{"@type":"WebSite","@id":"https:\/\/www.erresse-shop.it\/fr\/#website","url":"https:\/\/www.erresse-shop.it\/fr\/","name":"Erresse Shop","description":"Articoli di qualit\u00e0 per la casa","potentialAction":[{"@type":"SearchAction","target":{"@type":"EntryPoint","urlTemplate":"https:\/\/www.erresse-shop.it\/fr\/?s={search_term_string}"},"query-input":"required name=search_term_string"}],"inLanguage":"fr-FR"}]}},"df_price":254,"df_sale_price":254,"df_regular_price":299,"df_image_link":"https:\/\/www.erresse-shop.it\/wp-content\/uploads\/2021\/11\/VILLEROY-BOCH-Iconic-La-Boule-Beige-7-1-300x300.jpg","_links":{"self":[{"href":"https:\/\/www.erresse-shop.it\/fr\/wp-json\/wp\/v2\/product\/128674"}],"collection":[{"href":"https:\/\/www.erresse-shop.it\/fr\/wp-json\/wp\/v2\/product"}],"about":[{"href":"https:\/\/www.erresse-shop.it\/fr\/wp-json\/wp\/v2\/types\/product"}],"wp:featuredmedia":[{"embeddable":true,"href":"https:\/\/www.erresse-shop.it\/fr\/wp-json\/wp\/v2\/media\/128718"}],"wp:attachment":[{"href":"https:\/\/www.erresse-shop.it\/fr\/wp-json\/wp\/v2\/media?parent=128674"}],"wp:term":[{"taxonomy":"product_cat","embeddable":true,"href":"https:\/\/www.erresse-shop.it\/fr\/wp-json\/wp\/v2\/product_cat?post=128674"},{"taxonomy":"product_tag","embeddable":true,"href":"https:\/\/www.erresse-shop.it\/fr\/wp-json\/wp\/v2\/product_tag?post=128674"}],"curies":[{"name":"wp","href":"https:\/\/api.w.org\/{rel}","templated":true}]}}