{"id":128417,"date":"2021-11-12T09:25:11","date_gmt":"2021-11-12T09:25:14","guid":{"rendered":"https:\/\/www.erresse-shop.it\/?post_type=product&#038;p=128417"},"modified":"2025-01-13T15:26:29","modified_gmt":"2025-01-13T15:26:29","slug":"seletti-guiltless-tasse-a-the-tarin-vittoria","status":"publish","type":"product","link":"https:\/\/www.erresse-shop.it\/fr\/shop\/table-fr-2\/tasses\/seletti-guiltless-tasse-a-the-tarin-vittoria\/","title":{"rendered":"SELETTI Guiltless Tasse \u00e0 Th\u00e9 Tarin Vittoria"},"content":{"rendered":"<p><strong>Guiltless<\/strong>, c&#8217;est plus qu&#8217;une tasse de th\u00e9, c&#8217;est l&#8217;\u00e9l\u00e9gance de la s\u00e9duction, c&#8217;est le d\u00e9sir de conqu\u00e9rir et non de gagner. Un incroyable portrait de la vie quotidienne repr\u00e9sent\u00e9e dans le fond d&#8217;une tasse \u00e0 th\u00e9.<br \/>\nTasse \u00e0 th\u00e9 compl\u00e8te avec soucoupe et cuill\u00e8re<\/p>\n<p><strong>DESIGN :<\/strong> Tarin<br \/>\n<strong>Mat\u00e9riau :<\/strong> Porcelaine<br \/>\n<strong>Mesures :<\/strong> 5,8x10cm<\/p>\n","protected":false},"excerpt":{"rendered":"<p>Guiltless, c&#8217;est plus qu&#8217;une tasse de th\u00e9, c&#8217;est l&#8217;\u00e9l\u00e9gance de la s\u00e9duction, c&#8217;est le d\u00e9sir de conqu\u00e9rir et non de<\/p>\n","protected":false},"featured_media":128436,"template":"","meta":{"_acf_changed":false,"inline_featured_image":false},"product_cat":[12782,12791],"product_tag":[17515,15712,16906,14579],"acf":[],"yoast_head":"<!-- This site is optimized with the Yoast SEO Premium plugin v18.6 (Yoast SEO v19.13) - https:\/\/yoast.com\/wordpress\/plugins\/seo\/ -->\n<title>SELETTI Guiltless Tasse \u00e0 Th\u00e9 Tarin Vittoria<\/title>\n<meta name=\"description\" content=\"D\u00e9couvrez SELETTI Guiltless Tasse \u00e0 Th\u00e9 Tarin Vittoria sur ErresseShop. Qualit\u00e9, prix r\u00e9duits et achat s\u00e9curis\u00e9 \u2013 commandez d\u00e8s maintenant en ligne !\" \/>\n<meta name=\"robots\" content=\"index, follow, max-snippet:-1, max-image-preview:large, max-video-preview:-1\" \/>\n<link rel=\"canonical\" href=\"https:\/\/www.erresse-shop.it\/fr\/shop\/table-fr-2\/tasses\/seletti-guiltless-tasse-a-the-tarin-vittoria\/\" \/>\n<meta property=\"og:locale\" content=\"fr_FR\" \/>\n<meta property=\"og:type\" content=\"article\" \/>\n<meta property=\"og:title\" content=\"SELETTI Guiltless Tasse \u00e0 Th\u00e9 Tarin Vittoria\" \/>\n<meta property=\"og:description\" content=\"D\u00e9couvrez SELETTI Guiltless Tasse \u00e0 Th\u00e9 Tarin Vittoria sur ErresseShop. Qualit\u00e9, prix r\u00e9duits et achat s\u00e9curis\u00e9 \u2013 commandez d\u00e8s maintenant en ligne !\" \/>\n<meta property=\"og:url\" content=\"https:\/\/www.erresse-shop.it\/fr\/shop\/table-fr-2\/tasses\/seletti-guiltless-tasse-a-the-tarin-vittoria\/\" \/>\n<meta property=\"og:site_name\" content=\"Erresse Shop\" \/>\n<meta property=\"article:modified_time\" content=\"2025-01-13T15:26:29+00:00\" \/>\n<meta property=\"og:image\" content=\"https:\/\/www.erresse-shop.it\/wp-content\/uploads\/2021\/11\/Seletti-Guiltless-Tazza-da-Te-Tarin-Vittoria.jpg\" \/>\n\t<meta property=\"og:image:width\" content=\"900\" \/>\n\t<meta property=\"og:image:height\" content=\"1200\" \/>\n\t<meta property=\"og:image:type\" content=\"image\/jpeg\" \/>\n<meta name=\"twitter:card\" content=\"summary_large_image\" \/>\n<script type=\"application\/ld+json\" class=\"yoast-schema-graph\">{\"@context\":\"https:\/\/schema.org\",\"@graph\":[{\"@type\":\"WebPage\",\"@id\":\"https:\/\/www.erresse-shop.it\/fr\/shop\/table-fr-2\/tasses\/seletti-guiltless-tasse-a-the-tarin-vittoria\/\",\"url\":\"https:\/\/www.erresse-shop.it\/fr\/shop\/table-fr-2\/tasses\/seletti-guiltless-tasse-a-the-tarin-vittoria\/\",\"name\":\"SELETTI Guiltless Tasse \u00e0 Th\u00e9 Tarin Vittoria\",\"isPartOf\":{\"@id\":\"https:\/\/www.erresse-shop.it\/fr\/#website\"},\"datePublished\":\"2021-11-12T09:25:14+00:00\",\"dateModified\":\"2025-01-13T15:26:29+00:00\",\"description\":\"D\u00e9couvrez SELETTI Guiltless Tasse \u00e0 Th\u00e9 Tarin Vittoria sur ErresseShop. Qualit\u00e9, prix r\u00e9duits et achat s\u00e9curis\u00e9 \u2013 commandez d\u00e8s maintenant en ligne !\",\"breadcrumb\":{\"@id\":\"https:\/\/www.erresse-shop.it\/fr\/shop\/table-fr-2\/tasses\/seletti-guiltless-tasse-a-the-tarin-vittoria\/#breadcrumb\"},\"inLanguage\":\"fr-FR\",\"potentialAction\":[{\"@type\":\"ReadAction\",\"target\":[\"https:\/\/www.erresse-shop.it\/fr\/shop\/table-fr-2\/tasses\/seletti-guiltless-tasse-a-the-tarin-vittoria\/\"]}]},{\"@type\":\"BreadcrumbList\",\"@id\":\"https:\/\/www.erresse-shop.it\/fr\/shop\/table-fr-2\/tasses\/seletti-guiltless-tasse-a-the-tarin-vittoria\/#breadcrumb\",\"itemListElement\":[{\"@type\":\"ListItem\",\"position\":1,\"name\":\"Home\",\"item\":\"https:\/\/www.erresse-shop.it\/fr\/\"},{\"@type\":\"ListItem\",\"position\":2,\"name\":\"Shop\",\"item\":\"https:\/\/www.erresse-shop.it\/fr\/shop\/\"},{\"@type\":\"ListItem\",\"position\":3,\"name\":\"SELETTI Guiltless Tasse \u00e0 Th\u00e9 Tarin Vittoria\"}]},{\"@type\":\"WebSite\",\"@id\":\"https:\/\/www.erresse-shop.it\/fr\/#website\",\"url\":\"https:\/\/www.erresse-shop.it\/fr\/\",\"name\":\"Erresse Shop\",\"description\":\"Articoli di qualit\u00e0 per la casa\",\"potentialAction\":[{\"@type\":\"SearchAction\",\"target\":{\"@type\":\"EntryPoint\",\"urlTemplate\":\"https:\/\/www.erresse-shop.it\/fr\/?s={search_term_string}\"},\"query-input\":\"required name=search_term_string\"}],\"inLanguage\":\"fr-FR\"}]}<\/script>\n<!-- \/ Yoast SEO Premium plugin. -->","yoast_head_json":{"title":"SELETTI Guiltless Tasse \u00e0 Th\u00e9 Tarin Vittoria","description":"D\u00e9couvrez SELETTI Guiltless Tasse \u00e0 Th\u00e9 Tarin Vittoria sur ErresseShop. Qualit\u00e9, prix r\u00e9duits et achat s\u00e9curis\u00e9 \u2013 commandez d\u00e8s maintenant en ligne !","robots":{"index":"index","follow":"follow","max-snippet":"max-snippet:-1","max-image-preview":"max-image-preview:large","max-video-preview":"max-video-preview:-1"},"canonical":"https:\/\/www.erresse-shop.it\/fr\/shop\/table-fr-2\/tasses\/seletti-guiltless-tasse-a-the-tarin-vittoria\/","og_locale":"fr_FR","og_type":"article","og_title":"SELETTI Guiltless Tasse \u00e0 Th\u00e9 Tarin Vittoria","og_description":"D\u00e9couvrez SELETTI Guiltless Tasse \u00e0 Th\u00e9 Tarin Vittoria sur ErresseShop. Qualit\u00e9, prix r\u00e9duits et achat s\u00e9curis\u00e9 \u2013 commandez d\u00e8s maintenant en ligne !","og_url":"https:\/\/www.erresse-shop.it\/fr\/shop\/table-fr-2\/tasses\/seletti-guiltless-tasse-a-the-tarin-vittoria\/","og_site_name":"Erresse Shop","article_modified_time":"2025-01-13T15:26:29+00:00","og_image":[{"width":900,"height":1200,"url":"https:\/\/www.erresse-shop.it\/wp-content\/uploads\/2021\/11\/Seletti-Guiltless-Tazza-da-Te-Tarin-Vittoria.jpg","type":"image\/jpeg"}],"twitter_card":"summary_large_image","schema":{"@context":"https:\/\/schema.org","@graph":[{"@type":"WebPage","@id":"https:\/\/www.erresse-shop.it\/fr\/shop\/table-fr-2\/tasses\/seletti-guiltless-tasse-a-the-tarin-vittoria\/","url":"https:\/\/www.erresse-shop.it\/fr\/shop\/table-fr-2\/tasses\/seletti-guiltless-tasse-a-the-tarin-vittoria\/","name":"SELETTI Guiltless Tasse \u00e0 Th\u00e9 Tarin Vittoria","isPartOf":{"@id":"https:\/\/www.erresse-shop.it\/fr\/#website"},"datePublished":"2021-11-12T09:25:14+00:00","dateModified":"2025-01-13T15:26:29+00:00","description":"D\u00e9couvrez SELETTI Guiltless Tasse \u00e0 Th\u00e9 Tarin Vittoria sur ErresseShop. Qualit\u00e9, prix r\u00e9duits et achat s\u00e9curis\u00e9 \u2013 commandez d\u00e8s maintenant en ligne !","breadcrumb":{"@id":"https:\/\/www.erresse-shop.it\/fr\/shop\/table-fr-2\/tasses\/seletti-guiltless-tasse-a-the-tarin-vittoria\/#breadcrumb"},"inLanguage":"fr-FR","potentialAction":[{"@type":"ReadAction","target":["https:\/\/www.erresse-shop.it\/fr\/shop\/table-fr-2\/tasses\/seletti-guiltless-tasse-a-the-tarin-vittoria\/"]}]},{"@type":"BreadcrumbList","@id":"https:\/\/www.erresse-shop.it\/fr\/shop\/table-fr-2\/tasses\/seletti-guiltless-tasse-a-the-tarin-vittoria\/#breadcrumb","itemListElement":[{"@type":"ListItem","position":1,"name":"Home","item":"https:\/\/www.erresse-shop.it\/fr\/"},{"@type":"ListItem","position":2,"name":"Shop","item":"https:\/\/www.erresse-shop.it\/fr\/shop\/"},{"@type":"ListItem","position":3,"name":"SELETTI Guiltless Tasse \u00e0 Th\u00e9 Tarin Vittoria"}]},{"@type":"WebSite","@id":"https:\/\/www.erresse-shop.it\/fr\/#website","url":"https:\/\/www.erresse-shop.it\/fr\/","name":"Erresse Shop","description":"Articoli di qualit\u00e0 per la casa","potentialAction":[{"@type":"SearchAction","target":{"@type":"EntryPoint","urlTemplate":"https:\/\/www.erresse-shop.it\/fr\/?s={search_term_string}"},"query-input":"required name=search_term_string"}],"inLanguage":"fr-FR"}]}},"df_price":26.55,"df_sale_price":26.55,"df_regular_price":59,"df_image_link":"https:\/\/www.erresse-shop.it\/wp-content\/uploads\/2021\/11\/Seletti-Guiltless-Tazza-da-Te-Tarin-Vittoria-225x300.jpg","_links":{"self":[{"href":"https:\/\/www.erresse-shop.it\/fr\/wp-json\/wp\/v2\/product\/128417"}],"collection":[{"href":"https:\/\/www.erresse-shop.it\/fr\/wp-json\/wp\/v2\/product"}],"about":[{"href":"https:\/\/www.erresse-shop.it\/fr\/wp-json\/wp\/v2\/types\/product"}],"wp:featuredmedia":[{"embeddable":true,"href":"https:\/\/www.erresse-shop.it\/fr\/wp-json\/wp\/v2\/media\/128436"}],"wp:attachment":[{"href":"https:\/\/www.erresse-shop.it\/fr\/wp-json\/wp\/v2\/media?parent=128417"}],"wp:term":[{"taxonomy":"product_cat","embeddable":true,"href":"https:\/\/www.erresse-shop.it\/fr\/wp-json\/wp\/v2\/product_cat?post=128417"},{"taxonomy":"product_tag","embeddable":true,"href":"https:\/\/www.erresse-shop.it\/fr\/wp-json\/wp\/v2\/product_tag?post=128417"}],"curies":[{"name":"wp","href":"https:\/\/api.w.org\/{rel}","templated":true}]}}