{"id":128108,"date":"2021-11-11T11:41:18","date_gmt":"2021-11-11T11:41:22","guid":{"rendered":"https:\/\/www.erresse-shop.it\/?post_type=product&#038;p=128108"},"modified":"2026-02-05T10:47:29","modified_gmt":"2026-02-05T10:47:29","slug":"venini-vase-labuan-rose-h38-5","status":"publish","type":"product","link":"https:\/\/www.erresse-shop.it\/fr\/shop\/ameublement-maison\/vases-fr\/venini-vase-labuan-rose-h38-5\/","title":{"rendered":"VENINI Vase Labuan Rose H38.5"},"content":{"rendered":"<div class=\"lRu31\" dir=\"ltr\"><span class=\"HwtZe\" lang=\"fr\"><span class=\"jCAhz ChMk0b\"><span class=\"ryNqvb\"><em>Chefs-d&#8217;\u0153uvre de Murano<\/em> <\/span><\/span><\/span><\/div>\n<div dir=\"ltr\"><\/div>\n<div class=\"lRu31\" dir=\"ltr\"><span class=\"HwtZe\" lang=\"fr\"><span class=\"jCAhz ChMk0b\"><span class=\"ryNqvb\"><strong>Labuan Rosa<\/strong> <\/span><\/span><\/span><\/div>\n<div class=\"lRu31\" dir=\"ltr\"><span class=\"HwtZe\" lang=\"fr\"><span class=\"jCAhz ChMk0b\"><span class=\"ryNqvb\">\u00ab Un voyage entam\u00e9 en 1933, entre Orient et Occident, captur\u00e9 dans un souffle de verre.<\/span><\/span> <span class=\"jCAhz ChMk0b\"><span class=\"ryNqvb\">\u00bb <\/span><\/span><\/span><\/div>\n<div dir=\"ltr\"><\/div>\n<div class=\"lRu31\" dir=\"ltr\"><span class=\"HwtZe\" lang=\"fr\"><span class=\"jCAhz ChMk0b\"><span class=\"ryNqvb\">Venini depuis 1921 <\/span><\/span><\/span><\/div>\n<div dir=\"ltr\"><\/div>\n<div class=\"lRu31\" dir=\"ltr\"><span class=\"HwtZe\" lang=\"fr\"><span class=\"jCAhz ChMk0b\"><span class=\"ryNqvb\"><strong>L&#8217;\u00e2me de Labuan<\/strong> <\/span><\/span><\/span><\/div>\n<div dir=\"ltr\"><\/div>\n<div class=\"lRu31\" dir=\"ltr\"><span class=\"HwtZe\" lang=\"fr\"><span class=\"jCAhz ChMk0b\"><span class=\"ryNqvb\">Un \u00e9cho de contr\u00e9es lointaines se cristallise dans une silhouette hors du temps, o\u00f9 l&#8217;\u00e9l\u00e9gance orientale rencontre l&#8217;alchimie v\u00e9nitienne dans une \u00e9treinte de lumi\u00e8re pure et de verre.<\/span><\/span> <span class=\"jCAhz ChMk0b\"><span class=\"ryNqvb\">Le vase Labuan n&#8217;est pas un simple objet, mais une vision onirique qui incarne le charme des voyages l\u00e9gendaires et la perfection d&#8217;une forme qui semble respirer l&#8217;essence d&#8217;ailleurs.<\/span><\/span> <\/span><\/div>\n<div dir=\"ltr\"><\/div>\n<div class=\"lRu31\" dir=\"ltr\"><span class=\"HwtZe\" lang=\"fr\"><span class=\"jCAhz ChMk0b\"><span class=\"ryNqvb\"><em>L&#8217;art du ma\u00eetre verrier<\/em> <\/span><\/span><\/span><\/div>\n<div dir=\"ltr\"><\/div>\n<div class=\"lRu31\" dir=\"ltr\"><span class=\"HwtZe\" lang=\"fr\"><span class=\"jCAhz ChMk0b\"><span class=\"ryNqvb\"><strong>Opalino souffl\u00e9 et Lattimo<\/strong> <\/span><\/span><\/span><\/div>\n<div dir=\"ltr\"><\/div>\n<div class=\"lRu31\" dir=\"ltr\"><span class=\"HwtZe\" lang=\"fr\"><span class=\"jCAhz ChMk0b\"><span class=\"ryNqvb\">L&#8217;excellence de l&#8217;Opalino souffl\u00e9 se r\u00e9v\u00e8le dans un rituel mill\u00e9naire d&#8217;une rare ma\u00eetrise\u00a0: l&#8217;\u00e2me du <strong>Lattimo<\/strong>, un verre blanc opaque \u00e0 la densit\u00e9 laiteuse, est superpos\u00e9e \u00e0 des couches de verre transparent et color\u00e9.<\/span><\/span> <span class=\"jCAhz ChMk0b\"><span class=\"ryNqvb\">Cette technique conf\u00e8re \u00e0 Labuan une densit\u00e9 chromatique oscillant entre opacit\u00e9 et r\u00e9flexion, une texture \u00e0 la fois \u00e9th\u00e9r\u00e9e et profonde qui fait de chaque pi\u00e8ce une \u0153uvre d&#8217;art unique, souffl\u00e9e et fa\u00e7onn\u00e9e \u00e0 la main avec une pr\u00e9cision absolue.<\/span><\/span> <\/span><\/div>\n<div dir=\"ltr\"><\/div>\n<div class=\"lRu31\" dir=\"ltr\"><span class=\"HwtZe\" lang=\"fr\"><span class=\"jCAhz ChMk0b\"><span class=\"ryNqvb\"><em>H\u00e9ritage historique<\/em> <\/span><\/span><\/span><\/div>\n<div dir=\"ltr\"><\/div>\n<div class=\"lRu31\" dir=\"ltr\"><span class=\"HwtZe\" lang=\"fr\"><span class=\"jCAhz ChMk0b\"><span class=\"ryNqvb\"><strong>Cr\u00e9ation de 1933<\/strong> N\u00e9e en 1933 du g\u00e9nie visionnaire de <strong>Paolo Venini<\/strong>, <strong>Labuan<\/strong> repr\u00e9sente le pont culturel par excellence entre Venise et l&#8217;Orient.<\/span><\/span> <span class=\"jCAhz ChMk0b\"><span class=\"ryNqvb\">Con\u00e7ue \u00e0 l&#8217;origine pour sublimer les teintes Aquamarine et Horizon, cette pi\u00e8ce iconique a travers\u00e9 les d\u00e9cennies, demeurant un symbole d&#8217;avant-garde.<\/span><\/span> <span class=\"jCAhz\"><span class=\"ryNqvb\">Son histoire, entam\u00e9e au c\u0153ur du XXe si\u00e8cle, continue de red\u00e9finir le concept de luxe international, diffusant l&#8217;h\u00e9ritage de Murano aux quatre coins du monde.<\/span><\/span><span class=\"jCAhz\"><span class=\"ryNqvb\"> Exp\u00e9rience sensorielle Au toucher, la surface lisse du verre rose exhale une noblesse soyeuse, tandis que la lumi\u00e8re, filtrant \u00e0 travers les couches opalescentes, se transforme en une aurore perp\u00e9tuelle qui enveloppe l&#8217;espace.<\/span><\/span><span class=\"jCAhz\"><span class=\"ryNqvb\"> Labuan Rosa ne se contente pas d&#8217;am\u00e9nager une pi\u00e8ce, elle en transforme l&#8217;atmosph\u00e8re, insufflant un sentiment de calme luxueux et d&#8217;\u00e9l\u00e9gance raffin\u00e9e qui caresse les sens et enchante le regard.<\/span><\/span><\/span><\/div>\n","protected":false},"excerpt":{"rendered":"<p>Chefs-d&#8217;\u0153uvre de Murano Labuan Rosa \u00ab Un voyage entam\u00e9 en 1933, entre Orient et Occident, captur\u00e9 dans un souffle de<\/p>\n","protected":false},"featured_media":128089,"template":"","meta":{"_acf_changed":false,"inline_featured_image":false},"product_cat":[12738,14422],"product_tag":[25181,25021,17488,24680,12856],"acf":[],"yoast_head":"<!-- This site is optimized with the Yoast SEO Premium plugin v18.6 (Yoast SEO v19.13) - https:\/\/yoast.com\/wordpress\/plugins\/seo\/ -->\n<title>VENINI Vase Labuan Rose H38.5<\/title>\n<meta name=\"description\" content=\"D\u00e9couvrez VENINI Vase Labuan Rose H38.5 sur ErresseShop. Qualit\u00e9, prix r\u00e9duits et achat s\u00e9curis\u00e9 \u2013 commandez d\u00e8s maintenant en ligne !\" \/>\n<meta name=\"robots\" content=\"index, follow, max-snippet:-1, max-image-preview:large, max-video-preview:-1\" \/>\n<link rel=\"canonical\" href=\"https:\/\/www.erresse-shop.it\/fr\/shop\/ameublement-maison\/vases-fr\/venini-vase-labuan-rose-h38-5\/\" \/>\n<meta property=\"og:locale\" content=\"fr_FR\" \/>\n<meta property=\"og:type\" content=\"article\" \/>\n<meta property=\"og:title\" content=\"VENINI Vase Labuan Rose H38.5\" \/>\n<meta property=\"og:description\" content=\"D\u00e9couvrez VENINI Vase Labuan Rose H38.5 sur ErresseShop. Qualit\u00e9, prix r\u00e9duits et achat s\u00e9curis\u00e9 \u2013 commandez d\u00e8s maintenant en ligne !\" \/>\n<meta property=\"og:url\" content=\"https:\/\/www.erresse-shop.it\/fr\/shop\/ameublement-maison\/vases-fr\/venini-vase-labuan-rose-h38-5\/\" \/>\n<meta property=\"og:site_name\" content=\"Erresse Shop\" \/>\n<meta property=\"article:modified_time\" content=\"2026-02-05T10:47:29+00:00\" \/>\n<meta property=\"og:image\" content=\"https:\/\/www.erresse-shop.it\/wp-content\/uploads\/2021\/11\/VENINI-Vaso-Labuan-Rosa-H38.5.jpg\" \/>\n\t<meta property=\"og:image:width\" content=\"1000\" \/>\n\t<meta property=\"og:image:height\" content=\"1000\" \/>\n\t<meta property=\"og:image:type\" content=\"image\/jpeg\" \/>\n<meta name=\"twitter:card\" content=\"summary_large_image\" \/>\n<script type=\"application\/ld+json\" class=\"yoast-schema-graph\">{\"@context\":\"https:\/\/schema.org\",\"@graph\":[{\"@type\":\"WebPage\",\"@id\":\"https:\/\/www.erresse-shop.it\/fr\/shop\/ameublement-maison\/vases-fr\/venini-vase-labuan-rose-h38-5\/\",\"url\":\"https:\/\/www.erresse-shop.it\/fr\/shop\/ameublement-maison\/vases-fr\/venini-vase-labuan-rose-h38-5\/\",\"name\":\"VENINI Vase Labuan Rose H38.5\",\"isPartOf\":{\"@id\":\"https:\/\/www.erresse-shop.it\/fr\/#website\"},\"datePublished\":\"2021-11-11T11:41:22+00:00\",\"dateModified\":\"2026-02-05T10:47:29+00:00\",\"description\":\"D\u00e9couvrez VENINI Vase Labuan Rose H38.5 sur ErresseShop. Qualit\u00e9, prix r\u00e9duits et achat s\u00e9curis\u00e9 \u2013 commandez d\u00e8s maintenant en ligne !\",\"breadcrumb\":{\"@id\":\"https:\/\/www.erresse-shop.it\/fr\/shop\/ameublement-maison\/vases-fr\/venini-vase-labuan-rose-h38-5\/#breadcrumb\"},\"inLanguage\":\"fr-FR\",\"potentialAction\":[{\"@type\":\"ReadAction\",\"target\":[\"https:\/\/www.erresse-shop.it\/fr\/shop\/ameublement-maison\/vases-fr\/venini-vase-labuan-rose-h38-5\/\"]}]},{\"@type\":\"BreadcrumbList\",\"@id\":\"https:\/\/www.erresse-shop.it\/fr\/shop\/ameublement-maison\/vases-fr\/venini-vase-labuan-rose-h38-5\/#breadcrumb\",\"itemListElement\":[{\"@type\":\"ListItem\",\"position\":1,\"name\":\"Home\",\"item\":\"https:\/\/www.erresse-shop.it\/fr\/\"},{\"@type\":\"ListItem\",\"position\":2,\"name\":\"Shop\",\"item\":\"https:\/\/www.erresse-shop.it\/fr\/shop\/\"},{\"@type\":\"ListItem\",\"position\":3,\"name\":\"VENINI Vase Labuan Rose H38.5\"}]},{\"@type\":\"WebSite\",\"@id\":\"https:\/\/www.erresse-shop.it\/fr\/#website\",\"url\":\"https:\/\/www.erresse-shop.it\/fr\/\",\"name\":\"Erresse Shop\",\"description\":\"Articoli di qualit\u00e0 per la casa\",\"potentialAction\":[{\"@type\":\"SearchAction\",\"target\":{\"@type\":\"EntryPoint\",\"urlTemplate\":\"https:\/\/www.erresse-shop.it\/fr\/?s={search_term_string}\"},\"query-input\":\"required name=search_term_string\"}],\"inLanguage\":\"fr-FR\"}]}<\/script>\n<!-- \/ Yoast SEO Premium plugin. -->","yoast_head_json":{"title":"VENINI Vase Labuan Rose H38.5","description":"D\u00e9couvrez VENINI Vase Labuan Rose H38.5 sur ErresseShop. Qualit\u00e9, prix r\u00e9duits et achat s\u00e9curis\u00e9 \u2013 commandez d\u00e8s maintenant en ligne !","robots":{"index":"index","follow":"follow","max-snippet":"max-snippet:-1","max-image-preview":"max-image-preview:large","max-video-preview":"max-video-preview:-1"},"canonical":"https:\/\/www.erresse-shop.it\/fr\/shop\/ameublement-maison\/vases-fr\/venini-vase-labuan-rose-h38-5\/","og_locale":"fr_FR","og_type":"article","og_title":"VENINI Vase Labuan Rose H38.5","og_description":"D\u00e9couvrez VENINI Vase Labuan Rose H38.5 sur ErresseShop. Qualit\u00e9, prix r\u00e9duits et achat s\u00e9curis\u00e9 \u2013 commandez d\u00e8s maintenant en ligne !","og_url":"https:\/\/www.erresse-shop.it\/fr\/shop\/ameublement-maison\/vases-fr\/venini-vase-labuan-rose-h38-5\/","og_site_name":"Erresse Shop","article_modified_time":"2026-02-05T10:47:29+00:00","og_image":[{"width":1000,"height":1000,"url":"https:\/\/www.erresse-shop.it\/wp-content\/uploads\/2021\/11\/VENINI-Vaso-Labuan-Rosa-H38.5.jpg","type":"image\/jpeg"}],"twitter_card":"summary_large_image","schema":{"@context":"https:\/\/schema.org","@graph":[{"@type":"WebPage","@id":"https:\/\/www.erresse-shop.it\/fr\/shop\/ameublement-maison\/vases-fr\/venini-vase-labuan-rose-h38-5\/","url":"https:\/\/www.erresse-shop.it\/fr\/shop\/ameublement-maison\/vases-fr\/venini-vase-labuan-rose-h38-5\/","name":"VENINI Vase Labuan Rose H38.5","isPartOf":{"@id":"https:\/\/www.erresse-shop.it\/fr\/#website"},"datePublished":"2021-11-11T11:41:22+00:00","dateModified":"2026-02-05T10:47:29+00:00","description":"D\u00e9couvrez VENINI Vase Labuan Rose H38.5 sur ErresseShop. Qualit\u00e9, prix r\u00e9duits et achat s\u00e9curis\u00e9 \u2013 commandez d\u00e8s maintenant en ligne !","breadcrumb":{"@id":"https:\/\/www.erresse-shop.it\/fr\/shop\/ameublement-maison\/vases-fr\/venini-vase-labuan-rose-h38-5\/#breadcrumb"},"inLanguage":"fr-FR","potentialAction":[{"@type":"ReadAction","target":["https:\/\/www.erresse-shop.it\/fr\/shop\/ameublement-maison\/vases-fr\/venini-vase-labuan-rose-h38-5\/"]}]},{"@type":"BreadcrumbList","@id":"https:\/\/www.erresse-shop.it\/fr\/shop\/ameublement-maison\/vases-fr\/venini-vase-labuan-rose-h38-5\/#breadcrumb","itemListElement":[{"@type":"ListItem","position":1,"name":"Home","item":"https:\/\/www.erresse-shop.it\/fr\/"},{"@type":"ListItem","position":2,"name":"Shop","item":"https:\/\/www.erresse-shop.it\/fr\/shop\/"},{"@type":"ListItem","position":3,"name":"VENINI Vase Labuan Rose H38.5"}]},{"@type":"WebSite","@id":"https:\/\/www.erresse-shop.it\/fr\/#website","url":"https:\/\/www.erresse-shop.it\/fr\/","name":"Erresse Shop","description":"Articoli di qualit\u00e0 per la casa","potentialAction":[{"@type":"SearchAction","target":{"@type":"EntryPoint","urlTemplate":"https:\/\/www.erresse-shop.it\/fr\/?s={search_term_string}"},"query-input":"required name=search_term_string"}],"inLanguage":"fr-FR"}]}},"df_price":569.95,"df_sale_price":569.95,"df_regular_price":890,"df_image_link":"https:\/\/www.erresse-shop.it\/wp-content\/uploads\/2021\/11\/VENINI-Vaso-Labuan-Rosa-H38.5-300x300.jpg","_links":{"self":[{"href":"https:\/\/www.erresse-shop.it\/fr\/wp-json\/wp\/v2\/product\/128108"}],"collection":[{"href":"https:\/\/www.erresse-shop.it\/fr\/wp-json\/wp\/v2\/product"}],"about":[{"href":"https:\/\/www.erresse-shop.it\/fr\/wp-json\/wp\/v2\/types\/product"}],"wp:featuredmedia":[{"embeddable":true,"href":"https:\/\/www.erresse-shop.it\/fr\/wp-json\/wp\/v2\/media\/128089"}],"wp:attachment":[{"href":"https:\/\/www.erresse-shop.it\/fr\/wp-json\/wp\/v2\/media?parent=128108"}],"wp:term":[{"taxonomy":"product_cat","embeddable":true,"href":"https:\/\/www.erresse-shop.it\/fr\/wp-json\/wp\/v2\/product_cat?post=128108"},{"taxonomy":"product_tag","embeddable":true,"href":"https:\/\/www.erresse-shop.it\/fr\/wp-json\/wp\/v2\/product_tag?post=128108"}],"curies":[{"name":"wp","href":"https:\/\/api.w.org\/{rel}","templated":true}]}}