{"id":127937,"date":"2021-11-11T08:11:53","date_gmt":"2021-11-11T08:11:56","guid":{"rendered":"https:\/\/www.erresse-shop.it\/?post_type=product&#038;p=127937"},"modified":"2025-01-13T15:25:28","modified_gmt":"2025-01-13T15:25:28","slug":"venini-vase-idria-ambre-et-lattimo-h-27-cm","status":"publish","type":"product","link":"https:\/\/www.erresse-shop.it\/fr\/shop\/ameublement-maison\/vases-fr\/venini-vase-idria-ambre-et-lattimo-h-27-cm\/","title":{"rendered":"VENINI Vase Idria Ambre et Lattimo H 27 cm"},"content":{"rendered":"<p>Le r\u00e9cipient \u00e0 eau de la Gr\u00e8ce antique est transform\u00e9 de terre cuite en verre par <strong>Venini<\/strong>. Dans ses lignes, il \u00e9voque des rythmes disparus et les fait revivre, r\u00e9v\u00e9lant ainsi l&#8217;intemporalit\u00e9 de la beaut\u00e9.<br \/>\nLe vase <strong>Idria<\/strong> s&#8217;inspire du pass\u00e9, des traditions, mais fait partie des cr\u00e9ations les plus r\u00e9centes, datant de 2016.<br \/>\nDu grec Hydria, le nom lui-m\u00eame rappelle l&#8217;eau, qui \u00e9tait traditionnellement transport\u00e9e dans ce type d&#8217;amphore. Par sa forme, Hydria raconte une histoire qui a le charme des anciens rituels quotidiens.<br \/>\nSouffl\u00e9e et travaill\u00e9e \u00e0 la main selon la technique<strong> Soffiato Opalino<\/strong>. Elle est obtenue en superposant le verre &#8220;lattimo&#8221; avec un ou plusieurs verres minces transparents et color\u00e9s, ce qui permet d&#8217;obtenir de splendides objets aux couleurs intenses et lumineuses.<\/p>\n<p><strong>OPALINE SOUFFL\u00c9E<\/strong><br \/>\nLe verre opalin, souffl\u00e9 et travaill\u00e9 \u00e0 la main, est obtenu en superposant du lattimo avec d&#8217;autres verres. La technique est ainsi appel\u00e9e parce que les artisans dilatent et fa\u00e7onnent le verre en soufflant de l&#8217;air dans une longue tige m\u00e9tallique qui lui est reli\u00e9e, selon la tradition mill\u00e9naire de la verrerie. Cette action ancienne, associ\u00e9e \u00e0 l&#8217;exp\u00e9rience et \u00e0 l&#8217;habilet\u00e9 des ma\u00eetres verriers, transforme un simple verre en v\u00e9ritable chef-d&#8217;\u0153uvre artistique, unique en son genre.<\/p>\n","protected":false},"excerpt":{"rendered":"<p>Le r\u00e9cipient \u00e0 eau de la Gr\u00e8ce antique est transform\u00e9 de terre cuite en verre par Venini. Dans ses lignes,<\/p>\n","protected":false},"featured_media":127924,"template":"","meta":{"_acf_changed":false,"inline_featured_image":false},"product_cat":[12738,14422],"product_tag":[25181,14413,25021,17388,24680,12856,13849,14424],"acf":[],"yoast_head":"<!-- This site is optimized with the Yoast SEO Premium plugin v18.6 (Yoast SEO v19.13) - https:\/\/yoast.com\/wordpress\/plugins\/seo\/ -->\n<title>VENINI Vase Idria Ambre et Lattimo H 27 cm<\/title>\n<meta name=\"description\" content=\"D\u00e9couvrez VENINI Vase Idria Ambre et Lattimo H 27 cm sur ErresseShop. Qualit\u00e9, prix r\u00e9duits et achat s\u00e9curis\u00e9 \u2013 commandez d\u00e8s maintenant en ligne !\" \/>\n<meta name=\"robots\" content=\"index, follow, max-snippet:-1, max-image-preview:large, max-video-preview:-1\" \/>\n<link rel=\"canonical\" href=\"https:\/\/www.erresse-shop.it\/fr\/shop\/ameublement-maison\/vases-fr\/venini-vase-idria-ambre-et-lattimo-h-27-cm\/\" \/>\n<meta property=\"og:locale\" content=\"fr_FR\" \/>\n<meta property=\"og:type\" content=\"article\" \/>\n<meta property=\"og:title\" content=\"VENINI Vase Idria Ambre et Lattimo H 27 cm\" \/>\n<meta property=\"og:description\" content=\"D\u00e9couvrez VENINI Vase Idria Ambre et Lattimo H 27 cm sur ErresseShop. Qualit\u00e9, prix r\u00e9duits et achat s\u00e9curis\u00e9 \u2013 commandez d\u00e8s maintenant en ligne !\" \/>\n<meta property=\"og:url\" content=\"https:\/\/www.erresse-shop.it\/fr\/shop\/ameublement-maison\/vases-fr\/venini-vase-idria-ambre-et-lattimo-h-27-cm\/\" \/>\n<meta property=\"og:site_name\" content=\"Erresse Shop\" \/>\n<meta property=\"article:modified_time\" content=\"2025-01-13T15:25:28+00:00\" \/>\n<meta property=\"og:image\" content=\"https:\/\/www.erresse-shop.it\/wp-content\/uploads\/2021\/11\/VENINI-Vaso-Idria-Giallo-H27.jpg\" \/>\n\t<meta property=\"og:image:width\" content=\"1000\" \/>\n\t<meta property=\"og:image:height\" content=\"1000\" \/>\n\t<meta property=\"og:image:type\" content=\"image\/jpeg\" \/>\n<meta name=\"twitter:card\" content=\"summary_large_image\" \/>\n<script type=\"application\/ld+json\" class=\"yoast-schema-graph\">{\"@context\":\"https:\/\/schema.org\",\"@graph\":[{\"@type\":\"WebPage\",\"@id\":\"https:\/\/www.erresse-shop.it\/fr\/shop\/ameublement-maison\/vases-fr\/venini-vase-idria-ambre-et-lattimo-h-27-cm\/\",\"url\":\"https:\/\/www.erresse-shop.it\/fr\/shop\/ameublement-maison\/vases-fr\/venini-vase-idria-ambre-et-lattimo-h-27-cm\/\",\"name\":\"VENINI Vase Idria Ambre et Lattimo H 27 cm\",\"isPartOf\":{\"@id\":\"https:\/\/www.erresse-shop.it\/fr\/#website\"},\"datePublished\":\"2021-11-11T08:11:56+00:00\",\"dateModified\":\"2025-01-13T15:25:28+00:00\",\"description\":\"D\u00e9couvrez VENINI Vase Idria Ambre et Lattimo H 27 cm sur ErresseShop. Qualit\u00e9, prix r\u00e9duits et achat s\u00e9curis\u00e9 \u2013 commandez d\u00e8s maintenant en ligne !\",\"breadcrumb\":{\"@id\":\"https:\/\/www.erresse-shop.it\/fr\/shop\/ameublement-maison\/vases-fr\/venini-vase-idria-ambre-et-lattimo-h-27-cm\/#breadcrumb\"},\"inLanguage\":\"fr-FR\",\"potentialAction\":[{\"@type\":\"ReadAction\",\"target\":[\"https:\/\/www.erresse-shop.it\/fr\/shop\/ameublement-maison\/vases-fr\/venini-vase-idria-ambre-et-lattimo-h-27-cm\/\"]}]},{\"@type\":\"BreadcrumbList\",\"@id\":\"https:\/\/www.erresse-shop.it\/fr\/shop\/ameublement-maison\/vases-fr\/venini-vase-idria-ambre-et-lattimo-h-27-cm\/#breadcrumb\",\"itemListElement\":[{\"@type\":\"ListItem\",\"position\":1,\"name\":\"Home\",\"item\":\"https:\/\/www.erresse-shop.it\/fr\/\"},{\"@type\":\"ListItem\",\"position\":2,\"name\":\"Shop\",\"item\":\"https:\/\/www.erresse-shop.it\/fr\/shop\/\"},{\"@type\":\"ListItem\",\"position\":3,\"name\":\"VENINI Vase Idria Ambre et Lattimo H 27 cm\"}]},{\"@type\":\"WebSite\",\"@id\":\"https:\/\/www.erresse-shop.it\/fr\/#website\",\"url\":\"https:\/\/www.erresse-shop.it\/fr\/\",\"name\":\"Erresse Shop\",\"description\":\"Articoli di qualit\u00e0 per la casa\",\"potentialAction\":[{\"@type\":\"SearchAction\",\"target\":{\"@type\":\"EntryPoint\",\"urlTemplate\":\"https:\/\/www.erresse-shop.it\/fr\/?s={search_term_string}\"},\"query-input\":\"required name=search_term_string\"}],\"inLanguage\":\"fr-FR\"}]}<\/script>\n<!-- \/ Yoast SEO Premium plugin. -->","yoast_head_json":{"title":"VENINI Vase Idria Ambre et Lattimo H 27 cm","description":"D\u00e9couvrez VENINI Vase Idria Ambre et Lattimo H 27 cm sur ErresseShop. Qualit\u00e9, prix r\u00e9duits et achat s\u00e9curis\u00e9 \u2013 commandez d\u00e8s maintenant en ligne !","robots":{"index":"index","follow":"follow","max-snippet":"max-snippet:-1","max-image-preview":"max-image-preview:large","max-video-preview":"max-video-preview:-1"},"canonical":"https:\/\/www.erresse-shop.it\/fr\/shop\/ameublement-maison\/vases-fr\/venini-vase-idria-ambre-et-lattimo-h-27-cm\/","og_locale":"fr_FR","og_type":"article","og_title":"VENINI Vase Idria Ambre et Lattimo H 27 cm","og_description":"D\u00e9couvrez VENINI Vase Idria Ambre et Lattimo H 27 cm sur ErresseShop. Qualit\u00e9, prix r\u00e9duits et achat s\u00e9curis\u00e9 \u2013 commandez d\u00e8s maintenant en ligne !","og_url":"https:\/\/www.erresse-shop.it\/fr\/shop\/ameublement-maison\/vases-fr\/venini-vase-idria-ambre-et-lattimo-h-27-cm\/","og_site_name":"Erresse Shop","article_modified_time":"2025-01-13T15:25:28+00:00","og_image":[{"width":1000,"height":1000,"url":"https:\/\/www.erresse-shop.it\/wp-content\/uploads\/2021\/11\/VENINI-Vaso-Idria-Giallo-H27.jpg","type":"image\/jpeg"}],"twitter_card":"summary_large_image","schema":{"@context":"https:\/\/schema.org","@graph":[{"@type":"WebPage","@id":"https:\/\/www.erresse-shop.it\/fr\/shop\/ameublement-maison\/vases-fr\/venini-vase-idria-ambre-et-lattimo-h-27-cm\/","url":"https:\/\/www.erresse-shop.it\/fr\/shop\/ameublement-maison\/vases-fr\/venini-vase-idria-ambre-et-lattimo-h-27-cm\/","name":"VENINI Vase Idria Ambre et Lattimo H 27 cm","isPartOf":{"@id":"https:\/\/www.erresse-shop.it\/fr\/#website"},"datePublished":"2021-11-11T08:11:56+00:00","dateModified":"2025-01-13T15:25:28+00:00","description":"D\u00e9couvrez VENINI Vase Idria Ambre et Lattimo H 27 cm sur ErresseShop. Qualit\u00e9, prix r\u00e9duits et achat s\u00e9curis\u00e9 \u2013 commandez d\u00e8s maintenant en ligne !","breadcrumb":{"@id":"https:\/\/www.erresse-shop.it\/fr\/shop\/ameublement-maison\/vases-fr\/venini-vase-idria-ambre-et-lattimo-h-27-cm\/#breadcrumb"},"inLanguage":"fr-FR","potentialAction":[{"@type":"ReadAction","target":["https:\/\/www.erresse-shop.it\/fr\/shop\/ameublement-maison\/vases-fr\/venini-vase-idria-ambre-et-lattimo-h-27-cm\/"]}]},{"@type":"BreadcrumbList","@id":"https:\/\/www.erresse-shop.it\/fr\/shop\/ameublement-maison\/vases-fr\/venini-vase-idria-ambre-et-lattimo-h-27-cm\/#breadcrumb","itemListElement":[{"@type":"ListItem","position":1,"name":"Home","item":"https:\/\/www.erresse-shop.it\/fr\/"},{"@type":"ListItem","position":2,"name":"Shop","item":"https:\/\/www.erresse-shop.it\/fr\/shop\/"},{"@type":"ListItem","position":3,"name":"VENINI Vase Idria Ambre et Lattimo H 27 cm"}]},{"@type":"WebSite","@id":"https:\/\/www.erresse-shop.it\/fr\/#website","url":"https:\/\/www.erresse-shop.it\/fr\/","name":"Erresse Shop","description":"Articoli di qualit\u00e0 per la casa","potentialAction":[{"@type":"SearchAction","target":{"@type":"EntryPoint","urlTemplate":"https:\/\/www.erresse-shop.it\/fr\/?s={search_term_string}"},"query-input":"required name=search_term_string"}],"inLanguage":"fr-FR"}]}},"df_price":589.95,"df_sale_price":589.95,"df_regular_price":890,"df_image_link":"https:\/\/www.erresse-shop.it\/wp-content\/uploads\/2021\/11\/VENINI-Vaso-Idria-Giallo-H27-300x300.jpg","_links":{"self":[{"href":"https:\/\/www.erresse-shop.it\/fr\/wp-json\/wp\/v2\/product\/127937"}],"collection":[{"href":"https:\/\/www.erresse-shop.it\/fr\/wp-json\/wp\/v2\/product"}],"about":[{"href":"https:\/\/www.erresse-shop.it\/fr\/wp-json\/wp\/v2\/types\/product"}],"wp:featuredmedia":[{"embeddable":true,"href":"https:\/\/www.erresse-shop.it\/fr\/wp-json\/wp\/v2\/media\/127924"}],"wp:attachment":[{"href":"https:\/\/www.erresse-shop.it\/fr\/wp-json\/wp\/v2\/media?parent=127937"}],"wp:term":[{"taxonomy":"product_cat","embeddable":true,"href":"https:\/\/www.erresse-shop.it\/fr\/wp-json\/wp\/v2\/product_cat?post=127937"},{"taxonomy":"product_tag","embeddable":true,"href":"https:\/\/www.erresse-shop.it\/fr\/wp-json\/wp\/v2\/product_tag?post=127937"}],"curies":[{"name":"wp","href":"https:\/\/api.w.org\/{rel}","templated":true}]}}