{"id":127524,"date":"2021-11-08T15:47:06","date_gmt":"2021-11-08T15:47:11","guid":{"rendered":"https:\/\/www.erresse-shop.it\/?post_type=product&#038;p=127524"},"modified":"2025-01-13T15:25:00","modified_gmt":"2025-01-13T15:25:00","slug":"venini-vase-opalino-rose-poudre-h-36-cm","status":"publish","type":"product","link":"https:\/\/www.erresse-shop.it\/fr\/shop\/ameublement-maison\/vases-fr\/venini-vase-opalino-rose-poudre-h-36-cm\/","title":{"rendered":"VENINI Vase Opalino Rose Poudr\u00e9 H 36 cm"},"content":{"rendered":"<p>Le vase Opalino est n\u00e9 en 1932 de l&#8217;esprit de <strong>Paolo Venini<\/strong>, aussi gracieux dans le ton que dans la forme.<br \/>\nUn voyage dans le temps relie le XVe si\u00e8cle au n\u00e9oclassicisme du mouvement du XXe si\u00e8cle, pour aboutir \u00e0 la cr\u00e9ation du vase <strong>Opalino<\/strong>.<br \/>\nC&#8217;est la d\u00e9couverte d&#8217;un nouvel ordre aux lignes essentielles et raffin\u00e9es. Il est pr\u00e9sent\u00e9 dans des couleurs raffin\u00e9es, rendues uniques par le travail ancien et complexe du verre Lattimo, n\u00e9 au XVe si\u00e8cle pour imiter la porcelaine et repris par les exp\u00e9riences du Fourneau.<\/p>\n<p><strong>OPALINE SOUFFL\u00c9<\/strong><br \/>\nLe verre Opalino est souffl\u00e9 et travaill\u00e9 \u00e0 la main et s&#8217;obtient en superposant le Lattimo \u00e0 d&#8217;autres verres. La technique est ainsi d\u00e9finie parce que les artisans dilatent et fa\u00e7onnent le verre en soufflant de l&#8217;air dans une longue tige m\u00e9tallique qui lui est reli\u00e9e, conform\u00e9ment \u00e0 la tradition mill\u00e9naire de la verrerie. Cette action ancienne, associ\u00e9e \u00e0 l&#8217;exp\u00e9rience et \u00e0 l&#8217;habilet\u00e9 des ma\u00eetres verriers, transforme un simple verre en v\u00e9ritable chef-d&#8217;\u0153uvre artistique, unique en son genre.<\/p>\n","protected":false},"excerpt":{"rendered":"<p>Le vase Opalino est n\u00e9 en 1932 de l&#8217;esprit de Paolo Venini, aussi gracieux dans le ton que dans la<\/p>\n","protected":false},"featured_media":127482,"template":"","meta":{"_acf_changed":false,"inline_featured_image":false},"product_cat":[12738,14422],"product_tag":[14413,24680,12856,17375,13849,14424],"acf":[],"yoast_head":"<!-- This site is optimized with the Yoast SEO Premium plugin v18.6 (Yoast SEO v19.13) - https:\/\/yoast.com\/wordpress\/plugins\/seo\/ -->\n<title>VENINI Vase Opalino Rose Poudr\u00e9 H 36 cm<\/title>\n<meta name=\"description\" content=\"D\u00e9couvrez VENINI Vase Opalino Rose Poudr\u00e9 H 36 cm sur ErresseShop. Qualit\u00e9, prix r\u00e9duits et achat s\u00e9curis\u00e9 \u2013 commandez d\u00e8s maintenant en ligne !\" \/>\n<meta name=\"robots\" content=\"index, follow, max-snippet:-1, max-image-preview:large, max-video-preview:-1\" \/>\n<link rel=\"canonical\" href=\"https:\/\/www.erresse-shop.it\/fr\/shop\/ameublement-maison\/vases-fr\/venini-vase-opalino-rose-poudre-h-36-cm\/\" \/>\n<meta property=\"og:locale\" content=\"fr_FR\" \/>\n<meta property=\"og:type\" content=\"article\" \/>\n<meta property=\"og:title\" content=\"VENINI Vase Opalino Rose Poudr\u00e9 H 36 cm\" \/>\n<meta property=\"og:description\" content=\"D\u00e9couvrez VENINI Vase Opalino Rose Poudr\u00e9 H 36 cm sur ErresseShop. Qualit\u00e9, prix r\u00e9duits et achat s\u00e9curis\u00e9 \u2013 commandez d\u00e8s maintenant en ligne !\" \/>\n<meta property=\"og:url\" content=\"https:\/\/www.erresse-shop.it\/fr\/shop\/ameublement-maison\/vases-fr\/venini-vase-opalino-rose-poudre-h-36-cm\/\" \/>\n<meta property=\"og:site_name\" content=\"Erresse Shop\" \/>\n<meta property=\"article:modified_time\" content=\"2025-01-13T15:25:00+00:00\" \/>\n<meta property=\"og:image\" content=\"https:\/\/www.erresse-shop.it\/wp-content\/uploads\/2021\/11\/VENINI-Vaso-Opalino-Rosa.jpg\" \/>\n\t<meta property=\"og:image:width\" content=\"1000\" \/>\n\t<meta property=\"og:image:height\" content=\"1000\" \/>\n\t<meta property=\"og:image:type\" content=\"image\/jpeg\" \/>\n<meta name=\"twitter:card\" content=\"summary_large_image\" \/>\n<script type=\"application\/ld+json\" class=\"yoast-schema-graph\">{\"@context\":\"https:\/\/schema.org\",\"@graph\":[{\"@type\":\"WebPage\",\"@id\":\"https:\/\/www.erresse-shop.it\/fr\/shop\/ameublement-maison\/vases-fr\/venini-vase-opalino-rose-poudre-h-36-cm\/\",\"url\":\"https:\/\/www.erresse-shop.it\/fr\/shop\/ameublement-maison\/vases-fr\/venini-vase-opalino-rose-poudre-h-36-cm\/\",\"name\":\"VENINI Vase Opalino Rose Poudr\u00e9 H 36 cm\",\"isPartOf\":{\"@id\":\"https:\/\/www.erresse-shop.it\/fr\/#website\"},\"datePublished\":\"2021-11-08T15:47:11+00:00\",\"dateModified\":\"2025-01-13T15:25:00+00:00\",\"description\":\"D\u00e9couvrez VENINI Vase Opalino Rose Poudr\u00e9 H 36 cm sur ErresseShop. Qualit\u00e9, prix r\u00e9duits et achat s\u00e9curis\u00e9 \u2013 commandez d\u00e8s maintenant en ligne !\",\"breadcrumb\":{\"@id\":\"https:\/\/www.erresse-shop.it\/fr\/shop\/ameublement-maison\/vases-fr\/venini-vase-opalino-rose-poudre-h-36-cm\/#breadcrumb\"},\"inLanguage\":\"fr-FR\",\"potentialAction\":[{\"@type\":\"ReadAction\",\"target\":[\"https:\/\/www.erresse-shop.it\/fr\/shop\/ameublement-maison\/vases-fr\/venini-vase-opalino-rose-poudre-h-36-cm\/\"]}]},{\"@type\":\"BreadcrumbList\",\"@id\":\"https:\/\/www.erresse-shop.it\/fr\/shop\/ameublement-maison\/vases-fr\/venini-vase-opalino-rose-poudre-h-36-cm\/#breadcrumb\",\"itemListElement\":[{\"@type\":\"ListItem\",\"position\":1,\"name\":\"Home\",\"item\":\"https:\/\/www.erresse-shop.it\/fr\/\"},{\"@type\":\"ListItem\",\"position\":2,\"name\":\"Shop\",\"item\":\"https:\/\/www.erresse-shop.it\/fr\/shop\/\"},{\"@type\":\"ListItem\",\"position\":3,\"name\":\"VENINI Vase Opalino Rose Poudr\u00e9 H 36 cm\"}]},{\"@type\":\"WebSite\",\"@id\":\"https:\/\/www.erresse-shop.it\/fr\/#website\",\"url\":\"https:\/\/www.erresse-shop.it\/fr\/\",\"name\":\"Erresse Shop\",\"description\":\"Articoli di qualit\u00e0 per la casa\",\"potentialAction\":[{\"@type\":\"SearchAction\",\"target\":{\"@type\":\"EntryPoint\",\"urlTemplate\":\"https:\/\/www.erresse-shop.it\/fr\/?s={search_term_string}\"},\"query-input\":\"required name=search_term_string\"}],\"inLanguage\":\"fr-FR\"}]}<\/script>\n<!-- \/ Yoast SEO Premium plugin. -->","yoast_head_json":{"title":"VENINI Vase Opalino Rose Poudr\u00e9 H 36 cm","description":"D\u00e9couvrez VENINI Vase Opalino Rose Poudr\u00e9 H 36 cm sur ErresseShop. Qualit\u00e9, prix r\u00e9duits et achat s\u00e9curis\u00e9 \u2013 commandez d\u00e8s maintenant en ligne !","robots":{"index":"index","follow":"follow","max-snippet":"max-snippet:-1","max-image-preview":"max-image-preview:large","max-video-preview":"max-video-preview:-1"},"canonical":"https:\/\/www.erresse-shop.it\/fr\/shop\/ameublement-maison\/vases-fr\/venini-vase-opalino-rose-poudre-h-36-cm\/","og_locale":"fr_FR","og_type":"article","og_title":"VENINI Vase Opalino Rose Poudr\u00e9 H 36 cm","og_description":"D\u00e9couvrez VENINI Vase Opalino Rose Poudr\u00e9 H 36 cm sur ErresseShop. Qualit\u00e9, prix r\u00e9duits et achat s\u00e9curis\u00e9 \u2013 commandez d\u00e8s maintenant en ligne !","og_url":"https:\/\/www.erresse-shop.it\/fr\/shop\/ameublement-maison\/vases-fr\/venini-vase-opalino-rose-poudre-h-36-cm\/","og_site_name":"Erresse Shop","article_modified_time":"2025-01-13T15:25:00+00:00","og_image":[{"width":1000,"height":1000,"url":"https:\/\/www.erresse-shop.it\/wp-content\/uploads\/2021\/11\/VENINI-Vaso-Opalino-Rosa.jpg","type":"image\/jpeg"}],"twitter_card":"summary_large_image","schema":{"@context":"https:\/\/schema.org","@graph":[{"@type":"WebPage","@id":"https:\/\/www.erresse-shop.it\/fr\/shop\/ameublement-maison\/vases-fr\/venini-vase-opalino-rose-poudre-h-36-cm\/","url":"https:\/\/www.erresse-shop.it\/fr\/shop\/ameublement-maison\/vases-fr\/venini-vase-opalino-rose-poudre-h-36-cm\/","name":"VENINI Vase Opalino Rose Poudr\u00e9 H 36 cm","isPartOf":{"@id":"https:\/\/www.erresse-shop.it\/fr\/#website"},"datePublished":"2021-11-08T15:47:11+00:00","dateModified":"2025-01-13T15:25:00+00:00","description":"D\u00e9couvrez VENINI Vase Opalino Rose Poudr\u00e9 H 36 cm sur ErresseShop. Qualit\u00e9, prix r\u00e9duits et achat s\u00e9curis\u00e9 \u2013 commandez d\u00e8s maintenant en ligne !","breadcrumb":{"@id":"https:\/\/www.erresse-shop.it\/fr\/shop\/ameublement-maison\/vases-fr\/venini-vase-opalino-rose-poudre-h-36-cm\/#breadcrumb"},"inLanguage":"fr-FR","potentialAction":[{"@type":"ReadAction","target":["https:\/\/www.erresse-shop.it\/fr\/shop\/ameublement-maison\/vases-fr\/venini-vase-opalino-rose-poudre-h-36-cm\/"]}]},{"@type":"BreadcrumbList","@id":"https:\/\/www.erresse-shop.it\/fr\/shop\/ameublement-maison\/vases-fr\/venini-vase-opalino-rose-poudre-h-36-cm\/#breadcrumb","itemListElement":[{"@type":"ListItem","position":1,"name":"Home","item":"https:\/\/www.erresse-shop.it\/fr\/"},{"@type":"ListItem","position":2,"name":"Shop","item":"https:\/\/www.erresse-shop.it\/fr\/shop\/"},{"@type":"ListItem","position":3,"name":"VENINI Vase Opalino Rose Poudr\u00e9 H 36 cm"}]},{"@type":"WebSite","@id":"https:\/\/www.erresse-shop.it\/fr\/#website","url":"https:\/\/www.erresse-shop.it\/fr\/","name":"Erresse Shop","description":"Articoli di qualit\u00e0 per la casa","potentialAction":[{"@type":"SearchAction","target":{"@type":"EntryPoint","urlTemplate":"https:\/\/www.erresse-shop.it\/fr\/?s={search_term_string}"},"query-input":"required name=search_term_string"}],"inLanguage":"fr-FR"}]}},"df_price":439.40000000000003,"df_sale_price":439.40000000000003,"df_regular_price":845,"df_image_link":"https:\/\/www.erresse-shop.it\/wp-content\/uploads\/2021\/11\/VENINI-Vaso-Opalino-Rosa-300x300.jpg","_links":{"self":[{"href":"https:\/\/www.erresse-shop.it\/fr\/wp-json\/wp\/v2\/product\/127524"}],"collection":[{"href":"https:\/\/www.erresse-shop.it\/fr\/wp-json\/wp\/v2\/product"}],"about":[{"href":"https:\/\/www.erresse-shop.it\/fr\/wp-json\/wp\/v2\/types\/product"}],"wp:featuredmedia":[{"embeddable":true,"href":"https:\/\/www.erresse-shop.it\/fr\/wp-json\/wp\/v2\/media\/127482"}],"wp:attachment":[{"href":"https:\/\/www.erresse-shop.it\/fr\/wp-json\/wp\/v2\/media?parent=127524"}],"wp:term":[{"taxonomy":"product_cat","embeddable":true,"href":"https:\/\/www.erresse-shop.it\/fr\/wp-json\/wp\/v2\/product_cat?post=127524"},{"taxonomy":"product_tag","embeddable":true,"href":"https:\/\/www.erresse-shop.it\/fr\/wp-json\/wp\/v2\/product_tag?post=127524"}],"curies":[{"name":"wp","href":"https:\/\/api.w.org\/{rel}","templated":true}]}}