{"id":127471,"date":"2021-11-08T14:33:28","date_gmt":"2021-11-08T14:33:32","guid":{"rendered":"https:\/\/www.erresse-shop.it\/?post_type=product&#038;p=127471"},"modified":"2026-01-15T08:48:54","modified_gmt":"2026-01-15T08:48:54","slug":"venini-vase-monofiori-marron-avec-fil-rouge-h24-5","status":"publish","type":"product","link":"https:\/\/www.erresse-shop.it\/fr\/shop\/ameublement-maison\/vases-fr\/venini-vase-monofiori-marron-avec-fil-rouge-h24-5\/","title":{"rendered":"VENINI Vase Monofiori Marron avec Fil Rouge H24.5"},"content":{"rendered":"<div class=\"lRu31\" dir=\"ltr\"><span class=\"HwtZe\" lang=\"fr\"><span class=\"jCAhz ChMk0b\"><span class=\"ryNqvb\">Le verre souffl\u00e9 est fa\u00e7onn\u00e9 artisanalement selon la technique traditionnelle du balloton, \u00e0 l&#8217;aide d&#8217;un moule m\u00e9tallique cr\u00e9ant un effet de relief entrecrois\u00e9.<\/span><\/span> <\/span><\/div>\n<div class=\"lRu31\" dir=\"ltr\"><span class=\"HwtZe\" lang=\"fr\"><span class=\"jCAhz ChMk0b\"><span class=\"ryNqvb\">Les vases Venini Monofiore sont fabriqu\u00e9s selon la technique traditionnelle du balloton.<\/span><\/span> <span class=\"jCAhz\"><span class=\"ryNqvb\">Cette technique permet d&#8217;obtenir un effet optique unique.<\/span><\/span> <span class=\"jCAhz ChMk0b\"><span class=\"ryNqvb\">Elle consiste \u00e0 utiliser un moule m\u00e9tallique muni de petites pointes pyramidales \u00e0 base carr\u00e9e qui, lors du soufflage, conf\u00e8rent \u00e0 l&#8217;objet un relief entrecrois\u00e9.<\/span><\/span><span class=\"jCAhz ChMk0b\"><span class=\"ryNqvb\"> En recouvrant ensuite le vase d&#8217;une couverture imprim\u00e9e au balloton, on obtient l&#8217;effet bullicante, ou effet bulle, constitu\u00e9 d&#8217;innombrables bulles d&#8217;air emprisonn\u00e9es entre les deux couches de verre.<\/span><\/span> <span class=\"jCAhz ChMk0b\"><span class=\"ryNqvb\">Les vases Balloton Monofiore sont souffl\u00e9s dans diff\u00e9rentes teintes transparentes qui changent chaque ann\u00e9e, avec toujours un fil rouge ou vert appliqu\u00e9 \u00e0 chaud sur la partie sup\u00e9rieure de l&#8217;objet.<\/span><\/span> <span class=\"jCAhz ChMk0b\"><span class=\"ryNqvb\">Ils sont disponibles en quatre tailles diff\u00e9rentes.<\/span><\/span><span class=\"jCAhz ChMk0b\"><span class=\"ryNqvb\"> Venini cr\u00e9e \u00e9galement des \u00e9ditions limit\u00e9es et num\u00e9rot\u00e9es.<\/span><\/span><span class=\"jCAhz ChMk0b\"><span class=\"ryNqvb\"> Choisir VENINI pour soi-m\u00eame ou pour offrir, c&#8217;est opter pour un univers o\u00f9 le pr\u00e9cieux est l&#8217;essence m\u00eame de la marque.<\/span><\/span><span class=\"jCAhz ChMk0b\"><span class=\"ryNqvb\"> L&#8217;exclusivit\u00e9 de ses cr\u00e9ations, le raffinement des d\u00e9tails, la ma\u00eetrise des mat\u00e9riaux et le souci du d\u00e9tail conf\u00e8rent \u00e0 cette pi\u00e8ce un luxe qui incarne la beaut\u00e9 la plus pure de l&#8217;art verrier.<\/span><\/span> <\/span><\/div>\n<div class=\"lRu31\" dir=\"ltr\"><span class=\"HwtZe\" lang=\"fr\"><span class=\"jCAhz ChMk0b\"><span class=\"ryNqvb\">\u00ab La tradition a \u00e9volu\u00e9 en 1970, puis s&#8217;est r\u00e9invent\u00e9e en 2016. L&#8217;essence demeure : d&#8217;une douceur apparente, elle n&#8217;en reste pas moins du verre. L&#8217;illusion d&#8217;optique du Monofiori de VENINI r\u00e9side dans son nom : le Balloton, un proc\u00e9d\u00e9 unique qui recr\u00e9e un effet matelass\u00e9 en surface. Chaque pi\u00e8ce est fa\u00e7onn\u00e9e \u00e0 la main, souffl\u00e9e dans un moule m\u00e9tallique caract\u00e9ristique, puis finie sur le col fin par un fil color\u00e9 appliqu\u00e9 \u00e0 chaud, dont la teinte varie. \u00bb<\/span><\/span><\/span><\/div>\n","protected":false},"excerpt":{"rendered":"<p>Le verre souffl\u00e9 est fa\u00e7onn\u00e9 artisanalement selon la technique traditionnelle du balloton, \u00e0 l&#8217;aide d&#8217;un moule m\u00e9tallique cr\u00e9ant un effet<\/p>\n","protected":false},"featured_media":127452,"template":"","meta":{"_acf_changed":false,"inline_featured_image":false},"product_cat":[12738,14422],"product_tag":[17265,14413,24680,12856,17365,14592,13849,14424],"acf":[],"yoast_head":"<!-- This site is optimized with the Yoast SEO Premium plugin v18.6 (Yoast SEO v19.13) - https:\/\/yoast.com\/wordpress\/plugins\/seo\/ -->\n<title>VENINI Vase Monofiori Marron avec Fil Rouge H24.5<\/title>\n<meta name=\"description\" content=\"D\u00e9couvrez VENINI Vase Monofiori Marron avec Fil Rouge H24.5 sur ErresseShop. Qualit\u00e9, prix r\u00e9duits et achat s\u00e9curis\u00e9 \u2013 commandez d\u00e8s maintenant en ligne !\" \/>\n<meta name=\"robots\" content=\"index, follow, max-snippet:-1, max-image-preview:large, max-video-preview:-1\" \/>\n<link rel=\"canonical\" href=\"https:\/\/www.erresse-shop.it\/fr\/shop\/ameublement-maison\/vases-fr\/venini-vase-monofiori-marron-avec-fil-rouge-h24-5\/\" \/>\n<meta property=\"og:locale\" content=\"fr_FR\" \/>\n<meta property=\"og:type\" content=\"article\" \/>\n<meta property=\"og:title\" content=\"VENINI Vase Monofiori Marron avec Fil Rouge H24.5\" \/>\n<meta property=\"og:description\" content=\"D\u00e9couvrez VENINI Vase Monofiori Marron avec Fil Rouge H24.5 sur ErresseShop. Qualit\u00e9, prix r\u00e9duits et achat s\u00e9curis\u00e9 \u2013 commandez d\u00e8s maintenant en ligne !\" \/>\n<meta property=\"og:url\" content=\"https:\/\/www.erresse-shop.it\/fr\/shop\/ameublement-maison\/vases-fr\/venini-vase-monofiori-marron-avec-fil-rouge-h24-5\/\" \/>\n<meta property=\"og:site_name\" content=\"Erresse Shop\" \/>\n<meta property=\"article:modified_time\" content=\"2026-01-15T08:48:54+00:00\" \/>\n<meta property=\"og:image\" content=\"https:\/\/www.erresse-shop.it\/wp-content\/uploads\/2021\/11\/VENINI-Monofiore-Rosso-con-Filo-Marrone.jpg\" \/>\n\t<meta property=\"og:image:width\" content=\"1000\" \/>\n\t<meta property=\"og:image:height\" content=\"1000\" \/>\n\t<meta property=\"og:image:type\" content=\"image\/jpeg\" \/>\n<meta name=\"twitter:card\" content=\"summary_large_image\" \/>\n<script type=\"application\/ld+json\" class=\"yoast-schema-graph\">{\"@context\":\"https:\/\/schema.org\",\"@graph\":[{\"@type\":\"WebPage\",\"@id\":\"https:\/\/www.erresse-shop.it\/fr\/shop\/ameublement-maison\/vases-fr\/venini-vase-monofiori-marron-avec-fil-rouge-h24-5\/\",\"url\":\"https:\/\/www.erresse-shop.it\/fr\/shop\/ameublement-maison\/vases-fr\/venini-vase-monofiori-marron-avec-fil-rouge-h24-5\/\",\"name\":\"VENINI Vase Monofiori Marron avec Fil Rouge H24.5\",\"isPartOf\":{\"@id\":\"https:\/\/www.erresse-shop.it\/fr\/#website\"},\"datePublished\":\"2021-11-08T14:33:32+00:00\",\"dateModified\":\"2026-01-15T08:48:54+00:00\",\"description\":\"D\u00e9couvrez VENINI Vase Monofiori Marron avec Fil Rouge H24.5 sur ErresseShop. Qualit\u00e9, prix r\u00e9duits et achat s\u00e9curis\u00e9 \u2013 commandez d\u00e8s maintenant en ligne !\",\"breadcrumb\":{\"@id\":\"https:\/\/www.erresse-shop.it\/fr\/shop\/ameublement-maison\/vases-fr\/venini-vase-monofiori-marron-avec-fil-rouge-h24-5\/#breadcrumb\"},\"inLanguage\":\"fr-FR\",\"potentialAction\":[{\"@type\":\"ReadAction\",\"target\":[\"https:\/\/www.erresse-shop.it\/fr\/shop\/ameublement-maison\/vases-fr\/venini-vase-monofiori-marron-avec-fil-rouge-h24-5\/\"]}]},{\"@type\":\"BreadcrumbList\",\"@id\":\"https:\/\/www.erresse-shop.it\/fr\/shop\/ameublement-maison\/vases-fr\/venini-vase-monofiori-marron-avec-fil-rouge-h24-5\/#breadcrumb\",\"itemListElement\":[{\"@type\":\"ListItem\",\"position\":1,\"name\":\"Home\",\"item\":\"https:\/\/www.erresse-shop.it\/fr\/\"},{\"@type\":\"ListItem\",\"position\":2,\"name\":\"Shop\",\"item\":\"https:\/\/www.erresse-shop.it\/fr\/shop\/\"},{\"@type\":\"ListItem\",\"position\":3,\"name\":\"VENINI Vase Monofiori Marron avec Fil Rouge H24.5\"}]},{\"@type\":\"WebSite\",\"@id\":\"https:\/\/www.erresse-shop.it\/fr\/#website\",\"url\":\"https:\/\/www.erresse-shop.it\/fr\/\",\"name\":\"Erresse Shop\",\"description\":\"Articoli di qualit\u00e0 per la casa\",\"potentialAction\":[{\"@type\":\"SearchAction\",\"target\":{\"@type\":\"EntryPoint\",\"urlTemplate\":\"https:\/\/www.erresse-shop.it\/fr\/?s={search_term_string}\"},\"query-input\":\"required name=search_term_string\"}],\"inLanguage\":\"fr-FR\"}]}<\/script>\n<!-- \/ Yoast SEO Premium plugin. -->","yoast_head_json":{"title":"VENINI Vase Monofiori Marron avec Fil Rouge H24.5","description":"D\u00e9couvrez VENINI Vase Monofiori Marron avec Fil Rouge H24.5 sur ErresseShop. Qualit\u00e9, prix r\u00e9duits et achat s\u00e9curis\u00e9 \u2013 commandez d\u00e8s maintenant en ligne !","robots":{"index":"index","follow":"follow","max-snippet":"max-snippet:-1","max-image-preview":"max-image-preview:large","max-video-preview":"max-video-preview:-1"},"canonical":"https:\/\/www.erresse-shop.it\/fr\/shop\/ameublement-maison\/vases-fr\/venini-vase-monofiori-marron-avec-fil-rouge-h24-5\/","og_locale":"fr_FR","og_type":"article","og_title":"VENINI Vase Monofiori Marron avec Fil Rouge H24.5","og_description":"D\u00e9couvrez VENINI Vase Monofiori Marron avec Fil Rouge H24.5 sur ErresseShop. Qualit\u00e9, prix r\u00e9duits et achat s\u00e9curis\u00e9 \u2013 commandez d\u00e8s maintenant en ligne !","og_url":"https:\/\/www.erresse-shop.it\/fr\/shop\/ameublement-maison\/vases-fr\/venini-vase-monofiori-marron-avec-fil-rouge-h24-5\/","og_site_name":"Erresse Shop","article_modified_time":"2026-01-15T08:48:54+00:00","og_image":[{"width":1000,"height":1000,"url":"https:\/\/www.erresse-shop.it\/wp-content\/uploads\/2021\/11\/VENINI-Monofiore-Rosso-con-Filo-Marrone.jpg","type":"image\/jpeg"}],"twitter_card":"summary_large_image","schema":{"@context":"https:\/\/schema.org","@graph":[{"@type":"WebPage","@id":"https:\/\/www.erresse-shop.it\/fr\/shop\/ameublement-maison\/vases-fr\/venini-vase-monofiori-marron-avec-fil-rouge-h24-5\/","url":"https:\/\/www.erresse-shop.it\/fr\/shop\/ameublement-maison\/vases-fr\/venini-vase-monofiori-marron-avec-fil-rouge-h24-5\/","name":"VENINI Vase Monofiori Marron avec Fil Rouge H24.5","isPartOf":{"@id":"https:\/\/www.erresse-shop.it\/fr\/#website"},"datePublished":"2021-11-08T14:33:32+00:00","dateModified":"2026-01-15T08:48:54+00:00","description":"D\u00e9couvrez VENINI Vase Monofiori Marron avec Fil Rouge H24.5 sur ErresseShop. Qualit\u00e9, prix r\u00e9duits et achat s\u00e9curis\u00e9 \u2013 commandez d\u00e8s maintenant en ligne !","breadcrumb":{"@id":"https:\/\/www.erresse-shop.it\/fr\/shop\/ameublement-maison\/vases-fr\/venini-vase-monofiori-marron-avec-fil-rouge-h24-5\/#breadcrumb"},"inLanguage":"fr-FR","potentialAction":[{"@type":"ReadAction","target":["https:\/\/www.erresse-shop.it\/fr\/shop\/ameublement-maison\/vases-fr\/venini-vase-monofiori-marron-avec-fil-rouge-h24-5\/"]}]},{"@type":"BreadcrumbList","@id":"https:\/\/www.erresse-shop.it\/fr\/shop\/ameublement-maison\/vases-fr\/venini-vase-monofiori-marron-avec-fil-rouge-h24-5\/#breadcrumb","itemListElement":[{"@type":"ListItem","position":1,"name":"Home","item":"https:\/\/www.erresse-shop.it\/fr\/"},{"@type":"ListItem","position":2,"name":"Shop","item":"https:\/\/www.erresse-shop.it\/fr\/shop\/"},{"@type":"ListItem","position":3,"name":"VENINI Vase Monofiori Marron avec Fil Rouge H24.5"}]},{"@type":"WebSite","@id":"https:\/\/www.erresse-shop.it\/fr\/#website","url":"https:\/\/www.erresse-shop.it\/fr\/","name":"Erresse Shop","description":"Articoli di qualit\u00e0 per la casa","potentialAction":[{"@type":"SearchAction","target":{"@type":"EntryPoint","urlTemplate":"https:\/\/www.erresse-shop.it\/fr\/?s={search_term_string}"},"query-input":"required name=search_term_string"}],"inLanguage":"fr-FR"}]}},"df_price":369,"df_sale_price":369,"df_regular_price":535,"df_image_link":"https:\/\/www.erresse-shop.it\/wp-content\/uploads\/2021\/11\/VENINI-Monofiore-Rosso-con-Filo-Marrone-300x300.jpg","_links":{"self":[{"href":"https:\/\/www.erresse-shop.it\/fr\/wp-json\/wp\/v2\/product\/127471"}],"collection":[{"href":"https:\/\/www.erresse-shop.it\/fr\/wp-json\/wp\/v2\/product"}],"about":[{"href":"https:\/\/www.erresse-shop.it\/fr\/wp-json\/wp\/v2\/types\/product"}],"wp:featuredmedia":[{"embeddable":true,"href":"https:\/\/www.erresse-shop.it\/fr\/wp-json\/wp\/v2\/media\/127452"}],"wp:attachment":[{"href":"https:\/\/www.erresse-shop.it\/fr\/wp-json\/wp\/v2\/media?parent=127471"}],"wp:term":[{"taxonomy":"product_cat","embeddable":true,"href":"https:\/\/www.erresse-shop.it\/fr\/wp-json\/wp\/v2\/product_cat?post=127471"},{"taxonomy":"product_tag","embeddable":true,"href":"https:\/\/www.erresse-shop.it\/fr\/wp-json\/wp\/v2\/product_tag?post=127471"}],"curies":[{"name":"wp","href":"https:\/\/api.w.org\/{rel}","templated":true}]}}