{"id":127266,"date":"2021-11-08T07:30:13","date_gmt":"2021-11-08T07:30:17","guid":{"rendered":"https:\/\/www.erresse-shop.it\/?post_type=product&#038;p=127266"},"modified":"2025-01-13T15:24:20","modified_gmt":"2025-01-13T15:24:20","slug":"berkel-couteau-a-desosser-elegance-16-cm-rouge","status":"publish","type":"product","link":"https:\/\/www.erresse-shop.it\/fr\/shop\/cuisine\/couteaux\/berkel-couteau-a-desosser-elegance-16-cm-rouge\/","title":{"rendered":"BERKEL Couteau \u00e0 D\u00e9sosser Elegance 16 cm Rouge"},"content":{"rendered":"<p><strong>LE COUTEAU POUR UN D\u00c9PE\u00c7AGE FACILE<\/strong><br \/>\nCouteau court et maniable. Id\u00e9al pour enlever la peau, la couenne, les os et les r\u00e9sidus de graisse des morceaux de viande de taille moyenne. Le talon prononc\u00e9 prot\u00e8ge la main.<\/p>\n<ul>\n<li>Lame en acier au chrome-molybd\u00e8ne-vanadium de haute qualit\u00e9 1.4116-X50 Cr Mo V15<\/li>\n<li>Lame galvanis\u00e9e \u00e0 partir d&#8217;une plaque de 3 mm d&#8217;\u00e9paisseur<\/li>\n<li>Manche moul\u00e9 en r\u00e9sine ac\u00e9tyle, ce qui lui donne un aspect brillant.<\/li>\n<li>Virole en acier pour garantir une adh\u00e9rence maximale entre la lame et le manche et un \u00e9quilibre parfait du couteau pendant l&#8217;utilisation.<\/li>\n<li>Logo Berkel grav\u00e9 sur la lame<\/li>\n<li>Logo dor\u00e9 sur la poign\u00e9e avec le design reconnaissable de Berkel<\/li>\n<\/ul>\n<p><strong>CARACT\u00c9RISTIQUES<\/strong><br \/>\n<strong>Poids :<\/strong> 46 gr<br \/>\n<strong>Taille de la lame :<\/strong> 12 cm<br \/>\n<strong>Longueur totale :<\/strong> 23 cm<br \/>\n<strong>Mat\u00e9riau de la lame :<\/strong> Forg\u00e9e en acier inoxydable 1.4116-X50 Cr Mo V15 ; Duret\u00e9 apr\u00e8s T.T. : 59 HRC ; Certificat Catra : Tr\u00e8s bon<br \/>\n<strong>Poign\u00e9e :<\/strong> r\u00e9sine ac\u00e9tal<br \/>\n<strong>Utilisation et entretien :<\/strong> Nous recommandons vivement le lavage manuel \u00e0 l&#8217;eau chaude pour garantir l&#8217;int\u00e9grit\u00e9 et la durabilit\u00e9 du produit. Dans tous les cas, nous vous conseillons de s\u00e9cher le couteau apr\u00e8s chaque lavage. N&#8217;utilisez pas de tissus ou d&#8217;\u00e9ponges abrasives.<\/p>\n","protected":false},"excerpt":{"rendered":"<p>LE COUTEAU POUR UN D\u00c9PE\u00c7AGE FACILE Couteau court et maniable. Id\u00e9al pour enlever la peau, la couenne, les os et<\/p>\n","protected":false},"featured_media":127271,"template":"","meta":{"_acf_changed":false,"inline_featured_image":false},"product_cat":[12742,14452,12748],"product_tag":[12839,17322,17288,12856],"acf":[],"yoast_head":"<!-- This site is optimized with the Yoast SEO Premium plugin v18.6 (Yoast SEO v19.13) - https:\/\/yoast.com\/wordpress\/plugins\/seo\/ -->\n<title>BERKEL Couteau \u00e0 D\u00e9sosser Elegance 16 cm Rouge<\/title>\n<meta name=\"description\" content=\"D\u00e9couvrez BERKEL Couteau \u00e0 D\u00e9sosser Elegance 16 cm Rouge sur ErresseShop. Qualit\u00e9, prix r\u00e9duits et achat s\u00e9curis\u00e9 \u2013 commandez d\u00e8s maintenant en ligne !\" \/>\n<meta name=\"robots\" content=\"index, follow, max-snippet:-1, max-image-preview:large, max-video-preview:-1\" \/>\n<link rel=\"canonical\" href=\"https:\/\/www.erresse-shop.it\/fr\/shop\/cuisine\/couteaux\/berkel-couteau-a-desosser-elegance-16-cm-rouge\/\" \/>\n<meta property=\"og:locale\" content=\"fr_FR\" \/>\n<meta property=\"og:type\" content=\"article\" \/>\n<meta property=\"og:title\" content=\"BERKEL Couteau \u00e0 D\u00e9sosser Elegance 16 cm Rouge\" \/>\n<meta property=\"og:description\" content=\"D\u00e9couvrez BERKEL Couteau \u00e0 D\u00e9sosser Elegance 16 cm Rouge sur ErresseShop. Qualit\u00e9, prix r\u00e9duits et achat s\u00e9curis\u00e9 \u2013 commandez d\u00e8s maintenant en ligne !\" \/>\n<meta property=\"og:url\" content=\"https:\/\/www.erresse-shop.it\/fr\/shop\/cuisine\/couteaux\/berkel-couteau-a-desosser-elegance-16-cm-rouge\/\" \/>\n<meta property=\"og:site_name\" content=\"Erresse Shop\" \/>\n<meta property=\"article:modified_time\" content=\"2025-01-13T15:24:20+00:00\" \/>\n<meta property=\"og:image\" content=\"https:\/\/www.erresse-shop.it\/wp-content\/uploads\/2021\/11\/BERKEL-Coltello-Elegance-Disosso-16-cm-Rosso.jpg\" \/>\n\t<meta property=\"og:image:width\" content=\"1000\" \/>\n\t<meta property=\"og:image:height\" content=\"1000\" \/>\n\t<meta property=\"og:image:type\" content=\"image\/jpeg\" \/>\n<meta name=\"twitter:card\" content=\"summary_large_image\" \/>\n<script type=\"application\/ld+json\" class=\"yoast-schema-graph\">{\"@context\":\"https:\/\/schema.org\",\"@graph\":[{\"@type\":\"WebPage\",\"@id\":\"https:\/\/www.erresse-shop.it\/fr\/shop\/cuisine\/couteaux\/berkel-couteau-a-desosser-elegance-16-cm-rouge\/\",\"url\":\"https:\/\/www.erresse-shop.it\/fr\/shop\/cuisine\/couteaux\/berkel-couteau-a-desosser-elegance-16-cm-rouge\/\",\"name\":\"BERKEL Couteau \u00e0 D\u00e9sosser Elegance 16 cm Rouge\",\"isPartOf\":{\"@id\":\"https:\/\/www.erresse-shop.it\/fr\/#website\"},\"datePublished\":\"2021-11-08T07:30:17+00:00\",\"dateModified\":\"2025-01-13T15:24:20+00:00\",\"description\":\"D\u00e9couvrez BERKEL Couteau \u00e0 D\u00e9sosser Elegance 16 cm Rouge sur ErresseShop. Qualit\u00e9, prix r\u00e9duits et achat s\u00e9curis\u00e9 \u2013 commandez d\u00e8s maintenant en ligne !\",\"breadcrumb\":{\"@id\":\"https:\/\/www.erresse-shop.it\/fr\/shop\/cuisine\/couteaux\/berkel-couteau-a-desosser-elegance-16-cm-rouge\/#breadcrumb\"},\"inLanguage\":\"fr-FR\",\"potentialAction\":[{\"@type\":\"ReadAction\",\"target\":[\"https:\/\/www.erresse-shop.it\/fr\/shop\/cuisine\/couteaux\/berkel-couteau-a-desosser-elegance-16-cm-rouge\/\"]}]},{\"@type\":\"BreadcrumbList\",\"@id\":\"https:\/\/www.erresse-shop.it\/fr\/shop\/cuisine\/couteaux\/berkel-couteau-a-desosser-elegance-16-cm-rouge\/#breadcrumb\",\"itemListElement\":[{\"@type\":\"ListItem\",\"position\":1,\"name\":\"Home\",\"item\":\"https:\/\/www.erresse-shop.it\/fr\/\"},{\"@type\":\"ListItem\",\"position\":2,\"name\":\"Shop\",\"item\":\"https:\/\/www.erresse-shop.it\/fr\/shop\/\"},{\"@type\":\"ListItem\",\"position\":3,\"name\":\"BERKEL Couteau \u00e0 D\u00e9sosser Elegance 16 cm Rouge\"}]},{\"@type\":\"WebSite\",\"@id\":\"https:\/\/www.erresse-shop.it\/fr\/#website\",\"url\":\"https:\/\/www.erresse-shop.it\/fr\/\",\"name\":\"Erresse Shop\",\"description\":\"Articoli di qualit\u00e0 per la casa\",\"potentialAction\":[{\"@type\":\"SearchAction\",\"target\":{\"@type\":\"EntryPoint\",\"urlTemplate\":\"https:\/\/www.erresse-shop.it\/fr\/?s={search_term_string}\"},\"query-input\":\"required name=search_term_string\"}],\"inLanguage\":\"fr-FR\"}]}<\/script>\n<!-- \/ Yoast SEO Premium plugin. -->","yoast_head_json":{"title":"BERKEL Couteau \u00e0 D\u00e9sosser Elegance 16 cm Rouge","description":"D\u00e9couvrez BERKEL Couteau \u00e0 D\u00e9sosser Elegance 16 cm Rouge sur ErresseShop. Qualit\u00e9, prix r\u00e9duits et achat s\u00e9curis\u00e9 \u2013 commandez d\u00e8s maintenant en ligne !","robots":{"index":"index","follow":"follow","max-snippet":"max-snippet:-1","max-image-preview":"max-image-preview:large","max-video-preview":"max-video-preview:-1"},"canonical":"https:\/\/www.erresse-shop.it\/fr\/shop\/cuisine\/couteaux\/berkel-couteau-a-desosser-elegance-16-cm-rouge\/","og_locale":"fr_FR","og_type":"article","og_title":"BERKEL Couteau \u00e0 D\u00e9sosser Elegance 16 cm Rouge","og_description":"D\u00e9couvrez BERKEL Couteau \u00e0 D\u00e9sosser Elegance 16 cm Rouge sur ErresseShop. Qualit\u00e9, prix r\u00e9duits et achat s\u00e9curis\u00e9 \u2013 commandez d\u00e8s maintenant en ligne !","og_url":"https:\/\/www.erresse-shop.it\/fr\/shop\/cuisine\/couteaux\/berkel-couteau-a-desosser-elegance-16-cm-rouge\/","og_site_name":"Erresse Shop","article_modified_time":"2025-01-13T15:24:20+00:00","og_image":[{"width":1000,"height":1000,"url":"https:\/\/www.erresse-shop.it\/wp-content\/uploads\/2021\/11\/BERKEL-Coltello-Elegance-Disosso-16-cm-Rosso.jpg","type":"image\/jpeg"}],"twitter_card":"summary_large_image","schema":{"@context":"https:\/\/schema.org","@graph":[{"@type":"WebPage","@id":"https:\/\/www.erresse-shop.it\/fr\/shop\/cuisine\/couteaux\/berkel-couteau-a-desosser-elegance-16-cm-rouge\/","url":"https:\/\/www.erresse-shop.it\/fr\/shop\/cuisine\/couteaux\/berkel-couteau-a-desosser-elegance-16-cm-rouge\/","name":"BERKEL Couteau \u00e0 D\u00e9sosser Elegance 16 cm Rouge","isPartOf":{"@id":"https:\/\/www.erresse-shop.it\/fr\/#website"},"datePublished":"2021-11-08T07:30:17+00:00","dateModified":"2025-01-13T15:24:20+00:00","description":"D\u00e9couvrez BERKEL Couteau \u00e0 D\u00e9sosser Elegance 16 cm Rouge sur ErresseShop. Qualit\u00e9, prix r\u00e9duits et achat s\u00e9curis\u00e9 \u2013 commandez d\u00e8s maintenant en ligne !","breadcrumb":{"@id":"https:\/\/www.erresse-shop.it\/fr\/shop\/cuisine\/couteaux\/berkel-couteau-a-desosser-elegance-16-cm-rouge\/#breadcrumb"},"inLanguage":"fr-FR","potentialAction":[{"@type":"ReadAction","target":["https:\/\/www.erresse-shop.it\/fr\/shop\/cuisine\/couteaux\/berkel-couteau-a-desosser-elegance-16-cm-rouge\/"]}]},{"@type":"BreadcrumbList","@id":"https:\/\/www.erresse-shop.it\/fr\/shop\/cuisine\/couteaux\/berkel-couteau-a-desosser-elegance-16-cm-rouge\/#breadcrumb","itemListElement":[{"@type":"ListItem","position":1,"name":"Home","item":"https:\/\/www.erresse-shop.it\/fr\/"},{"@type":"ListItem","position":2,"name":"Shop","item":"https:\/\/www.erresse-shop.it\/fr\/shop\/"},{"@type":"ListItem","position":3,"name":"BERKEL Couteau \u00e0 D\u00e9sosser Elegance 16 cm Rouge"}]},{"@type":"WebSite","@id":"https:\/\/www.erresse-shop.it\/fr\/#website","url":"https:\/\/www.erresse-shop.it\/fr\/","name":"Erresse Shop","description":"Articoli di qualit\u00e0 per la casa","potentialAction":[{"@type":"SearchAction","target":{"@type":"EntryPoint","urlTemplate":"https:\/\/www.erresse-shop.it\/fr\/?s={search_term_string}"},"query-input":"required name=search_term_string"}],"inLanguage":"fr-FR"}]}},"df_price":54.5,"df_sale_price":54.5,"df_regular_price":109,"df_image_link":"https:\/\/www.erresse-shop.it\/wp-content\/uploads\/2021\/11\/BERKEL-Coltello-Elegance-Disosso-16-cm-Rosso-300x300.jpg","_links":{"self":[{"href":"https:\/\/www.erresse-shop.it\/fr\/wp-json\/wp\/v2\/product\/127266"}],"collection":[{"href":"https:\/\/www.erresse-shop.it\/fr\/wp-json\/wp\/v2\/product"}],"about":[{"href":"https:\/\/www.erresse-shop.it\/fr\/wp-json\/wp\/v2\/types\/product"}],"wp:featuredmedia":[{"embeddable":true,"href":"https:\/\/www.erresse-shop.it\/fr\/wp-json\/wp\/v2\/media\/127271"}],"wp:attachment":[{"href":"https:\/\/www.erresse-shop.it\/fr\/wp-json\/wp\/v2\/media?parent=127266"}],"wp:term":[{"taxonomy":"product_cat","embeddable":true,"href":"https:\/\/www.erresse-shop.it\/fr\/wp-json\/wp\/v2\/product_cat?post=127266"},{"taxonomy":"product_tag","embeddable":true,"href":"https:\/\/www.erresse-shop.it\/fr\/wp-json\/wp\/v2\/product_tag?post=127266"}],"curies":[{"name":"wp","href":"https:\/\/api.w.org\/{rel}","templated":true}]}}