{"id":127029,"date":"2021-11-05T11:13:25","date_gmt":"2021-11-05T11:13:28","guid":{"rendered":"https:\/\/www.erresse-shop.it\/?post_type=product&#038;p=127029"},"modified":"2025-01-13T15:23:53","modified_gmt":"2025-01-13T15:23:53","slug":"wmf-ensemble-de-4-pieces-function-4","status":"publish","type":"product","link":"https:\/\/www.erresse-shop.it\/fr\/shop\/poeles-pots\/casseroles\/wmf-ensemble-de-4-pieces-function-4\/","title":{"rendered":"WMF Function 4 Ensemble de 5 pi\u00e8ces"},"content":{"rendered":"<p>Pour des repas exceptionnels et pleins de saveur, la batterie de cuisine <strong>Function 4<\/strong> de <strong>WMF<\/strong> est toujours \u00e0 la hauteur. Les d\u00e9licieux bouillons, soupes et rago\u00fbts, ainsi que les pommes de terre et les gros l\u00e9gumes tels que le chou-fleur, ont toute la place n\u00e9cessaire pour bouillir, cuire et blanchir. Cette batterie de cuisine exceptionnelle en acier inoxydable comprend une casserole et des faitouts de trois tailles diff\u00e9rentes, id\u00e9aux pour toutes les occasions, des petits repas du soir aux occasions festives. Le design sp\u00e9cial, avec bec verseur, s&#8217;associe au couvercle polyvalent &#8211; avec diff\u00e9rentes positions pour les recettes \u00e0 faible teneur en eau, pour verser compl\u00e8tement ou pour \u00e9goutter les p\u00e2tes et le riz &#8211; pour offrir le format id\u00e9al et une grande vari\u00e9t\u00e9 de repas familiaux, y compris les r\u00f4tis, les p\u00e2tes bolognaises cuites lentement et bien d&#8217;autres choses encore. Nos ustensiles de cuisine haut de gamme b\u00e9n\u00e9ficient d&#8217;une durabilit\u00e9 exceptionnelle, gr\u00e2ce \u00e0 leur fabrication experte en acier inoxydable 18\/10 Cromargan\u00ae de haute qualit\u00e9, garantissant une saveur optimale et une esth\u00e9tique \u00e9l\u00e9gante qui ne manquera pas d&#8217;impressionner.<\/p>\n<ul>\n<li><strong>Conception multifonctionnelle pour une cuisine pratique<\/strong><br \/>\n1 couvercle, 4 positions pour 4 fonctions : ferm\u00e9 pour cuisiner avec peu d&#8217;eau, ouvert pour \u00e9goutter compl\u00e8tement les liquides, grand trou pour \u00e9goutter les p\u00e2tes et petit trou pour \u00e9goutter le riz.<\/li>\n<li><strong>Poign\u00e9es \u00e0 transfert de chaleur r\u00e9duit<\/strong><br \/>\nLe design creux r\u00e9duit le transfert de chaleur de la casserole \u00e0 la poign\u00e9e, laissant cette derni\u00e8re plus froide au toucher.** **Non applicable en cas d&#8217;utilisation au four.<\/li>\n<li><strong>\u00c9chelle gradu\u00e9e interne<\/strong><br \/>\nUne \u00e9chelle gradu\u00e9e interne permet de mesurer les liquides facilement et avec pr\u00e9cision.<\/li>\n<li><strong>Bord verseur<\/strong><br \/>\nLe large bord verseur permet de verser plus facilement et sans gouttes, pour un service sans effort et une cuisine toujours impeccable.<\/li>\n<li><strong>Fond universel TransThern<\/strong><br \/>\nLe fond universel TransTherm\u00ae permet d&#8217;\u00e9conomiser de l&#8217;\u00e9nergie pendant la cuisson gr\u00e2ce \u00e0 une distribution et une conservation optimales de la chaleur.<br \/>\nCompatible avec toutes les plaques de cuisson, y compris l&#8217;induction.<\/li>\n<li><strong>Cromargan\u00ae<\/strong><br \/>\nFabriqu\u00e9 en acier inoxydable 18\/10 robuste et \u00e9l\u00e9gant Cromargan\u00ae, pour un produit exceptionnellement durable, hygi\u00e9nique et lavable au lave-vaisselle.<\/li>\n<li><strong>Extr\u00eamement durable<\/strong><br \/>\nLa qualit\u00e9 extra-forte, le mat\u00e9riau \u00e9pais et la fabrication robuste et m\u00e9ticuleuse garantissent le maintien de la forme au fil du temps.<\/li>\n<\/ul>\n<p>L&#8217;ensemble se compose de :<\/p>\n<ul>\n<li>Sauteuse \u2300 20 cm<\/li>\n<li>Faitout \u2300 16\/20\/24 cm<\/li>\n<li>Casserole \u2300 16 cm<\/li>\n<\/ul>\n","protected":false},"excerpt":{"rendered":"<p>Pour des repas exceptionnels et pleins de saveur, la batterie de cuisine Function 4 de WMF est toujours \u00e0 la<\/p>\n","protected":false},"featured_media":281783,"template":"","meta":{"_acf_changed":false,"inline_featured_image":false},"product_cat":[12458,14777],"product_tag":[19356,23910,25021,12465,13187,13179],"acf":[],"yoast_head":"<!-- This site is optimized with the Yoast SEO Premium plugin v18.6 (Yoast SEO v19.13) - https:\/\/yoast.com\/wordpress\/plugins\/seo\/ -->\n<title>WMF Function 4 Ensemble de 5 pi\u00e8ces<\/title>\n<meta name=\"description\" content=\"D\u00e9couvrez WMF Function 4 Ensemble de 5 pi\u00e8ces sur ErresseShop. Qualit\u00e9, prix r\u00e9duits et achat s\u00e9curis\u00e9 \u2013 commandez d\u00e8s maintenant en ligne !\" \/>\n<meta name=\"robots\" content=\"index, follow, max-snippet:-1, max-image-preview:large, max-video-preview:-1\" \/>\n<link rel=\"canonical\" href=\"https:\/\/www.erresse-shop.it\/fr\/shop\/poeles-pots\/casseroles\/wmf-ensemble-de-4-pieces-function-4\/\" \/>\n<meta property=\"og:locale\" content=\"fr_FR\" \/>\n<meta property=\"og:type\" content=\"article\" \/>\n<meta property=\"og:title\" content=\"WMF Function 4 Ensemble de 5 pi\u00e8ces\" \/>\n<meta property=\"og:description\" content=\"D\u00e9couvrez WMF Function 4 Ensemble de 5 pi\u00e8ces sur ErresseShop. Qualit\u00e9, prix r\u00e9duits et achat s\u00e9curis\u00e9 \u2013 commandez d\u00e8s maintenant en ligne !\" \/>\n<meta property=\"og:url\" content=\"https:\/\/www.erresse-shop.it\/fr\/shop\/poeles-pots\/casseroles\/wmf-ensemble-de-4-pieces-function-4\/\" \/>\n<meta property=\"og:site_name\" content=\"Erresse Shop\" \/>\n<meta property=\"article:modified_time\" content=\"2025-01-13T15:23:53+00:00\" \/>\n<meta property=\"og:image\" content=\"https:\/\/www.erresse-shop.it\/wp-content\/uploads\/2021\/11\/WMF-Function-4-Set-5-pezzi.jpg\" \/>\n\t<meta property=\"og:image:width\" content=\"800\" \/>\n\t<meta property=\"og:image:height\" content=\"800\" \/>\n\t<meta property=\"og:image:type\" content=\"image\/jpeg\" \/>\n<meta name=\"twitter:card\" content=\"summary_large_image\" \/>\n<script type=\"application\/ld+json\" class=\"yoast-schema-graph\">{\"@context\":\"https:\/\/schema.org\",\"@graph\":[{\"@type\":\"WebPage\",\"@id\":\"https:\/\/www.erresse-shop.it\/fr\/shop\/poeles-pots\/casseroles\/wmf-ensemble-de-4-pieces-function-4\/\",\"url\":\"https:\/\/www.erresse-shop.it\/fr\/shop\/poeles-pots\/casseroles\/wmf-ensemble-de-4-pieces-function-4\/\",\"name\":\"WMF Function 4 Ensemble de 5 pi\u00e8ces\",\"isPartOf\":{\"@id\":\"https:\/\/www.erresse-shop.it\/fr\/#website\"},\"datePublished\":\"2021-11-05T11:13:28+00:00\",\"dateModified\":\"2025-01-13T15:23:53+00:00\",\"description\":\"D\u00e9couvrez WMF Function 4 Ensemble de 5 pi\u00e8ces sur ErresseShop. Qualit\u00e9, prix r\u00e9duits et achat s\u00e9curis\u00e9 \u2013 commandez d\u00e8s maintenant en ligne !\",\"breadcrumb\":{\"@id\":\"https:\/\/www.erresse-shop.it\/fr\/shop\/poeles-pots\/casseroles\/wmf-ensemble-de-4-pieces-function-4\/#breadcrumb\"},\"inLanguage\":\"fr-FR\",\"potentialAction\":[{\"@type\":\"ReadAction\",\"target\":[\"https:\/\/www.erresse-shop.it\/fr\/shop\/poeles-pots\/casseroles\/wmf-ensemble-de-4-pieces-function-4\/\"]}]},{\"@type\":\"BreadcrumbList\",\"@id\":\"https:\/\/www.erresse-shop.it\/fr\/shop\/poeles-pots\/casseroles\/wmf-ensemble-de-4-pieces-function-4\/#breadcrumb\",\"itemListElement\":[{\"@type\":\"ListItem\",\"position\":1,\"name\":\"Home\",\"item\":\"https:\/\/www.erresse-shop.it\/fr\/\"},{\"@type\":\"ListItem\",\"position\":2,\"name\":\"Shop\",\"item\":\"https:\/\/www.erresse-shop.it\/fr\/shop\/\"},{\"@type\":\"ListItem\",\"position\":3,\"name\":\"WMF Function 4 Ensemble de 5 pi\u00e8ces\"}]},{\"@type\":\"WebSite\",\"@id\":\"https:\/\/www.erresse-shop.it\/fr\/#website\",\"url\":\"https:\/\/www.erresse-shop.it\/fr\/\",\"name\":\"Erresse Shop\",\"description\":\"Articoli di qualit\u00e0 per la casa\",\"potentialAction\":[{\"@type\":\"SearchAction\",\"target\":{\"@type\":\"EntryPoint\",\"urlTemplate\":\"https:\/\/www.erresse-shop.it\/fr\/?s={search_term_string}\"},\"query-input\":\"required name=search_term_string\"}],\"inLanguage\":\"fr-FR\"}]}<\/script>\n<!-- \/ Yoast SEO Premium plugin. -->","yoast_head_json":{"title":"WMF Function 4 Ensemble de 5 pi\u00e8ces","description":"D\u00e9couvrez WMF Function 4 Ensemble de 5 pi\u00e8ces sur ErresseShop. Qualit\u00e9, prix r\u00e9duits et achat s\u00e9curis\u00e9 \u2013 commandez d\u00e8s maintenant en ligne !","robots":{"index":"index","follow":"follow","max-snippet":"max-snippet:-1","max-image-preview":"max-image-preview:large","max-video-preview":"max-video-preview:-1"},"canonical":"https:\/\/www.erresse-shop.it\/fr\/shop\/poeles-pots\/casseroles\/wmf-ensemble-de-4-pieces-function-4\/","og_locale":"fr_FR","og_type":"article","og_title":"WMF Function 4 Ensemble de 5 pi\u00e8ces","og_description":"D\u00e9couvrez WMF Function 4 Ensemble de 5 pi\u00e8ces sur ErresseShop. Qualit\u00e9, prix r\u00e9duits et achat s\u00e9curis\u00e9 \u2013 commandez d\u00e8s maintenant en ligne !","og_url":"https:\/\/www.erresse-shop.it\/fr\/shop\/poeles-pots\/casseroles\/wmf-ensemble-de-4-pieces-function-4\/","og_site_name":"Erresse Shop","article_modified_time":"2025-01-13T15:23:53+00:00","og_image":[{"width":800,"height":800,"url":"https:\/\/www.erresse-shop.it\/wp-content\/uploads\/2021\/11\/WMF-Function-4-Set-5-pezzi.jpg","type":"image\/jpeg"}],"twitter_card":"summary_large_image","schema":{"@context":"https:\/\/schema.org","@graph":[{"@type":"WebPage","@id":"https:\/\/www.erresse-shop.it\/fr\/shop\/poeles-pots\/casseroles\/wmf-ensemble-de-4-pieces-function-4\/","url":"https:\/\/www.erresse-shop.it\/fr\/shop\/poeles-pots\/casseroles\/wmf-ensemble-de-4-pieces-function-4\/","name":"WMF Function 4 Ensemble de 5 pi\u00e8ces","isPartOf":{"@id":"https:\/\/www.erresse-shop.it\/fr\/#website"},"datePublished":"2021-11-05T11:13:28+00:00","dateModified":"2025-01-13T15:23:53+00:00","description":"D\u00e9couvrez WMF Function 4 Ensemble de 5 pi\u00e8ces sur ErresseShop. Qualit\u00e9, prix r\u00e9duits et achat s\u00e9curis\u00e9 \u2013 commandez d\u00e8s maintenant en ligne !","breadcrumb":{"@id":"https:\/\/www.erresse-shop.it\/fr\/shop\/poeles-pots\/casseroles\/wmf-ensemble-de-4-pieces-function-4\/#breadcrumb"},"inLanguage":"fr-FR","potentialAction":[{"@type":"ReadAction","target":["https:\/\/www.erresse-shop.it\/fr\/shop\/poeles-pots\/casseroles\/wmf-ensemble-de-4-pieces-function-4\/"]}]},{"@type":"BreadcrumbList","@id":"https:\/\/www.erresse-shop.it\/fr\/shop\/poeles-pots\/casseroles\/wmf-ensemble-de-4-pieces-function-4\/#breadcrumb","itemListElement":[{"@type":"ListItem","position":1,"name":"Home","item":"https:\/\/www.erresse-shop.it\/fr\/"},{"@type":"ListItem","position":2,"name":"Shop","item":"https:\/\/www.erresse-shop.it\/fr\/shop\/"},{"@type":"ListItem","position":3,"name":"WMF Function 4 Ensemble de 5 pi\u00e8ces"}]},{"@type":"WebSite","@id":"https:\/\/www.erresse-shop.it\/fr\/#website","url":"https:\/\/www.erresse-shop.it\/fr\/","name":"Erresse Shop","description":"Articoli di qualit\u00e0 per la casa","potentialAction":[{"@type":"SearchAction","target":{"@type":"EntryPoint","urlTemplate":"https:\/\/www.erresse-shop.it\/fr\/?s={search_term_string}"},"query-input":"required name=search_term_string"}],"inLanguage":"fr-FR"}]}},"df_price":365.4,"df_sale_price":365.4,"df_regular_price":580,"df_image_link":"https:\/\/www.erresse-shop.it\/wp-content\/uploads\/2021\/11\/WMF-Function-4-Set-5-pezzi-300x300.jpg","_links":{"self":[{"href":"https:\/\/www.erresse-shop.it\/fr\/wp-json\/wp\/v2\/product\/127029"}],"collection":[{"href":"https:\/\/www.erresse-shop.it\/fr\/wp-json\/wp\/v2\/product"}],"about":[{"href":"https:\/\/www.erresse-shop.it\/fr\/wp-json\/wp\/v2\/types\/product"}],"wp:featuredmedia":[{"embeddable":true,"href":"https:\/\/www.erresse-shop.it\/fr\/wp-json\/wp\/v2\/media\/281783"}],"wp:attachment":[{"href":"https:\/\/www.erresse-shop.it\/fr\/wp-json\/wp\/v2\/media?parent=127029"}],"wp:term":[{"taxonomy":"product_cat","embeddable":true,"href":"https:\/\/www.erresse-shop.it\/fr\/wp-json\/wp\/v2\/product_cat?post=127029"},{"taxonomy":"product_tag","embeddable":true,"href":"https:\/\/www.erresse-shop.it\/fr\/wp-json\/wp\/v2\/product_tag?post=127029"}],"curies":[{"name":"wp","href":"https:\/\/api.w.org\/{rel}","templated":true}]}}